{"id":8105,"date":"2017-11-16T02:31:07","date_gmt":"2017-11-16T02:31:07","guid":{"rendered":"https:\/\/www.succeed-equine.co.uk\/?page_id=8105"},"modified":"2018-02-23T20:31:24","modified_gmt":"2018-02-23T20:31:24","slug":"om-succeed-digestive-conditioning-programmet","status":"publish","type":"page","link":"https:\/\/www.succeed-equine.co.uk\/da\/om-succeed-digestive-conditioning-programmet\/","title":{"rendered":"Om SUCCEED\u00ae Digestive Conditioning-programmet"},"content":{"rendered":"<div class=\"su-row\">\n<div class=\"su-column su-column-size-1-2\"><div class=\"su-column-inner su-u-clearfix su-u-trim\">\u00a0Hvis du er <a href=\"https:\/\/www.succeed-equine.co.uk\/serious-horse\/\">seri\u00f8s omkring heste<\/a>,er det vigtigste for dig at g\u00f8re det rette for din hest. Du \u00f8nsker, at din hest er 100 %, s\u00e5 du giver 100 %.<\/p>\n<p>Derfor s\u00f8rger du for, at dine heste f\u00e5r den rette pleje, det rette foder&#8230;og SUCCEED. <\/div><\/div>\n<div class=\"su-column su-column-size-1-2\"><div class=\"su-column-inner su-u-clearfix su-u-trim\"> Seri\u00f8se hestemennesker over hele verden bruger SUCCEED, en kostbaseret tilgang til regulering af hestens ford\u00f8jelsessystem, inklusive maven og bagtarmen. De ved, at et sundt ford\u00f8jelsessystem st\u00f8tter alle dele af hestens helbred. Og det betyder bedre pr\u00e6station, bedre attitude, bedre alting. <\/div><\/div>\n<\/div><div class=\"su-row\">\n<div class=\"su-column su-column-size-1-2\"><div class=\"su-column-inner su-u-clearfix su-u-trim\"><img decoding=\"async\" src=\"https:\/\/www.succeed-equine.co.uk\/wp-content\/blogs.dir\/3\/files\/2011\/01\/SUCCEED-Digestive-Conditioning-Program.png\" alt=\"SUCCEED-Digestive-Conditioning-Program\" class=\"alignnone size-full\" \/><\/div><\/div>\n<div class=\"su-column su-column-size-1-2\"><div class=\"su-column-inner su-u-clearfix su-u-trim\"><strong>Anvendelse af SUCCEED inkluderer:<\/strong><\/p>\n<ul>\n<li>Kompensation for kronisk utilstr\u00e6kkelig tyndtarmsfunktion.<\/li>\n<li>Kompensation for kroniske tyktarmsforstyrrelser.<\/li>\n<li>Restitution af ern\u00e6ringstilstanden, rekonvalescens.<\/div><\/div>\n<\/div><\/li>\n<\/ul>\n<h2>SUCCEED\u00ae Digestive Conditioning-programmet: En vellykket kombination<\/h2>\n<p>SUCCEED Digestive Conditioning-programmet er et seri\u00f8s produkt for seri\u00f8se hestemennesker. Det er det eneste fodertilskud rettet mod ford\u00f8jelsessystemet med flere internationale patenter. Det er en ejendomsretsbeskyttet kombination af ingredienser af uovertruffen kvalitet og renhed, som inkluderer:<\/p>\n<div class=\"ingrediants_list\"><div class=\"su-row\">\n<div class=\"su-column su-column-size-1-5\"><div class=\"su-column-inner su-u-clearfix su-u-trim\">\n<h3>Havreolie<\/h3>\n<p><img decoding=\"async\" src=\"http:\/\/www.succeed-equine.com\/wp-content\/uploads\/2016\/05\/oat_oil.jpg\" alt=\"oat_oil\" class=\"alignnone size-full\" \/><\/p>\n<p>Havreolie udvindes gennem en unik proces for at bevare en h\u00f8j koncentration af <a href=\"http:\/\/www.succeed-equine.com\/education\/polar-lipids-for-horses\/\">pol\u00e6re lipider<\/a>, specialiserede fedtmolekyler, som giver en r\u00e6kke fordele i tarmen.<\/p>\n<\/div><\/div>\n<div class=\"su-column su-column-size-1-5\"><div class=\"su-column-inner su-u-clearfix su-u-trim\">\n<h3>Havreklid<\/h3>\n<p><img decoding=\"async\" src=\"http:\/\/www.succeed-equine.com\/wp-content\/uploads\/2016\/05\/oat_flour.jpg\" alt=\"oat_flour\" class=\"alignnone size-full\" \/><\/p>\n<p>Fra havre med mere klid og mindre stivelse, der er behandlet, s\u00e5 det bevarer en h\u00f8j koncentration af <a href=\"http:\/\/www.succeed-equine.com\/education\/beta-glucan-for-horses\/\">beta-glucan<\/a>, som hj\u00e6lper med at moderere ford\u00f8jelseshastigheden og absorbering af n\u00e6ringsstoffer.<\/p>\n<\/div><\/div>\n<div class=\"su-column su-column-size-1-5\"><div class=\"su-column-inner su-u-clearfix su-u-trim\">\n<h3>G\u00e6rprodukter<\/h3>\n<p><img decoding=\"async\" src=\"http:\/\/www.succeed-equine.com\/wp-content\/uploads\/2016\/05\/yeast_products.jpg\" alt=\"yeast_products\" class=\"alignnone size-full\" \/><\/p>\n<p>G\u00e6r inkluderer et beta-glucan og et mannan-oligosaccharid fra <a href=\"http:\/\/www.succeed-equine.com\/education\/yeast-for-horses\/\">g\u00e6rstammen Saccharomyces cerevisiae<\/a>,\u00a0der er rig p\u00e5 <a href=\"http:\/\/www.succeed-equine.com\/education\/nucleotides-for-horses\/\">nukleotider<\/a>,som er n\u00f8dvendige for celleudvikling og heling.<\/p>\n<\/div><\/div>\n<div class=\"su-column su-column-size-1-5\"><div class=\"su-column-inner su-u-clearfix su-u-trim\">\n<h3>L-Arginin<\/h3>\n<p><img decoding=\"async\" src=\"http:\/\/www.succeed-equine.com\/wp-content\/uploads\/2016\/05\/l_gluetimine.jpg\" alt=\"l_gluetimine\" class=\"alignnone size-full\" \/><\/p>\n<p>Aminosyren L-Arginin er vigtig for god immunfunktion, heling af v\u00e6v, sundt kredsl\u00f8b og \u00f8get ud\u00f8velseskapacitet.<\/p>\n<\/div><\/div>\n<div class=\"su-column su-column-size-1-5\"><div class=\"su-column-inner su-u-clearfix su-u-trim\">\n<h3>L-Threonin<\/h3>\n<p><img decoding=\"async\" src=\"http:\/\/www.succeed-equine.com\/wp-content\/uploads\/2016\/05\/l_theo.jpg\" alt=\"l_theo\" class=\"alignnone size-full\" \/><\/p>\n<p><a href=\"http:\/\/www.succeed-equine.com\/education\/l-threonine-for-horses\/\">L-Threonin<\/a> st\u00f8tter produktionen af mucin, en n\u00f8dvendig komponent af den slimhinde, som bekl\u00e6der og beskytter indersiden af tarmene.<\/p>\n<\/div><\/div>\n<\/div>\n<\/div>\n<div class=\"product_labeling\">\n<div style=\"clear: both;\">\n<h2 style=\"padding-bottom: 30px !important;\">Varem\u00e6rkning og oplysninger om sammens\u00e6tning<\/h2>\n<p><a href=\"\/?page_id=8133\">L\u00e6r mere om ingredienserne i SUCCEED<\/a><\/p>\n<\/div>\n<div class=\"row\">\n<div class=\"large-4 medium-12 small-12 columns\">\n<p>Seri\u00f8se hestemennesker ved ogs\u00e5, at SUCCEED underbygges af grundige videnskabelige studier. Og allervigtigst &#8211; de ved, at det faktisk virker.\u00a0Forskning og data er <a href=\"https:\/\/www.succeed-vet.com\/\">til r\u00e5dighed p\u00e5 SUCCEED-veterin\u00e6rcenter.<\/a><\/p>\n<h3 class=\"callout\" style=\"letter-spacing: -.75px;\">Klar til at pr\u00f8ve SUCCEED? Tal med din dyrl\u00e6ge i dag.<\/h3>\n<\/div>\n<div class=\"large-8 medium-12 small-12 columns\">\n<div>\n<h4>Varem\u00e6rkning:<\/h4>\n<p><a href=\"\/wp-content\/blogs.dir\/3\/files\/2017\/08\/succeed-euro-dcp-labels.pdf\" target=\"_blank\" rel=\"noopener\"><img decoding=\"async\" src=\"http:\/\/www.succeed-equine.com\/wp-content\/uploads\/2016\/05\/product_info1.jpg\" alt=\"product_info1\" class=\"alignnone size-full\" \/><\/a><\/p>\n<\/div>\n<div>\n<h4>Granulater:<\/h4>\n<p><a href=\"\/wp-content\/blogs.dir\/3\/files\/2017\/08\/succeed-euro-granules-composition-label.jpg\" target=\"_blank\" rel=\"noopener\"><img decoding=\"async\" src=\"https:\/\/www.succeed-equine.co.uk\/wp-content\/blogs.dir\/3\/files\/2011\/01\/granuals.jpg\" alt=\"granuals\" class=\"alignnone size-full\" \/><\/a><\/p>\n<\/div>\n<div>\n<h4>Pasta:<\/h4>\n<p><a href=\"\/wp-content\/blogs.dir\/3\/files\/2017\/08\/succeed-euro-paste-composition-label.jpg\" target=\"_blank\" rel=\"noopener\"><img decoding=\"async\" src=\"https:\/\/www.succeed-equine.co.uk\/wp-content\/blogs.dir\/3\/files\/2011\/01\/paste.jpg\" alt=\"paste\" class=\"alignnone size-full\" \/><\/a><\/p>\n<\/div>\n<\/div>\n<\/div>\n<\/div>\n<h2>Brug af SUCCEED\u00ae Digestive Conditioning-programmet<\/h2>\n<div class=\"su-row\">\n<div class=\"su-column su-column-size-3-4\"><div class=\"su-column-inner su-u-clearfix su-u-trim\">\nDet er vigtigt, at holde din hests ford\u00f8jelsessystem i optimal stand. Det er let med SUCCEED. Det eneste du skal g\u00f8re er at tilf\u00f8je bare en portion SUCCEED om dagen hver dag til hestens almindelige foder. Det er det hele.<\/p>\n<p>Det anbefales at s\u00f8ge r\u00e5d hos en dyrl\u00e6ge inden brug eller forl\u00e6ngelse af brugsperioden.<br \/>\n<\/div><\/div>\n<div class=\"su-column su-column-size-1-4\"><div class=\"su-column-inner su-u-clearfix su-u-trim\">\n<p style=\"text-align: left;\"><a href=\"\/?page_id=8190\">Brugsanvisning<\/a><br \/>\n<a href=\"\/?page_id=8205\">Opbevaring og h\u00e5ndtering<\/a><br \/>\n<a href=\"\/?page_id=8219\">Ofte stillede sp\u00f8rgsm\u00e5l<\/a><\/p>\n<\/div><\/div>\n<\/div>\n\n  <\/div>\n  <\/article>\n  <\/div>\n  <div class=\"product_options_bg\">\n    <div class=\"row\">\n      <h2>SUCCEED-produktvalg<\/h2>\n      <div class=\"large-5 medium-5 small-12 columns\">\n      <p>Den samme fremragende SUCCEED kombination f\u00e5s b\u00e5de som en oral pasta og som granulater til at str\u00f8 over foderet.<\/p>\n        <div class=\"bttn custom-wpml-bttn-fix\">\n        <a href=\"https:\/\/www.succeed-equine.co.uk\/da\/om-succeed-digestive-conditioning-programmet\/product-options\/\">Se alle produktvalg<\/a>\n        <\/div>\n      <\/div>\n      <div class=\"large-7 medium-7 small-12 columns\">\n        <img fetchpriority=\"high\" decoding=\"async\" src=\"\/wp-content\/uploads\/2016\/07\/all-buckets-carton-EU.png\" alt=\"Succeed Carton and Buckets\" width=\"668\" height=\"434\" class=\"alignnone size-full wp-image-7042\" \/>\n      <\/div>\n    <\/div>\n  <\/div>\n  <div id=\"single-page\" class=\"row main_content_area\">\n    <article class=\"main-content large-12 medium-12 small-12 columns\" id=\"post-6986\">\n      <div class=\"entry-content\">\n  \n","protected":false},"excerpt":{"rendered":"<p>SUCCEED\u00ae Digestive Conditioning-programmet: En vellykket kombination SUCCEED Digestive Conditioning-programmet er et seri\u00f8s produkt for seri\u00f8se hestemennesker. Det er det eneste fodertilskud rettet mod ford\u00f8jelsessystemet med flere internationale patenter. Det er en ejendomsretsbeskyttet kombination af ingredienser [&hellip;]<\/p>\n","protected":false},"author":14,"featured_media":0,"parent":0,"menu_order":0,"comment_status":"closed","ping_status":"closed","template":"","meta":{"_acf_changed":false,"footnotes":""},"class_list":["post-8105","page","type-page","status-publish","hentry"],"acf":[],"yoast_head":"<!-- This site is optimized with the Yoast SEO plugin v26.6 - https:\/\/yoast.com\/wordpress\/plugins\/seo\/ -->\n<title>Om SUCCEED Digestive Conditioning-programmet | SUCCEED i Europa<\/title>\n<meta name=\"description\" content=\"Hemmeligheden ved SUCCEED er de n\u00e6ringsholdige ingredienser, som st\u00f8tter hele hestens ford\u00f8jelsessystem, der f\u00e5s b\u00e5de som en oral pasta og som granulater til at str\u00f8 over foderet.\" \/>\n<meta name=\"robots\" content=\"index, follow, max-snippet:-1, max-image-preview:large, max-video-preview:-1\" \/>\n<link rel=\"canonical\" href=\"https:\/\/www.succeed-equine.co.uk\/da\/om-succeed-digestive-conditioning-programmet\/\" \/>\n<meta property=\"og:locale\" content=\"da_DK\" \/>\n<meta property=\"og:type\" content=\"article\" \/>\n<meta property=\"og:title\" content=\"Om SUCCEED Digestive Conditioning-programmet | SUCCEED i Europa\" \/>\n<meta property=\"og:description\" content=\"Hemmeligheden ved SUCCEED er de n\u00e6ringsholdige ingredienser, som st\u00f8tter hele hestens ford\u00f8jelsessystem, der f\u00e5s b\u00e5de som en oral pasta og som granulater til at str\u00f8 over foderet.\" \/>\n<meta property=\"og:url\" content=\"https:\/\/www.succeed-equine.co.uk\/da\/om-succeed-digestive-conditioning-programmet\/\" \/>\n<meta property=\"og:site_name\" content=\"SUCCEED Europe\" \/>\n<meta property=\"article:modified_time\" content=\"2018-02-23T20:31:24+00:00\" \/>\n<meta property=\"og:image\" content=\"https:\/\/www.succeed-equine.co.uk\/wp-content\/blogs.dir\/3\/files\/2011\/01\/SUCCEED-Digestive-Conditioning-Program.png\" \/>\n<meta name=\"twitter:card\" content=\"summary_large_image\" \/>\n<meta name=\"twitter:label1\" content=\"Estimeret l\u00e6setid\" \/>\n\t<meta name=\"twitter:data1\" content=\"2 minutter\" \/>\n<script type=\"application\/ld+json\" class=\"yoast-schema-graph\">{\"@context\":\"https:\/\/schema.org\",\"@graph\":[{\"@type\":\"WebPage\",\"@id\":\"https:\/\/www.succeed-equine.co.uk\/da\/om-succeed-digestive-conditioning-programmet\/\",\"url\":\"https:\/\/www.succeed-equine.co.uk\/da\/om-succeed-digestive-conditioning-programmet\/\",\"name\":\"Om SUCCEED Digestive Conditioning-programmet | SUCCEED i Europa\",\"isPartOf\":{\"@id\":\"https:\/\/www.succeed-equine.co.uk\/#website\"},\"primaryImageOfPage\":{\"@id\":\"https:\/\/www.succeed-equine.co.uk\/da\/om-succeed-digestive-conditioning-programmet\/#primaryimage\"},\"image\":{\"@id\":\"https:\/\/www.succeed-equine.co.uk\/da\/om-succeed-digestive-conditioning-programmet\/#primaryimage\"},\"thumbnailUrl\":\"https:\/\/www.succeed-equine.co.uk\/wp-content\/blogs.dir\/3\/files\/2011\/01\/SUCCEED-Digestive-Conditioning-Program.png\",\"datePublished\":\"2017-11-16T02:31:07+00:00\",\"dateModified\":\"2018-02-23T20:31:24+00:00\",\"description\":\"Hemmeligheden ved SUCCEED er de n\u00e6ringsholdige ingredienser, som st\u00f8tter hele hestens ford\u00f8jelsessystem, der f\u00e5s b\u00e5de som en oral pasta og som granulater til at str\u00f8 over foderet.\",\"breadcrumb\":{\"@id\":\"https:\/\/www.succeed-equine.co.uk\/da\/om-succeed-digestive-conditioning-programmet\/#breadcrumb\"},\"inLanguage\":\"da-DK\",\"potentialAction\":[{\"@type\":\"ReadAction\",\"target\":[\"https:\/\/www.succeed-equine.co.uk\/da\/om-succeed-digestive-conditioning-programmet\/\"]}]},{\"@type\":\"ImageObject\",\"inLanguage\":\"da-DK\",\"@id\":\"https:\/\/www.succeed-equine.co.uk\/da\/om-succeed-digestive-conditioning-programmet\/#primaryimage\",\"url\":\"https:\/\/www.succeed-equine.co.uk\/wp-content\/blogs.dir\/3\/files\/2011\/01\/SUCCEED-Digestive-Conditioning-Program.png\",\"contentUrl\":\"https:\/\/www.succeed-equine.co.uk\/wp-content\/blogs.dir\/3\/files\/2011\/01\/SUCCEED-Digestive-Conditioning-Program.png\"},{\"@type\":\"BreadcrumbList\",\"@id\":\"https:\/\/www.succeed-equine.co.uk\/da\/om-succeed-digestive-conditioning-programmet\/#breadcrumb\",\"itemListElement\":[{\"@type\":\"ListItem\",\"position\":1,\"name\":\"Home\",\"item\":\"https:\/\/www.succeed-equine.co.uk\/da\/\"},{\"@type\":\"ListItem\",\"position\":2,\"name\":\"Om SUCCEED\u00ae Digestive Conditioning-programmet\"}]},{\"@type\":\"WebSite\",\"@id\":\"https:\/\/www.succeed-equine.co.uk\/#website\",\"url\":\"https:\/\/www.succeed-equine.co.uk\/\",\"name\":\"SUCCEED Europe\",\"description\":\"My horse at its best.\",\"potentialAction\":[{\"@type\":\"SearchAction\",\"target\":{\"@type\":\"EntryPoint\",\"urlTemplate\":\"https:\/\/www.succeed-equine.co.uk\/?s={search_term_string}\"},\"query-input\":{\"@type\":\"PropertyValueSpecification\",\"valueRequired\":true,\"valueName\":\"search_term_string\"}}],\"inLanguage\":\"da-DK\"}]}<\/script>\n<!-- \/ Yoast SEO plugin. -->","yoast_head_json":{"title":"Om SUCCEED Digestive Conditioning-programmet | SUCCEED i Europa","description":"Hemmeligheden ved SUCCEED er de n\u00e6ringsholdige ingredienser, som st\u00f8tter hele hestens ford\u00f8jelsessystem, der f\u00e5s b\u00e5de som en oral pasta og som granulater til at str\u00f8 over foderet.","robots":{"index":"index","follow":"follow","max-snippet":"max-snippet:-1","max-image-preview":"max-image-preview:large","max-video-preview":"max-video-preview:-1"},"canonical":"https:\/\/www.succeed-equine.co.uk\/da\/om-succeed-digestive-conditioning-programmet\/","og_locale":"da_DK","og_type":"article","og_title":"Om SUCCEED Digestive Conditioning-programmet | SUCCEED i Europa","og_description":"Hemmeligheden ved SUCCEED er de n\u00e6ringsholdige ingredienser, som st\u00f8tter hele hestens ford\u00f8jelsessystem, der f\u00e5s b\u00e5de som en oral pasta og som granulater til at str\u00f8 over foderet.","og_url":"https:\/\/www.succeed-equine.co.uk\/da\/om-succeed-digestive-conditioning-programmet\/","og_site_name":"SUCCEED Europe","article_modified_time":"2018-02-23T20:31:24+00:00","og_image":[{"url":"https:\/\/www.succeed-equine.co.uk\/wp-content\/blogs.dir\/3\/files\/2011\/01\/SUCCEED-Digestive-Conditioning-Program.png","type":"","width":"","height":""}],"twitter_card":"summary_large_image","twitter_misc":{"Estimeret l\u00e6setid":"2 minutter"},"schema":{"@context":"https:\/\/schema.org","@graph":[{"@type":"WebPage","@id":"https:\/\/www.succeed-equine.co.uk\/da\/om-succeed-digestive-conditioning-programmet\/","url":"https:\/\/www.succeed-equine.co.uk\/da\/om-succeed-digestive-conditioning-programmet\/","name":"Om SUCCEED Digestive Conditioning-programmet | SUCCEED i Europa","isPartOf":{"@id":"https:\/\/www.succeed-equine.co.uk\/#website"},"primaryImageOfPage":{"@id":"https:\/\/www.succeed-equine.co.uk\/da\/om-succeed-digestive-conditioning-programmet\/#primaryimage"},"image":{"@id":"https:\/\/www.succeed-equine.co.uk\/da\/om-succeed-digestive-conditioning-programmet\/#primaryimage"},"thumbnailUrl":"https:\/\/www.succeed-equine.co.uk\/wp-content\/blogs.dir\/3\/files\/2011\/01\/SUCCEED-Digestive-Conditioning-Program.png","datePublished":"2017-11-16T02:31:07+00:00","dateModified":"2018-02-23T20:31:24+00:00","description":"Hemmeligheden ved SUCCEED er de n\u00e6ringsholdige ingredienser, som st\u00f8tter hele hestens ford\u00f8jelsessystem, der f\u00e5s b\u00e5de som en oral pasta og som granulater til at str\u00f8 over foderet.","breadcrumb":{"@id":"https:\/\/www.succeed-equine.co.uk\/da\/om-succeed-digestive-conditioning-programmet\/#breadcrumb"},"inLanguage":"da-DK","potentialAction":[{"@type":"ReadAction","target":["https:\/\/www.succeed-equine.co.uk\/da\/om-succeed-digestive-conditioning-programmet\/"]}]},{"@type":"ImageObject","inLanguage":"da-DK","@id":"https:\/\/www.succeed-equine.co.uk\/da\/om-succeed-digestive-conditioning-programmet\/#primaryimage","url":"https:\/\/www.succeed-equine.co.uk\/wp-content\/blogs.dir\/3\/files\/2011\/01\/SUCCEED-Digestive-Conditioning-Program.png","contentUrl":"https:\/\/www.succeed-equine.co.uk\/wp-content\/blogs.dir\/3\/files\/2011\/01\/SUCCEED-Digestive-Conditioning-Program.png"},{"@type":"BreadcrumbList","@id":"https:\/\/www.succeed-equine.co.uk\/da\/om-succeed-digestive-conditioning-programmet\/#breadcrumb","itemListElement":[{"@type":"ListItem","position":1,"name":"Home","item":"https:\/\/www.succeed-equine.co.uk\/da\/"},{"@type":"ListItem","position":2,"name":"Om SUCCEED\u00ae Digestive Conditioning-programmet"}]},{"@type":"WebSite","@id":"https:\/\/www.succeed-equine.co.uk\/#website","url":"https:\/\/www.succeed-equine.co.uk\/","name":"SUCCEED Europe","description":"My horse at its best.","potentialAction":[{"@type":"SearchAction","target":{"@type":"EntryPoint","urlTemplate":"https:\/\/www.succeed-equine.co.uk\/?s={search_term_string}"},"query-input":{"@type":"PropertyValueSpecification","valueRequired":true,"valueName":"search_term_string"}}],"inLanguage":"da-DK"}]}},"_links":{"self":[{"href":"https:\/\/www.succeed-equine.co.uk\/da\/wp-json\/wp\/v2\/pages\/8105","targetHints":{"allow":["GET"]}}],"collection":[{"href":"https:\/\/www.succeed-equine.co.uk\/da\/wp-json\/wp\/v2\/pages"}],"about":[{"href":"https:\/\/www.succeed-equine.co.uk\/da\/wp-json\/wp\/v2\/types\/page"}],"author":[{"embeddable":true,"href":"https:\/\/www.succeed-equine.co.uk\/da\/wp-json\/wp\/v2\/users\/14"}],"replies":[{"embeddable":true,"href":"https:\/\/www.succeed-equine.co.uk\/da\/wp-json\/wp\/v2\/comments?post=8105"}],"version-history":[{"count":0,"href":"https:\/\/www.succeed-equine.co.uk\/da\/wp-json\/wp\/v2\/pages\/8105\/revisions"}],"wp:attachment":[{"href":"https:\/\/www.succeed-equine.co.uk\/da\/wp-json\/wp\/v2\/media?parent=8105"}],"curies":[{"name":"wp","href":"https:\/\/api.w.org\/{rel}","templated":true}]}}