{"id":8133,"date":"2017-11-18T20:25:37","date_gmt":"2017-11-18T20:25:37","guid":{"rendered":"https:\/\/www.succeed-equine.co.uk\/?page_id=8133"},"modified":"2017-11-18T20:25:37","modified_gmt":"2017-11-18T20:25:37","slug":"ingredienser-succeed-digestive-conditioning-programmet","status":"publish","type":"page","link":"https:\/\/www.succeed-equine.co.uk\/da\/om-succeed-digestive-conditioning-programmet\/ingredienser-succeed-digestive-conditioning-programmet\/","title":{"rendered":"Ingredienser i SUCCEED\u00ae Digestive Conditioning-programmet"},"content":{"rendered":"<p>N\u00e5r det drejer sig om helbred og velv\u00e6re, kigger seri\u00f8se hestemennesker efter seri\u00f8se produkter. SUCCEED Digestive Conditioning-programmet opfylder opgaven. Du vil s\u00e6tte pris p\u00e5 at vide, at:<\/p>\n<div class=\"su-row\">\n<div class=\"su-column su-column-size-1-4\"><div class=\"su-column-inner su-u-clearfix su-u-trim\">\n<ul>\n<li style=\"letter-spacing: -.1px;\">Det er det eneste fodertilskud til heste i sin klasse med flere internationale patenter.<\/li>\n<\/ul>\n<\/div><\/div>\n<div class=\"su-column su-column-size-1-4\"><div class=\"su-column-inner su-u-clearfix su-u-trim\">\n<ul>\n<li style=\"letter-spacing: -.2px;\">Alle ingredienser er certificeret som minimum v\u00e6rende af f\u00f8devarekvalitet, hvilket garanterer renhed og kvalitet.<\/li>\n<\/ul>\n<\/div><\/div>\n<div class=\"su-column su-column-size-1-2\"><div class=\"su-column-inner su-u-clearfix su-u-trim\">\n<ul>\n<li>Vi er licenseret i staten Ohio, USA, som en facilitet, som f\u00f8lger <a href=\"https:\/\/www.fda.gov\/Drugs\/DevelopmentApprovalProcess\/Manufacturing\/ucm169105.htm\">God fremstillingspraksis<\/a> (GMP), hvilket garanterer streng ensartethed s\u00e5vel som kvalitet og sikkerhed.<\/li>\n<\/ul>\n<\/div><\/div>\n<\/div>\n<p>Og dine heste vil nyde, at SUCCEED&#8217;s naturlige smag af havre kommer fra havre i produktet og ikke fra kunstige smagsstoffer. N\u00e5r f\u00f8rst dine heste har smagt SUCCEED f\u00f8rste gang, vil de gl\u00e6de sig til den daglige godbid.<\/p>\n<h2>SUCCEED\u00ae kombinationen for et sundt ford\u00f8jelsessystem hos heste<\/h2>\n<p>SUCCEED blev udviklet med fokus p\u00e5 naturligt forekommende n\u00e6ringsstoffer, som er n\u00f8dvendige for at hele hestens mave-tarmkanal kan forblive sund. Det inkluderer at st\u00f8tte b\u00e5de ford\u00f8jelsessystemets anatomi (villi intestinale, tarmslimhinden) og ford\u00f8jelsesfunktionen (sund balance mellem bakterier, foderets vej gennem mave-tarmkanalen osv.).<\/p>\n<div class=\"ingrediants_list\"><div class=\"su-row\">\n<div class=\"su-column su-column-size-1-5\"><div class=\"su-column-inner su-u-clearfix su-u-trim\">\n<h3>Havreolie<\/h3>\n<p><img decoding=\"async\" src=\"http:\/\/www.succeed-equine.com\/wp-content\/uploads\/2016\/05\/oat_oil.jpg\" alt=\"oat_oil\" class=\"alignnone size-full\" \/><\/p>\n<div class=\"su-expand su-expand-collapsed su-expand-link-style-underlined\" data-height=\"160\"><div class=\"su-expand-content su-u-trim\" style=\"color:#000;max-height:160px;overflow:hidden\">\n<p>Havreolie er rig p\u00e5 pol\u00e6re lipider, yderste gavnlige fedtmolekyler, som er vigtige for en sund ford\u00f8jelse og normal tarmfunktion. Havre har et s\u00e6rligt h\u00f8jt indhold af galactolipider, som kun kan f\u00e5s gennem kosten. SUCCEED&#8217;s havreolie udvindes ved hj\u00e6lp af en ejendomretsbeskyttet ethanudvindingsproces, som bevarer en h\u00f8jere koncentration af pol\u00e6re lipider. Pol\u00e6re lipider er blevet p\u00e5vist at hj\u00e6lpe med absorptionen af n\u00e6ringsstoffer, styrken og integriteten af tarmslimhinden og normal hjernefunktion.<\/p>\n<p><a href=\"http:\/\/www.succeed-equine.com\/education\/polar-lipids-for-horses\/\">L\u00e6s om forskningen relateret til fordelene ved pol\u00e6re lipider for et sundt ford\u00f8jelsessystem<\/a><\/p>\n<\/div><div class=\"su-expand-link su-expand-link-more\" style=\"text-align:left\"><a href=\"javascript:;\" style=\"color:#000;border-color:#000\"><span style=\"border-color:#000\">Vis mere<\/span><\/a><\/div><div class=\"su-expand-link su-expand-link-less\" style=\"text-align:left\"><a href=\"javascript:;\" style=\"color:#000;border-color:#000\"><span style=\"border-color:#000\">Vis mindre<\/span><\/a><\/div><\/div> <\/div><\/div>\n<div class=\"su-column su-column-size-1-5\"><div class=\"su-column-inner su-u-clearfix su-u-trim\">\n<h3>Havreklid<\/h3>\n<p><img decoding=\"async\" src=\"http:\/\/www.succeed-equine.com\/wp-content\/uploads\/2016\/05\/oat_flour.jpg\" alt=\"oat_flour\" class=\"alignnone size-full\" \/><\/p>\n<div class=\"su-expand su-expand-collapsed su-expand-link-style-underlined\" data-height=\"160\"><div class=\"su-expand-content su-u-trim\" style=\"color:#000;max-height:160px;overflow:hidden\">\n<p>Havren anvendt i fremstillingen af SUCCEED afviger fra den, som anvendes til fremstilling af de mest almindelige meltyper, som for eksempel den, der bruges i bagning. Havrekliden i SUCCEED fremstilles af havre med et lavt indhold af stivelse, som er rig p\u00e5 beta-glucan. Beta-glucan er blevet p\u00e5vist at v\u00e6re nyttigt i at bevare en god hastighed, hvormed foderet bev\u00e6ger sig gennem mave-tarmkanalen, til at regulere ford\u00f8jelsessystemets nedbrydning af sukker og til at styrke den naturlige immunitet.<\/p>\n<p><a href=\"http:\/\/www.succeed-equine.com\/education\/beta-glucan-for-horses\/\">L\u00e6s om forskningen relateret til fordelene ved beta-glucan for et sundt ford\u00f8jelsessystem<\/a><\/p>\n<\/div><div class=\"su-expand-link su-expand-link-more\" style=\"text-align:left\"><a href=\"javascript:;\" style=\"color:#000;border-color:#000\"><span style=\"border-color:#000\">Vis mere<\/span><\/a><\/div><div class=\"su-expand-link su-expand-link-less\" style=\"text-align:left\"><a href=\"javascript:;\" style=\"color:#000;border-color:#000\"><span style=\"border-color:#000\">Vis mindre<\/span><\/a><\/div><\/div> <\/div><\/div>\n<div class=\"su-column su-column-size-1-5\"><div class=\"su-column-inner su-u-clearfix su-u-trim\">\n<h3>G\u00e6rprodukter<\/h3>\n<p><img decoding=\"async\" src=\"http:\/\/www.succeed-equine.com\/wp-content\/uploads\/2016\/05\/yeast_products.jpg\" alt=\"yeast_products\" class=\"alignnone size-full\" \/><\/p>\n<div class=\"su-expand su-expand-collapsed su-expand-link-style-underlined\" data-height=\"160\"><div class=\"su-expand-content su-u-trim\" style=\"color:#000;max-height:160px;overflow:hidden\">\n<p>SUCCEED indeholder komponenter af g\u00e6rstammen Saccharomyces cerevisiae, som er blevet p\u00e5vist at gavne et sundt ford\u00f8jelsessystem hos heste. G\u00e6ren i SUCCEED er rig p\u00e5 mannan-oligosaccharid (MOS), beta-glucan, og nukleotider. MOS st\u00f8tter en velbalanceret mikroflora og et sundt immunsystem. Nukleotider er afg\u00f8rende for cellev\u00e6kst og heling, og hj\u00e6lper til at bevare en sund mave-tarmkanal, mens beta-glucan beskytter bagtarmen.<\/p>\n<p><a href=\"http:\/\/www.succeed-equine.com\/education\/yeast-for-horses\/\">L\u00e6s om forskningen relateret til fordelene ved g\u00e6r for et sundt ford\u00f8jelsessystem<\/a><\/p>\n<\/div><div class=\"su-expand-link su-expand-link-more\" style=\"text-align:left\"><a href=\"javascript:;\" style=\"color:#000;border-color:#000\"><span style=\"border-color:#000\">Vis mere<\/span><\/a><\/div><div class=\"su-expand-link su-expand-link-less\" style=\"text-align:left\"><a href=\"javascript:;\" style=\"color:#000;border-color:#000\"><span style=\"border-color:#000\">Vis mindre<\/span><\/a><\/div><\/div> <\/div><\/div>\n<div class=\"su-column su-column-size-1-5\"><div class=\"su-column-inner su-u-clearfix su-u-trim\">\n<h3>L-Arginin<\/h3>\n<p><img decoding=\"async\" src=\"http:\/\/www.succeed-equine.com\/wp-content\/uploads\/2016\/05\/l_gluetimine.jpg\" alt=\"l_gluetimine\" class=\"alignnone size-full\" \/><\/p>\n<div class=\"su-expand su-expand-collapsed su-expand-link-style-underlined\" data-height=\"160\"><div class=\"su-expand-content su-u-trim\" style=\"color:#000;max-height:160px;overflow:hidden\">\n<p>L-Ariginin er en betinget essentiel aminosyre forbundet med en sund tarmslimhinde og hurtig s\u00e5rheling. L-Arginin er vigtig for god immunfunktion, heling af v\u00e6v, sundt kredsl\u00f8b og \u00f8get arbejdsevne. Disse forskellige virkninger i samspil holder hesten sund til b\u00e5de konkurrence og avl.<\/p>\n<\/div><div class=\"su-expand-link su-expand-link-more\" style=\"text-align:left\"><a href=\"javascript:;\" style=\"color:#000;border-color:#000\"><span style=\"border-color:#000\">Vis mere<\/span><\/a><\/div><div class=\"su-expand-link su-expand-link-less\" style=\"text-align:left\"><a href=\"javascript:;\" style=\"color:#000;border-color:#000\"><span style=\"border-color:#000\">Vis mindre<\/span><\/a><\/div><\/div> <\/div><\/div>\n<div class=\"su-column su-column-size-1-5\"><div class=\"su-column-inner su-u-clearfix su-u-trim\">\n<h3>L-Threonin<\/h3>\n<p><img decoding=\"async\" src=\"http:\/\/www.succeed-equine.com\/wp-content\/uploads\/2016\/05\/l_theo.jpg\" alt=\"l_theo\" class=\"alignnone size-full\" \/><\/p>\n<div class=\"su-expand su-expand-collapsed su-expand-link-style-underlined\" data-height=\"160\"><div class=\"su-expand-content su-u-trim\" style=\"color:#000;max-height:160px;overflow:hidden\">\n<p>L-Threonin er en essentiel aminosyre, som er n\u00f8dvendig for en sund mave-tarmkanal. Hos heste bidrager L-Threonin desuden til en velfungerende mave-tarmkanal. Det hj\u00e6lper ogs\u00e5 med metabolisme og absorption af n\u00e6ringsstoffer, og bidrager til slimhindeproduktion.<\/p>\n<p><a href=\"http:\/\/www.succeed-equine.com\/education\/l-threonine-for-horses\/\">L\u00e6s forskning vedr\u00f8rende L-Threonin og sund ford\u00f8jelse<\/a><\/p>\n<\/div><div class=\"su-expand-link su-expand-link-more\" style=\"text-align:left\"><a href=\"javascript:;\" style=\"color:#000;border-color:#000\"><span style=\"border-color:#000\">Vis mere<\/span><\/a><\/div><div class=\"su-expand-link su-expand-link-less\" style=\"text-align:left\"><a href=\"javascript:;\" style=\"color:#000;border-color:#000\"><span style=\"border-color:#000\">Vis mindre<\/span><\/a><\/div><\/div> <\/div><\/div>\n<\/div>\n<\/div>\n<div class=\"product_labeling\">\n<h2 style=\"padding-bottom: 30px !important;\">Varem\u00e6rkning og oplysninger om sammens\u00e6tning<\/h2>\n<div style=\"clear: both;\"><\/div>\n<div class=\"row\">\n<div class=\"large-4 medium-12 small-12 columns\">\n<p>Seri\u00f8se hestemennesker ved ogs\u00e5, at SUCCEED underbygges af grundige videnskabelige studier. Og allervigtigst &#8211; de ved, at det faktisk virker. Forskning og data er <a href=\"https:\/\/www.succeed-vet.com\/\">til r\u00e5dighed p\u00e5 SUCCEED-veterin\u00e6rcenter.<\/a><\/p>\n<h3 class=\"callout\" style=\"letter-spacing: -.75px;\">Klar til at pr\u00f8ve SUCCEED? Tal med din dyrl\u00e6ge i dag for at k\u00f8be produktet.<\/h3>\n<\/div>\n<div class=\"large-8 medium-12 small-12 columns\">\n<div>\n<h4>Varem\u00e6rkning:<\/h4>\n<p><a href=\"\/wp-content\/blogs.dir\/3\/files\/2017\/08\/succeed-euro-dcp-labels.pdf\" target=\"_blank\" rel=\"noopener\"><img decoding=\"async\" src=\"http:\/\/www.succeed-equine.com\/wp-content\/uploads\/2016\/05\/product_info1.jpg\" alt=\"product_info1\" class=\"alignnone size-full\" \/><\/a><\/p>\n<\/div>\n<div>\n<h4>Granulater:<\/h4>\n<p><a href=\"\/wp-content\/blogs.dir\/3\/files\/2017\/08\/succeed-euro-granules-composition-label.jpg\" target=\"_blank\" rel=\"noopener\"><img decoding=\"async\" src=\"https:\/\/www.succeed-equine.co.uk\/wp-content\/blogs.dir\/3\/files\/2011\/01\/granuals.jpg\" alt=\"granuals\" class=\"alignnone size-full\" \/><\/a><\/p>\n<\/div>\n<div>\n<h4>Pasta:<\/h4>\n<p><a href=\"\/wp-content\/blogs.dir\/3\/files\/2017\/08\/succeed-euro-paste-composition-label.jpg\" target=\"_blank\" rel=\"noopener\"><img decoding=\"async\" src=\"https:\/\/www.succeed-equine.co.uk\/wp-content\/blogs.dir\/3\/files\/2011\/01\/paste.jpg\" alt=\"paste\" class=\"alignnone size-full\" \/><\/a><\/p>\n<\/div>\n<\/div>\n<\/div>\n<\/div>\n","protected":false},"excerpt":{"rendered":"<p>N\u00e5r det drejer sig om helbred og velv\u00e6re, kigger seri\u00f8se hestemennesker efter seri\u00f8se produkter. SUCCEED Digestive Conditioning-programmet opfylder opgaven. Du vil s\u00e6tte pris p\u00e5 at vide, at: Og dine heste vil nyde, at SUCCEED&#8217;s naturlige [&hellip;]<\/p>\n","protected":false},"author":14,"featured_media":0,"parent":8105,"menu_order":0,"comment_status":"closed","ping_status":"closed","template":"","meta":{"_acf_changed":false,"footnotes":""},"class_list":["post-8133","page","type-page","status-publish","hentry"],"acf":[],"yoast_head":"<!-- This site is optimized with the Yoast SEO plugin v26.6 - https:\/\/yoast.com\/wordpress\/plugins\/seo\/ -->\n<title>Ingredienser i SUCCEED til heste | SUCCEED Europa<\/title>\n<meta name=\"description\" content=\"SUCCEED blev udviklet med fokus p\u00e5 naturligt forekommende n\u00e6ringsstoffer, som er n\u00f8dvendige for at hele hestens mave-tarmkanal kan forblive sund. Gennemg\u00e5 ingredienserne.\" \/>\n<meta name=\"robots\" content=\"index, follow, max-snippet:-1, max-image-preview:large, max-video-preview:-1\" \/>\n<link rel=\"canonical\" href=\"https:\/\/www.succeed-equine.co.uk\/da\/om-succeed-digestive-conditioning-programmet\/ingredienser-succeed-digestive-conditioning-programmet\/\" \/>\n<meta property=\"og:locale\" content=\"da_DK\" \/>\n<meta property=\"og:type\" content=\"article\" \/>\n<meta property=\"og:title\" content=\"Ingredienser i SUCCEED til heste | SUCCEED Europa\" \/>\n<meta property=\"og:description\" content=\"SUCCEED blev udviklet med fokus p\u00e5 naturligt forekommende n\u00e6ringsstoffer, som er n\u00f8dvendige for at hele hestens mave-tarmkanal kan forblive sund. Gennemg\u00e5 ingredienserne.\" \/>\n<meta property=\"og:url\" content=\"https:\/\/www.succeed-equine.co.uk\/da\/om-succeed-digestive-conditioning-programmet\/ingredienser-succeed-digestive-conditioning-programmet\/\" \/>\n<meta property=\"og:site_name\" content=\"SUCCEED Europe\" \/>\n<meta property=\"og:image\" content=\"http:\/\/www.succeed-equine.com\/wp-content\/uploads\/2016\/05\/oat_oil.jpg\" \/>\n<meta name=\"twitter:card\" content=\"summary_large_image\" \/>\n<meta name=\"twitter:label1\" content=\"Estimeret l\u00e6setid\" \/>\n\t<meta name=\"twitter:data1\" content=\"4 minutter\" \/>\n<script type=\"application\/ld+json\" class=\"yoast-schema-graph\">{\"@context\":\"https:\/\/schema.org\",\"@graph\":[{\"@type\":\"WebPage\",\"@id\":\"https:\/\/www.succeed-equine.co.uk\/da\/om-succeed-digestive-conditioning-programmet\/ingredienser-succeed-digestive-conditioning-programmet\/\",\"url\":\"https:\/\/www.succeed-equine.co.uk\/da\/om-succeed-digestive-conditioning-programmet\/ingredienser-succeed-digestive-conditioning-programmet\/\",\"name\":\"Ingredienser i SUCCEED til heste | SUCCEED Europa\",\"isPartOf\":{\"@id\":\"https:\/\/www.succeed-equine.co.uk\/#website\"},\"primaryImageOfPage\":{\"@id\":\"https:\/\/www.succeed-equine.co.uk\/da\/om-succeed-digestive-conditioning-programmet\/ingredienser-succeed-digestive-conditioning-programmet\/#primaryimage\"},\"image\":{\"@id\":\"https:\/\/www.succeed-equine.co.uk\/da\/om-succeed-digestive-conditioning-programmet\/ingredienser-succeed-digestive-conditioning-programmet\/#primaryimage\"},\"thumbnailUrl\":\"http:\/\/www.succeed-equine.com\/wp-content\/uploads\/2016\/05\/oat_oil.jpg\",\"datePublished\":\"2017-11-18T20:25:37+00:00\",\"description\":\"SUCCEED blev udviklet med fokus p\u00e5 naturligt forekommende n\u00e6ringsstoffer, som er n\u00f8dvendige for at hele hestens mave-tarmkanal kan forblive sund. Gennemg\u00e5 ingredienserne.\",\"breadcrumb\":{\"@id\":\"https:\/\/www.succeed-equine.co.uk\/da\/om-succeed-digestive-conditioning-programmet\/ingredienser-succeed-digestive-conditioning-programmet\/#breadcrumb\"},\"inLanguage\":\"da-DK\",\"potentialAction\":[{\"@type\":\"ReadAction\",\"target\":[\"https:\/\/www.succeed-equine.co.uk\/da\/om-succeed-digestive-conditioning-programmet\/ingredienser-succeed-digestive-conditioning-programmet\/\"]}]},{\"@type\":\"ImageObject\",\"inLanguage\":\"da-DK\",\"@id\":\"https:\/\/www.succeed-equine.co.uk\/da\/om-succeed-digestive-conditioning-programmet\/ingredienser-succeed-digestive-conditioning-programmet\/#primaryimage\",\"url\":\"http:\/\/www.succeed-equine.com\/wp-content\/uploads\/2016\/05\/oat_oil.jpg\",\"contentUrl\":\"http:\/\/www.succeed-equine.com\/wp-content\/uploads\/2016\/05\/oat_oil.jpg\"},{\"@type\":\"BreadcrumbList\",\"@id\":\"https:\/\/www.succeed-equine.co.uk\/da\/om-succeed-digestive-conditioning-programmet\/ingredienser-succeed-digestive-conditioning-programmet\/#breadcrumb\",\"itemListElement\":[{\"@type\":\"ListItem\",\"position\":1,\"name\":\"Home\",\"item\":\"https:\/\/www.succeed-equine.co.uk\/da\/\"},{\"@type\":\"ListItem\",\"position\":2,\"name\":\"Om SUCCEED\u00ae Digestive Conditioning-programmet\",\"item\":\"https:\/\/www.succeed-equine.co.uk\/da\/om-succeed-digestive-conditioning-programmet\/\"},{\"@type\":\"ListItem\",\"position\":3,\"name\":\"Ingredienser i SUCCEED\u00ae Digestive Conditioning-programmet\"}]},{\"@type\":\"WebSite\",\"@id\":\"https:\/\/www.succeed-equine.co.uk\/#website\",\"url\":\"https:\/\/www.succeed-equine.co.uk\/\",\"name\":\"SUCCEED Europe\",\"description\":\"My horse at its best.\",\"potentialAction\":[{\"@type\":\"SearchAction\",\"target\":{\"@type\":\"EntryPoint\",\"urlTemplate\":\"https:\/\/www.succeed-equine.co.uk\/?s={search_term_string}\"},\"query-input\":{\"@type\":\"PropertyValueSpecification\",\"valueRequired\":true,\"valueName\":\"search_term_string\"}}],\"inLanguage\":\"da-DK\"}]}<\/script>\n<!-- \/ Yoast SEO plugin. -->","yoast_head_json":{"title":"Ingredienser i SUCCEED til heste | SUCCEED Europa","description":"SUCCEED blev udviklet med fokus p\u00e5 naturligt forekommende n\u00e6ringsstoffer, som er n\u00f8dvendige for at hele hestens mave-tarmkanal kan forblive sund. Gennemg\u00e5 ingredienserne.","robots":{"index":"index","follow":"follow","max-snippet":"max-snippet:-1","max-image-preview":"max-image-preview:large","max-video-preview":"max-video-preview:-1"},"canonical":"https:\/\/www.succeed-equine.co.uk\/da\/om-succeed-digestive-conditioning-programmet\/ingredienser-succeed-digestive-conditioning-programmet\/","og_locale":"da_DK","og_type":"article","og_title":"Ingredienser i SUCCEED til heste | SUCCEED Europa","og_description":"SUCCEED blev udviklet med fokus p\u00e5 naturligt forekommende n\u00e6ringsstoffer, som er n\u00f8dvendige for at hele hestens mave-tarmkanal kan forblive sund. Gennemg\u00e5 ingredienserne.","og_url":"https:\/\/www.succeed-equine.co.uk\/da\/om-succeed-digestive-conditioning-programmet\/ingredienser-succeed-digestive-conditioning-programmet\/","og_site_name":"SUCCEED Europe","og_image":[{"url":"http:\/\/www.succeed-equine.com\/wp-content\/uploads\/2016\/05\/oat_oil.jpg","type":"","width":"","height":""}],"twitter_card":"summary_large_image","twitter_misc":{"Estimeret l\u00e6setid":"4 minutter"},"schema":{"@context":"https:\/\/schema.org","@graph":[{"@type":"WebPage","@id":"https:\/\/www.succeed-equine.co.uk\/da\/om-succeed-digestive-conditioning-programmet\/ingredienser-succeed-digestive-conditioning-programmet\/","url":"https:\/\/www.succeed-equine.co.uk\/da\/om-succeed-digestive-conditioning-programmet\/ingredienser-succeed-digestive-conditioning-programmet\/","name":"Ingredienser i SUCCEED til heste | SUCCEED Europa","isPartOf":{"@id":"https:\/\/www.succeed-equine.co.uk\/#website"},"primaryImageOfPage":{"@id":"https:\/\/www.succeed-equine.co.uk\/da\/om-succeed-digestive-conditioning-programmet\/ingredienser-succeed-digestive-conditioning-programmet\/#primaryimage"},"image":{"@id":"https:\/\/www.succeed-equine.co.uk\/da\/om-succeed-digestive-conditioning-programmet\/ingredienser-succeed-digestive-conditioning-programmet\/#primaryimage"},"thumbnailUrl":"http:\/\/www.succeed-equine.com\/wp-content\/uploads\/2016\/05\/oat_oil.jpg","datePublished":"2017-11-18T20:25:37+00:00","description":"SUCCEED blev udviklet med fokus p\u00e5 naturligt forekommende n\u00e6ringsstoffer, som er n\u00f8dvendige for at hele hestens mave-tarmkanal kan forblive sund. Gennemg\u00e5 ingredienserne.","breadcrumb":{"@id":"https:\/\/www.succeed-equine.co.uk\/da\/om-succeed-digestive-conditioning-programmet\/ingredienser-succeed-digestive-conditioning-programmet\/#breadcrumb"},"inLanguage":"da-DK","potentialAction":[{"@type":"ReadAction","target":["https:\/\/www.succeed-equine.co.uk\/da\/om-succeed-digestive-conditioning-programmet\/ingredienser-succeed-digestive-conditioning-programmet\/"]}]},{"@type":"ImageObject","inLanguage":"da-DK","@id":"https:\/\/www.succeed-equine.co.uk\/da\/om-succeed-digestive-conditioning-programmet\/ingredienser-succeed-digestive-conditioning-programmet\/#primaryimage","url":"http:\/\/www.succeed-equine.com\/wp-content\/uploads\/2016\/05\/oat_oil.jpg","contentUrl":"http:\/\/www.succeed-equine.com\/wp-content\/uploads\/2016\/05\/oat_oil.jpg"},{"@type":"BreadcrumbList","@id":"https:\/\/www.succeed-equine.co.uk\/da\/om-succeed-digestive-conditioning-programmet\/ingredienser-succeed-digestive-conditioning-programmet\/#breadcrumb","itemListElement":[{"@type":"ListItem","position":1,"name":"Home","item":"https:\/\/www.succeed-equine.co.uk\/da\/"},{"@type":"ListItem","position":2,"name":"Om SUCCEED\u00ae Digestive Conditioning-programmet","item":"https:\/\/www.succeed-equine.co.uk\/da\/om-succeed-digestive-conditioning-programmet\/"},{"@type":"ListItem","position":3,"name":"Ingredienser i SUCCEED\u00ae Digestive Conditioning-programmet"}]},{"@type":"WebSite","@id":"https:\/\/www.succeed-equine.co.uk\/#website","url":"https:\/\/www.succeed-equine.co.uk\/","name":"SUCCEED Europe","description":"My horse at its best.","potentialAction":[{"@type":"SearchAction","target":{"@type":"EntryPoint","urlTemplate":"https:\/\/www.succeed-equine.co.uk\/?s={search_term_string}"},"query-input":{"@type":"PropertyValueSpecification","valueRequired":true,"valueName":"search_term_string"}}],"inLanguage":"da-DK"}]}},"_links":{"self":[{"href":"https:\/\/www.succeed-equine.co.uk\/da\/wp-json\/wp\/v2\/pages\/8133","targetHints":{"allow":["GET"]}}],"collection":[{"href":"https:\/\/www.succeed-equine.co.uk\/da\/wp-json\/wp\/v2\/pages"}],"about":[{"href":"https:\/\/www.succeed-equine.co.uk\/da\/wp-json\/wp\/v2\/types\/page"}],"author":[{"embeddable":true,"href":"https:\/\/www.succeed-equine.co.uk\/da\/wp-json\/wp\/v2\/users\/14"}],"replies":[{"embeddable":true,"href":"https:\/\/www.succeed-equine.co.uk\/da\/wp-json\/wp\/v2\/comments?post=8133"}],"version-history":[{"count":0,"href":"https:\/\/www.succeed-equine.co.uk\/da\/wp-json\/wp\/v2\/pages\/8133\/revisions"}],"up":[{"embeddable":true,"href":"https:\/\/www.succeed-equine.co.uk\/da\/wp-json\/wp\/v2\/pages\/8105"}],"wp:attachment":[{"href":"https:\/\/www.succeed-equine.co.uk\/da\/wp-json\/wp\/v2\/media?parent=8133"}],"curies":[{"name":"wp","href":"https:\/\/api.w.org\/{rel}","templated":true}]}}