{"id":8151,"date":"2017-11-19T23:47:46","date_gmt":"2017-11-19T23:47:46","guid":{"rendered":"https:\/\/www.succeed-equine.co.uk\/?page_id=8151"},"modified":"2018-02-23T20:41:35","modified_gmt":"2018-02-23T20:41:35","slug":"product-options","status":"publish","type":"page","link":"https:\/\/www.succeed-equine.co.uk\/da\/om-succeed-digestive-conditioning-programmet\/product-options\/","title":{"rendered":"Produktvalg"},"content":{"rendered":"<p>Uanset om du har en hest eller en hel flok heste, om du opstalder eller har din hest derhjemme, har vi et <a href=\"\/?page_id=8105\">SUCCEED<\/a>&#8211; produkt, som vil virke med dit program.<\/p>\n<div class=\"dig-pro\"><div class=\"su-row\">\n<div class=\"su-column su-column-size-1-2\"><div class=\"su-column-inner su-u-clearfix su-u-trim\">\n<img decoding=\"async\" src=\"https:\/\/www.succeed-equine.co.uk\/wp-content\/blogs.dir\/3\/files\/2016\/03\/oral-paste.png\" alt=\"oral-paste\" class=\"aligncenter size-full\" \/><\/p>\n<h2 style=\"font-size: 26px !important; font-weight: 400 !important;\">SUCCEED\u00ae Digestive Conditioning-programmet oral pasta<\/h2>\n<p>Ideelt til kr\u00e6sne heste, eller n\u00e5r en hest startes p\u00e5 programmet.<\/p>\n<p>30 orale spr\u00f8jter per karton<br \/>\n1 portion (27 g) per oral spr\u00f8jte<\/p>\n<\/div><\/div>\n<div class=\"su-column su-column-size-1-2\"><div class=\"su-column-inner su-u-clearfix su-u-trim\">\n<div class=\"su-spacer\" style=\"height:15px\"><\/div>\n<img decoding=\"async\" src=\"https:\/\/www.succeed-equine.co.uk\/wp-content\/blogs.dir\/3\/files\/2016\/03\/top-dress-granules.png\" alt=\"top-dress-granules\" class=\"aligncenter size-full\" \/><br \/>\n<div class=\"su-spacer\" style=\"height:15px\"><\/div>\n<h2 style=\"font-size: 26px !important; font-weight: 400 !important;\">SUCCEED\u00ae Digestive Conditioning-programmet granulater<\/h2>\n<p>Ideelt til at str\u00f8 over foderet, k\u00f8bes i store partier eller til flere heste.<\/p>\n<p>F\u00e5s i st\u00f8rrelserne:<\/p>\n<p>30 dage | 60 dage | 180 dage<\/p>\n<\/div><\/div>\n<\/div>\n<\/div>\n<hr \/>\n<div class=\"su-spacer\" style=\"height:20px\"><\/div>\n<h3 class=\"callout\">Klar til at pr\u00f8ve SUCCEED? Tal med din dyrl\u00e6ge i dag for at k\u00f8be produktet.<\/h3>\n","protected":false},"excerpt":{"rendered":"<p>Uanset om du har en hest eller en hel flok heste, om du opstalder eller har din hest derhjemme, har vi et SUCCEED&#8211; produkt, som vil virke med dit program. Klar til at pr\u00f8ve SUCCEED? [&hellip;]<\/p>\n","protected":false},"author":14,"featured_media":0,"parent":8105,"menu_order":0,"comment_status":"closed","ping_status":"closed","template":"","meta":{"_acf_changed":false,"footnotes":""},"class_list":["post-8151","page","type-page","status-publish","hentry"],"acf":[],"yoast_head":"<!-- This site is optimized with the Yoast SEO plugin v26.6 - https:\/\/yoast.com\/wordpress\/plugins\/seo\/ -->\n<title>Produktvalg og st\u00f8rrelser for SUCCEED til heste | SUCCEED Europa<\/title>\n<meta name=\"description\" content=\"Uanset om du har en hest eller en hel flok heste, om du opstalder eller har din hest derhjemme, har vi et SUCCEED-produkt, som vil virke med dit program.\" \/>\n<meta name=\"robots\" content=\"index, follow, max-snippet:-1, max-image-preview:large, max-video-preview:-1\" \/>\n<link rel=\"canonical\" href=\"https:\/\/www.succeed-equine.co.uk\/da\/om-succeed-digestive-conditioning-programmet\/product-options\/\" \/>\n<meta property=\"og:locale\" content=\"da_DK\" \/>\n<meta property=\"og:type\" content=\"article\" \/>\n<meta property=\"og:title\" content=\"Produktvalg og st\u00f8rrelser for SUCCEED til heste | SUCCEED Europa\" \/>\n<meta property=\"og:description\" content=\"Uanset om du har en hest eller en hel flok heste, om du opstalder eller har din hest derhjemme, har vi et SUCCEED-produkt, som vil virke med dit program.\" \/>\n<meta property=\"og:url\" content=\"https:\/\/www.succeed-equine.co.uk\/da\/om-succeed-digestive-conditioning-programmet\/product-options\/\" \/>\n<meta property=\"og:site_name\" content=\"SUCCEED Europe\" \/>\n<meta property=\"article:modified_time\" content=\"2018-02-23T20:41:35+00:00\" \/>\n<meta property=\"og:image\" content=\"https:\/\/www.succeed-equine.co.uk\/wp-content\/blogs.dir\/3\/files\/2016\/03\/oral-paste.png\" \/>\n<meta name=\"twitter:card\" content=\"summary_large_image\" \/>\n<meta name=\"twitter:label1\" content=\"Estimeret l\u00e6setid\" \/>\n\t<meta name=\"twitter:data1\" content=\"1 minut\" \/>\n<script type=\"application\/ld+json\" class=\"yoast-schema-graph\">{\"@context\":\"https:\/\/schema.org\",\"@graph\":[{\"@type\":\"WebPage\",\"@id\":\"https:\/\/www.succeed-equine.co.uk\/da\/om-succeed-digestive-conditioning-programmet\/product-options\/\",\"url\":\"https:\/\/www.succeed-equine.co.uk\/da\/om-succeed-digestive-conditioning-programmet\/product-options\/\",\"name\":\"Produktvalg og st\u00f8rrelser for SUCCEED til heste | SUCCEED Europa\",\"isPartOf\":{\"@id\":\"https:\/\/www.succeed-equine.co.uk\/#website\"},\"primaryImageOfPage\":{\"@id\":\"https:\/\/www.succeed-equine.co.uk\/da\/om-succeed-digestive-conditioning-programmet\/product-options\/#primaryimage\"},\"image\":{\"@id\":\"https:\/\/www.succeed-equine.co.uk\/da\/om-succeed-digestive-conditioning-programmet\/product-options\/#primaryimage\"},\"thumbnailUrl\":\"https:\/\/www.succeed-equine.co.uk\/wp-content\/blogs.dir\/3\/files\/2016\/03\/oral-paste.png\",\"datePublished\":\"2017-11-19T23:47:46+00:00\",\"dateModified\":\"2018-02-23T20:41:35+00:00\",\"description\":\"Uanset om du har en hest eller en hel flok heste, om du opstalder eller har din hest derhjemme, har vi et SUCCEED-produkt, som vil virke med dit program.\",\"breadcrumb\":{\"@id\":\"https:\/\/www.succeed-equine.co.uk\/da\/om-succeed-digestive-conditioning-programmet\/product-options\/#breadcrumb\"},\"inLanguage\":\"da-DK\",\"potentialAction\":[{\"@type\":\"ReadAction\",\"target\":[\"https:\/\/www.succeed-equine.co.uk\/da\/om-succeed-digestive-conditioning-programmet\/product-options\/\"]}]},{\"@type\":\"ImageObject\",\"inLanguage\":\"da-DK\",\"@id\":\"https:\/\/www.succeed-equine.co.uk\/da\/om-succeed-digestive-conditioning-programmet\/product-options\/#primaryimage\",\"url\":\"https:\/\/www.succeed-equine.co.uk\/wp-content\/blogs.dir\/3\/files\/2016\/03\/oral-paste.png\",\"contentUrl\":\"https:\/\/www.succeed-equine.co.uk\/wp-content\/blogs.dir\/3\/files\/2016\/03\/oral-paste.png\"},{\"@type\":\"BreadcrumbList\",\"@id\":\"https:\/\/www.succeed-equine.co.uk\/da\/om-succeed-digestive-conditioning-programmet\/product-options\/#breadcrumb\",\"itemListElement\":[{\"@type\":\"ListItem\",\"position\":1,\"name\":\"Home\",\"item\":\"https:\/\/www.succeed-equine.co.uk\/da\/\"},{\"@type\":\"ListItem\",\"position\":2,\"name\":\"Om SUCCEED\u00ae Digestive Conditioning-programmet\",\"item\":\"https:\/\/www.succeed-equine.co.uk\/da\/om-succeed-digestive-conditioning-programmet\/\"},{\"@type\":\"ListItem\",\"position\":3,\"name\":\"Produktvalg\"}]},{\"@type\":\"WebSite\",\"@id\":\"https:\/\/www.succeed-equine.co.uk\/#website\",\"url\":\"https:\/\/www.succeed-equine.co.uk\/\",\"name\":\"SUCCEED Europe\",\"description\":\"My horse at its best.\",\"potentialAction\":[{\"@type\":\"SearchAction\",\"target\":{\"@type\":\"EntryPoint\",\"urlTemplate\":\"https:\/\/www.succeed-equine.co.uk\/?s={search_term_string}\"},\"query-input\":{\"@type\":\"PropertyValueSpecification\",\"valueRequired\":true,\"valueName\":\"search_term_string\"}}],\"inLanguage\":\"da-DK\"}]}<\/script>\n<!-- \/ Yoast SEO plugin. -->","yoast_head_json":{"title":"Produktvalg og st\u00f8rrelser for SUCCEED til heste | SUCCEED Europa","description":"Uanset om du har en hest eller en hel flok heste, om du opstalder eller har din hest derhjemme, har vi et SUCCEED-produkt, som vil virke med dit program.","robots":{"index":"index","follow":"follow","max-snippet":"max-snippet:-1","max-image-preview":"max-image-preview:large","max-video-preview":"max-video-preview:-1"},"canonical":"https:\/\/www.succeed-equine.co.uk\/da\/om-succeed-digestive-conditioning-programmet\/product-options\/","og_locale":"da_DK","og_type":"article","og_title":"Produktvalg og st\u00f8rrelser for SUCCEED til heste | SUCCEED Europa","og_description":"Uanset om du har en hest eller en hel flok heste, om du opstalder eller har din hest derhjemme, har vi et SUCCEED-produkt, som vil virke med dit program.","og_url":"https:\/\/www.succeed-equine.co.uk\/da\/om-succeed-digestive-conditioning-programmet\/product-options\/","og_site_name":"SUCCEED Europe","article_modified_time":"2018-02-23T20:41:35+00:00","og_image":[{"url":"https:\/\/www.succeed-equine.co.uk\/wp-content\/blogs.dir\/3\/files\/2016\/03\/oral-paste.png","type":"","width":"","height":""}],"twitter_card":"summary_large_image","twitter_misc":{"Estimeret l\u00e6setid":"1 minut"},"schema":{"@context":"https:\/\/schema.org","@graph":[{"@type":"WebPage","@id":"https:\/\/www.succeed-equine.co.uk\/da\/om-succeed-digestive-conditioning-programmet\/product-options\/","url":"https:\/\/www.succeed-equine.co.uk\/da\/om-succeed-digestive-conditioning-programmet\/product-options\/","name":"Produktvalg og st\u00f8rrelser for SUCCEED til heste | SUCCEED Europa","isPartOf":{"@id":"https:\/\/www.succeed-equine.co.uk\/#website"},"primaryImageOfPage":{"@id":"https:\/\/www.succeed-equine.co.uk\/da\/om-succeed-digestive-conditioning-programmet\/product-options\/#primaryimage"},"image":{"@id":"https:\/\/www.succeed-equine.co.uk\/da\/om-succeed-digestive-conditioning-programmet\/product-options\/#primaryimage"},"thumbnailUrl":"https:\/\/www.succeed-equine.co.uk\/wp-content\/blogs.dir\/3\/files\/2016\/03\/oral-paste.png","datePublished":"2017-11-19T23:47:46+00:00","dateModified":"2018-02-23T20:41:35+00:00","description":"Uanset om du har en hest eller en hel flok heste, om du opstalder eller har din hest derhjemme, har vi et SUCCEED-produkt, som vil virke med dit program.","breadcrumb":{"@id":"https:\/\/www.succeed-equine.co.uk\/da\/om-succeed-digestive-conditioning-programmet\/product-options\/#breadcrumb"},"inLanguage":"da-DK","potentialAction":[{"@type":"ReadAction","target":["https:\/\/www.succeed-equine.co.uk\/da\/om-succeed-digestive-conditioning-programmet\/product-options\/"]}]},{"@type":"ImageObject","inLanguage":"da-DK","@id":"https:\/\/www.succeed-equine.co.uk\/da\/om-succeed-digestive-conditioning-programmet\/product-options\/#primaryimage","url":"https:\/\/www.succeed-equine.co.uk\/wp-content\/blogs.dir\/3\/files\/2016\/03\/oral-paste.png","contentUrl":"https:\/\/www.succeed-equine.co.uk\/wp-content\/blogs.dir\/3\/files\/2016\/03\/oral-paste.png"},{"@type":"BreadcrumbList","@id":"https:\/\/www.succeed-equine.co.uk\/da\/om-succeed-digestive-conditioning-programmet\/product-options\/#breadcrumb","itemListElement":[{"@type":"ListItem","position":1,"name":"Home","item":"https:\/\/www.succeed-equine.co.uk\/da\/"},{"@type":"ListItem","position":2,"name":"Om SUCCEED\u00ae Digestive Conditioning-programmet","item":"https:\/\/www.succeed-equine.co.uk\/da\/om-succeed-digestive-conditioning-programmet\/"},{"@type":"ListItem","position":3,"name":"Produktvalg"}]},{"@type":"WebSite","@id":"https:\/\/www.succeed-equine.co.uk\/#website","url":"https:\/\/www.succeed-equine.co.uk\/","name":"SUCCEED Europe","description":"My horse at its best.","potentialAction":[{"@type":"SearchAction","target":{"@type":"EntryPoint","urlTemplate":"https:\/\/www.succeed-equine.co.uk\/?s={search_term_string}"},"query-input":{"@type":"PropertyValueSpecification","valueRequired":true,"valueName":"search_term_string"}}],"inLanguage":"da-DK"}]}},"_links":{"self":[{"href":"https:\/\/www.succeed-equine.co.uk\/da\/wp-json\/wp\/v2\/pages\/8151","targetHints":{"allow":["GET"]}}],"collection":[{"href":"https:\/\/www.succeed-equine.co.uk\/da\/wp-json\/wp\/v2\/pages"}],"about":[{"href":"https:\/\/www.succeed-equine.co.uk\/da\/wp-json\/wp\/v2\/types\/page"}],"author":[{"embeddable":true,"href":"https:\/\/www.succeed-equine.co.uk\/da\/wp-json\/wp\/v2\/users\/14"}],"replies":[{"embeddable":true,"href":"https:\/\/www.succeed-equine.co.uk\/da\/wp-json\/wp\/v2\/comments?post=8151"}],"version-history":[{"count":0,"href":"https:\/\/www.succeed-equine.co.uk\/da\/wp-json\/wp\/v2\/pages\/8151\/revisions"}],"up":[{"embeddable":true,"href":"https:\/\/www.succeed-equine.co.uk\/da\/wp-json\/wp\/v2\/pages\/8105"}],"wp:attachment":[{"href":"https:\/\/www.succeed-equine.co.uk\/da\/wp-json\/wp\/v2\/media?parent=8151"}],"curies":[{"name":"wp","href":"https:\/\/api.w.org\/{rel}","templated":true}]}}