{"id":8163,"date":"2017-11-20T00:14:34","date_gmt":"2017-11-20T00:14:34","guid":{"rendered":"https:\/\/www.succeed-equine.co.uk\/?page_id=8163"},"modified":"2018-02-23T20:55:58","modified_gmt":"2018-02-23T20:55:58","slug":"saadan-bruges-succeed","status":"publish","type":"page","link":"https:\/\/www.succeed-equine.co.uk\/da\/om-succeed-digestive-conditioning-programmet\/saadan-bruges-succeed\/","title":{"rendered":"S\u00e5dan bruges SUCCEED\u00ae"},"content":{"rendered":"<p>Det er vigtigt at holde dine heste og deres ford\u00f8jelse i den bedst mulige stand. Det er let med <a href=\"https:\/\/www.succeed-equine.co.uk\/da\/om-succeed-digestive-conditioning-programmet\/\">SUCCEED<\/a>. Det eneste du skal g\u00f8re er at tilf\u00f8je bare en portion SUCCEED om dagen hver dag til hestens almindelige foder. Det er det hele. Ingen s\u00e6rlig blanding. Ingen komplicerede foderplaner.<\/p>\n<p><img decoding=\"async\" src=\"https:\/\/www.succeed-equine.co.uk\/wp-content\/blogs.dir\/3\/files\/2010\/09\/using-succeed.jpg\" alt=\"how to use succeed\" class=\"size-full aligncenter\" \/><\/p>\n<div class=\"su-row\">\n<div class=\"su-column su-column-size-1-6\"><div class=\"su-column-inner su-u-clearfix su-u-trim\">\n<img decoding=\"async\" src=\"http:\/\/www.succeed-equine.com\/wp-content\/uploads\/2010\/09\/succeed-instructions.png\" alt=\"succeed-instructions\" class=\"alignnone size-full\" \/><br \/>\n<\/div><\/div>\n<div class=\"su-column su-column-size-1-3\"><div class=\"su-column-inner su-u-clearfix su-u-trim\">\n<h2>Brugsanvisning<\/h2>\n<p>S\u00e5dan gives SUCCEED pasta eller granulater og fodertips for at opn\u00e5 de bedste resultater samt anbefalede portionsst\u00f8rrelser.<\/p>\n<p><a href=\"\/?page_id=8190\">F\u00e5 mere information<\/a><br \/>\n<\/div><\/div>\n<div class=\"su-column su-column-size-1-6\"><div class=\"su-column-inner su-u-clearfix su-u-trim\">\n<img decoding=\"async\" src=\"http:\/\/www.succeed-equine.com\/wp-content\/uploads\/2010\/09\/storage-handling.png\" alt=\"storage-handling\" class=\"alignnone size-full\" \/><br \/>\n<\/div><\/div>\n<div class=\"su-column su-column-size-1-3\"><div class=\"su-column-inner su-u-clearfix su-u-trim\">\n<h2>Opbevaring og h\u00e5ndtering<\/h2>\n<p>S\u00e5dan opbevares og h\u00e5ndteres SUCCEED korrekt samt information om produktets konsistens og holdbarhedsvarighed.<\/p>\n<p><a href=\"\/?page_id=8205\">F\u00e5 mere information<\/a><br \/>\n<\/div><\/div>\n<\/div>\n<div class=\"su-row\">\n<div class=\"su-column su-column-size-1-6\"><div class=\"su-column-inner su-u-clearfix su-u-trim\">\n<img decoding=\"async\" src=\"http:\/\/www.succeed-equine.com\/wp-content\/uploads\/2010\/09\/faq.png\" alt=\"faq\" class=\"alignnone size-full\" \/><br \/>\n<\/div><\/div>\n<div class=\"su-column su-column-size-5-6\"><div class=\"su-column-inner su-u-clearfix su-u-trim\">\n<h2 style=\"font-size: 31px;\">Ofte stillede sp\u00f8rgsm\u00e5l<\/h2>\n<p>Flere sp\u00f8rgsm\u00e5l? Se vores omfattende sektion med Ofte stillede sp\u00f8rgsm\u00e5l og svar, vi har f\u00e5et fra andre ryttere som dig.<\/p>\n<p><a href=\"\/?page_id=8219\">F\u00e5 mere information<\/a><\/p>\n<\/div><\/div>\n<\/div>\n","protected":false},"excerpt":{"rendered":"<p>Det er vigtigt at holde dine heste og deres ford\u00f8jelse i den bedst mulige stand. Det er let med SUCCEED. Det eneste du skal g\u00f8re er at tilf\u00f8je bare en portion SUCCEED om dagen hver [&hellip;]<\/p>\n","protected":false},"author":14,"featured_media":0,"parent":8105,"menu_order":0,"comment_status":"closed","ping_status":"closed","template":"","meta":{"_acf_changed":false,"footnotes":""},"class_list":["post-8163","page","type-page","status-publish","hentry"],"acf":[],"yoast_head":"<!-- This site is optimized with the Yoast SEO plugin v26.6 - https:\/\/yoast.com\/wordpress\/plugins\/seo\/ -->\n<title>S\u00e5dan bruges SUCCEED til at st\u00f8tte et sundt ford\u00f8jelsessystem | SUCCEED Europa<\/title>\n<meta name=\"description\" content=\"Giv din hest en portion SUCCEED om dagen med dens s\u00e6dvanlige foder. F\u00e5s i brugervenlig oral pasta eller som granulater til at str\u00f8 over foderet.\" \/>\n<meta name=\"robots\" content=\"index, follow, max-snippet:-1, max-image-preview:large, max-video-preview:-1\" \/>\n<link rel=\"canonical\" href=\"https:\/\/www.succeed-equine.co.uk\/da\/om-succeed-digestive-conditioning-programmet\/saadan-bruges-succeed\/\" \/>\n<meta property=\"og:locale\" content=\"da_DK\" \/>\n<meta property=\"og:type\" content=\"article\" \/>\n<meta property=\"og:title\" content=\"S\u00e5dan bruges SUCCEED til at st\u00f8tte et sundt ford\u00f8jelsessystem | SUCCEED Europa\" \/>\n<meta property=\"og:description\" content=\"Giv din hest en portion SUCCEED om dagen med dens s\u00e6dvanlige foder. F\u00e5s i brugervenlig oral pasta eller som granulater til at str\u00f8 over foderet.\" \/>\n<meta property=\"og:url\" content=\"https:\/\/www.succeed-equine.co.uk\/da\/om-succeed-digestive-conditioning-programmet\/saadan-bruges-succeed\/\" \/>\n<meta property=\"og:site_name\" content=\"SUCCEED Europe\" \/>\n<meta property=\"article:modified_time\" content=\"2018-02-23T20:55:58+00:00\" \/>\n<meta property=\"og:image\" content=\"https:\/\/www.succeed-equine.co.uk\/wp-content\/blogs.dir\/3\/files\/2010\/09\/using-succeed.jpg\" \/>\n<meta name=\"twitter:card\" content=\"summary_large_image\" \/>\n<meta name=\"twitter:label1\" content=\"Estimeret l\u00e6setid\" \/>\n\t<meta name=\"twitter:data1\" content=\"1 minut\" \/>\n<script type=\"application\/ld+json\" class=\"yoast-schema-graph\">{\"@context\":\"https:\/\/schema.org\",\"@graph\":[{\"@type\":\"WebPage\",\"@id\":\"https:\/\/www.succeed-equine.co.uk\/da\/om-succeed-digestive-conditioning-programmet\/saadan-bruges-succeed\/\",\"url\":\"https:\/\/www.succeed-equine.co.uk\/da\/om-succeed-digestive-conditioning-programmet\/saadan-bruges-succeed\/\",\"name\":\"S\u00e5dan bruges SUCCEED til at st\u00f8tte et sundt ford\u00f8jelsessystem | SUCCEED Europa\",\"isPartOf\":{\"@id\":\"https:\/\/www.succeed-equine.co.uk\/#website\"},\"primaryImageOfPage\":{\"@id\":\"https:\/\/www.succeed-equine.co.uk\/da\/om-succeed-digestive-conditioning-programmet\/saadan-bruges-succeed\/#primaryimage\"},\"image\":{\"@id\":\"https:\/\/www.succeed-equine.co.uk\/da\/om-succeed-digestive-conditioning-programmet\/saadan-bruges-succeed\/#primaryimage\"},\"thumbnailUrl\":\"https:\/\/www.succeed-equine.co.uk\/wp-content\/blogs.dir\/3\/files\/2010\/09\/using-succeed.jpg\",\"datePublished\":\"2017-11-20T00:14:34+00:00\",\"dateModified\":\"2018-02-23T20:55:58+00:00\",\"description\":\"Giv din hest en portion SUCCEED om dagen med dens s\u00e6dvanlige foder. F\u00e5s i brugervenlig oral pasta eller som granulater til at str\u00f8 over foderet.\",\"breadcrumb\":{\"@id\":\"https:\/\/www.succeed-equine.co.uk\/da\/om-succeed-digestive-conditioning-programmet\/saadan-bruges-succeed\/#breadcrumb\"},\"inLanguage\":\"da-DK\",\"potentialAction\":[{\"@type\":\"ReadAction\",\"target\":[\"https:\/\/www.succeed-equine.co.uk\/da\/om-succeed-digestive-conditioning-programmet\/saadan-bruges-succeed\/\"]}]},{\"@type\":\"ImageObject\",\"inLanguage\":\"da-DK\",\"@id\":\"https:\/\/www.succeed-equine.co.uk\/da\/om-succeed-digestive-conditioning-programmet\/saadan-bruges-succeed\/#primaryimage\",\"url\":\"https:\/\/www.succeed-equine.co.uk\/wp-content\/blogs.dir\/3\/files\/2010\/09\/using-succeed.jpg\",\"contentUrl\":\"https:\/\/www.succeed-equine.co.uk\/wp-content\/blogs.dir\/3\/files\/2010\/09\/using-succeed.jpg\"},{\"@type\":\"BreadcrumbList\",\"@id\":\"https:\/\/www.succeed-equine.co.uk\/da\/om-succeed-digestive-conditioning-programmet\/saadan-bruges-succeed\/#breadcrumb\",\"itemListElement\":[{\"@type\":\"ListItem\",\"position\":1,\"name\":\"Home\",\"item\":\"https:\/\/www.succeed-equine.co.uk\/da\/\"},{\"@type\":\"ListItem\",\"position\":2,\"name\":\"Om SUCCEED\u00ae Digestive Conditioning-programmet\",\"item\":\"https:\/\/www.succeed-equine.co.uk\/da\/om-succeed-digestive-conditioning-programmet\/\"},{\"@type\":\"ListItem\",\"position\":3,\"name\":\"S\u00e5dan bruges SUCCEED\u00ae\"}]},{\"@type\":\"WebSite\",\"@id\":\"https:\/\/www.succeed-equine.co.uk\/#website\",\"url\":\"https:\/\/www.succeed-equine.co.uk\/\",\"name\":\"SUCCEED Europe\",\"description\":\"My horse at its best.\",\"potentialAction\":[{\"@type\":\"SearchAction\",\"target\":{\"@type\":\"EntryPoint\",\"urlTemplate\":\"https:\/\/www.succeed-equine.co.uk\/?s={search_term_string}\"},\"query-input\":{\"@type\":\"PropertyValueSpecification\",\"valueRequired\":true,\"valueName\":\"search_term_string\"}}],\"inLanguage\":\"da-DK\"}]}<\/script>\n<!-- \/ Yoast SEO plugin. -->","yoast_head_json":{"title":"S\u00e5dan bruges SUCCEED til at st\u00f8tte et sundt ford\u00f8jelsessystem | SUCCEED Europa","description":"Giv din hest en portion SUCCEED om dagen med dens s\u00e6dvanlige foder. F\u00e5s i brugervenlig oral pasta eller som granulater til at str\u00f8 over foderet.","robots":{"index":"index","follow":"follow","max-snippet":"max-snippet:-1","max-image-preview":"max-image-preview:large","max-video-preview":"max-video-preview:-1"},"canonical":"https:\/\/www.succeed-equine.co.uk\/da\/om-succeed-digestive-conditioning-programmet\/saadan-bruges-succeed\/","og_locale":"da_DK","og_type":"article","og_title":"S\u00e5dan bruges SUCCEED til at st\u00f8tte et sundt ford\u00f8jelsessystem | SUCCEED Europa","og_description":"Giv din hest en portion SUCCEED om dagen med dens s\u00e6dvanlige foder. F\u00e5s i brugervenlig oral pasta eller som granulater til at str\u00f8 over foderet.","og_url":"https:\/\/www.succeed-equine.co.uk\/da\/om-succeed-digestive-conditioning-programmet\/saadan-bruges-succeed\/","og_site_name":"SUCCEED Europe","article_modified_time":"2018-02-23T20:55:58+00:00","og_image":[{"url":"https:\/\/www.succeed-equine.co.uk\/wp-content\/blogs.dir\/3\/files\/2010\/09\/using-succeed.jpg","type":"","width":"","height":""}],"twitter_card":"summary_large_image","twitter_misc":{"Estimeret l\u00e6setid":"1 minut"},"schema":{"@context":"https:\/\/schema.org","@graph":[{"@type":"WebPage","@id":"https:\/\/www.succeed-equine.co.uk\/da\/om-succeed-digestive-conditioning-programmet\/saadan-bruges-succeed\/","url":"https:\/\/www.succeed-equine.co.uk\/da\/om-succeed-digestive-conditioning-programmet\/saadan-bruges-succeed\/","name":"S\u00e5dan bruges SUCCEED til at st\u00f8tte et sundt ford\u00f8jelsessystem | SUCCEED Europa","isPartOf":{"@id":"https:\/\/www.succeed-equine.co.uk\/#website"},"primaryImageOfPage":{"@id":"https:\/\/www.succeed-equine.co.uk\/da\/om-succeed-digestive-conditioning-programmet\/saadan-bruges-succeed\/#primaryimage"},"image":{"@id":"https:\/\/www.succeed-equine.co.uk\/da\/om-succeed-digestive-conditioning-programmet\/saadan-bruges-succeed\/#primaryimage"},"thumbnailUrl":"https:\/\/www.succeed-equine.co.uk\/wp-content\/blogs.dir\/3\/files\/2010\/09\/using-succeed.jpg","datePublished":"2017-11-20T00:14:34+00:00","dateModified":"2018-02-23T20:55:58+00:00","description":"Giv din hest en portion SUCCEED om dagen med dens s\u00e6dvanlige foder. F\u00e5s i brugervenlig oral pasta eller som granulater til at str\u00f8 over foderet.","breadcrumb":{"@id":"https:\/\/www.succeed-equine.co.uk\/da\/om-succeed-digestive-conditioning-programmet\/saadan-bruges-succeed\/#breadcrumb"},"inLanguage":"da-DK","potentialAction":[{"@type":"ReadAction","target":["https:\/\/www.succeed-equine.co.uk\/da\/om-succeed-digestive-conditioning-programmet\/saadan-bruges-succeed\/"]}]},{"@type":"ImageObject","inLanguage":"da-DK","@id":"https:\/\/www.succeed-equine.co.uk\/da\/om-succeed-digestive-conditioning-programmet\/saadan-bruges-succeed\/#primaryimage","url":"https:\/\/www.succeed-equine.co.uk\/wp-content\/blogs.dir\/3\/files\/2010\/09\/using-succeed.jpg","contentUrl":"https:\/\/www.succeed-equine.co.uk\/wp-content\/blogs.dir\/3\/files\/2010\/09\/using-succeed.jpg"},{"@type":"BreadcrumbList","@id":"https:\/\/www.succeed-equine.co.uk\/da\/om-succeed-digestive-conditioning-programmet\/saadan-bruges-succeed\/#breadcrumb","itemListElement":[{"@type":"ListItem","position":1,"name":"Home","item":"https:\/\/www.succeed-equine.co.uk\/da\/"},{"@type":"ListItem","position":2,"name":"Om SUCCEED\u00ae Digestive Conditioning-programmet","item":"https:\/\/www.succeed-equine.co.uk\/da\/om-succeed-digestive-conditioning-programmet\/"},{"@type":"ListItem","position":3,"name":"S\u00e5dan bruges SUCCEED\u00ae"}]},{"@type":"WebSite","@id":"https:\/\/www.succeed-equine.co.uk\/#website","url":"https:\/\/www.succeed-equine.co.uk\/","name":"SUCCEED Europe","description":"My horse at its best.","potentialAction":[{"@type":"SearchAction","target":{"@type":"EntryPoint","urlTemplate":"https:\/\/www.succeed-equine.co.uk\/?s={search_term_string}"},"query-input":{"@type":"PropertyValueSpecification","valueRequired":true,"valueName":"search_term_string"}}],"inLanguage":"da-DK"}]}},"_links":{"self":[{"href":"https:\/\/www.succeed-equine.co.uk\/da\/wp-json\/wp\/v2\/pages\/8163","targetHints":{"allow":["GET"]}}],"collection":[{"href":"https:\/\/www.succeed-equine.co.uk\/da\/wp-json\/wp\/v2\/pages"}],"about":[{"href":"https:\/\/www.succeed-equine.co.uk\/da\/wp-json\/wp\/v2\/types\/page"}],"author":[{"embeddable":true,"href":"https:\/\/www.succeed-equine.co.uk\/da\/wp-json\/wp\/v2\/users\/14"}],"replies":[{"embeddable":true,"href":"https:\/\/www.succeed-equine.co.uk\/da\/wp-json\/wp\/v2\/comments?post=8163"}],"version-history":[{"count":0,"href":"https:\/\/www.succeed-equine.co.uk\/da\/wp-json\/wp\/v2\/pages\/8163\/revisions"}],"up":[{"embeddable":true,"href":"https:\/\/www.succeed-equine.co.uk\/da\/wp-json\/wp\/v2\/pages\/8105"}],"wp:attachment":[{"href":"https:\/\/www.succeed-equine.co.uk\/da\/wp-json\/wp\/v2\/media?parent=8163"}],"curies":[{"name":"wp","href":"https:\/\/api.w.org\/{rel}","templated":true}]}}