{"id":8175,"date":"2017-11-20T00:45:03","date_gmt":"2017-11-20T00:45:03","guid":{"rendered":"https:\/\/www.succeed-equine.co.uk\/?page_id=8175"},"modified":"2018-02-23T21:04:25","modified_gmt":"2018-02-23T21:04:25","slug":"heste-som-behoever-succeed","status":"publish","type":"page","link":"https:\/\/www.succeed-equine.co.uk\/da\/om-succeed-digestive-conditioning-programmet\/saadan-bruges-succeed\/heste-som-behoever-succeed\/","title":{"rendered":"Heste som beh\u00f8ver SUCCEED\u00ae"},"content":{"rendered":"<p>Hvis dine heste kunne g\u00e5 p\u00e5 fold med kvalitetsgr\u00e6s hele d\u00f8gnet, og du undertiden kunne skifte mark, ville der v\u00e6re f\u00e5 krav til deres ford\u00f8jelsessystemer. Dine heste ville h\u00f8jst sandsynlig f\u00e5 alt den n\u00e6ring og pleje, de har brug for. Men i en verden med konkurrencer og begr\u00e6nset \u00e5bent land til r\u00e5dighed, er det ikke praktisk. Hvis nogen af de f\u00f8lgende livsstile g\u00e6lder for dine heste, kan de h\u00f8jst sandsynlig nyde fordel af de <a href=\"https:\/\/www.succeed-equine.co.uk\/da\/om-succeed-digestive-conditioning-programmet\/ingredienser-succeed-digestive-conditioning-programmet\/\">specialiserede n\u00e6ringsstoffer<\/a>\u00a0i <a href=\"https:\/\/www.succeed-equine.co.uk\/da\/om-succeed-digestive-conditioning-programmet\/\">SUCCEED<\/a>:<br \/>\n<div class=\"su-row\"><div class=\"su-column su-column-size-1-3\"><div class=\"su-column-inner su-u-clearfix su-u-trim\">\n<ul>\n<li style=\"letter-spacing: -.6px;\">Staldophold mere end 6 timer dagligt<\/li>\n<li>Regelm\u00e6ssig tr\u00e6ning, s\u00e6rligt h\u00e5rd tr\u00e6ning<\/li>\n<li>Transport til begivenheder eller konkurrencer en gang eller mere om m\u00e5neden<\/li>\n<\/ul>\n<\/div><\/div>\n<div class=\"su-column su-column-size-1-3\"><div class=\"su-column-inner su-u-clearfix su-u-trim\">\n<ul>\n<li>Hvis den fodres to eller tre gange om dagen<\/li>\n<li>Hvis den bruges som avlshingst eller f\u00f8lhoppe<\/li>\n<li>Hvis den er p\u00e5 gr\u00e6sfold mindre end 18 timer dagligt<\/li>\n<\/ul>\n<\/div><\/div>\n<div class=\"su-column su-column-size-1-3\"><div class=\"su-column-inner su-u-clearfix su-u-trim\">\n<ul>\n<li>Fodres med kraftfoder, som f.eks. behandlet korn, piller eller s\u00f8det foder<\/li>\n<li>Et f\u00f8l som st\u00e5r over for udfordringerne forbundet med udvikling, frav\u00e6nning fra die eller forberedelse p\u00e5 salg<\/li>\n<\/ul>\n<\/div><\/div>\n<\/div>\n<img decoding=\"async\" src=\"https:\/\/www.succeed-equine.co.uk\/wp-content\/blogs.dir\/3\/files\/2010\/09\/healthy-function-of-the-equine-digestive-tract.jpg\" alt=\"healthy-function-of-the-equine-digestive-tract\" class=\"size-full aligncenter\" \/><br \/>\nAlt dette, der er en del af de fleste hestes livsstil, og ofte er n\u00f8dvendigt for konkurrenceheste, modarbejder den naturlige, sunde funktion af hestens mave-tarmkanal.<\/p>\n<p><a href=\"https:\/\/www.succeed-equine.co.uk\/da\/om-succeed-digestive-conditioning-programmet\/\">SUCCEED<\/a> er dit hemmelige v\u00e5ben mod ford\u00f8jelsesforstyrrelser. Dens unikke kombination af n\u00e6rende ingredienser fremmer en sund ford\u00f8jelsesproces, inklusive maven og bagtarmen, p\u00e5 trods af en livsstil, som kan v\u00e6re en hindring.<\/p>\n<h3>Tal med din dyrl\u00e6ge om at pr\u00f8ve SUCCEED i dag.<\/h3>\n","protected":false},"excerpt":{"rendered":"<p>Hvis dine heste kunne g\u00e5 p\u00e5 fold med kvalitetsgr\u00e6s hele d\u00f8gnet, og du undertiden kunne skifte mark, ville der v\u00e6re f\u00e5 krav til deres ford\u00f8jelsessystemer. Dine heste ville h\u00f8jst sandsynlig f\u00e5 alt den n\u00e6ring og [&hellip;]<\/p>\n","protected":false},"author":14,"featured_media":0,"parent":8163,"menu_order":0,"comment_status":"closed","ping_status":"closed","template":"","meta":{"_acf_changed":false,"footnotes":""},"class_list":["post-8175","page","type-page","status-publish","hentry"],"acf":[],"yoast_head":"<!-- This site is optimized with the Yoast SEO plugin v26.6 - https:\/\/yoast.com\/wordpress\/plugins\/seo\/ -->\n<title>Heste som beh\u00f8ver SUCCEED for en sund ford\u00f8jelse | SUCCEED Europa<\/title>\n<meta name=\"description\" content=\"En kost med et h\u00f8jt indhold af korn, h\u00e5rd tr\u00e6ning, fodring to gange om dagen, opstaldning samt transport og konkurrencer er alt sammen udfordringer for hestens f\u00f8lsomme mave-tarmkanal.\" \/>\n<meta name=\"robots\" content=\"index, follow, max-snippet:-1, max-image-preview:large, max-video-preview:-1\" \/>\n<link rel=\"canonical\" href=\"https:\/\/www.succeed-equine.co.uk\/da\/om-succeed-digestive-conditioning-programmet\/saadan-bruges-succeed\/heste-som-behoever-succeed\/\" \/>\n<meta property=\"og:locale\" content=\"da_DK\" \/>\n<meta property=\"og:type\" content=\"article\" \/>\n<meta property=\"og:title\" content=\"Heste som beh\u00f8ver SUCCEED for en sund ford\u00f8jelse | SUCCEED Europa\" \/>\n<meta property=\"og:description\" content=\"En kost med et h\u00f8jt indhold af korn, h\u00e5rd tr\u00e6ning, fodring to gange om dagen, opstaldning samt transport og konkurrencer er alt sammen udfordringer for hestens f\u00f8lsomme mave-tarmkanal.\" \/>\n<meta property=\"og:url\" content=\"https:\/\/www.succeed-equine.co.uk\/da\/om-succeed-digestive-conditioning-programmet\/saadan-bruges-succeed\/heste-som-behoever-succeed\/\" \/>\n<meta property=\"og:site_name\" content=\"SUCCEED Europe\" \/>\n<meta property=\"article:modified_time\" content=\"2018-02-23T21:04:25+00:00\" \/>\n<meta property=\"og:image\" content=\"https:\/\/www.succeed-equine.co.uk\/wp-content\/blogs.dir\/3\/files\/2010\/09\/healthy-function-of-the-equine-digestive-tract.jpg\" \/>\n<meta name=\"twitter:card\" content=\"summary_large_image\" \/>\n<meta name=\"twitter:label1\" content=\"Estimeret l\u00e6setid\" \/>\n\t<meta name=\"twitter:data1\" content=\"1 minut\" \/>\n<script type=\"application\/ld+json\" class=\"yoast-schema-graph\">{\"@context\":\"https:\/\/schema.org\",\"@graph\":[{\"@type\":\"WebPage\",\"@id\":\"https:\/\/www.succeed-equine.co.uk\/da\/om-succeed-digestive-conditioning-programmet\/saadan-bruges-succeed\/heste-som-behoever-succeed\/\",\"url\":\"https:\/\/www.succeed-equine.co.uk\/da\/om-succeed-digestive-conditioning-programmet\/saadan-bruges-succeed\/heste-som-behoever-succeed\/\",\"name\":\"Heste som beh\u00f8ver SUCCEED for en sund ford\u00f8jelse | SUCCEED Europa\",\"isPartOf\":{\"@id\":\"https:\/\/www.succeed-equine.co.uk\/#website\"},\"primaryImageOfPage\":{\"@id\":\"https:\/\/www.succeed-equine.co.uk\/da\/om-succeed-digestive-conditioning-programmet\/saadan-bruges-succeed\/heste-som-behoever-succeed\/#primaryimage\"},\"image\":{\"@id\":\"https:\/\/www.succeed-equine.co.uk\/da\/om-succeed-digestive-conditioning-programmet\/saadan-bruges-succeed\/heste-som-behoever-succeed\/#primaryimage\"},\"thumbnailUrl\":\"https:\/\/www.succeed-equine.co.uk\/wp-content\/blogs.dir\/3\/files\/2010\/09\/healthy-function-of-the-equine-digestive-tract.jpg\",\"datePublished\":\"2017-11-20T00:45:03+00:00\",\"dateModified\":\"2018-02-23T21:04:25+00:00\",\"description\":\"En kost med et h\u00f8jt indhold af korn, h\u00e5rd tr\u00e6ning, fodring to gange om dagen, opstaldning samt transport og konkurrencer er alt sammen udfordringer for hestens f\u00f8lsomme mave-tarmkanal.\",\"breadcrumb\":{\"@id\":\"https:\/\/www.succeed-equine.co.uk\/da\/om-succeed-digestive-conditioning-programmet\/saadan-bruges-succeed\/heste-som-behoever-succeed\/#breadcrumb\"},\"inLanguage\":\"da-DK\",\"potentialAction\":[{\"@type\":\"ReadAction\",\"target\":[\"https:\/\/www.succeed-equine.co.uk\/da\/om-succeed-digestive-conditioning-programmet\/saadan-bruges-succeed\/heste-som-behoever-succeed\/\"]}]},{\"@type\":\"ImageObject\",\"inLanguage\":\"da-DK\",\"@id\":\"https:\/\/www.succeed-equine.co.uk\/da\/om-succeed-digestive-conditioning-programmet\/saadan-bruges-succeed\/heste-som-behoever-succeed\/#primaryimage\",\"url\":\"https:\/\/www.succeed-equine.co.uk\/wp-content\/blogs.dir\/3\/files\/2010\/09\/healthy-function-of-the-equine-digestive-tract.jpg\",\"contentUrl\":\"https:\/\/www.succeed-equine.co.uk\/wp-content\/blogs.dir\/3\/files\/2010\/09\/healthy-function-of-the-equine-digestive-tract.jpg\"},{\"@type\":\"BreadcrumbList\",\"@id\":\"https:\/\/www.succeed-equine.co.uk\/da\/om-succeed-digestive-conditioning-programmet\/saadan-bruges-succeed\/heste-som-behoever-succeed\/#breadcrumb\",\"itemListElement\":[{\"@type\":\"ListItem\",\"position\":1,\"name\":\"Home\",\"item\":\"https:\/\/www.succeed-equine.co.uk\/da\/\"},{\"@type\":\"ListItem\",\"position\":2,\"name\":\"Om SUCCEED\u00ae Digestive Conditioning-programmet\",\"item\":\"https:\/\/www.succeed-equine.co.uk\/da\/om-succeed-digestive-conditioning-programmet\/\"},{\"@type\":\"ListItem\",\"position\":3,\"name\":\"S\u00e5dan bruges SUCCEED\u00ae\",\"item\":\"https:\/\/www.succeed-equine.co.uk\/da\/om-succeed-digestive-conditioning-programmet\/saadan-bruges-succeed\/\"},{\"@type\":\"ListItem\",\"position\":4,\"name\":\"Heste som beh\u00f8ver SUCCEED\u00ae\"}]},{\"@type\":\"WebSite\",\"@id\":\"https:\/\/www.succeed-equine.co.uk\/#website\",\"url\":\"https:\/\/www.succeed-equine.co.uk\/\",\"name\":\"SUCCEED Europe\",\"description\":\"My horse at its best.\",\"potentialAction\":[{\"@type\":\"SearchAction\",\"target\":{\"@type\":\"EntryPoint\",\"urlTemplate\":\"https:\/\/www.succeed-equine.co.uk\/?s={search_term_string}\"},\"query-input\":{\"@type\":\"PropertyValueSpecification\",\"valueRequired\":true,\"valueName\":\"search_term_string\"}}],\"inLanguage\":\"da-DK\"}]}<\/script>\n<!-- \/ Yoast SEO plugin. -->","yoast_head_json":{"title":"Heste som beh\u00f8ver SUCCEED for en sund ford\u00f8jelse | SUCCEED Europa","description":"En kost med et h\u00f8jt indhold af korn, h\u00e5rd tr\u00e6ning, fodring to gange om dagen, opstaldning samt transport og konkurrencer er alt sammen udfordringer for hestens f\u00f8lsomme mave-tarmkanal.","robots":{"index":"index","follow":"follow","max-snippet":"max-snippet:-1","max-image-preview":"max-image-preview:large","max-video-preview":"max-video-preview:-1"},"canonical":"https:\/\/www.succeed-equine.co.uk\/da\/om-succeed-digestive-conditioning-programmet\/saadan-bruges-succeed\/heste-som-behoever-succeed\/","og_locale":"da_DK","og_type":"article","og_title":"Heste som beh\u00f8ver SUCCEED for en sund ford\u00f8jelse | SUCCEED Europa","og_description":"En kost med et h\u00f8jt indhold af korn, h\u00e5rd tr\u00e6ning, fodring to gange om dagen, opstaldning samt transport og konkurrencer er alt sammen udfordringer for hestens f\u00f8lsomme mave-tarmkanal.","og_url":"https:\/\/www.succeed-equine.co.uk\/da\/om-succeed-digestive-conditioning-programmet\/saadan-bruges-succeed\/heste-som-behoever-succeed\/","og_site_name":"SUCCEED Europe","article_modified_time":"2018-02-23T21:04:25+00:00","og_image":[{"url":"https:\/\/www.succeed-equine.co.uk\/wp-content\/blogs.dir\/3\/files\/2010\/09\/healthy-function-of-the-equine-digestive-tract.jpg","type":"","width":"","height":""}],"twitter_card":"summary_large_image","twitter_misc":{"Estimeret l\u00e6setid":"1 minut"},"schema":{"@context":"https:\/\/schema.org","@graph":[{"@type":"WebPage","@id":"https:\/\/www.succeed-equine.co.uk\/da\/om-succeed-digestive-conditioning-programmet\/saadan-bruges-succeed\/heste-som-behoever-succeed\/","url":"https:\/\/www.succeed-equine.co.uk\/da\/om-succeed-digestive-conditioning-programmet\/saadan-bruges-succeed\/heste-som-behoever-succeed\/","name":"Heste som beh\u00f8ver SUCCEED for en sund ford\u00f8jelse | SUCCEED Europa","isPartOf":{"@id":"https:\/\/www.succeed-equine.co.uk\/#website"},"primaryImageOfPage":{"@id":"https:\/\/www.succeed-equine.co.uk\/da\/om-succeed-digestive-conditioning-programmet\/saadan-bruges-succeed\/heste-som-behoever-succeed\/#primaryimage"},"image":{"@id":"https:\/\/www.succeed-equine.co.uk\/da\/om-succeed-digestive-conditioning-programmet\/saadan-bruges-succeed\/heste-som-behoever-succeed\/#primaryimage"},"thumbnailUrl":"https:\/\/www.succeed-equine.co.uk\/wp-content\/blogs.dir\/3\/files\/2010\/09\/healthy-function-of-the-equine-digestive-tract.jpg","datePublished":"2017-11-20T00:45:03+00:00","dateModified":"2018-02-23T21:04:25+00:00","description":"En kost med et h\u00f8jt indhold af korn, h\u00e5rd tr\u00e6ning, fodring to gange om dagen, opstaldning samt transport og konkurrencer er alt sammen udfordringer for hestens f\u00f8lsomme mave-tarmkanal.","breadcrumb":{"@id":"https:\/\/www.succeed-equine.co.uk\/da\/om-succeed-digestive-conditioning-programmet\/saadan-bruges-succeed\/heste-som-behoever-succeed\/#breadcrumb"},"inLanguage":"da-DK","potentialAction":[{"@type":"ReadAction","target":["https:\/\/www.succeed-equine.co.uk\/da\/om-succeed-digestive-conditioning-programmet\/saadan-bruges-succeed\/heste-som-behoever-succeed\/"]}]},{"@type":"ImageObject","inLanguage":"da-DK","@id":"https:\/\/www.succeed-equine.co.uk\/da\/om-succeed-digestive-conditioning-programmet\/saadan-bruges-succeed\/heste-som-behoever-succeed\/#primaryimage","url":"https:\/\/www.succeed-equine.co.uk\/wp-content\/blogs.dir\/3\/files\/2010\/09\/healthy-function-of-the-equine-digestive-tract.jpg","contentUrl":"https:\/\/www.succeed-equine.co.uk\/wp-content\/blogs.dir\/3\/files\/2010\/09\/healthy-function-of-the-equine-digestive-tract.jpg"},{"@type":"BreadcrumbList","@id":"https:\/\/www.succeed-equine.co.uk\/da\/om-succeed-digestive-conditioning-programmet\/saadan-bruges-succeed\/heste-som-behoever-succeed\/#breadcrumb","itemListElement":[{"@type":"ListItem","position":1,"name":"Home","item":"https:\/\/www.succeed-equine.co.uk\/da\/"},{"@type":"ListItem","position":2,"name":"Om SUCCEED\u00ae Digestive Conditioning-programmet","item":"https:\/\/www.succeed-equine.co.uk\/da\/om-succeed-digestive-conditioning-programmet\/"},{"@type":"ListItem","position":3,"name":"S\u00e5dan bruges SUCCEED\u00ae","item":"https:\/\/www.succeed-equine.co.uk\/da\/om-succeed-digestive-conditioning-programmet\/saadan-bruges-succeed\/"},{"@type":"ListItem","position":4,"name":"Heste som beh\u00f8ver SUCCEED\u00ae"}]},{"@type":"WebSite","@id":"https:\/\/www.succeed-equine.co.uk\/#website","url":"https:\/\/www.succeed-equine.co.uk\/","name":"SUCCEED Europe","description":"My horse at its best.","potentialAction":[{"@type":"SearchAction","target":{"@type":"EntryPoint","urlTemplate":"https:\/\/www.succeed-equine.co.uk\/?s={search_term_string}"},"query-input":{"@type":"PropertyValueSpecification","valueRequired":true,"valueName":"search_term_string"}}],"inLanguage":"da-DK"}]}},"_links":{"self":[{"href":"https:\/\/www.succeed-equine.co.uk\/da\/wp-json\/wp\/v2\/pages\/8175","targetHints":{"allow":["GET"]}}],"collection":[{"href":"https:\/\/www.succeed-equine.co.uk\/da\/wp-json\/wp\/v2\/pages"}],"about":[{"href":"https:\/\/www.succeed-equine.co.uk\/da\/wp-json\/wp\/v2\/types\/page"}],"author":[{"embeddable":true,"href":"https:\/\/www.succeed-equine.co.uk\/da\/wp-json\/wp\/v2\/users\/14"}],"replies":[{"embeddable":true,"href":"https:\/\/www.succeed-equine.co.uk\/da\/wp-json\/wp\/v2\/comments?post=8175"}],"version-history":[{"count":0,"href":"https:\/\/www.succeed-equine.co.uk\/da\/wp-json\/wp\/v2\/pages\/8175\/revisions"}],"up":[{"embeddable":true,"href":"https:\/\/www.succeed-equine.co.uk\/da\/wp-json\/wp\/v2\/pages\/8163"}],"wp:attachment":[{"href":"https:\/\/www.succeed-equine.co.uk\/da\/wp-json\/wp\/v2\/media?parent=8175"}],"curies":[{"name":"wp","href":"https:\/\/api.w.org\/{rel}","templated":true}]}}