{"id":8190,"date":"2017-11-23T16:59:11","date_gmt":"2017-11-23T16:59:11","guid":{"rendered":"https:\/\/www.succeed-equine.co.uk\/?page_id=8190"},"modified":"2018-02-23T21:10:38","modified_gmt":"2018-02-23T21:10:38","slug":"instructions-for-use","status":"publish","type":"page","link":"https:\/\/www.succeed-equine.co.uk\/da\/om-succeed-digestive-conditioning-programmet\/saadan-bruges-succeed\/instructions-for-use\/","title":{"rendered":"Brugsanvisning"},"content":{"rendered":"<p>Det er vigtigt, at holde din hests ford\u00f8jelsessystem i optimal stand. Det er let med <a href=\"https:\/\/www.succeed-equine.co.uk\/da\/om-succeed-digestive-conditioning-programmet\/\">SUCCEED<\/a>.\u00a0Det eneste du skal g\u00f8re er at tilf\u00f8je bare en portion SUCCEED om dagen hver dag til hestens almindelige foder. Det er det hele. Ingen s\u00e6rlig blanding. Ingen komplicerede foderplaner.<\/p>\n<p>Fodertips for at opn\u00e5 de bedste resultater:<\/p>\n<div class=\"su-row\">\n<div class=\"su-column su-column-size-1-3\"><div class=\"su-column-inner su-u-clearfix su-u-trim\">\n<ul>\n<li>Giv SUCCEED to gange om dagen i den f\u00f8rste uge til 10 dage for at tilv\u00e6nne ford\u00f8jelsessystemet.<\/li>\n<\/ul>\n<\/div><\/div>\n<div class=\"su-column su-column-size-1-3\"><div class=\"su-column-inner su-u-clearfix su-u-trim\">\n<ul>\n<li>Giv altid SUCCEED med den samme fodring hver dag (f.eks. med aften- eller morgenfodring).<\/li>\n<\/ul>\n<\/div><\/div>\n<div class=\"su-column su-column-size-1-3\"><div class=\"su-column-inner su-u-clearfix su-u-trim\">\n<ul>\n<li>Hvis du str\u00f8r SUCCEED over foderet, m\u00e5 du ikke lade SUCCEED v\u00e6re udsat for luft i mere end 30 minutter, da det kan reducere appellen for hesten.<\/li>\n<\/ul>\n<\/div><\/div>\n<\/div>\n<div class=\"su-spacer\" style=\"height:20px\"><\/div>\n<div class=\"su-row\">\n<div class=\"su-column su-column-size-1-3\"><div class=\"su-column-inner su-u-clearfix su-u-trim\">\n<img decoding=\"async\" src=\"\/wp-content\/blogs.dir\/3\/files\/2016\/03\/oral-paste.png\" alt=\"oral-paste\" class=\"alignnone size-full\" \/><br \/>\n<\/div><\/div>\n<div class=\"su-column su-column-size-2-3\"><div class=\"su-column-inner su-u-clearfix su-u-trim\">\n<h2>Oral pasta<\/h2>\n<p>Spr\u00f8jt blot indholdet af en oral spr\u00f8jte ind i hestens mund en gang om dagen, umiddelbart inden du fodrer. Som alternativ kan du klemme indholdet af spr\u00f8jten direkte ud over hestens foder. (portionsst\u00f8rrelse 27 gram).<br \/>\n<\/div><\/div>\n<\/div>\n<div class=\"su-row\">\n<div class=\"su-column su-column-size-1-3\"><div class=\"su-column-inner su-u-clearfix su-u-trim\">\n<img decoding=\"async\" src=\"\/wp-content\/blogs.dir\/3\/files\/2016\/03\/top-dress-granules.png\" alt=\"top-dress-granules\" class=\"alignnone size-full\" \/><br \/>\n<\/div><\/div>\n<div class=\"su-column su-column-size-2-3\"><div class=\"su-column-inner su-u-clearfix su-u-trim\">\n<h2>Granulater<\/h2>\n<p>Bare en skefuld af SUCCEED granulater (27 gram) str\u00f8et direkte over foderet en gang om dagen, og det er det hele. Ingen blanding. Ingen iblanding af andre ingredienser.<\/p>\n<p>Du kan forvente at se resultater inden for 30 dage, men vent 90 dage p\u00e5 at se den fulde effekt af SUCCEED.<br \/>\n<\/div><\/div>\n<\/div>\n<h2>Anbefalede portioner efter hestest\u00f8rrelse<\/h2>\n<p>SUCCEED er blevet formuleret til en typisk voksen hest p\u00e5 544 kilo. Da det er et ern\u00e6ringsprogram og ikke et l\u00e6gemiddel, er standardportionen ogs\u00e5 sikker for mindre heste og ponyer. Vi anbefaler:<br \/>\n\n  <div class=\"serving_sizes row\">\n    <div class=\"serving_sections\">\n      <h2>Heste og ponyer<\/h2><span>Under 272 kilo<\/span>\n      <img decoding=\"async\" src=\"https:\/\/www.succeed-equine.co.uk\/wp-content\/themes\/FoundationPress\/images\/fellas_ponies.png\" \/>\n      <div class=\"circle\">\n        <span>\n          <h3>0,5<\/h3>\n          <p>portion<\/p>\n        <\/span>\n      <\/div>\n    <\/div>\n    <div class=\"serving_sections\">\n      <h2>Heste<\/h2><span>Op til 544 kilo<\/span>\n      <img decoding=\"async\" src=\"https:\/\/www.succeed-equine.co.uk\/wp-content\/themes\/FoundationPress\/images\/horse-instructions.jpg\" \/>\n      <div class=\"circle\">\n        <span>\n          <h3>1<\/h3>\n          <p>portion<\/p>\n        <\/span>\n      <\/div>\n    <\/div>\n    <div class=\"serving_sections\">\n      <h2>Store tr\u00e6kheste<\/h2><span> &nbsp;<\/span>\n      <img decoding=\"async\" src=\"https:\/\/www.succeed-equine.co.uk\/wp-content\/themes\/FoundationPress\/images\/large-draft-horse.jpg\" \/>\n      <div class=\"circle\">\n        <span>\n          <h3>1,5 - 2<\/h3>\n          <p>portion<\/p>\n        <\/span>\n      <\/div>\n    <\/div>\n  <\/div>\n  \n<div class=\"su-spacer\" style=\"height:30px\"><\/div>\n<h2>Ofte stillede sp\u00f8rgsm\u00e5l<\/h2>\n<p>For mere detaljeret information om sikkerhed, h\u00e5ndtering og brug af SUCCEED, <a href=\"https:\/\/www.succeed-equine.co.uk\/da\/om-succeed-digestive-conditioning-programmet\/saadan-bruges-succeed\/ofte-stillede-spoergsmaal-om-succeed\/\">se sektionen Ofte stillede sp\u00f8rgsm\u00e5l<\/a>.<\/p>\n","protected":false},"excerpt":{"rendered":"<p>Det er vigtigt, at holde din hests ford\u00f8jelsessystem i optimal stand. Det er let med SUCCEED.\u00a0Det eneste du skal g\u00f8re er at tilf\u00f8je bare en portion SUCCEED om dagen hver dag til hestens almindelige foder. [&hellip;]<\/p>\n","protected":false},"author":14,"featured_media":0,"parent":8163,"menu_order":0,"comment_status":"closed","ping_status":"closed","template":"","meta":{"_acf_changed":false,"footnotes":""},"class_list":["post-8190","page","type-page","status-publish","hentry"],"acf":[],"yoast_head":"<!-- This site is optimized with the Yoast SEO plugin v26.6 - https:\/\/yoast.com\/wordpress\/plugins\/seo\/ -->\n<title>Anvisninger i brug af SUCCEED til heste | SUCCEED Europa<\/title>\n<meta name=\"description\" content=\"Det er vigtigt, at holde din hests ford\u00f8jelsessystem i optimal stand. Det er let med SUCCEED. L\u00e6r hvordan du fodrer med SUCCEED.\" \/>\n<meta name=\"robots\" content=\"index, follow, max-snippet:-1, max-image-preview:large, max-video-preview:-1\" \/>\n<link rel=\"canonical\" href=\"https:\/\/www.succeed-equine.co.uk\/da\/om-succeed-digestive-conditioning-programmet\/saadan-bruges-succeed\/instructions-for-use\/\" \/>\n<meta property=\"og:locale\" content=\"da_DK\" \/>\n<meta property=\"og:type\" content=\"article\" \/>\n<meta property=\"og:title\" content=\"Anvisninger i brug af SUCCEED til heste | SUCCEED Europa\" \/>\n<meta property=\"og:description\" content=\"Det er vigtigt, at holde din hests ford\u00f8jelsessystem i optimal stand. Det er let med SUCCEED. L\u00e6r hvordan du fodrer med SUCCEED.\" \/>\n<meta property=\"og:url\" content=\"https:\/\/www.succeed-equine.co.uk\/da\/om-succeed-digestive-conditioning-programmet\/saadan-bruges-succeed\/instructions-for-use\/\" \/>\n<meta property=\"og:site_name\" content=\"SUCCEED Europe\" \/>\n<meta property=\"article:modified_time\" content=\"2018-02-23T21:10:38+00:00\" \/>\n<meta property=\"og:image\" content=\"https:\/\/www.succeed-equine.co.uk\/wp-content\/blogs.dir\/3\/files\/2016\/03\/oral-paste.png\" \/>\n<meta name=\"twitter:card\" content=\"summary_large_image\" \/>\n<meta name=\"twitter:label1\" content=\"Estimeret l\u00e6setid\" \/>\n\t<meta name=\"twitter:data1\" content=\"2 minutter\" \/>\n<script type=\"application\/ld+json\" class=\"yoast-schema-graph\">{\"@context\":\"https:\/\/schema.org\",\"@graph\":[{\"@type\":\"WebPage\",\"@id\":\"https:\/\/www.succeed-equine.co.uk\/da\/om-succeed-digestive-conditioning-programmet\/saadan-bruges-succeed\/instructions-for-use\/\",\"url\":\"https:\/\/www.succeed-equine.co.uk\/da\/om-succeed-digestive-conditioning-programmet\/saadan-bruges-succeed\/instructions-for-use\/\",\"name\":\"Anvisninger i brug af SUCCEED til heste | SUCCEED Europa\",\"isPartOf\":{\"@id\":\"https:\/\/www.succeed-equine.co.uk\/#website\"},\"datePublished\":\"2017-11-23T16:59:11+00:00\",\"dateModified\":\"2018-02-23T21:10:38+00:00\",\"description\":\"Det er vigtigt, at holde din hests ford\u00f8jelsessystem i optimal stand. Det er let med SUCCEED. L\u00e6r hvordan du fodrer med SUCCEED.\",\"breadcrumb\":{\"@id\":\"https:\/\/www.succeed-equine.co.uk\/da\/om-succeed-digestive-conditioning-programmet\/saadan-bruges-succeed\/instructions-for-use\/#breadcrumb\"},\"inLanguage\":\"da-DK\",\"potentialAction\":[{\"@type\":\"ReadAction\",\"target\":[\"https:\/\/www.succeed-equine.co.uk\/da\/om-succeed-digestive-conditioning-programmet\/saadan-bruges-succeed\/instructions-for-use\/\"]}]},{\"@type\":\"BreadcrumbList\",\"@id\":\"https:\/\/www.succeed-equine.co.uk\/da\/om-succeed-digestive-conditioning-programmet\/saadan-bruges-succeed\/instructions-for-use\/#breadcrumb\",\"itemListElement\":[{\"@type\":\"ListItem\",\"position\":1,\"name\":\"Home\",\"item\":\"https:\/\/www.succeed-equine.co.uk\/da\/\"},{\"@type\":\"ListItem\",\"position\":2,\"name\":\"Om SUCCEED\u00ae Digestive Conditioning-programmet\",\"item\":\"https:\/\/www.succeed-equine.co.uk\/da\/om-succeed-digestive-conditioning-programmet\/\"},{\"@type\":\"ListItem\",\"position\":3,\"name\":\"S\u00e5dan bruges SUCCEED\u00ae\",\"item\":\"https:\/\/www.succeed-equine.co.uk\/da\/om-succeed-digestive-conditioning-programmet\/saadan-bruges-succeed\/\"},{\"@type\":\"ListItem\",\"position\":4,\"name\":\"Brugsanvisning\"}]},{\"@type\":\"WebSite\",\"@id\":\"https:\/\/www.succeed-equine.co.uk\/#website\",\"url\":\"https:\/\/www.succeed-equine.co.uk\/\",\"name\":\"SUCCEED Europe\",\"description\":\"My horse at its best.\",\"potentialAction\":[{\"@type\":\"SearchAction\",\"target\":{\"@type\":\"EntryPoint\",\"urlTemplate\":\"https:\/\/www.succeed-equine.co.uk\/?s={search_term_string}\"},\"query-input\":{\"@type\":\"PropertyValueSpecification\",\"valueRequired\":true,\"valueName\":\"search_term_string\"}}],\"inLanguage\":\"da-DK\"}]}<\/script>\n<!-- \/ Yoast SEO plugin. -->","yoast_head_json":{"title":"Anvisninger i brug af SUCCEED til heste | SUCCEED Europa","description":"Det er vigtigt, at holde din hests ford\u00f8jelsessystem i optimal stand. Det er let med SUCCEED. L\u00e6r hvordan du fodrer med SUCCEED.","robots":{"index":"index","follow":"follow","max-snippet":"max-snippet:-1","max-image-preview":"max-image-preview:large","max-video-preview":"max-video-preview:-1"},"canonical":"https:\/\/www.succeed-equine.co.uk\/da\/om-succeed-digestive-conditioning-programmet\/saadan-bruges-succeed\/instructions-for-use\/","og_locale":"da_DK","og_type":"article","og_title":"Anvisninger i brug af SUCCEED til heste | SUCCEED Europa","og_description":"Det er vigtigt, at holde din hests ford\u00f8jelsessystem i optimal stand. Det er let med SUCCEED. L\u00e6r hvordan du fodrer med SUCCEED.","og_url":"https:\/\/www.succeed-equine.co.uk\/da\/om-succeed-digestive-conditioning-programmet\/saadan-bruges-succeed\/instructions-for-use\/","og_site_name":"SUCCEED Europe","article_modified_time":"2018-02-23T21:10:38+00:00","og_image":[{"url":"https:\/\/www.succeed-equine.co.uk\/wp-content\/blogs.dir\/3\/files\/2016\/03\/oral-paste.png","type":"","width":"","height":""}],"twitter_card":"summary_large_image","twitter_misc":{"Estimeret l\u00e6setid":"2 minutter"},"schema":{"@context":"https:\/\/schema.org","@graph":[{"@type":"WebPage","@id":"https:\/\/www.succeed-equine.co.uk\/da\/om-succeed-digestive-conditioning-programmet\/saadan-bruges-succeed\/instructions-for-use\/","url":"https:\/\/www.succeed-equine.co.uk\/da\/om-succeed-digestive-conditioning-programmet\/saadan-bruges-succeed\/instructions-for-use\/","name":"Anvisninger i brug af SUCCEED til heste | SUCCEED Europa","isPartOf":{"@id":"https:\/\/www.succeed-equine.co.uk\/#website"},"datePublished":"2017-11-23T16:59:11+00:00","dateModified":"2018-02-23T21:10:38+00:00","description":"Det er vigtigt, at holde din hests ford\u00f8jelsessystem i optimal stand. Det er let med SUCCEED. L\u00e6r hvordan du fodrer med SUCCEED.","breadcrumb":{"@id":"https:\/\/www.succeed-equine.co.uk\/da\/om-succeed-digestive-conditioning-programmet\/saadan-bruges-succeed\/instructions-for-use\/#breadcrumb"},"inLanguage":"da-DK","potentialAction":[{"@type":"ReadAction","target":["https:\/\/www.succeed-equine.co.uk\/da\/om-succeed-digestive-conditioning-programmet\/saadan-bruges-succeed\/instructions-for-use\/"]}]},{"@type":"BreadcrumbList","@id":"https:\/\/www.succeed-equine.co.uk\/da\/om-succeed-digestive-conditioning-programmet\/saadan-bruges-succeed\/instructions-for-use\/#breadcrumb","itemListElement":[{"@type":"ListItem","position":1,"name":"Home","item":"https:\/\/www.succeed-equine.co.uk\/da\/"},{"@type":"ListItem","position":2,"name":"Om SUCCEED\u00ae Digestive Conditioning-programmet","item":"https:\/\/www.succeed-equine.co.uk\/da\/om-succeed-digestive-conditioning-programmet\/"},{"@type":"ListItem","position":3,"name":"S\u00e5dan bruges SUCCEED\u00ae","item":"https:\/\/www.succeed-equine.co.uk\/da\/om-succeed-digestive-conditioning-programmet\/saadan-bruges-succeed\/"},{"@type":"ListItem","position":4,"name":"Brugsanvisning"}]},{"@type":"WebSite","@id":"https:\/\/www.succeed-equine.co.uk\/#website","url":"https:\/\/www.succeed-equine.co.uk\/","name":"SUCCEED Europe","description":"My horse at its best.","potentialAction":[{"@type":"SearchAction","target":{"@type":"EntryPoint","urlTemplate":"https:\/\/www.succeed-equine.co.uk\/?s={search_term_string}"},"query-input":{"@type":"PropertyValueSpecification","valueRequired":true,"valueName":"search_term_string"}}],"inLanguage":"da-DK"}]}},"_links":{"self":[{"href":"https:\/\/www.succeed-equine.co.uk\/da\/wp-json\/wp\/v2\/pages\/8190","targetHints":{"allow":["GET"]}}],"collection":[{"href":"https:\/\/www.succeed-equine.co.uk\/da\/wp-json\/wp\/v2\/pages"}],"about":[{"href":"https:\/\/www.succeed-equine.co.uk\/da\/wp-json\/wp\/v2\/types\/page"}],"author":[{"embeddable":true,"href":"https:\/\/www.succeed-equine.co.uk\/da\/wp-json\/wp\/v2\/users\/14"}],"replies":[{"embeddable":true,"href":"https:\/\/www.succeed-equine.co.uk\/da\/wp-json\/wp\/v2\/comments?post=8190"}],"version-history":[{"count":0,"href":"https:\/\/www.succeed-equine.co.uk\/da\/wp-json\/wp\/v2\/pages\/8190\/revisions"}],"up":[{"embeddable":true,"href":"https:\/\/www.succeed-equine.co.uk\/da\/wp-json\/wp\/v2\/pages\/8163"}],"wp:attachment":[{"href":"https:\/\/www.succeed-equine.co.uk\/da\/wp-json\/wp\/v2\/media?parent=8190"}],"curies":[{"name":"wp","href":"https:\/\/api.w.org\/{rel}","templated":true}]}}