{"id":8205,"date":"2017-11-23T17:56:47","date_gmt":"2017-11-23T17:56:47","guid":{"rendered":"https:\/\/www.succeed-equine.co.uk\/?page_id=8205"},"modified":"2018-02-23T21:15:34","modified_gmt":"2018-02-23T21:15:34","slug":"retningslinjer-opbevaring-og-haandtering-af-succeed","status":"publish","type":"page","link":"https:\/\/www.succeed-equine.co.uk\/da\/om-succeed-digestive-conditioning-programmet\/saadan-bruges-succeed\/retningslinjer-opbevaring-og-haandtering-af-succeed\/","title":{"rendered":"Retningslinjer for opbevaring og h\u00e5ndtering af SUCCEED\u00ae"},"content":{"rendered":"<div class=\"su-row\">\n<div class=\"su-column su-column-size-1-3\"><div class=\"su-column-inner su-u-clearfix su-u-trim\">\nSUCCEED er et dagligt fodertilskud, som st\u00f8tter den naturlige sundhed i hestens ford\u00f8jelsessystem. Det f\u00e5s som en oral pasta, orale spr\u00f8jter med daglige portioner, 30 per karton, eller som granulater til at str\u00f8 over foderet, i tre forskellige st\u00f8rrelser spande.<br \/>\n<\/div><\/div>\n<div class=\"su-column su-column-size-1-3\"><div class=\"su-column-inner su-u-clearfix su-u-trim\">\nHos Freedom Health str\u00e6ber vi efter at garantere ensartethed og kvalitet i vores produkter. Derfor kan grundl\u00e6ggende retningslinjer for korrekt h\u00e5ndtering og opbevaring af produktet hj\u00e6lpe til at sikre at f\u00e5 det bedste ud af SUCCEED og dets egenskaber.<br \/>\n<\/div><\/div>\n<div class=\"su-column su-column-size-1-3\"><div class=\"su-column-inner su-u-clearfix su-u-trim\">\n<img decoding=\"async\" src=\"https:\/\/www.succeed-equine.co.uk\/wp-content\/blogs.dir\/3\/files\/2016\/05\/paste-and-granules.jpg\" alt=\"paste-and-granules\" class=\"alignnone size-full\" \/><\/div><\/div><\/div>\n<p>V\u00e6r opm\u00e6rksom p\u00e5 de f\u00f8lgende noter og retningslinjer:<\/p>\n<div class=\"su-row\"><div class=\"su-column su-column-size-1-3\"><div class=\"su-column-inner su-u-clearfix su-u-trim\">\n<div class=\"su-accordion su-u-trim\">\n<div class=\"su-spoiler su-spoiler-style-default su-spoiler-icon-plus su-spoiler-closed\" data-scroll-offset=\"0\" data-anchor-in-url=\"no\"><div class=\"su-spoiler-title\" tabindex=\"0\" role=\"button\"><span class=\"su-spoiler-icon\"><\/span>Opbevaring<\/div><div class=\"su-spoiler-content su-u-clearfix su-u-trim\">SUCCEED skal opbevares et k\u00f8ligt og t\u00f8rt sted uden for direkte sollys. Produktet kan opbevares sikkert i k\u00f8leskab, n\u00e5r det ikke er i brug.<\/div><\/div>\n<div class=\"su-spoiler su-spoiler-style-default su-spoiler-icon-plus su-spoiler-closed\" data-scroll-offset=\"0\" data-anchor-in-url=\"no\"><div class=\"su-spoiler-title\" tabindex=\"0\" role=\"button\"><span class=\"su-spoiler-icon\"><\/span>Konsistens<\/div><div class=\"su-spoiler-content su-u-clearfix su-u-trim\">SUCCEED er fremstillet af ingredienser, der er naturligt forekommende i foder. Derfor kan der ses lidt variation i farve og konsistens. Fremstillere af fodertilskud tilf\u00f8jer ofte fyldstoffer til deres produkter, som kan minimere den naturligt forekommende variation. Freedom Health bruger ikke s\u00e5danne fyldstoffer. Sm\u00e5 variationer i farve eller konsistens p\u00e5virker ikke produktets effektivitet eller anvendelighed. <\/div><\/div>\n<\/div>\n<\/div><\/div>\n<div class=\"su-column su-column-size-1-3\"><div class=\"su-column-inner su-u-clearfix su-u-trim\">\n<div class=\"su-accordion su-u-trim\">\n<div class=\"su-spoiler su-spoiler-style-default su-spoiler-icon-plus su-spoiler-closed\" data-scroll-offset=\"0\" data-anchor-in-url=\"no\"><div class=\"su-spoiler-title\" tabindex=\"0\" role=\"button\"><span class=\"su-spoiler-icon\"><\/span>Fugt og harskhed<\/div><div class=\"su-spoiler-content su-u-clearfix su-u-trim\">SUCCEED indeholder minimal fugt, og der tilf\u00f8jes ikke vand til produktet. Derfor og p\u00e5 grund af naturen af havreolien i SUCCEED er harskhed meget usandsynligt. I regelm\u00e6ssige laboratorietestning for harskhed best\u00e5r SUCCEED 100 % af tiden. Ved uds\u00e6ttelse for h\u00f8je temperaturer, s\u00e6rligt over l\u00e6ngere tid, vil SUCCEED afgive olie. (se produktets etikette for specifikke retningslinjer vedr\u00f8rende opbevaringstemperatur). Dette kan ligne, at produktet er v\u00e5dt. Det er imidlertid ikke fugt og p\u00e5virker ikke produktets pr\u00e6station og anvendelighed.<\/div><\/div>\n<div class=\"su-spoiler su-spoiler-style-default su-spoiler-icon-plus su-spoiler-closed\" data-scroll-offset=\"0\" data-anchor-in-url=\"no\"><div class=\"su-spoiler-title\" tabindex=\"0\" role=\"button\"><span class=\"su-spoiler-icon\"><\/span>Sammenklumpning<\/div><div class=\"su-spoiler-content su-u-clearfix su-u-trim\">SUCCEED er en blanding af t\u00f8rstoffer (havremel, aminosyrer og g\u00e6r) og olie. Udblomstringen eller afgivelsen af olie (separering af olie fra t\u00f8rstofferne) beskrevet ovenfor kan medf\u00f8re dannelse af klumper i granulatproduktet. Det har ingen effekt p\u00e5 produktets pr\u00e6station eller anvendelighed og kan ofte afhj\u00e6lpes ved omrystning eller opbevaring i k\u00f8leskab natten over.<\/div><\/div>\n<\/div>\n<\/div><\/div>\n<div class=\"su-column su-column-size-1-3\"><div class=\"su-column-inner su-u-clearfix su-u-trim\">\n<div class=\"su-accordion su-u-trim\">\n<div class=\"su-spoiler su-spoiler-style-default su-spoiler-icon-plus su-spoiler-closed\" data-scroll-offset=\"0\" data-anchor-in-url=\"no\"><div class=\"su-spoiler-title\" tabindex=\"0\" role=\"button\"><span class=\"su-spoiler-icon\"><\/span>Lugt<\/div><div class=\"su-spoiler-content su-u-clearfix su-u-trim\">Efter du \u00e5bner l\u00e5get p\u00e5 SUCCEED-beholderen, vil du m\u00e5ske l\u00e6gge m\u00e6rke til en st\u00e6rk lugt af havre kombineret med lugten af alkohol. Alkohollugten kommer fra alkoholen ethanol, der anvendes i produktionen af r\u00e5materialerne, men det er uskadeligt. Lugten forsvinder som regel efter kort tid.<\/div><\/div>\n<div class=\"su-spoiler su-spoiler-style-default su-spoiler-icon-plus su-spoiler-closed\" data-scroll-offset=\"0\" data-anchor-in-url=\"no\"><div class=\"su-spoiler-title\" tabindex=\"0\" role=\"button\"><span class=\"su-spoiler-icon\"><\/span>Testning<\/div><div class=\"su-spoiler-content su-u-clearfix su-u-trim\">Der gemmes en pr\u00f8ve fra alle partier af SUCCEED til testning og langtidsevaluering (dvs. testning af \u201choldbarhedsvarighed\u201d) i dobbelt s\u00e5 lang tid som den anbefalede sidste anvendelsesdato (dvs. &#8220;anvendes inden&#8221;-dato). Produktets kvalitet forbliver konsekvent i denne tidsperiode.<\/div><\/div>\n<\/div>\n<\/div><\/div>\n<\/div>\n<h2>Kontakt os<\/h2>\n<p>Hvis du har sp\u00f8rgsm\u00e5l om SUCCEED, eller hvordan du korrekt h\u00e5ndterer og opbevarer produktet, bedes du kontakte <a href=\"https:\/\/www.succeed-equine.co.uk\/da\/kontakt\/\">Freedom Health<\/a>.<\/p>\n","protected":false},"excerpt":{"rendered":"<p>V\u00e6r opm\u00e6rksom p\u00e5 de f\u00f8lgende noter og retningslinjer: Kontakt os Hvis du har sp\u00f8rgsm\u00e5l om SUCCEED, eller hvordan du korrekt h\u00e5ndterer og opbevarer produktet, bedes du kontakte Freedom Health.<\/p>\n","protected":false},"author":14,"featured_media":0,"parent":8163,"menu_order":0,"comment_status":"closed","ping_status":"closed","template":"","meta":{"_acf_changed":false,"footnotes":""},"class_list":["post-8205","page","type-page","status-publish","hentry"],"acf":[],"yoast_head":"<!-- This site is optimized with the Yoast SEO plugin v26.6 - https:\/\/yoast.com\/wordpress\/plugins\/seo\/ -->\n<title>Retningslinjer for opbevaring og h\u00e5ndtering af SUCCEED | SUCCEED Europa<\/title>\n<meta name=\"description\" content=\"Korrekt h\u00e5ndtering og opbevaring kan hj\u00e6lpe med at garantere at f\u00e5 det bedste ud af SUCCEED og dets egenskaber. Her er hvad du b\u00f8r vide.\" \/>\n<meta name=\"robots\" content=\"index, follow, max-snippet:-1, max-image-preview:large, max-video-preview:-1\" \/>\n<link rel=\"canonical\" href=\"https:\/\/www.succeed-equine.co.uk\/da\/om-succeed-digestive-conditioning-programmet\/saadan-bruges-succeed\/retningslinjer-opbevaring-og-haandtering-af-succeed\/\" \/>\n<meta property=\"og:locale\" content=\"da_DK\" \/>\n<meta property=\"og:type\" content=\"article\" \/>\n<meta property=\"og:title\" content=\"Retningslinjer for opbevaring og h\u00e5ndtering af SUCCEED | SUCCEED Europa\" \/>\n<meta property=\"og:description\" content=\"Korrekt h\u00e5ndtering og opbevaring kan hj\u00e6lpe med at garantere at f\u00e5 det bedste ud af SUCCEED og dets egenskaber. Her er hvad du b\u00f8r vide.\" \/>\n<meta property=\"og:url\" content=\"https:\/\/www.succeed-equine.co.uk\/da\/om-succeed-digestive-conditioning-programmet\/saadan-bruges-succeed\/retningslinjer-opbevaring-og-haandtering-af-succeed\/\" \/>\n<meta property=\"og:site_name\" content=\"SUCCEED Europe\" \/>\n<meta property=\"article:modified_time\" content=\"2018-02-23T21:15:34+00:00\" \/>\n<meta property=\"og:image\" content=\"https:\/\/www.succeed-equine.co.uk\/wp-content\/blogs.dir\/3\/files\/2016\/05\/paste-and-granules.jpg\" \/>\n<meta name=\"twitter:card\" content=\"summary_large_image\" \/>\n<meta name=\"twitter:label1\" content=\"Estimeret l\u00e6setid\" \/>\n\t<meta name=\"twitter:data1\" content=\"3 minutter\" \/>\n<script type=\"application\/ld+json\" class=\"yoast-schema-graph\">{\"@context\":\"https:\/\/schema.org\",\"@graph\":[{\"@type\":\"WebPage\",\"@id\":\"https:\/\/www.succeed-equine.co.uk\/da\/om-succeed-digestive-conditioning-programmet\/saadan-bruges-succeed\/retningslinjer-opbevaring-og-haandtering-af-succeed\/\",\"url\":\"https:\/\/www.succeed-equine.co.uk\/da\/om-succeed-digestive-conditioning-programmet\/saadan-bruges-succeed\/retningslinjer-opbevaring-og-haandtering-af-succeed\/\",\"name\":\"Retningslinjer for opbevaring og h\u00e5ndtering af SUCCEED | SUCCEED Europa\",\"isPartOf\":{\"@id\":\"https:\/\/www.succeed-equine.co.uk\/#website\"},\"primaryImageOfPage\":{\"@id\":\"https:\/\/www.succeed-equine.co.uk\/da\/om-succeed-digestive-conditioning-programmet\/saadan-bruges-succeed\/retningslinjer-opbevaring-og-haandtering-af-succeed\/#primaryimage\"},\"image\":{\"@id\":\"https:\/\/www.succeed-equine.co.uk\/da\/om-succeed-digestive-conditioning-programmet\/saadan-bruges-succeed\/retningslinjer-opbevaring-og-haandtering-af-succeed\/#primaryimage\"},\"thumbnailUrl\":\"https:\/\/www.succeed-equine.co.uk\/wp-content\/blogs.dir\/3\/files\/2016\/05\/paste-and-granules.jpg\",\"datePublished\":\"2017-11-23T17:56:47+00:00\",\"dateModified\":\"2018-02-23T21:15:34+00:00\",\"description\":\"Korrekt h\u00e5ndtering og opbevaring kan hj\u00e6lpe med at garantere at f\u00e5 det bedste ud af SUCCEED og dets egenskaber. Her er hvad du b\u00f8r vide.\",\"breadcrumb\":{\"@id\":\"https:\/\/www.succeed-equine.co.uk\/da\/om-succeed-digestive-conditioning-programmet\/saadan-bruges-succeed\/retningslinjer-opbevaring-og-haandtering-af-succeed\/#breadcrumb\"},\"inLanguage\":\"da-DK\",\"potentialAction\":[{\"@type\":\"ReadAction\",\"target\":[\"https:\/\/www.succeed-equine.co.uk\/da\/om-succeed-digestive-conditioning-programmet\/saadan-bruges-succeed\/retningslinjer-opbevaring-og-haandtering-af-succeed\/\"]}]},{\"@type\":\"ImageObject\",\"inLanguage\":\"da-DK\",\"@id\":\"https:\/\/www.succeed-equine.co.uk\/da\/om-succeed-digestive-conditioning-programmet\/saadan-bruges-succeed\/retningslinjer-opbevaring-og-haandtering-af-succeed\/#primaryimage\",\"url\":\"https:\/\/www.succeed-equine.co.uk\/wp-content\/blogs.dir\/3\/files\/2016\/05\/paste-and-granules.jpg\",\"contentUrl\":\"https:\/\/www.succeed-equine.co.uk\/wp-content\/blogs.dir\/3\/files\/2016\/05\/paste-and-granules.jpg\"},{\"@type\":\"BreadcrumbList\",\"@id\":\"https:\/\/www.succeed-equine.co.uk\/da\/om-succeed-digestive-conditioning-programmet\/saadan-bruges-succeed\/retningslinjer-opbevaring-og-haandtering-af-succeed\/#breadcrumb\",\"itemListElement\":[{\"@type\":\"ListItem\",\"position\":1,\"name\":\"Home\",\"item\":\"https:\/\/www.succeed-equine.co.uk\/da\/\"},{\"@type\":\"ListItem\",\"position\":2,\"name\":\"Om SUCCEED\u00ae Digestive Conditioning-programmet\",\"item\":\"https:\/\/www.succeed-equine.co.uk\/da\/om-succeed-digestive-conditioning-programmet\/\"},{\"@type\":\"ListItem\",\"position\":3,\"name\":\"S\u00e5dan bruges SUCCEED\u00ae\",\"item\":\"https:\/\/www.succeed-equine.co.uk\/da\/om-succeed-digestive-conditioning-programmet\/saadan-bruges-succeed\/\"},{\"@type\":\"ListItem\",\"position\":4,\"name\":\"Retningslinjer for opbevaring og h\u00e5ndtering af SUCCEED\u00ae\"}]},{\"@type\":\"WebSite\",\"@id\":\"https:\/\/www.succeed-equine.co.uk\/#website\",\"url\":\"https:\/\/www.succeed-equine.co.uk\/\",\"name\":\"SUCCEED Europe\",\"description\":\"My horse at its best.\",\"potentialAction\":[{\"@type\":\"SearchAction\",\"target\":{\"@type\":\"EntryPoint\",\"urlTemplate\":\"https:\/\/www.succeed-equine.co.uk\/?s={search_term_string}\"},\"query-input\":{\"@type\":\"PropertyValueSpecification\",\"valueRequired\":true,\"valueName\":\"search_term_string\"}}],\"inLanguage\":\"da-DK\"}]}<\/script>\n<!-- \/ Yoast SEO plugin. -->","yoast_head_json":{"title":"Retningslinjer for opbevaring og h\u00e5ndtering af SUCCEED | SUCCEED Europa","description":"Korrekt h\u00e5ndtering og opbevaring kan hj\u00e6lpe med at garantere at f\u00e5 det bedste ud af SUCCEED og dets egenskaber. Her er hvad du b\u00f8r vide.","robots":{"index":"index","follow":"follow","max-snippet":"max-snippet:-1","max-image-preview":"max-image-preview:large","max-video-preview":"max-video-preview:-1"},"canonical":"https:\/\/www.succeed-equine.co.uk\/da\/om-succeed-digestive-conditioning-programmet\/saadan-bruges-succeed\/retningslinjer-opbevaring-og-haandtering-af-succeed\/","og_locale":"da_DK","og_type":"article","og_title":"Retningslinjer for opbevaring og h\u00e5ndtering af SUCCEED | SUCCEED Europa","og_description":"Korrekt h\u00e5ndtering og opbevaring kan hj\u00e6lpe med at garantere at f\u00e5 det bedste ud af SUCCEED og dets egenskaber. Her er hvad du b\u00f8r vide.","og_url":"https:\/\/www.succeed-equine.co.uk\/da\/om-succeed-digestive-conditioning-programmet\/saadan-bruges-succeed\/retningslinjer-opbevaring-og-haandtering-af-succeed\/","og_site_name":"SUCCEED Europe","article_modified_time":"2018-02-23T21:15:34+00:00","og_image":[{"url":"https:\/\/www.succeed-equine.co.uk\/wp-content\/blogs.dir\/3\/files\/2016\/05\/paste-and-granules.jpg","type":"","width":"","height":""}],"twitter_card":"summary_large_image","twitter_misc":{"Estimeret l\u00e6setid":"3 minutter"},"schema":{"@context":"https:\/\/schema.org","@graph":[{"@type":"WebPage","@id":"https:\/\/www.succeed-equine.co.uk\/da\/om-succeed-digestive-conditioning-programmet\/saadan-bruges-succeed\/retningslinjer-opbevaring-og-haandtering-af-succeed\/","url":"https:\/\/www.succeed-equine.co.uk\/da\/om-succeed-digestive-conditioning-programmet\/saadan-bruges-succeed\/retningslinjer-opbevaring-og-haandtering-af-succeed\/","name":"Retningslinjer for opbevaring og h\u00e5ndtering af SUCCEED | SUCCEED Europa","isPartOf":{"@id":"https:\/\/www.succeed-equine.co.uk\/#website"},"primaryImageOfPage":{"@id":"https:\/\/www.succeed-equine.co.uk\/da\/om-succeed-digestive-conditioning-programmet\/saadan-bruges-succeed\/retningslinjer-opbevaring-og-haandtering-af-succeed\/#primaryimage"},"image":{"@id":"https:\/\/www.succeed-equine.co.uk\/da\/om-succeed-digestive-conditioning-programmet\/saadan-bruges-succeed\/retningslinjer-opbevaring-og-haandtering-af-succeed\/#primaryimage"},"thumbnailUrl":"https:\/\/www.succeed-equine.co.uk\/wp-content\/blogs.dir\/3\/files\/2016\/05\/paste-and-granules.jpg","datePublished":"2017-11-23T17:56:47+00:00","dateModified":"2018-02-23T21:15:34+00:00","description":"Korrekt h\u00e5ndtering og opbevaring kan hj\u00e6lpe med at garantere at f\u00e5 det bedste ud af SUCCEED og dets egenskaber. Her er hvad du b\u00f8r vide.","breadcrumb":{"@id":"https:\/\/www.succeed-equine.co.uk\/da\/om-succeed-digestive-conditioning-programmet\/saadan-bruges-succeed\/retningslinjer-opbevaring-og-haandtering-af-succeed\/#breadcrumb"},"inLanguage":"da-DK","potentialAction":[{"@type":"ReadAction","target":["https:\/\/www.succeed-equine.co.uk\/da\/om-succeed-digestive-conditioning-programmet\/saadan-bruges-succeed\/retningslinjer-opbevaring-og-haandtering-af-succeed\/"]}]},{"@type":"ImageObject","inLanguage":"da-DK","@id":"https:\/\/www.succeed-equine.co.uk\/da\/om-succeed-digestive-conditioning-programmet\/saadan-bruges-succeed\/retningslinjer-opbevaring-og-haandtering-af-succeed\/#primaryimage","url":"https:\/\/www.succeed-equine.co.uk\/wp-content\/blogs.dir\/3\/files\/2016\/05\/paste-and-granules.jpg","contentUrl":"https:\/\/www.succeed-equine.co.uk\/wp-content\/blogs.dir\/3\/files\/2016\/05\/paste-and-granules.jpg"},{"@type":"BreadcrumbList","@id":"https:\/\/www.succeed-equine.co.uk\/da\/om-succeed-digestive-conditioning-programmet\/saadan-bruges-succeed\/retningslinjer-opbevaring-og-haandtering-af-succeed\/#breadcrumb","itemListElement":[{"@type":"ListItem","position":1,"name":"Home","item":"https:\/\/www.succeed-equine.co.uk\/da\/"},{"@type":"ListItem","position":2,"name":"Om SUCCEED\u00ae Digestive Conditioning-programmet","item":"https:\/\/www.succeed-equine.co.uk\/da\/om-succeed-digestive-conditioning-programmet\/"},{"@type":"ListItem","position":3,"name":"S\u00e5dan bruges SUCCEED\u00ae","item":"https:\/\/www.succeed-equine.co.uk\/da\/om-succeed-digestive-conditioning-programmet\/saadan-bruges-succeed\/"},{"@type":"ListItem","position":4,"name":"Retningslinjer for opbevaring og h\u00e5ndtering af SUCCEED\u00ae"}]},{"@type":"WebSite","@id":"https:\/\/www.succeed-equine.co.uk\/#website","url":"https:\/\/www.succeed-equine.co.uk\/","name":"SUCCEED Europe","description":"My horse at its best.","potentialAction":[{"@type":"SearchAction","target":{"@type":"EntryPoint","urlTemplate":"https:\/\/www.succeed-equine.co.uk\/?s={search_term_string}"},"query-input":{"@type":"PropertyValueSpecification","valueRequired":true,"valueName":"search_term_string"}}],"inLanguage":"da-DK"}]}},"_links":{"self":[{"href":"https:\/\/www.succeed-equine.co.uk\/da\/wp-json\/wp\/v2\/pages\/8205","targetHints":{"allow":["GET"]}}],"collection":[{"href":"https:\/\/www.succeed-equine.co.uk\/da\/wp-json\/wp\/v2\/pages"}],"about":[{"href":"https:\/\/www.succeed-equine.co.uk\/da\/wp-json\/wp\/v2\/types\/page"}],"author":[{"embeddable":true,"href":"https:\/\/www.succeed-equine.co.uk\/da\/wp-json\/wp\/v2\/users\/14"}],"replies":[{"embeddable":true,"href":"https:\/\/www.succeed-equine.co.uk\/da\/wp-json\/wp\/v2\/comments?post=8205"}],"version-history":[{"count":0,"href":"https:\/\/www.succeed-equine.co.uk\/da\/wp-json\/wp\/v2\/pages\/8205\/revisions"}],"up":[{"embeddable":true,"href":"https:\/\/www.succeed-equine.co.uk\/da\/wp-json\/wp\/v2\/pages\/8163"}],"wp:attachment":[{"href":"https:\/\/www.succeed-equine.co.uk\/da\/wp-json\/wp\/v2\/media?parent=8205"}],"curies":[{"name":"wp","href":"https:\/\/api.w.org\/{rel}","templated":true}]}}