{"id":8085,"date":"2017-11-14T00:52:16","date_gmt":"2017-11-14T00:52:16","guid":{"rendered":"https:\/\/www.succeed-equine.co.uk\/?page_id=8085"},"modified":"2018-02-23T20:27:36","modified_gmt":"2018-02-23T20:27:36","slug":"succeed-digestive-conditioning-program","status":"publish","type":"page","link":"https:\/\/www.succeed-equine.co.uk\/de\/succeed-digestive-conditioning-program\/","title":{"rendered":"\u00dcber das SUCCEED\u00ae Digestive Conditioning Program"},"content":{"rendered":"<div class=\"su-row\">\n<div class=\"su-column su-column-size-1-2\"><div class=\"su-column-inner su-u-clearfix su-u-trim\"> Falls Sie sich <a href=\"https:\/\/www.succeed-equine.co.uk\/serious-horse\/\">professionell mit Pferden besch\u00e4ftigen<\/a>, kommt es darauf an, die Dinge auf die richtige Art und Weise zu tun und jedes Pferd richtig zu behandeln. Sie wollen, dass Ihr Pferd 100\u00a0% geben kann, also geben Sie auch 100\u00a0%.<\/p>\n<p>Darum geben Sie Ihrem Pferd die richtige Pflege, das richtige Futter\u00a0&#8230; und SUCCEED. <\/div><\/div>\n<div class=\"su-column su-column-size-1-2\"><div class=\"su-column-inner su-u-clearfix su-u-trim\"> Professionelle Pferdefreunde auf der ganzen Welt verwenden SUCCEED, ein N\u00e4hrstoffmittel f\u00fcr die Verdauungsgesundheit von Pferden, einschlie\u00dflich des Magens und Hinterdarms. Sie wissen, dass ein gesundes Verdauungssystem f\u00fcr jeden Aspekt der Pferdegesundheit f\u00f6rderlich ist. Und das bedeutet, dass sich Leistung, Verhalten und auch alles andere verbessern. <\/div><\/div>\n<\/div><div class=\"su-row\">\n<div class=\"su-column su-column-size-1-2\"><div class=\"su-column-inner su-u-clearfix su-u-trim\"><img decoding=\"async\" src=\"https:\/\/www.succeed-equine.co.uk\/wp-content\/blogs.dir\/3\/files\/2011\/01\/SUCCEED-Digestive-Conditioning-Program.png\" alt=\"SUCCEED-Digestive-Conditioning-Program\" class=\"alignnone size-full\" \/><\/div><\/div>\n<div class=\"su-column su-column-size-1-2\"><div class=\"su-column-inner su-u-clearfix su-u-trim\"><strong>Anwendungen f\u00fcr SUCCEED sind:<\/strong><\/p>\n<ul>\n<li>Ausgleich f\u00fcr chronische Insuffizienzen der D\u00fcnndarmfunktion.<\/li>\n<li>Ausgleich f\u00fcr chronische Verdauungsst\u00f6rungen des Dickdarms.<\/li>\n<li>N\u00e4hrstoffaufbau, Rekonvaleszenz.<\/div><\/div>\n<\/div><\/li>\n<\/ul>\n<h2>SUCCEED\u00ae Digestive Conditioning Program: Die Formel f\u00fcr Erfolg<\/h2>\n<p>Das SUCCEED Digestive Conditioning Program ist ein professionelles Produkt f\u00fcr professionelle Pferdefreunde. Es ist das einzige Nahrungserg\u00e4nzungsmittel f\u00fcr die Verdauung von Pferden, das weltweit \u00fcber mehrere Patente verf\u00fcgt. Es handelt sich um eine Formel aus N\u00e4hrstoffen mit h\u00f6chster Qualit\u00e4t und Reinheit, unter anderem:<\/p>\n<div class=\"ingrediants_list\"><div class=\"su-row\">\n<div class=\"su-column su-column-size-1-5\"><div class=\"su-column-inner su-u-clearfix su-u-trim\">\n<h3>Hafer\u00f6l<\/h3>\n<p><img decoding=\"async\" src=\"http:\/\/www.succeed-equine.com\/wp-content\/uploads\/2016\/05\/oat_oil.jpg\" alt=\"oat_oil\" class=\"alignnone size-full\" \/><\/p>\n<p>Hafer\u00f6l wird mit einem einzigartigen Prozess extrahiert, um eine hohe Konzentration an <a href=\"http:\/\/www.succeed-equine.com\/education\/polar-lipids-for-horses\/\">polaren Lipiden<\/a>, zu erreichen, das sind spezialisierte Fettmolek\u00fcle, die im Darm eine Reihe von positiven Wirkungen hervorrufen.<\/p>\n<\/div><\/div>\n<div class=\"su-column su-column-size-1-5\"><div class=\"su-column-inner su-u-clearfix su-u-trim\">\n<h3>Haferkleie<\/h3>\n<p><img decoding=\"async\" src=\"http:\/\/www.succeed-equine.com\/wp-content\/uploads\/2016\/05\/oat_flour.jpg\" alt=\"oat_flour\" class=\"alignnone size-full\" \/><\/p>\n<p>Gewonnen aus Hafer mit hohem Kleie- und niedrigem St\u00e4rkeanteil und verarbeitet auf eine Weise, die eine hohe Konzentration an <a href=\"http:\/\/www.succeed-equine.com\/education\/beta-glucan-for-horses\/\">Beta-Glucan<\/a> sicherstellt, welches f\u00fcr die N\u00e4hrstoffaufnahme und Verdauungssteuerung hilfreich ist.<\/p>\n<\/div><\/div>\n<div class=\"su-column su-column-size-1-5\"><div class=\"su-column-inner su-u-clearfix su-u-trim\">\n<h3>Hefeprodukte<\/h3>\n<p><img decoding=\"async\" src=\"http:\/\/www.succeed-equine.com\/wp-content\/uploads\/2016\/05\/yeast_products.jpg\" alt=\"yeast_products\" class=\"alignnone size-full\" \/><\/p>\n<p>Hefe enth\u00e4lt ein Beta-Glucan und ein Mannan-Oligosaccharid aus der <a href=\"http:\/\/www.succeed-equine.com\/education\/yeast-for-horses\/\">Backhefe (Saccharomyces cerevisiae)<\/a>, reich an <a href=\"http:\/\/www.succeed-equine.com\/education\/nucleotides-for-horses\/\">Nukleotiden<\/a> welche sowohl f\u00fcr die Zellenentwicklung als auch f\u00fcr die Heilung von Bedeutung sind.<\/p>\n<\/div><\/div>\n<div class=\"su-column su-column-size-1-5\"><div class=\"su-column-inner su-u-clearfix su-u-trim\">\n<h3>L-Arginin<\/h3>\n<p><img decoding=\"async\" src=\"http:\/\/www.succeed-equine.com\/wp-content\/uploads\/2016\/05\/l_gluetimine.jpg\" alt=\"l_gluetimine\" class=\"alignnone size-full\" \/><\/p>\n<p>Die Aminos\u00e4ure L-Arginin ist wichtig f\u00fcr ein funktionierendes Immunsystem, die Heilung von Gewebe, einen gesunden Blutkreislauf und eine gesteigerte Leistungsf\u00e4higkeit im Training.<\/p>\n<\/div><\/div>\n<div class=\"su-column su-column-size-1-5\"><div class=\"su-column-inner su-u-clearfix su-u-trim\">\n<h3>L-Threonin<\/h3>\n<p><img decoding=\"async\" src=\"http:\/\/www.succeed-equine.com\/wp-content\/uploads\/2016\/05\/l_theo.jpg\" alt=\"l_theo\" class=\"alignnone size-full\" \/><\/p>\n<p><a href=\"http:\/\/www.succeed-equine.com\/education\/l-threonine-for-horses\/\">L-Threonin<\/a> unterst\u00fctzt die Produktion von Muzin, einem notwendigen Bestandteil des Schleims, der die Darmschleimhaut befeuchtet und sch\u00fctzt.<\/p>\n<\/div><\/div>\n<\/div>\n<\/div>\n<div class=\"product_labeling\">\n<div style=\"clear: both;\">\n<h2 style=\"padding-bottom: 30px !important;\">Produktkennzeichnung und Zusammensetzung<\/h2>\n<p><a href=\"\/?page_id=8125\">Erfahren Sie mehr \u00fcber die Inhaltsstoffe von SUCCEED<\/a><\/p>\n<\/div>\n<div class=\"row\">\n<div class=\"large-4 medium-12 small-12 columns\">\n<p>Professionelle Pferdefreunde wissen auch, dass SUCCEED von strengen wissenschaftlichen Studien gest\u00fctzt wird. Und was am wichtigsten ist\u00a0\u2013 sie wissen, dass es wirklich wirkt <a href=\"http:\/\/www.succeed-vet.com\">Forschungsdaten sind im SUCCEED-Tierarzt-Center verf\u00fcgbar<\/a>.<\/p>\n<h3 class=\"callout\" style=\"letter-spacing: -.75px;\">Bereit, SUCCEED auszuprobieren? Sprechen Sie heute noch mit Ihrem Tierarzt.<\/h3>\n<\/div>\n<div class=\"large-8 medium-12 small-12 columns\">\n<div>\n<h4>Produktkennzeichnung:<\/h4>\n<p><a href=\"\/wp-content\/blogs.dir\/3\/files\/2017\/08\/succeed-euro-dcp-labels.pdf\" target=\"_blank\" rel=\"noopener\"><img decoding=\"async\" src=\"http:\/\/www.succeed-equine.com\/wp-content\/uploads\/2016\/05\/product_info1.jpg\" alt=\"product_info1\" class=\"alignnone size-full\" \/><\/a><\/p>\n<\/div>\n<div>\n<h4>Granulat:<\/h4>\n<p><a href=\"\/wp-content\/blogs.dir\/3\/files\/2017\/08\/succeed-euro-granules-composition-label.jpg\" target=\"_blank\" rel=\"noopener\"><img decoding=\"async\" src=\"https:\/\/www.succeed-equine.co.uk\/wp-content\/blogs.dir\/3\/files\/2011\/01\/granuals.jpg\" alt=\"granuals\" class=\"alignnone size-full\" \/><\/a><\/p>\n<\/div>\n<div>\n<h4>Paste:<\/h4>\n<p><a href=\"\/wp-content\/blogs.dir\/3\/files\/2017\/08\/succeed-euro-paste-composition-label.jpg\" target=\"_blank\" rel=\"noopener\"><img decoding=\"async\" src=\"https:\/\/www.succeed-equine.co.uk\/wp-content\/blogs.dir\/3\/files\/2011\/01\/paste.jpg\" alt=\"paste\" class=\"alignnone size-full\" \/><\/a><\/p>\n<\/div>\n<\/div>\n<\/div>\n<\/div>\n<h2>Anwendung des SUCCEED<sup>\u00ae<\/sup> Digestive Conditioning Program<\/h2>\n<div class=\"su-row\">\n<div class=\"su-column su-column-size-3-4\"><div class=\"su-column-inner su-u-clearfix su-u-trim\">\nEs ist wichtig, einen gesunden Grundzustand bei der Verdauung Ihres Pferdes sicherzustellen. Und mit SUCCEED ist es auch noch leicht. Es braucht nur eine Gabe von SUCCEED t\u00e4glich mit dem normalen Futter. Das war\u2018s.<\/p>\n<p><em>Es wird empfohlen, vor der Verwendung oder vor der Verl\u00e4ngerung des Verwendungszeitraums die Meinung eines Tierarztes einzuholen.<\/em><br \/>\n<\/div><\/div>\n<div class=\"su-column su-column-size-1-4\"><div class=\"su-column-inner su-u-clearfix su-u-trim\">\n<p style=\"text-align: left;\"><a href=\"\/?page_id=8179\">Gebrauchsanweisungen<\/a><br \/>\n<a href=\"\/?page_id=8194\">Lagerung und Handhabung<\/a><br \/>\n<a href=\"\/?page_id=8209\">FAQ<\/a><\/p>\n<\/div><\/div>\n<\/div>\n\n  <\/div>\n  <\/article>\n  <\/div>\n  <div class=\"product_options_bg\">\n    <div class=\"row\">\n      <h2>SUCCEED-Produktvarianten<\/h2>\n      <div class=\"large-5 medium-5 small-12 columns\">\n      <p>Dieselbe wirksame SUCCEED-Formel ist verf\u00fcgbar als Oralpaste sowie als Granulat f\u00fcr Top-Dressing-Futter.<\/p>\n        <div class=\"bttn custom-wpml-bttn-fix\">\n        <a href=\"https:\/\/www.succeed-equine.co.uk\/de\/succeed-digestive-conditioning-program\/produktvarianten\/\">Alle Produktvarianten ansehen<\/a>\n        <\/div>\n      <\/div>\n      <div class=\"large-7 medium-7 small-12 columns\">\n        <img fetchpriority=\"high\" decoding=\"async\" src=\"\/wp-content\/uploads\/2016\/07\/all-buckets-carton-EU.png\" alt=\"Succeed Carton and Buckets\" width=\"668\" height=\"434\" class=\"alignnone size-full wp-image-7042\" \/>\n      <\/div>\n    <\/div>\n  <\/div>\n  <div id=\"single-page\" class=\"row main_content_area\">\n    <article class=\"main-content large-12 medium-12 small-12 columns\" id=\"post-6986\">\n      <div class=\"entry-content\">\n  \n","protected":false},"excerpt":{"rendered":"<p>SUCCEED\u00ae Digestive Conditioning Program: Die Formel f\u00fcr Erfolg Das SUCCEED Digestive Conditioning Program ist ein professionelles Produkt f\u00fcr professionelle Pferdefreunde. Es ist das einzige Nahrungserg\u00e4nzungsmittel f\u00fcr die Verdauung von Pferden, das weltweit \u00fcber mehrere Patente [&hellip;]<\/p>\n","protected":false},"author":14,"featured_media":0,"parent":0,"menu_order":0,"comment_status":"closed","ping_status":"closed","template":"","meta":{"_acf_changed":false,"footnotes":""},"class_list":["post-8085","page","type-page","status-publish","hentry"],"acf":[],"yoast_head":"<!-- This site is optimized with the Yoast SEO plugin v26.6 - https:\/\/yoast.com\/wordpress\/plugins\/seo\/ -->\n<title>\u00dcber das SUCCEED Digestive Conditioning Program | SUCCEED Europa<\/title>\n<meta name=\"description\" content=\"Das Geheimnis von SUCCEED liegt in den N\u00e4hrstoffen, die die Grundgesundheit des Pferde-Verdauungstraktes unterst\u00fctzen, verf\u00fcgbar als Oralpaste sowie als Top-Dressing-Granulat.\" \/>\n<meta name=\"robots\" content=\"index, follow, max-snippet:-1, max-image-preview:large, max-video-preview:-1\" \/>\n<link rel=\"canonical\" href=\"https:\/\/www.succeed-equine.co.uk\/de\/succeed-digestive-conditioning-program\/\" \/>\n<meta property=\"og:locale\" content=\"de_DE\" \/>\n<meta property=\"og:type\" content=\"article\" \/>\n<meta property=\"og:title\" content=\"\u00dcber das SUCCEED Digestive Conditioning Program | SUCCEED Europa\" \/>\n<meta property=\"og:description\" content=\"Das Geheimnis von SUCCEED liegt in den N\u00e4hrstoffen, die die Grundgesundheit des Pferde-Verdauungstraktes unterst\u00fctzen, verf\u00fcgbar als Oralpaste sowie als Top-Dressing-Granulat.\" \/>\n<meta property=\"og:url\" content=\"https:\/\/www.succeed-equine.co.uk\/de\/succeed-digestive-conditioning-program\/\" \/>\n<meta property=\"og:site_name\" content=\"SUCCEED Europe\" \/>\n<meta property=\"article:modified_time\" content=\"2018-02-23T20:27:36+00:00\" \/>\n<meta property=\"og:image\" content=\"https:\/\/www.succeed-equine.co.uk\/wp-content\/blogs.dir\/3\/files\/2011\/01\/SUCCEED-Digestive-Conditioning-Program.png\" \/>\n<meta name=\"twitter:card\" content=\"summary_large_image\" \/>\n<meta name=\"twitter:label1\" content=\"Gesch\u00e4tzte Lesezeit\" \/>\n\t<meta name=\"twitter:data1\" content=\"3\u00a0Minuten\" \/>\n<script type=\"application\/ld+json\" class=\"yoast-schema-graph\">{\"@context\":\"https:\/\/schema.org\",\"@graph\":[{\"@type\":\"WebPage\",\"@id\":\"https:\/\/www.succeed-equine.co.uk\/de\/succeed-digestive-conditioning-program\/\",\"url\":\"https:\/\/www.succeed-equine.co.uk\/de\/succeed-digestive-conditioning-program\/\",\"name\":\"\u00dcber das SUCCEED Digestive Conditioning Program | SUCCEED Europa\",\"isPartOf\":{\"@id\":\"https:\/\/www.succeed-equine.co.uk\/#website\"},\"primaryImageOfPage\":{\"@id\":\"https:\/\/www.succeed-equine.co.uk\/de\/succeed-digestive-conditioning-program\/#primaryimage\"},\"image\":{\"@id\":\"https:\/\/www.succeed-equine.co.uk\/de\/succeed-digestive-conditioning-program\/#primaryimage\"},\"thumbnailUrl\":\"https:\/\/www.succeed-equine.co.uk\/wp-content\/blogs.dir\/3\/files\/2011\/01\/SUCCEED-Digestive-Conditioning-Program.png\",\"datePublished\":\"2017-11-14T00:52:16+00:00\",\"dateModified\":\"2018-02-23T20:27:36+00:00\",\"description\":\"Das Geheimnis von SUCCEED liegt in den N\u00e4hrstoffen, die die Grundgesundheit des Pferde-Verdauungstraktes unterst\u00fctzen, verf\u00fcgbar als Oralpaste sowie als Top-Dressing-Granulat.\",\"breadcrumb\":{\"@id\":\"https:\/\/www.succeed-equine.co.uk\/de\/succeed-digestive-conditioning-program\/#breadcrumb\"},\"inLanguage\":\"de\",\"potentialAction\":[{\"@type\":\"ReadAction\",\"target\":[\"https:\/\/www.succeed-equine.co.uk\/de\/succeed-digestive-conditioning-program\/\"]}]},{\"@type\":\"ImageObject\",\"inLanguage\":\"de\",\"@id\":\"https:\/\/www.succeed-equine.co.uk\/de\/succeed-digestive-conditioning-program\/#primaryimage\",\"url\":\"https:\/\/www.succeed-equine.co.uk\/wp-content\/blogs.dir\/3\/files\/2011\/01\/SUCCEED-Digestive-Conditioning-Program.png\",\"contentUrl\":\"https:\/\/www.succeed-equine.co.uk\/wp-content\/blogs.dir\/3\/files\/2011\/01\/SUCCEED-Digestive-Conditioning-Program.png\"},{\"@type\":\"BreadcrumbList\",\"@id\":\"https:\/\/www.succeed-equine.co.uk\/de\/succeed-digestive-conditioning-program\/#breadcrumb\",\"itemListElement\":[{\"@type\":\"ListItem\",\"position\":1,\"name\":\"Home\",\"item\":\"https:\/\/www.succeed-equine.co.uk\/de\/\"},{\"@type\":\"ListItem\",\"position\":2,\"name\":\"\u00dcber das SUCCEED\u00ae Digestive Conditioning Program\"}]},{\"@type\":\"WebSite\",\"@id\":\"https:\/\/www.succeed-equine.co.uk\/#website\",\"url\":\"https:\/\/www.succeed-equine.co.uk\/\",\"name\":\"SUCCEED Europe\",\"description\":\"My horse at its best.\",\"potentialAction\":[{\"@type\":\"SearchAction\",\"target\":{\"@type\":\"EntryPoint\",\"urlTemplate\":\"https:\/\/www.succeed-equine.co.uk\/?s={search_term_string}\"},\"query-input\":{\"@type\":\"PropertyValueSpecification\",\"valueRequired\":true,\"valueName\":\"search_term_string\"}}],\"inLanguage\":\"de\"}]}<\/script>\n<!-- \/ Yoast SEO plugin. -->","yoast_head_json":{"title":"\u00dcber das SUCCEED Digestive Conditioning Program | SUCCEED Europa","description":"Das Geheimnis von SUCCEED liegt in den N\u00e4hrstoffen, die die Grundgesundheit des Pferde-Verdauungstraktes unterst\u00fctzen, verf\u00fcgbar als Oralpaste sowie als Top-Dressing-Granulat.","robots":{"index":"index","follow":"follow","max-snippet":"max-snippet:-1","max-image-preview":"max-image-preview:large","max-video-preview":"max-video-preview:-1"},"canonical":"https:\/\/www.succeed-equine.co.uk\/de\/succeed-digestive-conditioning-program\/","og_locale":"de_DE","og_type":"article","og_title":"\u00dcber das SUCCEED Digestive Conditioning Program | SUCCEED Europa","og_description":"Das Geheimnis von SUCCEED liegt in den N\u00e4hrstoffen, die die Grundgesundheit des Pferde-Verdauungstraktes unterst\u00fctzen, verf\u00fcgbar als Oralpaste sowie als Top-Dressing-Granulat.","og_url":"https:\/\/www.succeed-equine.co.uk\/de\/succeed-digestive-conditioning-program\/","og_site_name":"SUCCEED Europe","article_modified_time":"2018-02-23T20:27:36+00:00","og_image":[{"url":"https:\/\/www.succeed-equine.co.uk\/wp-content\/blogs.dir\/3\/files\/2011\/01\/SUCCEED-Digestive-Conditioning-Program.png","type":"","width":"","height":""}],"twitter_card":"summary_large_image","twitter_misc":{"Gesch\u00e4tzte Lesezeit":"3\u00a0Minuten"},"schema":{"@context":"https:\/\/schema.org","@graph":[{"@type":"WebPage","@id":"https:\/\/www.succeed-equine.co.uk\/de\/succeed-digestive-conditioning-program\/","url":"https:\/\/www.succeed-equine.co.uk\/de\/succeed-digestive-conditioning-program\/","name":"\u00dcber das SUCCEED Digestive Conditioning Program | SUCCEED Europa","isPartOf":{"@id":"https:\/\/www.succeed-equine.co.uk\/#website"},"primaryImageOfPage":{"@id":"https:\/\/www.succeed-equine.co.uk\/de\/succeed-digestive-conditioning-program\/#primaryimage"},"image":{"@id":"https:\/\/www.succeed-equine.co.uk\/de\/succeed-digestive-conditioning-program\/#primaryimage"},"thumbnailUrl":"https:\/\/www.succeed-equine.co.uk\/wp-content\/blogs.dir\/3\/files\/2011\/01\/SUCCEED-Digestive-Conditioning-Program.png","datePublished":"2017-11-14T00:52:16+00:00","dateModified":"2018-02-23T20:27:36+00:00","description":"Das Geheimnis von SUCCEED liegt in den N\u00e4hrstoffen, die die Grundgesundheit des Pferde-Verdauungstraktes unterst\u00fctzen, verf\u00fcgbar als Oralpaste sowie als Top-Dressing-Granulat.","breadcrumb":{"@id":"https:\/\/www.succeed-equine.co.uk\/de\/succeed-digestive-conditioning-program\/#breadcrumb"},"inLanguage":"de","potentialAction":[{"@type":"ReadAction","target":["https:\/\/www.succeed-equine.co.uk\/de\/succeed-digestive-conditioning-program\/"]}]},{"@type":"ImageObject","inLanguage":"de","@id":"https:\/\/www.succeed-equine.co.uk\/de\/succeed-digestive-conditioning-program\/#primaryimage","url":"https:\/\/www.succeed-equine.co.uk\/wp-content\/blogs.dir\/3\/files\/2011\/01\/SUCCEED-Digestive-Conditioning-Program.png","contentUrl":"https:\/\/www.succeed-equine.co.uk\/wp-content\/blogs.dir\/3\/files\/2011\/01\/SUCCEED-Digestive-Conditioning-Program.png"},{"@type":"BreadcrumbList","@id":"https:\/\/www.succeed-equine.co.uk\/de\/succeed-digestive-conditioning-program\/#breadcrumb","itemListElement":[{"@type":"ListItem","position":1,"name":"Home","item":"https:\/\/www.succeed-equine.co.uk\/de\/"},{"@type":"ListItem","position":2,"name":"\u00dcber das SUCCEED\u00ae Digestive Conditioning Program"}]},{"@type":"WebSite","@id":"https:\/\/www.succeed-equine.co.uk\/#website","url":"https:\/\/www.succeed-equine.co.uk\/","name":"SUCCEED Europe","description":"My horse at its best.","potentialAction":[{"@type":"SearchAction","target":{"@type":"EntryPoint","urlTemplate":"https:\/\/www.succeed-equine.co.uk\/?s={search_term_string}"},"query-input":{"@type":"PropertyValueSpecification","valueRequired":true,"valueName":"search_term_string"}}],"inLanguage":"de"}]}},"_links":{"self":[{"href":"https:\/\/www.succeed-equine.co.uk\/de\/wp-json\/wp\/v2\/pages\/8085","targetHints":{"allow":["GET"]}}],"collection":[{"href":"https:\/\/www.succeed-equine.co.uk\/de\/wp-json\/wp\/v2\/pages"}],"about":[{"href":"https:\/\/www.succeed-equine.co.uk\/de\/wp-json\/wp\/v2\/types\/page"}],"author":[{"embeddable":true,"href":"https:\/\/www.succeed-equine.co.uk\/de\/wp-json\/wp\/v2\/users\/14"}],"replies":[{"embeddable":true,"href":"https:\/\/www.succeed-equine.co.uk\/de\/wp-json\/wp\/v2\/comments?post=8085"}],"version-history":[{"count":0,"href":"https:\/\/www.succeed-equine.co.uk\/de\/wp-json\/wp\/v2\/pages\/8085\/revisions"}],"wp:attachment":[{"href":"https:\/\/www.succeed-equine.co.uk\/de\/wp-json\/wp\/v2\/media?parent=8085"}],"curies":[{"name":"wp","href":"https:\/\/api.w.org\/{rel}","templated":true}]}}