{"id":8125,"date":"2017-11-18T19:40:58","date_gmt":"2017-11-18T19:40:58","guid":{"rendered":"https:\/\/www.succeed-equine.co.uk\/?page_id=8125"},"modified":"2018-01-11T01:25:26","modified_gmt":"2018-01-11T01:25:26","slug":"ingredients-succeed-digestive-conditioning-program","status":"publish","type":"page","link":"https:\/\/www.succeed-equine.co.uk\/de\/succeed-digestive-conditioning-program\/ingredients-succeed-digestive-conditioning-program\/","title":{"rendered":"Inhaltsstoffe des SUCCEED\u00ae Digestive Conditioning Program"},"content":{"rendered":"<p>Wenn es um Gesundheit und Wohlbefinden geht, suchen professionelle Pferdefreunde nach professionellen Produkten. Das SUCCEED Digestive Conditioning Program trifft ins Schwarze. Wir bieten Ihnen Folgendes:<\/p>\n<div class=\"su-row\">\n<div class=\"su-column su-column-size-1-4\"><div class=\"su-column-inner su-u-clearfix su-u-trim\">\n<ul>\n<li style=\"letter-spacing: -.1px;\">Es handelt sich um das einzige Pferde-Nahrungserg\u00e4nzungsmittel seiner Art mit mehreren Patenten weltweit.<\/li>\n<\/ul>\n<\/div><\/div>\n<div class=\"su-column su-column-size-1-4\"><div class=\"su-column-inner su-u-clearfix su-u-trim\">\n<ul>\n<li style=\"letter-spacing: -.2px;\">Alle Inhaltsstoffe sind als lebensmittelrein f\u00fcr Menschen oder h\u00f6her zertifiziert, was Reinheit und Qualit\u00e4t gew\u00e4hrleistet.<\/li>\n<\/ul>\n<\/div><\/div>\n<div class=\"su-column su-column-size-1-2\"><div class=\"su-column-inner su-u-clearfix su-u-trim\">\n<ul>\n<li>Wir sind zugelassen im US-Bundesstaat Ohio als <a href=\"http:\/\/www.fda.gov\/Drugs\/DevelopmentApprovalProcess\/Manufacturing\/ucm169105.htm\">Good Manufacturing Practice<\/a> (GMP)-Einrichtung, wodurch strenge Konsistenz sowie Qualit\u00e4t und Sicherheit gew\u00e4hrleistet sind.<\/li>\n<\/ul>\n<\/div><\/div>\n<\/div>\n<p>Und Ihre Pferde werden es lieben, dass der nat\u00fcrliche Hafergeschmack von SUCCEED vom enthaltenen Hafer stammt und nicht von k\u00fcnstlichen Geschmacksstoffen. Sobald Ihre Pferde es einmal probiert haben, wird SUCCEED ein Leckerbissen sein, auf den sie sich jeden Tag freuen.<\/p>\n<h2>SUCCEED\u00ae-Formel f\u00fcr absolute Verdauungsgesundheit in Pferden<\/h2>\n<p>SUCCEED wurde mit einem Fokus auf nat\u00fcrlich vorkommenden N\u00e4hrstoffen entwickelt, die f\u00fcr die Gesundheit des gesamten Pferde-Verdauungstraktes notwendig sind. Dies schlie\u00dft Unterst\u00fctzung sowohl f\u00fcr die Verdauungsanatomie (D\u00fcnndarmzotten, Darmschleimhaut) als auch f\u00fcr den Verdauungsvorgang (gesundes Bakteriengleichgewicht, Verdauung, Futtertransport durch den Verdauungstrakt usw.) mit ein.<\/p>\n<div class=\"ingrediants_list\"><div class=\"su-row\">\n<div class=\"su-column su-column-size-1-5\"><div class=\"su-column-inner su-u-clearfix su-u-trim\">\n<h3>Hafer\u00f6l<\/h3>\n<p><img decoding=\"async\" src=\"http:\/\/www.succeed-equine.com\/wp-content\/uploads\/2016\/05\/oat_oil.jpg\" alt=\"oat_oil\" class=\"alignnone size-full\" \/><\/p>\n<div class=\"su-expand su-expand-collapsed su-expand-link-style-underlined\" data-height=\"160\"><div class=\"su-expand-content su-u-trim\" style=\"color:#000;max-height:160px;overflow:hidden\">\n<p>Hafer\u00f6l ist reich an polaren Lipiden, n\u00fctzlichen Fettmolek\u00fclen, die wichtig f\u00fcr eine normale Gesundheit und Funktion der Verdauung sind. Hafer enth\u00e4lt besonders viele Galactolipide, was nur \u00fcber die Di\u00e4t erreicht werden kann. Das Hafer\u00f6l von SUCCEED wird mit einem gesch\u00fctzten Ethan-Extraktionsprozess gewonnen, der eine h\u00f6here Konzentration an polaren Lipiden sicherstellt. Polare Lipide unterst\u00fctzen die N\u00e4hrstoffaufnahme, die St\u00e4rke und Integrit\u00e4t der Darmschleimhautbarriere sowie die normale Gehirnfunktion.<\/p>\n<p><a href=\"http:\/\/www.succeed-equine.com\/education\/polar-lipids-for-horses\/\">Sehen Sie sich die Forschungsergebnisse \u00fcber den Nutzen von polaren Lipiden f\u00fcr die Verdauungsgesundheit an<\/a><\/p>\n<\/div><div class=\"su-expand-link su-expand-link-more\" style=\"text-align:left\"><a href=\"javascript:;\" style=\"color:#000;border-color:#000\"><span style=\"border-color:#000\">Mehr anzeigen<\/span><\/a><\/div><div class=\"su-expand-link su-expand-link-less\" style=\"text-align:left\"><a href=\"javascript:;\" style=\"color:#000;border-color:#000\"><span style=\"border-color:#000\">Weniger anzeigen<\/span><\/a><\/div><\/div> <\/div><\/div>\n<div class=\"su-column su-column-size-1-5\"><div class=\"su-column-inner su-u-clearfix su-u-trim\">\n<h3>Haferkleie<\/h3>\n<p><img decoding=\"async\" src=\"http:\/\/www.succeed-equine.com\/wp-content\/uploads\/2016\/05\/oat_flour.jpg\" alt=\"oat_flour\" class=\"alignnone size-full\" \/><\/p>\n<div class=\"su-expand su-expand-collapsed su-expand-link-style-underlined\" data-height=\"160\"><div class=\"su-expand-content su-u-trim\" style=\"color:#000;max-height:160px;overflow:hidden\">\n<p>Die bei der Herstellung von SUCCEED verwendeten Haferflocken unterscheiden sich von denen, die zur Herstellung der \u00fcblichen Mehle verwendet werden, wie etwa denen zum Backen. Die Haferkleie in SUCCEED stammt von Haferflocken mit niedrigem St\u00e4rke- aber hohem Beta-Glucan-Gehalt. Beta-Glucan ist nachgewiesenerma\u00dfen wichtig f\u00fcr die Geschwindigkeit, mit der Futter sich durch den Verdauungstrakt bewegt, reguliert die Freisetzung von Zuckern aus dem Verdauungssystem und unterst\u00fctzt das nat\u00fcrliche Immunsystem.<\/p>\n<p><a href=\"http:\/\/www.succeed-equine.com\/education\/beta-glucan-for-horses\/\">Sehen Sie sich die Forschungsergebnisse \u00fcber den Nutzen von Beta-Glucan f\u00fcr die Verdauungsgesundheit an<\/a><\/p>\n<\/div><div class=\"su-expand-link su-expand-link-more\" style=\"text-align:left\"><a href=\"javascript:;\" style=\"color:#000;border-color:#000\"><span style=\"border-color:#000\">Mehr anzeigen<\/span><\/a><\/div><div class=\"su-expand-link su-expand-link-less\" style=\"text-align:left\"><a href=\"javascript:;\" style=\"color:#000;border-color:#000\"><span style=\"border-color:#000\">Weniger anzeigen<\/span><\/a><\/div><\/div> <\/div><\/div>\n<div class=\"su-column su-column-size-1-5\"><div class=\"su-column-inner su-u-clearfix su-u-trim\">\n<h3>Hefeprodukte<\/h3>\n<p><img decoding=\"async\" src=\"http:\/\/www.succeed-equine.com\/wp-content\/uploads\/2016\/05\/yeast_products.jpg\" alt=\"yeast_products\" class=\"alignnone size-full\" \/><\/p>\n<div class=\"su-expand su-expand-collapsed su-expand-link-style-underlined\" data-height=\"160\"><div class=\"su-expand-content su-u-trim\" style=\"color:#000;max-height:160px;overflow:hidden\">\n<p>SUCCEED enth\u00e4lt Komponenten des Hefestamms Saccharomyces cerevisiae, von dem die Verdauungsgesundheit von Pferden profitieren kann. Die Hefe in SUCCEED ist reich an Mannan-Oligosaccharid (MOS), Beta-Glucan und Nukleotiden. MOS unterst\u00fctzt eine ausgewogene Mikroflora und ein gesundes Wirken des Immunsystems. Nukleotide sind wichtig f\u00fcr das Zellwachstum sowie f\u00fcr Reparatur und Aufrechterhaltung eines gesunden Verdauungstraktes, w\u00e4hrend Beta-Glucan den Hinterdarm sch\u00fctzt.<\/p>\n<p><a href=\"http:\/\/www.succeed-equine.com\/education\/yeast-for-horses\/\">Sehen Sie sich die Forschungsergebnisse \u00fcber den Nutzen von Hefe f\u00fcr die Verdauungsgesundheit an<\/a><\/p>\n<\/div><div class=\"su-expand-link su-expand-link-more\" style=\"text-align:left\"><a href=\"javascript:;\" style=\"color:#000;border-color:#000\"><span style=\"border-color:#000\">Mehr anzeigen<\/span><\/a><\/div><div class=\"su-expand-link su-expand-link-less\" style=\"text-align:left\"><a href=\"javascript:;\" style=\"color:#000;border-color:#000\"><span style=\"border-color:#000\">Weniger anzeigen<\/span><\/a><\/div><\/div> <\/div><\/div>\n<div class=\"su-column su-column-size-1-5\"><div class=\"su-column-inner su-u-clearfix su-u-trim\">\n<h3>L-Arginin<\/h3>\n<p><img decoding=\"async\" src=\"http:\/\/www.succeed-equine.com\/wp-content\/uploads\/2016\/05\/l_gluetimine.jpg\" alt=\"l_gluetimine\" class=\"alignnone size-full\" \/><\/p>\n<div class=\"su-expand su-expand-collapsed su-expand-link-style-underlined\" data-height=\"160\"><div class=\"su-expand-content su-u-trim\" style=\"color:#000;max-height:160px;overflow:hidden\">\n<p>L-Arginin ist eine bedingt essentielle Aminos\u00e4ure f\u00fcr eine gesunde Darmschleimhaut und schnelle Wundheilung. L-Arginin ist wichtig f\u00fcr ein funktionierendes Immunsystem, die Heilung von Gewebe, einen gesunden Blutkreislauf und eine gesteigerte Leistungsf\u00e4higkeit im Training. Diese mehrfachen Effekte sorgen f\u00fcr ein gesundes Pferd sowohl im Wettbewerb als auch bei der Z\u00fcchtung.<\/p>\n<\/div><div class=\"su-expand-link su-expand-link-more\" style=\"text-align:left\"><a href=\"javascript:;\" style=\"color:#000;border-color:#000\"><span style=\"border-color:#000\">Mehr anzeigen<\/span><\/a><\/div><div class=\"su-expand-link su-expand-link-less\" style=\"text-align:left\"><a href=\"javascript:;\" style=\"color:#000;border-color:#000\"><span style=\"border-color:#000\">Weniger anzeigen<\/span><\/a><\/div><\/div> <\/div><\/div>\n<div class=\"su-column su-column-size-1-5\"><div class=\"su-column-inner su-u-clearfix su-u-trim\">\n<h3>L-Threonin<\/h3>\n<p><img decoding=\"async\" src=\"http:\/\/www.succeed-equine.com\/wp-content\/uploads\/2016\/05\/l_theo.jpg\" alt=\"l_theo\" class=\"alignnone size-full\" \/><\/p>\n<div class=\"su-expand su-expand-collapsed su-expand-link-style-underlined\" data-height=\"160\"><div class=\"su-expand-content su-u-trim\" style=\"color:#000;max-height:160px;overflow:hidden\">\n<p>L-Threonin ist eine essentielle Aminos\u00e4ure und unerl\u00e4sslich f\u00fcr die Gesundheit des Verdauungstraktes. Bei Pferden tr\u00e4gt L-Threonin zu einem reibungslos arbeitenden Verdauungstrakt bei. Es unterst\u00fctzt ebenfalls den Stoffwechsel und die N\u00e4hrstoffaufnahme, w\u00e4hrend es gleichzeitig zur Schleimproduktion beitr\u00e4gt.<\/p>\n<p><a href=\"http:\/\/www.succeed-equine.com\/education\/l-threonine-for-horses\/\">Sehen Sie sich die Forschungsergebnisse \u00fcber L-Threonin und Verdauungsgesundheit an<\/a><\/p>\n<\/div><div class=\"su-expand-link su-expand-link-more\" style=\"text-align:left\"><a href=\"javascript:;\" style=\"color:#000;border-color:#000\"><span style=\"border-color:#000\">Mehr anzeigen<\/span><\/a><\/div><div class=\"su-expand-link su-expand-link-less\" style=\"text-align:left\"><a href=\"javascript:;\" style=\"color:#000;border-color:#000\"><span style=\"border-color:#000\">Weniger anzeigen<\/span><\/a><\/div><\/div> <\/div><\/div>\n<\/div>\n<\/div>\n<div class=\"product_labeling\">\n<h2 style=\"padding-bottom: 30px !important;\">Produktkennzeichnung und Zusammensetzung<\/h2>\n<div style=\"clear: both;\"><\/div>\n<div class=\"row\">\n<div class=\"large-4 medium-12 small-12 columns\">\n<p>Professionelle Pferdefreunde wissen auch, dass SUCCEED von strengen wissenschaftlichen Studien gest\u00fctzt wird. Und was am wichtigsten ist\u00a0\u2013 sie wissen, dass es wirklich wirkt. Forschungsdaten sind <a href=\"https:\/\/www.succeed-vet.com\/\">im SUCCEED-Tierarzt-Center verf\u00fcgbar.<\/a><\/p>\n<h3 class=\"callout\" style=\"letter-spacing: -.75px;\">Bereit, SUCCEED auszuprobieren? Ihr Tierarzt hilft Ihnen bei der Beschaffung.<\/h3>\n<\/div>\n<div class=\"large-8 medium-12 small-12 columns\">\n<div>\n<h4>Produktkennzeichnung:<\/h4>\n<p><a href=\"\/wp-content\/blogs.dir\/3\/files\/2017\/08\/succeed-euro-dcp-labels.pdf\" target=\"_blank\" rel=\"noopener\"><img decoding=\"async\" src=\"http:\/\/www.succeed-equine.com\/wp-content\/uploads\/2016\/05\/product_info1.jpg\" alt=\"product_info1\" class=\"alignnone size-full\" \/><\/a><\/p>\n<\/div>\n<div>\n<h4>Granulat:<\/h4>\n<p><a href=\"\/wp-content\/blogs.dir\/3\/files\/2017\/08\/succeed-euro-granules-composition-label.jpg\" target=\"_blank\" rel=\"noopener\"><img decoding=\"async\" src=\"https:\/\/www.succeed-equine.co.uk\/wp-content\/blogs.dir\/3\/files\/2011\/01\/granuals.jpg\" alt=\"granuals\" class=\"alignnone size-full\" \/><\/a><\/p>\n<\/div>\n<div>\n<h4>Paste:<\/h4>\n<p><a href=\"\/wp-content\/blogs.dir\/3\/files\/2017\/08\/succeed-euro-paste-composition-label.jpg\" target=\"_blank\" rel=\"noopener\"><img decoding=\"async\" src=\"https:\/\/www.succeed-equine.co.uk\/wp-content\/blogs.dir\/3\/files\/2011\/01\/paste.jpg\" alt=\"paste\" class=\"alignnone size-full\" \/><\/a><\/p>\n<\/div>\n<\/div>\n<\/div>\n<\/div>\n","protected":false},"excerpt":{"rendered":"<p>Wenn es um Gesundheit und Wohlbefinden geht, suchen professionelle Pferdefreunde nach professionellen Produkten. Das SUCCEED Digestive Conditioning Program trifft ins Schwarze. Wir bieten Ihnen Folgendes: Und Ihre Pferde werden es lieben, dass der nat\u00fcrliche Hafergeschmack [&hellip;]<\/p>\n","protected":false},"author":14,"featured_media":0,"parent":8085,"menu_order":0,"comment_status":"closed","ping_status":"closed","template":"","meta":{"_acf_changed":false,"footnotes":""},"class_list":["post-8125","page","type-page","status-publish","hentry"],"acf":[],"yoast_head":"<!-- This site is optimized with the Yoast SEO plugin v26.6 - https:\/\/yoast.com\/wordpress\/plugins\/seo\/ -->\n<title>nhaltsstoffe von SUCCEED f\u00fcr Pferde | SUCCEED Europa<\/title>\n<meta name=\"description\" content=\"SUCCEED wurde mit einem Fokus auf nat\u00fcrlich vorkommenden N\u00e4hrstoffen entwickelt, die f\u00fcr die Gesundheit des gesamten Pferde-Verdauungstraktes notwendig sind. Lesen Sie mehr \u00fcber die Inhaltsstoffe.\" \/>\n<meta name=\"robots\" content=\"index, follow, max-snippet:-1, max-image-preview:large, max-video-preview:-1\" \/>\n<link rel=\"canonical\" href=\"https:\/\/www.succeed-equine.co.uk\/de\/succeed-digestive-conditioning-program\/ingredients-succeed-digestive-conditioning-program\/\" \/>\n<meta property=\"og:locale\" content=\"de_DE\" \/>\n<meta property=\"og:type\" content=\"article\" \/>\n<meta property=\"og:title\" content=\"nhaltsstoffe von SUCCEED f\u00fcr Pferde | SUCCEED Europa\" \/>\n<meta property=\"og:description\" content=\"SUCCEED wurde mit einem Fokus auf nat\u00fcrlich vorkommenden N\u00e4hrstoffen entwickelt, die f\u00fcr die Gesundheit des gesamten Pferde-Verdauungstraktes notwendig sind. Lesen Sie mehr \u00fcber die Inhaltsstoffe.\" \/>\n<meta property=\"og:url\" content=\"https:\/\/www.succeed-equine.co.uk\/de\/succeed-digestive-conditioning-program\/ingredients-succeed-digestive-conditioning-program\/\" \/>\n<meta property=\"og:site_name\" content=\"SUCCEED Europe\" \/>\n<meta property=\"article:modified_time\" content=\"2018-01-11T01:25:26+00:00\" \/>\n<meta property=\"og:image\" content=\"http:\/\/www.succeed-equine.com\/wp-content\/uploads\/2016\/05\/oat_oil.jpg\" \/>\n<meta name=\"twitter:card\" content=\"summary_large_image\" \/>\n<meta name=\"twitter:label1\" content=\"Gesch\u00e4tzte Lesezeit\" \/>\n\t<meta name=\"twitter:data1\" content=\"4\u00a0Minuten\" \/>\n<script type=\"application\/ld+json\" class=\"yoast-schema-graph\">{\"@context\":\"https:\/\/schema.org\",\"@graph\":[{\"@type\":\"WebPage\",\"@id\":\"https:\/\/www.succeed-equine.co.uk\/de\/succeed-digestive-conditioning-program\/ingredients-succeed-digestive-conditioning-program\/\",\"url\":\"https:\/\/www.succeed-equine.co.uk\/de\/succeed-digestive-conditioning-program\/ingredients-succeed-digestive-conditioning-program\/\",\"name\":\"nhaltsstoffe von SUCCEED f\u00fcr Pferde | SUCCEED Europa\",\"isPartOf\":{\"@id\":\"https:\/\/www.succeed-equine.co.uk\/#website\"},\"primaryImageOfPage\":{\"@id\":\"https:\/\/www.succeed-equine.co.uk\/de\/succeed-digestive-conditioning-program\/ingredients-succeed-digestive-conditioning-program\/#primaryimage\"},\"image\":{\"@id\":\"https:\/\/www.succeed-equine.co.uk\/de\/succeed-digestive-conditioning-program\/ingredients-succeed-digestive-conditioning-program\/#primaryimage\"},\"thumbnailUrl\":\"http:\/\/www.succeed-equine.com\/wp-content\/uploads\/2016\/05\/oat_oil.jpg\",\"datePublished\":\"2017-11-18T19:40:58+00:00\",\"dateModified\":\"2018-01-11T01:25:26+00:00\",\"description\":\"SUCCEED wurde mit einem Fokus auf nat\u00fcrlich vorkommenden N\u00e4hrstoffen entwickelt, die f\u00fcr die Gesundheit des gesamten Pferde-Verdauungstraktes notwendig sind. Lesen Sie mehr \u00fcber die Inhaltsstoffe.\",\"breadcrumb\":{\"@id\":\"https:\/\/www.succeed-equine.co.uk\/de\/succeed-digestive-conditioning-program\/ingredients-succeed-digestive-conditioning-program\/#breadcrumb\"},\"inLanguage\":\"de\",\"potentialAction\":[{\"@type\":\"ReadAction\",\"target\":[\"https:\/\/www.succeed-equine.co.uk\/de\/succeed-digestive-conditioning-program\/ingredients-succeed-digestive-conditioning-program\/\"]}]},{\"@type\":\"ImageObject\",\"inLanguage\":\"de\",\"@id\":\"https:\/\/www.succeed-equine.co.uk\/de\/succeed-digestive-conditioning-program\/ingredients-succeed-digestive-conditioning-program\/#primaryimage\",\"url\":\"http:\/\/www.succeed-equine.com\/wp-content\/uploads\/2016\/05\/oat_oil.jpg\",\"contentUrl\":\"http:\/\/www.succeed-equine.com\/wp-content\/uploads\/2016\/05\/oat_oil.jpg\"},{\"@type\":\"BreadcrumbList\",\"@id\":\"https:\/\/www.succeed-equine.co.uk\/de\/succeed-digestive-conditioning-program\/ingredients-succeed-digestive-conditioning-program\/#breadcrumb\",\"itemListElement\":[{\"@type\":\"ListItem\",\"position\":1,\"name\":\"Home\",\"item\":\"https:\/\/www.succeed-equine.co.uk\/de\/\"},{\"@type\":\"ListItem\",\"position\":2,\"name\":\"\u00dcber das SUCCEED\u00ae Digestive Conditioning Program\",\"item\":\"https:\/\/www.succeed-equine.co.uk\/de\/succeed-digestive-conditioning-program\/\"},{\"@type\":\"ListItem\",\"position\":3,\"name\":\"Inhaltsstoffe des SUCCEED\u00ae Digestive Conditioning Program\"}]},{\"@type\":\"WebSite\",\"@id\":\"https:\/\/www.succeed-equine.co.uk\/#website\",\"url\":\"https:\/\/www.succeed-equine.co.uk\/\",\"name\":\"SUCCEED Europe\",\"description\":\"My horse at its best.\",\"potentialAction\":[{\"@type\":\"SearchAction\",\"target\":{\"@type\":\"EntryPoint\",\"urlTemplate\":\"https:\/\/www.succeed-equine.co.uk\/?s={search_term_string}\"},\"query-input\":{\"@type\":\"PropertyValueSpecification\",\"valueRequired\":true,\"valueName\":\"search_term_string\"}}],\"inLanguage\":\"de\"}]}<\/script>\n<!-- \/ Yoast SEO plugin. -->","yoast_head_json":{"title":"nhaltsstoffe von SUCCEED f\u00fcr Pferde | SUCCEED Europa","description":"SUCCEED wurde mit einem Fokus auf nat\u00fcrlich vorkommenden N\u00e4hrstoffen entwickelt, die f\u00fcr die Gesundheit des gesamten Pferde-Verdauungstraktes notwendig sind. Lesen Sie mehr \u00fcber die Inhaltsstoffe.","robots":{"index":"index","follow":"follow","max-snippet":"max-snippet:-1","max-image-preview":"max-image-preview:large","max-video-preview":"max-video-preview:-1"},"canonical":"https:\/\/www.succeed-equine.co.uk\/de\/succeed-digestive-conditioning-program\/ingredients-succeed-digestive-conditioning-program\/","og_locale":"de_DE","og_type":"article","og_title":"nhaltsstoffe von SUCCEED f\u00fcr Pferde | SUCCEED Europa","og_description":"SUCCEED wurde mit einem Fokus auf nat\u00fcrlich vorkommenden N\u00e4hrstoffen entwickelt, die f\u00fcr die Gesundheit des gesamten Pferde-Verdauungstraktes notwendig sind. Lesen Sie mehr \u00fcber die Inhaltsstoffe.","og_url":"https:\/\/www.succeed-equine.co.uk\/de\/succeed-digestive-conditioning-program\/ingredients-succeed-digestive-conditioning-program\/","og_site_name":"SUCCEED Europe","article_modified_time":"2018-01-11T01:25:26+00:00","og_image":[{"url":"http:\/\/www.succeed-equine.com\/wp-content\/uploads\/2016\/05\/oat_oil.jpg","type":"","width":"","height":""}],"twitter_card":"summary_large_image","twitter_misc":{"Gesch\u00e4tzte Lesezeit":"4\u00a0Minuten"},"schema":{"@context":"https:\/\/schema.org","@graph":[{"@type":"WebPage","@id":"https:\/\/www.succeed-equine.co.uk\/de\/succeed-digestive-conditioning-program\/ingredients-succeed-digestive-conditioning-program\/","url":"https:\/\/www.succeed-equine.co.uk\/de\/succeed-digestive-conditioning-program\/ingredients-succeed-digestive-conditioning-program\/","name":"nhaltsstoffe von SUCCEED f\u00fcr Pferde | SUCCEED Europa","isPartOf":{"@id":"https:\/\/www.succeed-equine.co.uk\/#website"},"primaryImageOfPage":{"@id":"https:\/\/www.succeed-equine.co.uk\/de\/succeed-digestive-conditioning-program\/ingredients-succeed-digestive-conditioning-program\/#primaryimage"},"image":{"@id":"https:\/\/www.succeed-equine.co.uk\/de\/succeed-digestive-conditioning-program\/ingredients-succeed-digestive-conditioning-program\/#primaryimage"},"thumbnailUrl":"http:\/\/www.succeed-equine.com\/wp-content\/uploads\/2016\/05\/oat_oil.jpg","datePublished":"2017-11-18T19:40:58+00:00","dateModified":"2018-01-11T01:25:26+00:00","description":"SUCCEED wurde mit einem Fokus auf nat\u00fcrlich vorkommenden N\u00e4hrstoffen entwickelt, die f\u00fcr die Gesundheit des gesamten Pferde-Verdauungstraktes notwendig sind. Lesen Sie mehr \u00fcber die Inhaltsstoffe.","breadcrumb":{"@id":"https:\/\/www.succeed-equine.co.uk\/de\/succeed-digestive-conditioning-program\/ingredients-succeed-digestive-conditioning-program\/#breadcrumb"},"inLanguage":"de","potentialAction":[{"@type":"ReadAction","target":["https:\/\/www.succeed-equine.co.uk\/de\/succeed-digestive-conditioning-program\/ingredients-succeed-digestive-conditioning-program\/"]}]},{"@type":"ImageObject","inLanguage":"de","@id":"https:\/\/www.succeed-equine.co.uk\/de\/succeed-digestive-conditioning-program\/ingredients-succeed-digestive-conditioning-program\/#primaryimage","url":"http:\/\/www.succeed-equine.com\/wp-content\/uploads\/2016\/05\/oat_oil.jpg","contentUrl":"http:\/\/www.succeed-equine.com\/wp-content\/uploads\/2016\/05\/oat_oil.jpg"},{"@type":"BreadcrumbList","@id":"https:\/\/www.succeed-equine.co.uk\/de\/succeed-digestive-conditioning-program\/ingredients-succeed-digestive-conditioning-program\/#breadcrumb","itemListElement":[{"@type":"ListItem","position":1,"name":"Home","item":"https:\/\/www.succeed-equine.co.uk\/de\/"},{"@type":"ListItem","position":2,"name":"\u00dcber das SUCCEED\u00ae Digestive Conditioning Program","item":"https:\/\/www.succeed-equine.co.uk\/de\/succeed-digestive-conditioning-program\/"},{"@type":"ListItem","position":3,"name":"Inhaltsstoffe des SUCCEED\u00ae Digestive Conditioning Program"}]},{"@type":"WebSite","@id":"https:\/\/www.succeed-equine.co.uk\/#website","url":"https:\/\/www.succeed-equine.co.uk\/","name":"SUCCEED Europe","description":"My horse at its best.","potentialAction":[{"@type":"SearchAction","target":{"@type":"EntryPoint","urlTemplate":"https:\/\/www.succeed-equine.co.uk\/?s={search_term_string}"},"query-input":{"@type":"PropertyValueSpecification","valueRequired":true,"valueName":"search_term_string"}}],"inLanguage":"de"}]}},"_links":{"self":[{"href":"https:\/\/www.succeed-equine.co.uk\/de\/wp-json\/wp\/v2\/pages\/8125","targetHints":{"allow":["GET"]}}],"collection":[{"href":"https:\/\/www.succeed-equine.co.uk\/de\/wp-json\/wp\/v2\/pages"}],"about":[{"href":"https:\/\/www.succeed-equine.co.uk\/de\/wp-json\/wp\/v2\/types\/page"}],"author":[{"embeddable":true,"href":"https:\/\/www.succeed-equine.co.uk\/de\/wp-json\/wp\/v2\/users\/14"}],"replies":[{"embeddable":true,"href":"https:\/\/www.succeed-equine.co.uk\/de\/wp-json\/wp\/v2\/comments?post=8125"}],"version-history":[{"count":0,"href":"https:\/\/www.succeed-equine.co.uk\/de\/wp-json\/wp\/v2\/pages\/8125\/revisions"}],"up":[{"embeddable":true,"href":"https:\/\/www.succeed-equine.co.uk\/de\/wp-json\/wp\/v2\/pages\/8085"}],"wp:attachment":[{"href":"https:\/\/www.succeed-equine.co.uk\/de\/wp-json\/wp\/v2\/media?parent=8125"}],"curies":[{"name":"wp","href":"https:\/\/api.w.org\/{rel}","templated":true}]}}