{"id":8139,"date":"2017-11-19T23:30:09","date_gmt":"2017-11-19T23:30:09","guid":{"rendered":"https:\/\/www.succeed-equine.co.uk\/?page_id=8139"},"modified":"2018-02-23T20:40:52","modified_gmt":"2018-02-23T20:40:52","slug":"produktvarianten","status":"publish","type":"page","link":"https:\/\/www.succeed-equine.co.uk\/de\/succeed-digestive-conditioning-program\/produktvarianten\/","title":{"rendered":"Produktvarianten"},"content":{"rendered":"<p>Egal ob Sie nur ein Pferd oder mehrere besitzen, ob Sie sie auf einem Fremdgut oder zu Hause halten, wir haben ein <a href=\"\/?page_id=8085\">SUCCEED<\/a>-Produkt, das zu Ihrem Verwaltungsprogramm passt.<\/p>\n<div class=\"dig-pro\"><div class=\"su-row\">\n<div class=\"su-column su-column-size-1-2\"><div class=\"su-column-inner su-u-clearfix su-u-trim\">\n<img decoding=\"async\" src=\"https:\/\/www.succeed-equine.co.uk\/wp-content\/blogs.dir\/3\/files\/2016\/03\/oral-paste.png\" alt=\"oral-paste\" class=\"aligncenter size-full\" \/><\/p>\n<h2 style=\"font-size: 26px !important; font-weight: 400 !important;\">SUCCEED\u00ae Digestive Conditioning Program Oralpaste<\/h2>\n<p>Ideal f\u00fcr w\u00e4hlerische Esser oder um ein Pferd in die Behandlung einzuf\u00fchren.<\/p>\n<p>30\u00a0Maulspritzen pro Karton<\/p>\n<p>1\u00a0Portion (27\u00a0g) pro Maulspritze<\/p>\n<\/div><\/div>\n<div class=\"su-column su-column-size-1-2\"><div class=\"su-column-inner su-u-clearfix su-u-trim\">\n<div class=\"su-spacer\" style=\"height:15px\"><\/div>\n<img decoding=\"async\" src=\"https:\/\/www.succeed-equine.co.uk\/wp-content\/blogs.dir\/3\/files\/2016\/03\/top-dress-granules.png\" alt=\"top-dress-granules\" class=\"aligncenter size-full\" \/><br \/>\n<div class=\"su-spacer\" style=\"height:15px\"><\/div>\n<h2 style=\"font-size: 26px !important; font-weight: 400 !important;\">SUCCEED\u00ae Digestive Conditioning Program Granulat<\/h2>\n<p>Ideal f\u00fcr die Top-Dressing-F\u00fctterung, den Gro\u00dfeinkauf oder f\u00fcr mehrere Pferde.<\/p>\n<p>Verf\u00fcgbare Gr\u00f6\u00dfen:<\/p>\n<p>30\u00a0Tage\u00a0| 60\u00a0Tage\u00a0| 180\u00a0Tage<\/p>\n<\/div><\/div>\n<\/div>\n<\/div>\n<hr \/>\n<div class=\"su-spacer\" style=\"height:20px\"><\/div>\n<h3 class=\"callout\">Bereit, SUCCEED auszuprobieren? Ihr Tierarzt hilft Ihnen bei der Beschaffung.<\/h3>\n","protected":false},"excerpt":{"rendered":"<p>Egal ob Sie nur ein Pferd oder mehrere besitzen, ob Sie sie auf einem Fremdgut oder zu Hause halten, wir haben ein SUCCEED-Produkt, das zu Ihrem Verwaltungsprogramm passt. Bereit, SUCCEED auszuprobieren? Ihr Tierarzt hilft Ihnen [&hellip;]<\/p>\n","protected":false},"author":14,"featured_media":0,"parent":8085,"menu_order":0,"comment_status":"closed","ping_status":"closed","template":"","meta":{"_acf_changed":false,"footnotes":""},"class_list":["post-8139","page","type-page","status-publish","hentry"],"acf":[],"yoast_head":"<!-- This site is optimized with the Yoast SEO plugin v26.6 - https:\/\/yoast.com\/wordpress\/plugins\/seo\/ -->\n<title>Produktvarianten und Gr\u00f6\u00dfen von SUCCEED f\u00fcr Pferde | SUCCEED Europa<\/title>\n<meta name=\"description\" content=\"Egal ob Sie nur ein Pferd oder mehrere besitzen, ob Sie sie auf einem Fremdgut oder zu Hause halten, wir haben ein SUCCEED-Produkt, das zu Ihrem Verwaltungsprogramm passt.\" \/>\n<meta name=\"robots\" content=\"index, follow, max-snippet:-1, max-image-preview:large, max-video-preview:-1\" \/>\n<link rel=\"canonical\" href=\"https:\/\/www.succeed-equine.co.uk\/de\/succeed-digestive-conditioning-program\/produktvarianten\/\" \/>\n<meta property=\"og:locale\" content=\"de_DE\" \/>\n<meta property=\"og:type\" content=\"article\" \/>\n<meta property=\"og:title\" content=\"Produktvarianten und Gr\u00f6\u00dfen von SUCCEED f\u00fcr Pferde | SUCCEED Europa\" \/>\n<meta property=\"og:description\" content=\"Egal ob Sie nur ein Pferd oder mehrere besitzen, ob Sie sie auf einem Fremdgut oder zu Hause halten, wir haben ein SUCCEED-Produkt, das zu Ihrem Verwaltungsprogramm passt.\" \/>\n<meta property=\"og:url\" content=\"https:\/\/www.succeed-equine.co.uk\/de\/succeed-digestive-conditioning-program\/produktvarianten\/\" \/>\n<meta property=\"og:site_name\" content=\"SUCCEED Europe\" \/>\n<meta property=\"article:modified_time\" content=\"2018-02-23T20:40:52+00:00\" \/>\n<meta property=\"og:image\" content=\"https:\/\/www.succeed-equine.co.uk\/wp-content\/blogs.dir\/3\/files\/2016\/03\/oral-paste.png\" \/>\n<meta name=\"twitter:card\" content=\"summary_large_image\" \/>\n<meta name=\"twitter:label1\" content=\"Gesch\u00e4tzte Lesezeit\" \/>\n\t<meta name=\"twitter:data1\" content=\"1\u00a0Minute\" \/>\n<script type=\"application\/ld+json\" class=\"yoast-schema-graph\">{\"@context\":\"https:\/\/schema.org\",\"@graph\":[{\"@type\":\"WebPage\",\"@id\":\"https:\/\/www.succeed-equine.co.uk\/de\/succeed-digestive-conditioning-program\/produktvarianten\/\",\"url\":\"https:\/\/www.succeed-equine.co.uk\/de\/succeed-digestive-conditioning-program\/produktvarianten\/\",\"name\":\"Produktvarianten und Gr\u00f6\u00dfen von SUCCEED f\u00fcr Pferde | SUCCEED Europa\",\"isPartOf\":{\"@id\":\"https:\/\/www.succeed-equine.co.uk\/#website\"},\"primaryImageOfPage\":{\"@id\":\"https:\/\/www.succeed-equine.co.uk\/de\/succeed-digestive-conditioning-program\/produktvarianten\/#primaryimage\"},\"image\":{\"@id\":\"https:\/\/www.succeed-equine.co.uk\/de\/succeed-digestive-conditioning-program\/produktvarianten\/#primaryimage\"},\"thumbnailUrl\":\"https:\/\/www.succeed-equine.co.uk\/wp-content\/blogs.dir\/3\/files\/2016\/03\/oral-paste.png\",\"datePublished\":\"2017-11-19T23:30:09+00:00\",\"dateModified\":\"2018-02-23T20:40:52+00:00\",\"description\":\"Egal ob Sie nur ein Pferd oder mehrere besitzen, ob Sie sie auf einem Fremdgut oder zu Hause halten, wir haben ein SUCCEED-Produkt, das zu Ihrem Verwaltungsprogramm passt.\",\"breadcrumb\":{\"@id\":\"https:\/\/www.succeed-equine.co.uk\/de\/succeed-digestive-conditioning-program\/produktvarianten\/#breadcrumb\"},\"inLanguage\":\"de\",\"potentialAction\":[{\"@type\":\"ReadAction\",\"target\":[\"https:\/\/www.succeed-equine.co.uk\/de\/succeed-digestive-conditioning-program\/produktvarianten\/\"]}]},{\"@type\":\"ImageObject\",\"inLanguage\":\"de\",\"@id\":\"https:\/\/www.succeed-equine.co.uk\/de\/succeed-digestive-conditioning-program\/produktvarianten\/#primaryimage\",\"url\":\"https:\/\/www.succeed-equine.co.uk\/wp-content\/blogs.dir\/3\/files\/2016\/03\/oral-paste.png\",\"contentUrl\":\"https:\/\/www.succeed-equine.co.uk\/wp-content\/blogs.dir\/3\/files\/2016\/03\/oral-paste.png\"},{\"@type\":\"BreadcrumbList\",\"@id\":\"https:\/\/www.succeed-equine.co.uk\/de\/succeed-digestive-conditioning-program\/produktvarianten\/#breadcrumb\",\"itemListElement\":[{\"@type\":\"ListItem\",\"position\":1,\"name\":\"Home\",\"item\":\"https:\/\/www.succeed-equine.co.uk\/de\/\"},{\"@type\":\"ListItem\",\"position\":2,\"name\":\"\u00dcber das SUCCEED\u00ae Digestive Conditioning Program\",\"item\":\"https:\/\/www.succeed-equine.co.uk\/de\/succeed-digestive-conditioning-program\/\"},{\"@type\":\"ListItem\",\"position\":3,\"name\":\"Produktvarianten\"}]},{\"@type\":\"WebSite\",\"@id\":\"https:\/\/www.succeed-equine.co.uk\/#website\",\"url\":\"https:\/\/www.succeed-equine.co.uk\/\",\"name\":\"SUCCEED Europe\",\"description\":\"My horse at its best.\",\"potentialAction\":[{\"@type\":\"SearchAction\",\"target\":{\"@type\":\"EntryPoint\",\"urlTemplate\":\"https:\/\/www.succeed-equine.co.uk\/?s={search_term_string}\"},\"query-input\":{\"@type\":\"PropertyValueSpecification\",\"valueRequired\":true,\"valueName\":\"search_term_string\"}}],\"inLanguage\":\"de\"}]}<\/script>\n<!-- \/ Yoast SEO plugin. -->","yoast_head_json":{"title":"Produktvarianten und Gr\u00f6\u00dfen von SUCCEED f\u00fcr Pferde | SUCCEED Europa","description":"Egal ob Sie nur ein Pferd oder mehrere besitzen, ob Sie sie auf einem Fremdgut oder zu Hause halten, wir haben ein SUCCEED-Produkt, das zu Ihrem Verwaltungsprogramm passt.","robots":{"index":"index","follow":"follow","max-snippet":"max-snippet:-1","max-image-preview":"max-image-preview:large","max-video-preview":"max-video-preview:-1"},"canonical":"https:\/\/www.succeed-equine.co.uk\/de\/succeed-digestive-conditioning-program\/produktvarianten\/","og_locale":"de_DE","og_type":"article","og_title":"Produktvarianten und Gr\u00f6\u00dfen von SUCCEED f\u00fcr Pferde | SUCCEED Europa","og_description":"Egal ob Sie nur ein Pferd oder mehrere besitzen, ob Sie sie auf einem Fremdgut oder zu Hause halten, wir haben ein SUCCEED-Produkt, das zu Ihrem Verwaltungsprogramm passt.","og_url":"https:\/\/www.succeed-equine.co.uk\/de\/succeed-digestive-conditioning-program\/produktvarianten\/","og_site_name":"SUCCEED Europe","article_modified_time":"2018-02-23T20:40:52+00:00","og_image":[{"url":"https:\/\/www.succeed-equine.co.uk\/wp-content\/blogs.dir\/3\/files\/2016\/03\/oral-paste.png","type":"","width":"","height":""}],"twitter_card":"summary_large_image","twitter_misc":{"Gesch\u00e4tzte Lesezeit":"1\u00a0Minute"},"schema":{"@context":"https:\/\/schema.org","@graph":[{"@type":"WebPage","@id":"https:\/\/www.succeed-equine.co.uk\/de\/succeed-digestive-conditioning-program\/produktvarianten\/","url":"https:\/\/www.succeed-equine.co.uk\/de\/succeed-digestive-conditioning-program\/produktvarianten\/","name":"Produktvarianten und Gr\u00f6\u00dfen von SUCCEED f\u00fcr Pferde | SUCCEED Europa","isPartOf":{"@id":"https:\/\/www.succeed-equine.co.uk\/#website"},"primaryImageOfPage":{"@id":"https:\/\/www.succeed-equine.co.uk\/de\/succeed-digestive-conditioning-program\/produktvarianten\/#primaryimage"},"image":{"@id":"https:\/\/www.succeed-equine.co.uk\/de\/succeed-digestive-conditioning-program\/produktvarianten\/#primaryimage"},"thumbnailUrl":"https:\/\/www.succeed-equine.co.uk\/wp-content\/blogs.dir\/3\/files\/2016\/03\/oral-paste.png","datePublished":"2017-11-19T23:30:09+00:00","dateModified":"2018-02-23T20:40:52+00:00","description":"Egal ob Sie nur ein Pferd oder mehrere besitzen, ob Sie sie auf einem Fremdgut oder zu Hause halten, wir haben ein SUCCEED-Produkt, das zu Ihrem Verwaltungsprogramm passt.","breadcrumb":{"@id":"https:\/\/www.succeed-equine.co.uk\/de\/succeed-digestive-conditioning-program\/produktvarianten\/#breadcrumb"},"inLanguage":"de","potentialAction":[{"@type":"ReadAction","target":["https:\/\/www.succeed-equine.co.uk\/de\/succeed-digestive-conditioning-program\/produktvarianten\/"]}]},{"@type":"ImageObject","inLanguage":"de","@id":"https:\/\/www.succeed-equine.co.uk\/de\/succeed-digestive-conditioning-program\/produktvarianten\/#primaryimage","url":"https:\/\/www.succeed-equine.co.uk\/wp-content\/blogs.dir\/3\/files\/2016\/03\/oral-paste.png","contentUrl":"https:\/\/www.succeed-equine.co.uk\/wp-content\/blogs.dir\/3\/files\/2016\/03\/oral-paste.png"},{"@type":"BreadcrumbList","@id":"https:\/\/www.succeed-equine.co.uk\/de\/succeed-digestive-conditioning-program\/produktvarianten\/#breadcrumb","itemListElement":[{"@type":"ListItem","position":1,"name":"Home","item":"https:\/\/www.succeed-equine.co.uk\/de\/"},{"@type":"ListItem","position":2,"name":"\u00dcber das SUCCEED\u00ae Digestive Conditioning Program","item":"https:\/\/www.succeed-equine.co.uk\/de\/succeed-digestive-conditioning-program\/"},{"@type":"ListItem","position":3,"name":"Produktvarianten"}]},{"@type":"WebSite","@id":"https:\/\/www.succeed-equine.co.uk\/#website","url":"https:\/\/www.succeed-equine.co.uk\/","name":"SUCCEED Europe","description":"My horse at its best.","potentialAction":[{"@type":"SearchAction","target":{"@type":"EntryPoint","urlTemplate":"https:\/\/www.succeed-equine.co.uk\/?s={search_term_string}"},"query-input":{"@type":"PropertyValueSpecification","valueRequired":true,"valueName":"search_term_string"}}],"inLanguage":"de"}]}},"_links":{"self":[{"href":"https:\/\/www.succeed-equine.co.uk\/de\/wp-json\/wp\/v2\/pages\/8139","targetHints":{"allow":["GET"]}}],"collection":[{"href":"https:\/\/www.succeed-equine.co.uk\/de\/wp-json\/wp\/v2\/pages"}],"about":[{"href":"https:\/\/www.succeed-equine.co.uk\/de\/wp-json\/wp\/v2\/types\/page"}],"author":[{"embeddable":true,"href":"https:\/\/www.succeed-equine.co.uk\/de\/wp-json\/wp\/v2\/users\/14"}],"replies":[{"embeddable":true,"href":"https:\/\/www.succeed-equine.co.uk\/de\/wp-json\/wp\/v2\/comments?post=8139"}],"version-history":[{"count":0,"href":"https:\/\/www.succeed-equine.co.uk\/de\/wp-json\/wp\/v2\/pages\/8139\/revisions"}],"up":[{"embeddable":true,"href":"https:\/\/www.succeed-equine.co.uk\/de\/wp-json\/wp\/v2\/pages\/8085"}],"wp:attachment":[{"href":"https:\/\/www.succeed-equine.co.uk\/de\/wp-json\/wp\/v2\/media?parent=8139"}],"curies":[{"name":"wp","href":"https:\/\/api.w.org\/{rel}","templated":true}]}}