{"id":8155,"date":"2017-11-19T23:59:25","date_gmt":"2017-11-19T23:59:25","guid":{"rendered":"https:\/\/www.succeed-equine.co.uk\/?page_id=8155"},"modified":"2018-02-23T20:54:29","modified_gmt":"2018-02-23T20:54:29","slug":"anwendung-von-succeed","status":"publish","type":"page","link":"https:\/\/www.succeed-equine.co.uk\/de\/succeed-digestive-conditioning-program\/anwendung-von-succeed\/","title":{"rendered":"Anwendung von SUCCEED\u00ae"},"content":{"rendered":"<p>Es ist wichtig, einen gesunden Grundzustand Ihrer Pferde und deren Verdauung sicherzustellen. Und mit <a href=\"https:\/\/www.succeed-equine.co.uk\/de\/succeed-digestive-conditioning-program\/\">SUCCEED<\/a> ist es auch noch leicht. Es braucht nur eine Gabe von SUCCEED t\u00e4glich mit dem normalen Futter. Das war\u2018s. Keine besondere Vermengung. Kein komplizierter F\u00fctterungsplan.<\/p>\n<p><img decoding=\"async\" src=\"https:\/\/www.succeed-equine.co.uk\/wp-content\/blogs.dir\/3\/files\/2010\/09\/using-succeed.jpg\" alt=\"how to use succeed\" class=\"size-full aligncenter\" \/><\/p>\n<div class=\"su-row\">\n<div class=\"su-column su-column-size-1-6\"><div class=\"su-column-inner su-u-clearfix su-u-trim\">\n<img decoding=\"async\" src=\"http:\/\/www.succeed-equine.com\/wp-content\/uploads\/2010\/09\/succeed-instructions.png\" alt=\"succeed-instructions\" class=\"alignnone size-full\" \/><br \/>\n<\/div><\/div>\n<div class=\"su-column su-column-size-1-3\"><div class=\"su-column-inner su-u-clearfix su-u-trim\">\n<h2>Gebrauchsanweisungen<\/h2>\n<p>Wie Sie SUCCEED-Paste oder Granulat anwenden, plus F\u00fctterungstipps f\u00fcr beste Ergebnisse und empfohlene Portionsgr\u00f6\u00dfen.<\/p>\n<p><a href=\"\/?page_id=8179\">Mehr erfahren<\/a><br \/>\n<\/div><\/div>\n<div class=\"su-column su-column-size-1-6\"><div class=\"su-column-inner su-u-clearfix su-u-trim\">\n<img decoding=\"async\" src=\"http:\/\/www.succeed-equine.com\/wp-content\/uploads\/2010\/09\/storage-handling.png\" alt=\"storage-handling\" class=\"alignnone size-full\" \/><br \/>\n<\/div><\/div>\n<div class=\"su-column su-column-size-1-3\"><div class=\"su-column-inner su-u-clearfix su-u-trim\">\n<h2>Lagerung und Handhabung<\/h2>\n<p>Wie Sie SUCCEED richtig lagern und handhaben, plus Informationen \u00fcber Produktkonsistenz und Haltbarkeitsdauer.<\/p>\n<p><a href=\"\/?page_id=8194\">Mehr erfahren<\/a><br \/>\n<\/div><\/div>\n<\/div>\n<div class=\"su-row\">\n<div class=\"su-column su-column-size-1-6\"><div class=\"su-column-inner su-u-clearfix su-u-trim\">\n<img decoding=\"async\" src=\"http:\/\/www.succeed-equine.com\/wp-content\/uploads\/2010\/09\/faq.png\" alt=\"faq\" class=\"alignnone size-full\" \/><br \/>\n<\/div><\/div>\n<div class=\"su-column su-column-size-5-6\"><div class=\"su-column-inner su-u-clearfix su-u-trim\">\n<h2 style=\"font-size: 31px;\">H\u00e4ufig gestellte Fragen<\/h2>\n<p>Sie haben weitere Fragen? Sehen Sie sich unsere ausf\u00fchrlichen FAQs an, die h\u00e4ufig gestellte Fragen und Antworten enthalten, die wir von Reiter(inne)n wie Ihnen selbst erhalten.<\/p>\n<p><a href=\"\/?page_id=8209\">Mehr erfahren<\/a><\/p>\n<\/div><\/div>\n<\/div>\n","protected":false},"excerpt":{"rendered":"<p>Es ist wichtig, einen gesunden Grundzustand Ihrer Pferde und deren Verdauung sicherzustellen. Und mit SUCCEED ist es auch noch leicht. Es braucht nur eine Gabe von SUCCEED t\u00e4glich mit dem normalen Futter. Das war\u2018s. Keine [&hellip;]<\/p>\n","protected":false},"author":14,"featured_media":0,"parent":8085,"menu_order":0,"comment_status":"closed","ping_status":"closed","template":"","meta":{"_acf_changed":false,"footnotes":""},"class_list":["post-8155","page","type-page","status-publish","hentry"],"acf":[],"yoast_head":"<!-- This site is optimized with the Yoast SEO plugin v26.6 - https:\/\/yoast.com\/wordpress\/plugins\/seo\/ -->\n<title>Anwendung von SUCCEED f\u00fcr die Steuerung der Verdauungsgesundheit | SUCCEED Europa<\/title>\n<meta name=\"description\" content=\"Verabreichen Sie Ihrem Pferd ganz einfach eine Portion SUCCEED t\u00e4glich zusammen mit dem normalen Futter. Verf\u00fcgbar als einfach anzuwendende Oralpaste sowie als Granulat f\u00fcr Top-Dressing-Futter.\" \/>\n<meta name=\"robots\" content=\"index, follow, max-snippet:-1, max-image-preview:large, max-video-preview:-1\" \/>\n<link rel=\"canonical\" href=\"https:\/\/www.succeed-equine.co.uk\/de\/succeed-digestive-conditioning-program\/anwendung-von-succeed\/\" \/>\n<meta property=\"og:locale\" content=\"de_DE\" \/>\n<meta property=\"og:type\" content=\"article\" \/>\n<meta property=\"og:title\" content=\"Anwendung von SUCCEED f\u00fcr die Steuerung der Verdauungsgesundheit | SUCCEED Europa\" \/>\n<meta property=\"og:description\" content=\"Verabreichen Sie Ihrem Pferd ganz einfach eine Portion SUCCEED t\u00e4glich zusammen mit dem normalen Futter. Verf\u00fcgbar als einfach anzuwendende Oralpaste sowie als Granulat f\u00fcr Top-Dressing-Futter.\" \/>\n<meta property=\"og:url\" content=\"https:\/\/www.succeed-equine.co.uk\/de\/succeed-digestive-conditioning-program\/anwendung-von-succeed\/\" \/>\n<meta property=\"og:site_name\" content=\"SUCCEED Europe\" \/>\n<meta property=\"article:modified_time\" content=\"2018-02-23T20:54:29+00:00\" \/>\n<meta property=\"og:image\" content=\"https:\/\/www.succeed-equine.co.uk\/wp-content\/blogs.dir\/3\/files\/2010\/09\/using-succeed.jpg\" \/>\n<meta name=\"twitter:card\" content=\"summary_large_image\" \/>\n<meta name=\"twitter:label1\" content=\"Gesch\u00e4tzte Lesezeit\" \/>\n\t<meta name=\"twitter:data1\" content=\"1\u00a0Minute\" \/>\n<script type=\"application\/ld+json\" class=\"yoast-schema-graph\">{\"@context\":\"https:\/\/schema.org\",\"@graph\":[{\"@type\":\"WebPage\",\"@id\":\"https:\/\/www.succeed-equine.co.uk\/de\/succeed-digestive-conditioning-program\/anwendung-von-succeed\/\",\"url\":\"https:\/\/www.succeed-equine.co.uk\/de\/succeed-digestive-conditioning-program\/anwendung-von-succeed\/\",\"name\":\"Anwendung von SUCCEED f\u00fcr die Steuerung der Verdauungsgesundheit | SUCCEED Europa\",\"isPartOf\":{\"@id\":\"https:\/\/www.succeed-equine.co.uk\/#website\"},\"primaryImageOfPage\":{\"@id\":\"https:\/\/www.succeed-equine.co.uk\/de\/succeed-digestive-conditioning-program\/anwendung-von-succeed\/#primaryimage\"},\"image\":{\"@id\":\"https:\/\/www.succeed-equine.co.uk\/de\/succeed-digestive-conditioning-program\/anwendung-von-succeed\/#primaryimage\"},\"thumbnailUrl\":\"https:\/\/www.succeed-equine.co.uk\/wp-content\/blogs.dir\/3\/files\/2010\/09\/using-succeed.jpg\",\"datePublished\":\"2017-11-19T23:59:25+00:00\",\"dateModified\":\"2018-02-23T20:54:29+00:00\",\"description\":\"Verabreichen Sie Ihrem Pferd ganz einfach eine Portion SUCCEED t\u00e4glich zusammen mit dem normalen Futter. Verf\u00fcgbar als einfach anzuwendende Oralpaste sowie als Granulat f\u00fcr Top-Dressing-Futter.\",\"breadcrumb\":{\"@id\":\"https:\/\/www.succeed-equine.co.uk\/de\/succeed-digestive-conditioning-program\/anwendung-von-succeed\/#breadcrumb\"},\"inLanguage\":\"de\",\"potentialAction\":[{\"@type\":\"ReadAction\",\"target\":[\"https:\/\/www.succeed-equine.co.uk\/de\/succeed-digestive-conditioning-program\/anwendung-von-succeed\/\"]}]},{\"@type\":\"ImageObject\",\"inLanguage\":\"de\",\"@id\":\"https:\/\/www.succeed-equine.co.uk\/de\/succeed-digestive-conditioning-program\/anwendung-von-succeed\/#primaryimage\",\"url\":\"https:\/\/www.succeed-equine.co.uk\/wp-content\/blogs.dir\/3\/files\/2010\/09\/using-succeed.jpg\",\"contentUrl\":\"https:\/\/www.succeed-equine.co.uk\/wp-content\/blogs.dir\/3\/files\/2010\/09\/using-succeed.jpg\"},{\"@type\":\"BreadcrumbList\",\"@id\":\"https:\/\/www.succeed-equine.co.uk\/de\/succeed-digestive-conditioning-program\/anwendung-von-succeed\/#breadcrumb\",\"itemListElement\":[{\"@type\":\"ListItem\",\"position\":1,\"name\":\"Home\",\"item\":\"https:\/\/www.succeed-equine.co.uk\/de\/\"},{\"@type\":\"ListItem\",\"position\":2,\"name\":\"\u00dcber das SUCCEED\u00ae Digestive Conditioning Program\",\"item\":\"https:\/\/www.succeed-equine.co.uk\/de\/succeed-digestive-conditioning-program\/\"},{\"@type\":\"ListItem\",\"position\":3,\"name\":\"Anwendung von SUCCEED\u00ae\"}]},{\"@type\":\"WebSite\",\"@id\":\"https:\/\/www.succeed-equine.co.uk\/#website\",\"url\":\"https:\/\/www.succeed-equine.co.uk\/\",\"name\":\"SUCCEED Europe\",\"description\":\"My horse at its best.\",\"potentialAction\":[{\"@type\":\"SearchAction\",\"target\":{\"@type\":\"EntryPoint\",\"urlTemplate\":\"https:\/\/www.succeed-equine.co.uk\/?s={search_term_string}\"},\"query-input\":{\"@type\":\"PropertyValueSpecification\",\"valueRequired\":true,\"valueName\":\"search_term_string\"}}],\"inLanguage\":\"de\"}]}<\/script>\n<!-- \/ Yoast SEO plugin. -->","yoast_head_json":{"title":"Anwendung von SUCCEED f\u00fcr die Steuerung der Verdauungsgesundheit | SUCCEED Europa","description":"Verabreichen Sie Ihrem Pferd ganz einfach eine Portion SUCCEED t\u00e4glich zusammen mit dem normalen Futter. Verf\u00fcgbar als einfach anzuwendende Oralpaste sowie als Granulat f\u00fcr Top-Dressing-Futter.","robots":{"index":"index","follow":"follow","max-snippet":"max-snippet:-1","max-image-preview":"max-image-preview:large","max-video-preview":"max-video-preview:-1"},"canonical":"https:\/\/www.succeed-equine.co.uk\/de\/succeed-digestive-conditioning-program\/anwendung-von-succeed\/","og_locale":"de_DE","og_type":"article","og_title":"Anwendung von SUCCEED f\u00fcr die Steuerung der Verdauungsgesundheit | SUCCEED Europa","og_description":"Verabreichen Sie Ihrem Pferd ganz einfach eine Portion SUCCEED t\u00e4glich zusammen mit dem normalen Futter. Verf\u00fcgbar als einfach anzuwendende Oralpaste sowie als Granulat f\u00fcr Top-Dressing-Futter.","og_url":"https:\/\/www.succeed-equine.co.uk\/de\/succeed-digestive-conditioning-program\/anwendung-von-succeed\/","og_site_name":"SUCCEED Europe","article_modified_time":"2018-02-23T20:54:29+00:00","og_image":[{"url":"https:\/\/www.succeed-equine.co.uk\/wp-content\/blogs.dir\/3\/files\/2010\/09\/using-succeed.jpg","type":"","width":"","height":""}],"twitter_card":"summary_large_image","twitter_misc":{"Gesch\u00e4tzte Lesezeit":"1\u00a0Minute"},"schema":{"@context":"https:\/\/schema.org","@graph":[{"@type":"WebPage","@id":"https:\/\/www.succeed-equine.co.uk\/de\/succeed-digestive-conditioning-program\/anwendung-von-succeed\/","url":"https:\/\/www.succeed-equine.co.uk\/de\/succeed-digestive-conditioning-program\/anwendung-von-succeed\/","name":"Anwendung von SUCCEED f\u00fcr die Steuerung der Verdauungsgesundheit | SUCCEED Europa","isPartOf":{"@id":"https:\/\/www.succeed-equine.co.uk\/#website"},"primaryImageOfPage":{"@id":"https:\/\/www.succeed-equine.co.uk\/de\/succeed-digestive-conditioning-program\/anwendung-von-succeed\/#primaryimage"},"image":{"@id":"https:\/\/www.succeed-equine.co.uk\/de\/succeed-digestive-conditioning-program\/anwendung-von-succeed\/#primaryimage"},"thumbnailUrl":"https:\/\/www.succeed-equine.co.uk\/wp-content\/blogs.dir\/3\/files\/2010\/09\/using-succeed.jpg","datePublished":"2017-11-19T23:59:25+00:00","dateModified":"2018-02-23T20:54:29+00:00","description":"Verabreichen Sie Ihrem Pferd ganz einfach eine Portion SUCCEED t\u00e4glich zusammen mit dem normalen Futter. Verf\u00fcgbar als einfach anzuwendende Oralpaste sowie als Granulat f\u00fcr Top-Dressing-Futter.","breadcrumb":{"@id":"https:\/\/www.succeed-equine.co.uk\/de\/succeed-digestive-conditioning-program\/anwendung-von-succeed\/#breadcrumb"},"inLanguage":"de","potentialAction":[{"@type":"ReadAction","target":["https:\/\/www.succeed-equine.co.uk\/de\/succeed-digestive-conditioning-program\/anwendung-von-succeed\/"]}]},{"@type":"ImageObject","inLanguage":"de","@id":"https:\/\/www.succeed-equine.co.uk\/de\/succeed-digestive-conditioning-program\/anwendung-von-succeed\/#primaryimage","url":"https:\/\/www.succeed-equine.co.uk\/wp-content\/blogs.dir\/3\/files\/2010\/09\/using-succeed.jpg","contentUrl":"https:\/\/www.succeed-equine.co.uk\/wp-content\/blogs.dir\/3\/files\/2010\/09\/using-succeed.jpg"},{"@type":"BreadcrumbList","@id":"https:\/\/www.succeed-equine.co.uk\/de\/succeed-digestive-conditioning-program\/anwendung-von-succeed\/#breadcrumb","itemListElement":[{"@type":"ListItem","position":1,"name":"Home","item":"https:\/\/www.succeed-equine.co.uk\/de\/"},{"@type":"ListItem","position":2,"name":"\u00dcber das SUCCEED\u00ae Digestive Conditioning Program","item":"https:\/\/www.succeed-equine.co.uk\/de\/succeed-digestive-conditioning-program\/"},{"@type":"ListItem","position":3,"name":"Anwendung von SUCCEED\u00ae"}]},{"@type":"WebSite","@id":"https:\/\/www.succeed-equine.co.uk\/#website","url":"https:\/\/www.succeed-equine.co.uk\/","name":"SUCCEED Europe","description":"My horse at its best.","potentialAction":[{"@type":"SearchAction","target":{"@type":"EntryPoint","urlTemplate":"https:\/\/www.succeed-equine.co.uk\/?s={search_term_string}"},"query-input":{"@type":"PropertyValueSpecification","valueRequired":true,"valueName":"search_term_string"}}],"inLanguage":"de"}]}},"_links":{"self":[{"href":"https:\/\/www.succeed-equine.co.uk\/de\/wp-json\/wp\/v2\/pages\/8155","targetHints":{"allow":["GET"]}}],"collection":[{"href":"https:\/\/www.succeed-equine.co.uk\/de\/wp-json\/wp\/v2\/pages"}],"about":[{"href":"https:\/\/www.succeed-equine.co.uk\/de\/wp-json\/wp\/v2\/types\/page"}],"author":[{"embeddable":true,"href":"https:\/\/www.succeed-equine.co.uk\/de\/wp-json\/wp\/v2\/users\/14"}],"replies":[{"embeddable":true,"href":"https:\/\/www.succeed-equine.co.uk\/de\/wp-json\/wp\/v2\/comments?post=8155"}],"version-history":[{"count":0,"href":"https:\/\/www.succeed-equine.co.uk\/de\/wp-json\/wp\/v2\/pages\/8155\/revisions"}],"up":[{"embeddable":true,"href":"https:\/\/www.succeed-equine.co.uk\/de\/wp-json\/wp\/v2\/pages\/8085"}],"wp:attachment":[{"href":"https:\/\/www.succeed-equine.co.uk\/de\/wp-json\/wp\/v2\/media?parent=8155"}],"curies":[{"name":"wp","href":"https:\/\/api.w.org\/{rel}","templated":true}]}}