{"id":8167,"date":"2017-11-20T00:27:11","date_gmt":"2017-11-20T00:27:11","guid":{"rendered":"https:\/\/www.succeed-equine.co.uk\/?page_id=8167"},"modified":"2018-02-23T21:03:03","modified_gmt":"2018-02-23T21:03:03","slug":"pferde-die-succeed-brauchen","status":"publish","type":"page","link":"https:\/\/www.succeed-equine.co.uk\/de\/succeed-digestive-conditioning-program\/anwendung-von-succeed\/pferde-die-succeed-brauchen\/","title":{"rendered":"Pferde, die SUCCEED\u00ae brauchen"},"content":{"rendered":"<p>Falls Sie Ihre Pferde zum Grasen auf einer guten Weide lassen und diese Weide von Zeit zu Zeit wechseln k\u00f6nnten, w\u00fcrden ihre Verdauungssysteme wenig Anspr\u00fcche stellen. Vermutlich w\u00fcrden Ihre Pferde all die N\u00e4hrstoffe und Pflege erhalten, die sie ben\u00f6tigen. Aber in der Welt der Wettbewerbe und bei limitierter Landverf\u00fcgbarkeit ist das nicht praktikabel. Falls einer der folgenden Lebensstile auf Ihre Pferde zutrifft, dann ist es wahrscheinlich, dass sie von <a href=\"https:\/\/www.succeed-equine.co.uk\/de\/succeed-digestive-conditioning-program\/ingredients-succeed-digestive-conditioning-program\/\">denspezialisierten N\u00e4hrstoffen<\/a>\u00a0in <a href=\"https:\/\/www.succeed-equine.co.uk\/de\/succeed-digestive-conditioning-program\/\">SUCCEED<\/a> profitieren k\u00f6nnen:<br \/>\n<div class=\"su-row\"><div class=\"su-column su-column-size-1-3\"><div class=\"su-column-inner su-u-clearfix su-u-trim\">\n<ul>\n<li style=\"letter-spacing: -.6px;\">6\u00a0oder mehr Stunden Stallaufenthalt pro Tag<\/li>\n<li>Regelm\u00e4\u00dfiges Training, insbesondere hartes<\/li>\n<li>Reisen zu Veranstaltungen oder Wettbewerben einmal pro Monat oder h\u00e4ufiger<\/li>\n<\/ul>\n<\/div><\/div>\n<div class=\"su-column su-column-size-1-3\"><div class=\"su-column-inner su-u-clearfix su-u-trim\">\n<ul>\n<li>Zwei oder drei F\u00fctterungen pro Tag<\/li>\n<li>Verwendung als Zuchthengst oder Zuchtstute<\/li>\n<li>Grasen im Freien f\u00fcr weniger als 18\u00a0Stunden pro Tag<\/li>\n<\/ul>\n<\/div><\/div>\n<div class=\"su-column su-column-size-1-3\"><div class=\"su-column-inner su-u-clearfix su-u-trim\">\n<ul>\n<li>F\u00fctterung mit hartem Futter wie verarbeitetem Getreide, Pellets oder S\u00fc\u00dffutter<\/li>\n<li>Ein Fohlen, das den Herausforderungen von Entwicklung, Entw\u00f6hnung oder Verkaufsvorbereitung gegen\u00fcbersteht<\/li>\n<\/ul>\n<\/div><\/div>\n<\/div>\n<img decoding=\"async\" src=\"https:\/\/www.succeed-equine.co.uk\/wp-content\/blogs.dir\/3\/files\/2010\/09\/healthy-function-of-the-equine-digestive-tract.jpg\" alt=\"healthy-function-of-the-equine-digestive-tract\" class=\"size-full aligncenter\" \/><br \/>\nAll dies, obwohl es Teil der Pflege der meisten Pferde und oft notwendig f\u00fcr Leistungspferde ist, wirkt sich negativ auf die nat\u00fcrliche, gesunde Funktion des Verdauungstraktes von Pferden aus.<\/p>\n<p><a href=\"https:\/\/www.succeed-equine.co.uk\/de\/succeed-digestive-conditioning-program\/\">SUCCEED<\/a> ist Ihre Geheimwaffe f\u00fcr die Verdauungsgesundheit in Pferden. Seine einzigartige Mixtur von nat\u00fcrlichen Zutaten f\u00f6rdert einen gesunden Verdauungsprozess, einschlie\u00dflich Magen und Hinterdarm, trotz eines Lebensstils, der dem entgegenstehen kann.<\/p>\n<h3>Sprechen Sie noch heute mit Ihrem Tierarzt \u00fcber SUCCEED.<\/h3>\n","protected":false},"excerpt":{"rendered":"<p>Falls Sie Ihre Pferde zum Grasen auf einer guten Weide lassen und diese Weide von Zeit zu Zeit wechseln k\u00f6nnten, w\u00fcrden ihre Verdauungssysteme wenig Anspr\u00fcche stellen. Vermutlich w\u00fcrden Ihre Pferde all die N\u00e4hrstoffe und Pflege [&hellip;]<\/p>\n","protected":false},"author":14,"featured_media":0,"parent":8155,"menu_order":0,"comment_status":"closed","ping_status":"closed","template":"","meta":{"_acf_changed":false,"footnotes":""},"class_list":["post-8167","page","type-page","status-publish","hentry"],"acf":[],"yoast_head":"<!-- This site is optimized with the Yoast SEO plugin v26.6 - https:\/\/yoast.com\/wordpress\/plugins\/seo\/ -->\n<title>Pferde, die SUCCEED f\u00fcr Verdauungsgesundheit ben\u00f6tigen | SUCCEED Europa<\/title>\n<meta name=\"description\" content=\"Eine getreidebasierte Di\u00e4t, hartes Training, zwei F\u00fctterungen pro Tag, Stallzeit, Reisen und Wettbewerbe sind Herausforderungen f\u00fcr den empfindlichen Verdauungstrakt von Pferden.\" \/>\n<meta name=\"robots\" content=\"index, follow, max-snippet:-1, max-image-preview:large, max-video-preview:-1\" \/>\n<link rel=\"canonical\" href=\"https:\/\/www.succeed-equine.co.uk\/de\/succeed-digestive-conditioning-program\/anwendung-von-succeed\/pferde-die-succeed-brauchen\/\" \/>\n<meta property=\"og:locale\" content=\"de_DE\" \/>\n<meta property=\"og:type\" content=\"article\" \/>\n<meta property=\"og:title\" content=\"Pferde, die SUCCEED f\u00fcr Verdauungsgesundheit ben\u00f6tigen | SUCCEED Europa\" \/>\n<meta property=\"og:description\" content=\"Eine getreidebasierte Di\u00e4t, hartes Training, zwei F\u00fctterungen pro Tag, Stallzeit, Reisen und Wettbewerbe sind Herausforderungen f\u00fcr den empfindlichen Verdauungstrakt von Pferden.\" \/>\n<meta property=\"og:url\" content=\"https:\/\/www.succeed-equine.co.uk\/de\/succeed-digestive-conditioning-program\/anwendung-von-succeed\/pferde-die-succeed-brauchen\/\" \/>\n<meta property=\"og:site_name\" content=\"SUCCEED Europe\" \/>\n<meta property=\"article:modified_time\" content=\"2018-02-23T21:03:03+00:00\" \/>\n<meta property=\"og:image\" content=\"https:\/\/www.succeed-equine.co.uk\/wp-content\/blogs.dir\/3\/files\/2010\/09\/healthy-function-of-the-equine-digestive-tract.jpg\" \/>\n<meta name=\"twitter:card\" content=\"summary_large_image\" \/>\n<meta name=\"twitter:label1\" content=\"Gesch\u00e4tzte Lesezeit\" \/>\n\t<meta name=\"twitter:data1\" content=\"1\u00a0Minute\" \/>\n<script type=\"application\/ld+json\" class=\"yoast-schema-graph\">{\"@context\":\"https:\/\/schema.org\",\"@graph\":[{\"@type\":\"WebPage\",\"@id\":\"https:\/\/www.succeed-equine.co.uk\/de\/succeed-digestive-conditioning-program\/anwendung-von-succeed\/pferde-die-succeed-brauchen\/\",\"url\":\"https:\/\/www.succeed-equine.co.uk\/de\/succeed-digestive-conditioning-program\/anwendung-von-succeed\/pferde-die-succeed-brauchen\/\",\"name\":\"Pferde, die SUCCEED f\u00fcr Verdauungsgesundheit ben\u00f6tigen | SUCCEED Europa\",\"isPartOf\":{\"@id\":\"https:\/\/www.succeed-equine.co.uk\/#website\"},\"primaryImageOfPage\":{\"@id\":\"https:\/\/www.succeed-equine.co.uk\/de\/succeed-digestive-conditioning-program\/anwendung-von-succeed\/pferde-die-succeed-brauchen\/#primaryimage\"},\"image\":{\"@id\":\"https:\/\/www.succeed-equine.co.uk\/de\/succeed-digestive-conditioning-program\/anwendung-von-succeed\/pferde-die-succeed-brauchen\/#primaryimage\"},\"thumbnailUrl\":\"https:\/\/www.succeed-equine.co.uk\/wp-content\/blogs.dir\/3\/files\/2010\/09\/healthy-function-of-the-equine-digestive-tract.jpg\",\"datePublished\":\"2017-11-20T00:27:11+00:00\",\"dateModified\":\"2018-02-23T21:03:03+00:00\",\"description\":\"Eine getreidebasierte Di\u00e4t, hartes Training, zwei F\u00fctterungen pro Tag, Stallzeit, Reisen und Wettbewerbe sind Herausforderungen f\u00fcr den empfindlichen Verdauungstrakt von Pferden.\",\"breadcrumb\":{\"@id\":\"https:\/\/www.succeed-equine.co.uk\/de\/succeed-digestive-conditioning-program\/anwendung-von-succeed\/pferde-die-succeed-brauchen\/#breadcrumb\"},\"inLanguage\":\"de\",\"potentialAction\":[{\"@type\":\"ReadAction\",\"target\":[\"https:\/\/www.succeed-equine.co.uk\/de\/succeed-digestive-conditioning-program\/anwendung-von-succeed\/pferde-die-succeed-brauchen\/\"]}]},{\"@type\":\"ImageObject\",\"inLanguage\":\"de\",\"@id\":\"https:\/\/www.succeed-equine.co.uk\/de\/succeed-digestive-conditioning-program\/anwendung-von-succeed\/pferde-die-succeed-brauchen\/#primaryimage\",\"url\":\"https:\/\/www.succeed-equine.co.uk\/wp-content\/blogs.dir\/3\/files\/2010\/09\/healthy-function-of-the-equine-digestive-tract.jpg\",\"contentUrl\":\"https:\/\/www.succeed-equine.co.uk\/wp-content\/blogs.dir\/3\/files\/2010\/09\/healthy-function-of-the-equine-digestive-tract.jpg\"},{\"@type\":\"BreadcrumbList\",\"@id\":\"https:\/\/www.succeed-equine.co.uk\/de\/succeed-digestive-conditioning-program\/anwendung-von-succeed\/pferde-die-succeed-brauchen\/#breadcrumb\",\"itemListElement\":[{\"@type\":\"ListItem\",\"position\":1,\"name\":\"Home\",\"item\":\"https:\/\/www.succeed-equine.co.uk\/de\/\"},{\"@type\":\"ListItem\",\"position\":2,\"name\":\"\u00dcber das SUCCEED\u00ae Digestive Conditioning Program\",\"item\":\"https:\/\/www.succeed-equine.co.uk\/de\/succeed-digestive-conditioning-program\/\"},{\"@type\":\"ListItem\",\"position\":3,\"name\":\"Anwendung von SUCCEED\u00ae\",\"item\":\"https:\/\/www.succeed-equine.co.uk\/de\/succeed-digestive-conditioning-program\/anwendung-von-succeed\/\"},{\"@type\":\"ListItem\",\"position\":4,\"name\":\"Pferde, die SUCCEED\u00ae brauchen\"}]},{\"@type\":\"WebSite\",\"@id\":\"https:\/\/www.succeed-equine.co.uk\/#website\",\"url\":\"https:\/\/www.succeed-equine.co.uk\/\",\"name\":\"SUCCEED Europe\",\"description\":\"My horse at its best.\",\"potentialAction\":[{\"@type\":\"SearchAction\",\"target\":{\"@type\":\"EntryPoint\",\"urlTemplate\":\"https:\/\/www.succeed-equine.co.uk\/?s={search_term_string}\"},\"query-input\":{\"@type\":\"PropertyValueSpecification\",\"valueRequired\":true,\"valueName\":\"search_term_string\"}}],\"inLanguage\":\"de\"}]}<\/script>\n<!-- \/ Yoast SEO plugin. -->","yoast_head_json":{"title":"Pferde, die SUCCEED f\u00fcr Verdauungsgesundheit ben\u00f6tigen | SUCCEED Europa","description":"Eine getreidebasierte Di\u00e4t, hartes Training, zwei F\u00fctterungen pro Tag, Stallzeit, Reisen und Wettbewerbe sind Herausforderungen f\u00fcr den empfindlichen Verdauungstrakt von Pferden.","robots":{"index":"index","follow":"follow","max-snippet":"max-snippet:-1","max-image-preview":"max-image-preview:large","max-video-preview":"max-video-preview:-1"},"canonical":"https:\/\/www.succeed-equine.co.uk\/de\/succeed-digestive-conditioning-program\/anwendung-von-succeed\/pferde-die-succeed-brauchen\/","og_locale":"de_DE","og_type":"article","og_title":"Pferde, die SUCCEED f\u00fcr Verdauungsgesundheit ben\u00f6tigen | SUCCEED Europa","og_description":"Eine getreidebasierte Di\u00e4t, hartes Training, zwei F\u00fctterungen pro Tag, Stallzeit, Reisen und Wettbewerbe sind Herausforderungen f\u00fcr den empfindlichen Verdauungstrakt von Pferden.","og_url":"https:\/\/www.succeed-equine.co.uk\/de\/succeed-digestive-conditioning-program\/anwendung-von-succeed\/pferde-die-succeed-brauchen\/","og_site_name":"SUCCEED Europe","article_modified_time":"2018-02-23T21:03:03+00:00","og_image":[{"url":"https:\/\/www.succeed-equine.co.uk\/wp-content\/blogs.dir\/3\/files\/2010\/09\/healthy-function-of-the-equine-digestive-tract.jpg","type":"","width":"","height":""}],"twitter_card":"summary_large_image","twitter_misc":{"Gesch\u00e4tzte Lesezeit":"1\u00a0Minute"},"schema":{"@context":"https:\/\/schema.org","@graph":[{"@type":"WebPage","@id":"https:\/\/www.succeed-equine.co.uk\/de\/succeed-digestive-conditioning-program\/anwendung-von-succeed\/pferde-die-succeed-brauchen\/","url":"https:\/\/www.succeed-equine.co.uk\/de\/succeed-digestive-conditioning-program\/anwendung-von-succeed\/pferde-die-succeed-brauchen\/","name":"Pferde, die SUCCEED f\u00fcr Verdauungsgesundheit ben\u00f6tigen | SUCCEED Europa","isPartOf":{"@id":"https:\/\/www.succeed-equine.co.uk\/#website"},"primaryImageOfPage":{"@id":"https:\/\/www.succeed-equine.co.uk\/de\/succeed-digestive-conditioning-program\/anwendung-von-succeed\/pferde-die-succeed-brauchen\/#primaryimage"},"image":{"@id":"https:\/\/www.succeed-equine.co.uk\/de\/succeed-digestive-conditioning-program\/anwendung-von-succeed\/pferde-die-succeed-brauchen\/#primaryimage"},"thumbnailUrl":"https:\/\/www.succeed-equine.co.uk\/wp-content\/blogs.dir\/3\/files\/2010\/09\/healthy-function-of-the-equine-digestive-tract.jpg","datePublished":"2017-11-20T00:27:11+00:00","dateModified":"2018-02-23T21:03:03+00:00","description":"Eine getreidebasierte Di\u00e4t, hartes Training, zwei F\u00fctterungen pro Tag, Stallzeit, Reisen und Wettbewerbe sind Herausforderungen f\u00fcr den empfindlichen Verdauungstrakt von Pferden.","breadcrumb":{"@id":"https:\/\/www.succeed-equine.co.uk\/de\/succeed-digestive-conditioning-program\/anwendung-von-succeed\/pferde-die-succeed-brauchen\/#breadcrumb"},"inLanguage":"de","potentialAction":[{"@type":"ReadAction","target":["https:\/\/www.succeed-equine.co.uk\/de\/succeed-digestive-conditioning-program\/anwendung-von-succeed\/pferde-die-succeed-brauchen\/"]}]},{"@type":"ImageObject","inLanguage":"de","@id":"https:\/\/www.succeed-equine.co.uk\/de\/succeed-digestive-conditioning-program\/anwendung-von-succeed\/pferde-die-succeed-brauchen\/#primaryimage","url":"https:\/\/www.succeed-equine.co.uk\/wp-content\/blogs.dir\/3\/files\/2010\/09\/healthy-function-of-the-equine-digestive-tract.jpg","contentUrl":"https:\/\/www.succeed-equine.co.uk\/wp-content\/blogs.dir\/3\/files\/2010\/09\/healthy-function-of-the-equine-digestive-tract.jpg"},{"@type":"BreadcrumbList","@id":"https:\/\/www.succeed-equine.co.uk\/de\/succeed-digestive-conditioning-program\/anwendung-von-succeed\/pferde-die-succeed-brauchen\/#breadcrumb","itemListElement":[{"@type":"ListItem","position":1,"name":"Home","item":"https:\/\/www.succeed-equine.co.uk\/de\/"},{"@type":"ListItem","position":2,"name":"\u00dcber das SUCCEED\u00ae Digestive Conditioning Program","item":"https:\/\/www.succeed-equine.co.uk\/de\/succeed-digestive-conditioning-program\/"},{"@type":"ListItem","position":3,"name":"Anwendung von SUCCEED\u00ae","item":"https:\/\/www.succeed-equine.co.uk\/de\/succeed-digestive-conditioning-program\/anwendung-von-succeed\/"},{"@type":"ListItem","position":4,"name":"Pferde, die SUCCEED\u00ae brauchen"}]},{"@type":"WebSite","@id":"https:\/\/www.succeed-equine.co.uk\/#website","url":"https:\/\/www.succeed-equine.co.uk\/","name":"SUCCEED Europe","description":"My horse at its best.","potentialAction":[{"@type":"SearchAction","target":{"@type":"EntryPoint","urlTemplate":"https:\/\/www.succeed-equine.co.uk\/?s={search_term_string}"},"query-input":{"@type":"PropertyValueSpecification","valueRequired":true,"valueName":"search_term_string"}}],"inLanguage":"de"}]}},"_links":{"self":[{"href":"https:\/\/www.succeed-equine.co.uk\/de\/wp-json\/wp\/v2\/pages\/8167","targetHints":{"allow":["GET"]}}],"collection":[{"href":"https:\/\/www.succeed-equine.co.uk\/de\/wp-json\/wp\/v2\/pages"}],"about":[{"href":"https:\/\/www.succeed-equine.co.uk\/de\/wp-json\/wp\/v2\/types\/page"}],"author":[{"embeddable":true,"href":"https:\/\/www.succeed-equine.co.uk\/de\/wp-json\/wp\/v2\/users\/14"}],"replies":[{"embeddable":true,"href":"https:\/\/www.succeed-equine.co.uk\/de\/wp-json\/wp\/v2\/comments?post=8167"}],"version-history":[{"count":0,"href":"https:\/\/www.succeed-equine.co.uk\/de\/wp-json\/wp\/v2\/pages\/8167\/revisions"}],"up":[{"embeddable":true,"href":"https:\/\/www.succeed-equine.co.uk\/de\/wp-json\/wp\/v2\/pages\/8155"}],"wp:attachment":[{"href":"https:\/\/www.succeed-equine.co.uk\/de\/wp-json\/wp\/v2\/media?parent=8167"}],"curies":[{"name":"wp","href":"https:\/\/api.w.org\/{rel}","templated":true}]}}