{"id":8179,"date":"2017-11-23T16:34:16","date_gmt":"2017-11-23T16:34:16","guid":{"rendered":"https:\/\/www.succeed-equine.co.uk\/?page_id=8179"},"modified":"2018-02-23T21:10:08","modified_gmt":"2018-02-23T21:10:08","slug":"gebrauchsanweisungen","status":"publish","type":"page","link":"https:\/\/www.succeed-equine.co.uk\/de\/succeed-digestive-conditioning-program\/anwendung-von-succeed\/gebrauchsanweisungen\/","title":{"rendered":"Gebrauchsanweisungen"},"content":{"rendered":"<p>Es ist wichtig, einen gesunden Grundzustand bei der Verdauung Ihres Pferdes sicherzustellen. Und mit <a href=\"https:\/\/www.succeed-equine.co.uk\/de\/succeed-digestive-conditioning-program\/\">SUCCEED<\/a>\u00a0ist es auch noch leicht. Es braucht nur eine Gabe von SUCCEED t\u00e4glich mit dem normalen Futter. Das war\u2018s. Keine besondere Vermengung. Kein komplizierter F\u00fctterungsplan.<\/p>\n<p>F\u00fctterungstipps f\u00fcr beste Ergebnisse:<\/p>\n<div class=\"su-row\">\n<div class=\"su-column su-column-size-1-3\"><div class=\"su-column-inner su-u-clearfix su-u-trim\">\n<ul>\n<li>F\u00fcttern Sie SUCCEED zweimal t\u00e4glich f\u00fcr die ersten 7\u201310\u00a0Tage der Anwendung, um das Verdauungssystem zu konditionieren<\/li>\n<\/ul>\n<\/div><\/div>\n<div class=\"su-column su-column-size-1-3\"><div class=\"su-column-inner su-u-clearfix su-u-trim\">\n<ul>\n<li>F\u00fcttern Sie SUCCEED immer zusammen mit derselben t\u00e4glichen F\u00fctterung (z.\u00a0B. mit der am Morgen oder am Abend).<\/li>\n<\/ul>\n<\/div><\/div>\n<div class=\"su-column su-column-size-1-3\"><div class=\"su-column-inner su-u-clearfix su-u-trim\">\n<ul>\n<li>Falls Sie Top-Dress-Futter mit SUCCEED verwenden, lassen Sie SUCCEED nicht l\u00e4nger als 30\u00a0Minuten an der Luft, da dies seine Attraktivit\u00e4t f\u00fcr das Pferd beeintr\u00e4chtigen kann.<\/li>\n<\/ul>\n<\/div><\/div>\n<\/div>\n<div class=\"su-spacer\" style=\"height:20px\"><\/div>\n<div class=\"su-row\">\n<div class=\"su-column su-column-size-1-3\"><div class=\"su-column-inner su-u-clearfix su-u-trim\">\n<img decoding=\"async\" src=\"\/wp-content\/blogs.dir\/3\/files\/2016\/03\/oral-paste.png\" alt=\"oral-paste\" class=\"alignnone size-full\" \/><br \/>\n<\/div><\/div>\n<div class=\"su-column su-column-size-2-3\"><div class=\"su-column-inner su-u-clearfix su-u-trim\">\n<h2>Oralpaste<\/h2>\n<p>Leeren Sie einfach den Inhalt einer Maulspritze direkt ins Pferdemaul, einmal t\u00e4glich und direkt vor der F\u00fctterung. Als Alternative k\u00f6nnen Sie den Inhalt des R\u00f6hrchens als Top Dressing direkt auf das Pferdefutter geben. (Portionsgr\u00f6\u00dfe 27\u00a0Gramm)<br \/>\n<\/div><\/div>\n<\/div>\n<div class=\"su-row\">\n<div class=\"su-column su-column-size-1-3\"><div class=\"su-column-inner su-u-clearfix su-u-trim\">\n<img decoding=\"async\" src=\"\/wp-content\/blogs.dir\/3\/files\/2016\/03\/top-dress-granules.png\" alt=\"top-dress-granules\" class=\"alignnone size-full\" \/><br \/>\n<\/div><\/div>\n<div class=\"su-column su-column-size-2-3\"><div class=\"su-column-inner su-u-clearfix su-u-trim\">\n<h2>Granulat<\/h2>\n<p>Nur eine Kelle SUCCEED-Granulat (27\u00a0Gramm), einmal t\u00e4glich direkt auf das Futter gegeben, und Sie sind fertig. Kein Vermischen. Kein Hinzuf\u00fcgen anderer Zutaten.<\/p>\n<p>Sie sollten innerhalb von 30\u00a0Tagen erste Ergebnisse sehen, aber die volle Wirkung von SUCCEED zeigt sich erst nach 90\u00a0Tagen.<br \/>\n<\/div><\/div>\n<\/div>\n<h2>Empfohlene Portionen f\u00fcr Pferdegr\u00f6\u00dfen<\/h2>\n<p>SUCCEED wurde f\u00fcr das typische, 500\u00a0kg schwere, erwachsene Pferd entwickelt. Da es sich um ein Nahrungserg\u00e4nzungsmittel und nicht um ein Medikament handelt, ist die Standardportion auch f\u00fcr kleinere Pferde und Ponys sicher. Wir empfehlen:<br \/>\n\n  <div class=\"serving_sizes row\">\n    <div class=\"serving_sections\">\n      <h2>Fohlen und Ponys<\/h2><span>Unter 275 kg<\/span>\n      <img decoding=\"async\" src=\"https:\/\/www.succeed-equine.co.uk\/wp-content\/themes\/FoundationPress\/images\/fellas_ponies.png\" \/>\n      <div class=\"circle\">\n        <span>\n          <h3>0,5<\/h3>\n          <p>Portionen<\/p>\n        <\/span>\n      <\/div>\n    <\/div>\n    <div class=\"serving_sections\">\n      <h2>Pferde<\/h2><span>Bis zu 550 kg<\/span>\n      <img decoding=\"async\" src=\"https:\/\/www.succeed-equine.co.uk\/wp-content\/themes\/FoundationPress\/images\/horse-instructions.jpg\" \/>\n      <div class=\"circle\">\n        <span>\n          <h3>1<\/h3>\n          <p>Portionen<\/p>\n        <\/span>\n      <\/div>\n    <\/div>\n    <div class=\"serving_sections\">\n      <h2>Gro\u00dfe Zugpferde<\/h2><span> &nbsp;<\/span>\n      <img decoding=\"async\" src=\"https:\/\/www.succeed-equine.co.uk\/wp-content\/themes\/FoundationPress\/images\/large-draft-horse.jpg\" \/>\n      <div class=\"circle\">\n        <span>\n          <h3>1,5\u20132<\/h3>\n          <p>Portionen<\/p>\n        <\/span>\n      <\/div>\n    <\/div>\n  <\/div>\n  \n<div class=\"su-spacer\" style=\"height:30px\"><\/div>\n<h2>H\u00e4ufig gestellte Fragen<\/h2>\n<p>Detailliertere Informationen \u00fcber Sicherheit, Handhabung und Anwendung von SUCCEED finden Sie <a href=\"https:\/\/www.succeed-equine.co.uk\/de\/succeed-digestive-conditioning-program\/anwendung-von-succeed\/haeufig-gestellte-fragen-ueber-succeed\/\">in unserem FAQ-Bereich.<\/a><\/p>\n","protected":false},"excerpt":{"rendered":"<p>Es ist wichtig, einen gesunden Grundzustand bei der Verdauung Ihres Pferdes sicherzustellen. Und mit SUCCEED\u00a0ist es auch noch leicht. Es braucht nur eine Gabe von SUCCEED t\u00e4glich mit dem normalen Futter. Das war\u2018s. Keine besondere [&hellip;]<\/p>\n","protected":false},"author":14,"featured_media":0,"parent":8155,"menu_order":0,"comment_status":"closed","ping_status":"closed","template":"","meta":{"_acf_changed":false,"footnotes":""},"class_list":["post-8179","page","type-page","status-publish","hentry"],"acf":[],"yoast_head":"<!-- This site is optimized with the Yoast SEO plugin v26.6 - https:\/\/yoast.com\/wordpress\/plugins\/seo\/ -->\n<title>Gebrauchsanweisung f\u00fcr SUCCEED f\u00fcr Pferde | SUCCEED Europa<\/title>\n<meta name=\"description\" content=\"Es ist wichtig, einen gesunden Grundzustand bei der Verdauung Ihres Pferdes sicherzustellen. Und mit SUCCEED ist es auch noch leicht. Lernen Sie, wie SUCCEED anzuwenden ist.\" \/>\n<meta name=\"robots\" content=\"index, follow, max-snippet:-1, max-image-preview:large, max-video-preview:-1\" \/>\n<link rel=\"canonical\" href=\"https:\/\/www.succeed-equine.co.uk\/de\/succeed-digestive-conditioning-program\/anwendung-von-succeed\/gebrauchsanweisungen\/\" \/>\n<meta property=\"og:locale\" content=\"de_DE\" \/>\n<meta property=\"og:type\" content=\"article\" \/>\n<meta property=\"og:title\" content=\"Gebrauchsanweisung f\u00fcr SUCCEED f\u00fcr Pferde | SUCCEED Europa\" \/>\n<meta property=\"og:description\" content=\"Es ist wichtig, einen gesunden Grundzustand bei der Verdauung Ihres Pferdes sicherzustellen. Und mit SUCCEED ist es auch noch leicht. Lernen Sie, wie SUCCEED anzuwenden ist.\" \/>\n<meta property=\"og:url\" content=\"https:\/\/www.succeed-equine.co.uk\/de\/succeed-digestive-conditioning-program\/anwendung-von-succeed\/gebrauchsanweisungen\/\" \/>\n<meta property=\"og:site_name\" content=\"SUCCEED Europe\" \/>\n<meta property=\"article:modified_time\" content=\"2018-02-23T21:10:08+00:00\" \/>\n<meta property=\"og:image\" content=\"https:\/\/www.succeed-equine.co.uk\/wp-content\/blogs.dir\/3\/files\/2016\/03\/oral-paste.png\" \/>\n<meta name=\"twitter:card\" content=\"summary_large_image\" \/>\n<meta name=\"twitter:label1\" content=\"Gesch\u00e4tzte Lesezeit\" \/>\n\t<meta name=\"twitter:data1\" content=\"2\u00a0Minuten\" \/>\n<script type=\"application\/ld+json\" class=\"yoast-schema-graph\">{\"@context\":\"https:\/\/schema.org\",\"@graph\":[{\"@type\":\"WebPage\",\"@id\":\"https:\/\/www.succeed-equine.co.uk\/de\/succeed-digestive-conditioning-program\/anwendung-von-succeed\/gebrauchsanweisungen\/\",\"url\":\"https:\/\/www.succeed-equine.co.uk\/de\/succeed-digestive-conditioning-program\/anwendung-von-succeed\/gebrauchsanweisungen\/\",\"name\":\"Gebrauchsanweisung f\u00fcr SUCCEED f\u00fcr Pferde | SUCCEED Europa\",\"isPartOf\":{\"@id\":\"https:\/\/www.succeed-equine.co.uk\/#website\"},\"datePublished\":\"2017-11-23T16:34:16+00:00\",\"dateModified\":\"2018-02-23T21:10:08+00:00\",\"description\":\"Es ist wichtig, einen gesunden Grundzustand bei der Verdauung Ihres Pferdes sicherzustellen. Und mit SUCCEED ist es auch noch leicht. Lernen Sie, wie SUCCEED anzuwenden ist.\",\"breadcrumb\":{\"@id\":\"https:\/\/www.succeed-equine.co.uk\/de\/succeed-digestive-conditioning-program\/anwendung-von-succeed\/gebrauchsanweisungen\/#breadcrumb\"},\"inLanguage\":\"de\",\"potentialAction\":[{\"@type\":\"ReadAction\",\"target\":[\"https:\/\/www.succeed-equine.co.uk\/de\/succeed-digestive-conditioning-program\/anwendung-von-succeed\/gebrauchsanweisungen\/\"]}]},{\"@type\":\"BreadcrumbList\",\"@id\":\"https:\/\/www.succeed-equine.co.uk\/de\/succeed-digestive-conditioning-program\/anwendung-von-succeed\/gebrauchsanweisungen\/#breadcrumb\",\"itemListElement\":[{\"@type\":\"ListItem\",\"position\":1,\"name\":\"Home\",\"item\":\"https:\/\/www.succeed-equine.co.uk\/de\/\"},{\"@type\":\"ListItem\",\"position\":2,\"name\":\"\u00dcber das SUCCEED\u00ae Digestive Conditioning Program\",\"item\":\"https:\/\/www.succeed-equine.co.uk\/de\/succeed-digestive-conditioning-program\/\"},{\"@type\":\"ListItem\",\"position\":3,\"name\":\"Anwendung von SUCCEED\u00ae\",\"item\":\"https:\/\/www.succeed-equine.co.uk\/de\/succeed-digestive-conditioning-program\/anwendung-von-succeed\/\"},{\"@type\":\"ListItem\",\"position\":4,\"name\":\"Gebrauchsanweisungen\"}]},{\"@type\":\"WebSite\",\"@id\":\"https:\/\/www.succeed-equine.co.uk\/#website\",\"url\":\"https:\/\/www.succeed-equine.co.uk\/\",\"name\":\"SUCCEED Europe\",\"description\":\"My horse at its best.\",\"potentialAction\":[{\"@type\":\"SearchAction\",\"target\":{\"@type\":\"EntryPoint\",\"urlTemplate\":\"https:\/\/www.succeed-equine.co.uk\/?s={search_term_string}\"},\"query-input\":{\"@type\":\"PropertyValueSpecification\",\"valueRequired\":true,\"valueName\":\"search_term_string\"}}],\"inLanguage\":\"de\"}]}<\/script>\n<!-- \/ Yoast SEO plugin. -->","yoast_head_json":{"title":"Gebrauchsanweisung f\u00fcr SUCCEED f\u00fcr Pferde | SUCCEED Europa","description":"Es ist wichtig, einen gesunden Grundzustand bei der Verdauung Ihres Pferdes sicherzustellen. Und mit SUCCEED ist es auch noch leicht. Lernen Sie, wie SUCCEED anzuwenden ist.","robots":{"index":"index","follow":"follow","max-snippet":"max-snippet:-1","max-image-preview":"max-image-preview:large","max-video-preview":"max-video-preview:-1"},"canonical":"https:\/\/www.succeed-equine.co.uk\/de\/succeed-digestive-conditioning-program\/anwendung-von-succeed\/gebrauchsanweisungen\/","og_locale":"de_DE","og_type":"article","og_title":"Gebrauchsanweisung f\u00fcr SUCCEED f\u00fcr Pferde | SUCCEED Europa","og_description":"Es ist wichtig, einen gesunden Grundzustand bei der Verdauung Ihres Pferdes sicherzustellen. Und mit SUCCEED ist es auch noch leicht. Lernen Sie, wie SUCCEED anzuwenden ist.","og_url":"https:\/\/www.succeed-equine.co.uk\/de\/succeed-digestive-conditioning-program\/anwendung-von-succeed\/gebrauchsanweisungen\/","og_site_name":"SUCCEED Europe","article_modified_time":"2018-02-23T21:10:08+00:00","og_image":[{"url":"https:\/\/www.succeed-equine.co.uk\/wp-content\/blogs.dir\/3\/files\/2016\/03\/oral-paste.png","type":"","width":"","height":""}],"twitter_card":"summary_large_image","twitter_misc":{"Gesch\u00e4tzte Lesezeit":"2\u00a0Minuten"},"schema":{"@context":"https:\/\/schema.org","@graph":[{"@type":"WebPage","@id":"https:\/\/www.succeed-equine.co.uk\/de\/succeed-digestive-conditioning-program\/anwendung-von-succeed\/gebrauchsanweisungen\/","url":"https:\/\/www.succeed-equine.co.uk\/de\/succeed-digestive-conditioning-program\/anwendung-von-succeed\/gebrauchsanweisungen\/","name":"Gebrauchsanweisung f\u00fcr SUCCEED f\u00fcr Pferde | SUCCEED Europa","isPartOf":{"@id":"https:\/\/www.succeed-equine.co.uk\/#website"},"datePublished":"2017-11-23T16:34:16+00:00","dateModified":"2018-02-23T21:10:08+00:00","description":"Es ist wichtig, einen gesunden Grundzustand bei der Verdauung Ihres Pferdes sicherzustellen. Und mit SUCCEED ist es auch noch leicht. Lernen Sie, wie SUCCEED anzuwenden ist.","breadcrumb":{"@id":"https:\/\/www.succeed-equine.co.uk\/de\/succeed-digestive-conditioning-program\/anwendung-von-succeed\/gebrauchsanweisungen\/#breadcrumb"},"inLanguage":"de","potentialAction":[{"@type":"ReadAction","target":["https:\/\/www.succeed-equine.co.uk\/de\/succeed-digestive-conditioning-program\/anwendung-von-succeed\/gebrauchsanweisungen\/"]}]},{"@type":"BreadcrumbList","@id":"https:\/\/www.succeed-equine.co.uk\/de\/succeed-digestive-conditioning-program\/anwendung-von-succeed\/gebrauchsanweisungen\/#breadcrumb","itemListElement":[{"@type":"ListItem","position":1,"name":"Home","item":"https:\/\/www.succeed-equine.co.uk\/de\/"},{"@type":"ListItem","position":2,"name":"\u00dcber das SUCCEED\u00ae Digestive Conditioning Program","item":"https:\/\/www.succeed-equine.co.uk\/de\/succeed-digestive-conditioning-program\/"},{"@type":"ListItem","position":3,"name":"Anwendung von SUCCEED\u00ae","item":"https:\/\/www.succeed-equine.co.uk\/de\/succeed-digestive-conditioning-program\/anwendung-von-succeed\/"},{"@type":"ListItem","position":4,"name":"Gebrauchsanweisungen"}]},{"@type":"WebSite","@id":"https:\/\/www.succeed-equine.co.uk\/#website","url":"https:\/\/www.succeed-equine.co.uk\/","name":"SUCCEED Europe","description":"My horse at its best.","potentialAction":[{"@type":"SearchAction","target":{"@type":"EntryPoint","urlTemplate":"https:\/\/www.succeed-equine.co.uk\/?s={search_term_string}"},"query-input":{"@type":"PropertyValueSpecification","valueRequired":true,"valueName":"search_term_string"}}],"inLanguage":"de"}]}},"_links":{"self":[{"href":"https:\/\/www.succeed-equine.co.uk\/de\/wp-json\/wp\/v2\/pages\/8179","targetHints":{"allow":["GET"]}}],"collection":[{"href":"https:\/\/www.succeed-equine.co.uk\/de\/wp-json\/wp\/v2\/pages"}],"about":[{"href":"https:\/\/www.succeed-equine.co.uk\/de\/wp-json\/wp\/v2\/types\/page"}],"author":[{"embeddable":true,"href":"https:\/\/www.succeed-equine.co.uk\/de\/wp-json\/wp\/v2\/users\/14"}],"replies":[{"embeddable":true,"href":"https:\/\/www.succeed-equine.co.uk\/de\/wp-json\/wp\/v2\/comments?post=8179"}],"version-history":[{"count":0,"href":"https:\/\/www.succeed-equine.co.uk\/de\/wp-json\/wp\/v2\/pages\/8179\/revisions"}],"up":[{"embeddable":true,"href":"https:\/\/www.succeed-equine.co.uk\/de\/wp-json\/wp\/v2\/pages\/8155"}],"wp:attachment":[{"href":"https:\/\/www.succeed-equine.co.uk\/de\/wp-json\/wp\/v2\/media?parent=8179"}],"curies":[{"name":"wp","href":"https:\/\/api.w.org\/{rel}","templated":true}]}}