{"id":8194,"date":"2017-11-23T17:20:20","date_gmt":"2017-11-23T17:20:20","guid":{"rendered":"https:\/\/www.succeed-equine.co.uk\/?page_id=8194"},"modified":"2018-02-23T21:15:19","modified_gmt":"2018-02-23T21:15:19","slug":"anweisungen-fuer-die-lagerung-und-handhabung-von-succeed","status":"publish","type":"page","link":"https:\/\/www.succeed-equine.co.uk\/de\/succeed-digestive-conditioning-program\/anwendung-von-succeed\/anweisungen-fuer-die-lagerung-und-handhabung-von-succeed\/","title":{"rendered":"Anweisungen f\u00fcr die Lagerung und Handhabung von SUCCEED\u00ae"},"content":{"rendered":"<div class=\"su-row\">\n<div class=\"su-column su-column-size-1-3\"><div class=\"su-column-inner su-u-clearfix su-u-trim\">\nSUCCEED ist ein t\u00e4gliches Nahrungserg\u00e4nzungsmittel, dass die nat\u00fcrliche Gesundheit des Verdauungssystems von Pferden unterst\u00fctzt. Es ist verf\u00fcgbar als Oralpaste mit\u00a030 t\u00e4glich zu verabreichenden Maulspritzen pro Packung, oder als Top-Dress-Granulat in drei Eimergr\u00f6\u00dfen.<br \/>\n<\/div><\/div>\n<div class=\"su-column su-column-size-1-3\"><div class=\"su-column-inner su-u-clearfix su-u-trim\">\nBei Freedom Health streben wir danach, in unseren Produkten Konsistenz und Qualit\u00e4t zu gew\u00e4hrleisten. Insofern k\u00f6nnen ein paar grundlegende Richtlinien f\u00fcr die korrekte Handhabung und Lagerung des Produktes dabei helfen, das Aussehen und die physischen Eigenschaften von SUCCEED optimal zu halten.<br \/>\n<\/div><\/div>\n<div class=\"su-column su-column-size-1-3\"><div class=\"su-column-inner su-u-clearfix su-u-trim\">\n<img decoding=\"async\" src=\"https:\/\/www.succeed-equine.co.uk\/wp-content\/blogs.dir\/3\/files\/2016\/05\/paste-and-granules.jpg\" alt=\"paste-and-granules\" class=\"alignnone size-full\" \/><\/div><\/div><\/div>\n<p>Bitte beachten Sie folgende Anmerkungen und Anweisungen:<\/p>\n<div class=\"su-row\"><div class=\"su-column su-column-size-1-3\"><div class=\"su-column-inner su-u-clearfix su-u-trim\">\n<div class=\"su-accordion su-u-trim\">\n<div class=\"su-spoiler su-spoiler-style-default su-spoiler-icon-plus su-spoiler-closed\" data-scroll-offset=\"0\" data-anchor-in-url=\"no\"><div class=\"su-spoiler-title\" tabindex=\"0\" role=\"button\"><span class=\"su-spoiler-icon\"><\/span>Lagerung<\/div><div class=\"su-spoiler-content su-u-clearfix su-u-trim\">SUCCEED sollte an einem k\u00fchlen, trockenen Ort ohne direkte Sonneneinstrahlung gelagert werden. Das Produkt kann w\u00e4hrend der Nichtanwendung sicher im K\u00fchlschrank aufbewahrt werden.<\/div><\/div>\n<div class=\"su-spoiler su-spoiler-style-default su-spoiler-icon-plus su-spoiler-closed\" data-scroll-offset=\"0\" data-anchor-in-url=\"no\"><div class=\"su-spoiler-title\" tabindex=\"0\" role=\"button\"><span class=\"su-spoiler-icon\"><\/span>Konsistenz<\/div><div class=\"su-spoiler-content su-u-clearfix su-u-trim\">SUCCEED wurde mit nat\u00fcrlich vorkommenden Futterzutaten entwickelt. Als Ergebnis hiervon k\u00f6nnen Farbe und Konsistenz sich leicht unterscheiden. Hersteller von Nahrungserg\u00e4nzungsmitteln f\u00fcgen ihren Produkten h\u00e4ufig F\u00fcllstoffe hinzu, die die nat\u00fcrlich auftretende Variation minimieren k\u00f6nnen. Freedom Health verwendet keine solchen F\u00fcllstoffe. Leichte Abweichungen in Farbe oder Konsistenz haben keine Auswirkungen auf die Effektivit\u00e4t oder Anwendbarkeit des Produkts. <\/div><\/div>\n<\/div>\n<\/div><\/div>\n<div class=\"su-column su-column-size-1-3\"><div class=\"su-column-inner su-u-clearfix su-u-trim\">\n<div class=\"su-accordion su-u-trim\">\n<div class=\"su-spoiler su-spoiler-style-default su-spoiler-icon-plus su-spoiler-closed\" data-scroll-offset=\"0\" data-anchor-in-url=\"no\"><div class=\"su-spoiler-title\" tabindex=\"0\" role=\"button\"><span class=\"su-spoiler-icon\"><\/span>Feuchtigkeit und Ranzigkeit<\/div><div class=\"su-spoiler-content su-u-clearfix su-u-trim\">SUCCEED enth\u00e4lt nur minimale Feuchtigkeit, dem Produkt wird kein Wasser zugegeben. Hierdurch und aufgrund der Natur des Hafer\u00f6ls in SUCCEED ist ein Ranzigwerden sehr unwahrscheinlich. Bei regelm\u00e4\u00dfigen Labortests auf Ranzigkeit besteht SUCCEED 100\u00a0%\u00a0aller Tests. Wenn es hohen Temperaturen ausgesetzt wird, insbesondere f\u00fcr einen l\u00e4ngeren Zeitraum, bl\u00fcht SUCCEED auf oder gibt \u00d6l frei. (Beachten Sie die Richtlinien f\u00fcr spezifische Lagerungstemperaturen auf der Produktkennzeichnung.) Dies kann den Eindruck hervorrufen, dass das Produkt feucht ist. Dies ist jedoch kein Anzeichen von Feuchtigkeit und hat keine Auswirkungen auf die Wirksamkeit und Anwendbarkeit des Produktes.<\/div><\/div>\n<div class=\"su-spoiler su-spoiler-style-default su-spoiler-icon-plus su-spoiler-closed\" data-scroll-offset=\"0\" data-anchor-in-url=\"no\"><div class=\"su-spoiler-title\" tabindex=\"0\" role=\"button\"><span class=\"su-spoiler-icon\"><\/span>Verklumpung<\/div><div class=\"su-spoiler-content su-u-clearfix su-u-trim\">SUCCEED ist eine Mixtur aus trockenen Produkten (Hafermehl, Aminos\u00e4uren und Hefe) mit \u00d6l. Das oben erw\u00e4hnte Aufbl\u00fchen oder die Freisetzung von \u00d6l (Trennung des \u00d6ls von den trockenen Materialien) kann zur Bildung von Klumpen im Granulatprodukt f\u00fchren. Dies hat keinen Einfluss auf die Wirksamkeit oder Anwendbarkeit des Produktes und kann oft durch Sch\u00fctteln und n\u00e4chtliches K\u00fchlen behoben werden.<\/div><\/div>\n<\/div>\n<\/div><\/div>\n<div class=\"su-column su-column-size-1-3\"><div class=\"su-column-inner su-u-clearfix su-u-trim\">\n<div class=\"su-accordion su-u-trim\">\n<div class=\"su-spoiler su-spoiler-style-default su-spoiler-icon-plus su-spoiler-closed\" data-scroll-offset=\"0\" data-anchor-in-url=\"no\"><div class=\"su-spoiler-title\" tabindex=\"0\" role=\"button\"><span class=\"su-spoiler-icon\"><\/span>Geruch<\/div><div class=\"su-spoiler-content su-u-clearfix su-u-trim\">Nach \u00d6ffnen des SUCCEED-Beh\u00e4lterdeckels nehmen Sie vielleicht einen starken Hafergeruch gemeinsam mit dem Geruch nach Alkohol wahr. Der Alkoholgeruch stammt vom in der Produktion der Rohmaterialien verwendeten Alkohol\u00a0\u2013 Ethanol\u00a0\u2013 und ist harmlos. Er verfl\u00fcchtigt sich in der Regel nach kurzer Zeit.<\/div><\/div>\n<div class=\"su-spoiler su-spoiler-style-default su-spoiler-icon-plus su-spoiler-closed\" data-scroll-offset=\"0\" data-anchor-in-url=\"no\"><div class=\"su-spoiler-title\" tabindex=\"0\" role=\"button\"><span class=\"su-spoiler-icon\"><\/span>Vertestung<\/div><div class=\"su-spoiler-content su-u-clearfix su-u-trim\">Von jeder Charge SUCCEED wird eine Probe f\u00fcr Vertestung und Langzeitauswertung (d.\u00a0h. Test der \u201eHaltbarkeit\u201c) bis zum Zweifachen des empfohlenen Verwendungszeitraums (d.\u00a0h. \u201eZu verwenden bis\u201c-Datum) zur\u00fcckgehalten. Die Produktqualit\u00e4t wird \u00fcber diesen Zeitraum hinweg konstant \u00fcberwacht.<\/div><\/div>\n<\/div>\n<\/div><\/div>\n<\/div>\n<h2>Kontaktieren Sie uns<\/h2>\n<p>Falls Sie Fragen \u00fcber SUCCEED oder seine korrekte Lagerung und Handhabung haben, <a href=\"https:\/\/www.succeed-equine.co.uk\/de\/contact\/\">kontaktieren Sie bitte Freedom Health.<\/a><\/p>\n","protected":false},"excerpt":{"rendered":"<p>Bitte beachten Sie folgende Anmerkungen und Anweisungen: Kontaktieren Sie uns Falls Sie Fragen \u00fcber SUCCEED oder seine korrekte Lagerung und Handhabung haben, kontaktieren Sie bitte Freedom Health.<\/p>\n","protected":false},"author":14,"featured_media":0,"parent":8155,"menu_order":0,"comment_status":"closed","ping_status":"closed","template":"","meta":{"_acf_changed":false,"footnotes":""},"class_list":["post-8194","page","type-page","status-publish","hentry"],"acf":[],"yoast_head":"<!-- This site is optimized with the Yoast SEO plugin v26.6 - https:\/\/yoast.com\/wordpress\/plugins\/seo\/ -->\n<title>Anweisungen f\u00fcr die Lagerung und Handhabung von SUCCEED | SUCCEED Europa<\/title>\n<meta name=\"description\" content=\"Eine korrekte Handhabung und Lagerung kann dabei helfen, sicherzustellen, dass Aussehen und Eigenschaften von SUCCEED optimal bleiben. Dies sollten Sie wissen.\" \/>\n<meta name=\"robots\" content=\"index, follow, max-snippet:-1, max-image-preview:large, max-video-preview:-1\" \/>\n<link rel=\"canonical\" href=\"https:\/\/www.succeed-equine.co.uk\/de\/succeed-digestive-conditioning-program\/anwendung-von-succeed\/anweisungen-fuer-die-lagerung-und-handhabung-von-succeed\/\" \/>\n<meta property=\"og:locale\" content=\"de_DE\" \/>\n<meta property=\"og:type\" content=\"article\" \/>\n<meta property=\"og:title\" content=\"Anweisungen f\u00fcr die Lagerung und Handhabung von SUCCEED | SUCCEED Europa\" \/>\n<meta property=\"og:description\" content=\"Eine korrekte Handhabung und Lagerung kann dabei helfen, sicherzustellen, dass Aussehen und Eigenschaften von SUCCEED optimal bleiben. Dies sollten Sie wissen.\" \/>\n<meta property=\"og:url\" content=\"https:\/\/www.succeed-equine.co.uk\/de\/succeed-digestive-conditioning-program\/anwendung-von-succeed\/anweisungen-fuer-die-lagerung-und-handhabung-von-succeed\/\" \/>\n<meta property=\"og:site_name\" content=\"SUCCEED Europe\" \/>\n<meta property=\"article:modified_time\" content=\"2018-02-23T21:15:19+00:00\" \/>\n<meta property=\"og:image\" content=\"https:\/\/www.succeed-equine.co.uk\/wp-content\/blogs.dir\/3\/files\/2016\/05\/paste-and-granules.jpg\" \/>\n<meta name=\"twitter:card\" content=\"summary_large_image\" \/>\n<meta name=\"twitter:label1\" content=\"Gesch\u00e4tzte Lesezeit\" \/>\n\t<meta name=\"twitter:data1\" content=\"3\u00a0Minuten\" \/>\n<script type=\"application\/ld+json\" class=\"yoast-schema-graph\">{\"@context\":\"https:\/\/schema.org\",\"@graph\":[{\"@type\":\"WebPage\",\"@id\":\"https:\/\/www.succeed-equine.co.uk\/de\/succeed-digestive-conditioning-program\/anwendung-von-succeed\/anweisungen-fuer-die-lagerung-und-handhabung-von-succeed\/\",\"url\":\"https:\/\/www.succeed-equine.co.uk\/de\/succeed-digestive-conditioning-program\/anwendung-von-succeed\/anweisungen-fuer-die-lagerung-und-handhabung-von-succeed\/\",\"name\":\"Anweisungen f\u00fcr die Lagerung und Handhabung von SUCCEED | SUCCEED Europa\",\"isPartOf\":{\"@id\":\"https:\/\/www.succeed-equine.co.uk\/#website\"},\"primaryImageOfPage\":{\"@id\":\"https:\/\/www.succeed-equine.co.uk\/de\/succeed-digestive-conditioning-program\/anwendung-von-succeed\/anweisungen-fuer-die-lagerung-und-handhabung-von-succeed\/#primaryimage\"},\"image\":{\"@id\":\"https:\/\/www.succeed-equine.co.uk\/de\/succeed-digestive-conditioning-program\/anwendung-von-succeed\/anweisungen-fuer-die-lagerung-und-handhabung-von-succeed\/#primaryimage\"},\"thumbnailUrl\":\"https:\/\/www.succeed-equine.co.uk\/wp-content\/blogs.dir\/3\/files\/2016\/05\/paste-and-granules.jpg\",\"datePublished\":\"2017-11-23T17:20:20+00:00\",\"dateModified\":\"2018-02-23T21:15:19+00:00\",\"description\":\"Eine korrekte Handhabung und Lagerung kann dabei helfen, sicherzustellen, dass Aussehen und Eigenschaften von SUCCEED optimal bleiben. Dies sollten Sie wissen.\",\"breadcrumb\":{\"@id\":\"https:\/\/www.succeed-equine.co.uk\/de\/succeed-digestive-conditioning-program\/anwendung-von-succeed\/anweisungen-fuer-die-lagerung-und-handhabung-von-succeed\/#breadcrumb\"},\"inLanguage\":\"de\",\"potentialAction\":[{\"@type\":\"ReadAction\",\"target\":[\"https:\/\/www.succeed-equine.co.uk\/de\/succeed-digestive-conditioning-program\/anwendung-von-succeed\/anweisungen-fuer-die-lagerung-und-handhabung-von-succeed\/\"]}]},{\"@type\":\"ImageObject\",\"inLanguage\":\"de\",\"@id\":\"https:\/\/www.succeed-equine.co.uk\/de\/succeed-digestive-conditioning-program\/anwendung-von-succeed\/anweisungen-fuer-die-lagerung-und-handhabung-von-succeed\/#primaryimage\",\"url\":\"https:\/\/www.succeed-equine.co.uk\/wp-content\/blogs.dir\/3\/files\/2016\/05\/paste-and-granules.jpg\",\"contentUrl\":\"https:\/\/www.succeed-equine.co.uk\/wp-content\/blogs.dir\/3\/files\/2016\/05\/paste-and-granules.jpg\"},{\"@type\":\"BreadcrumbList\",\"@id\":\"https:\/\/www.succeed-equine.co.uk\/de\/succeed-digestive-conditioning-program\/anwendung-von-succeed\/anweisungen-fuer-die-lagerung-und-handhabung-von-succeed\/#breadcrumb\",\"itemListElement\":[{\"@type\":\"ListItem\",\"position\":1,\"name\":\"Home\",\"item\":\"https:\/\/www.succeed-equine.co.uk\/de\/\"},{\"@type\":\"ListItem\",\"position\":2,\"name\":\"\u00dcber das SUCCEED\u00ae Digestive Conditioning Program\",\"item\":\"https:\/\/www.succeed-equine.co.uk\/de\/succeed-digestive-conditioning-program\/\"},{\"@type\":\"ListItem\",\"position\":3,\"name\":\"Anwendung von SUCCEED\u00ae\",\"item\":\"https:\/\/www.succeed-equine.co.uk\/de\/succeed-digestive-conditioning-program\/anwendung-von-succeed\/\"},{\"@type\":\"ListItem\",\"position\":4,\"name\":\"Anweisungen f\u00fcr die Lagerung und Handhabung von SUCCEED\u00ae\"}]},{\"@type\":\"WebSite\",\"@id\":\"https:\/\/www.succeed-equine.co.uk\/#website\",\"url\":\"https:\/\/www.succeed-equine.co.uk\/\",\"name\":\"SUCCEED Europe\",\"description\":\"My horse at its best.\",\"potentialAction\":[{\"@type\":\"SearchAction\",\"target\":{\"@type\":\"EntryPoint\",\"urlTemplate\":\"https:\/\/www.succeed-equine.co.uk\/?s={search_term_string}\"},\"query-input\":{\"@type\":\"PropertyValueSpecification\",\"valueRequired\":true,\"valueName\":\"search_term_string\"}}],\"inLanguage\":\"de\"}]}<\/script>\n<!-- \/ Yoast SEO plugin. -->","yoast_head_json":{"title":"Anweisungen f\u00fcr die Lagerung und Handhabung von SUCCEED | SUCCEED Europa","description":"Eine korrekte Handhabung und Lagerung kann dabei helfen, sicherzustellen, dass Aussehen und Eigenschaften von SUCCEED optimal bleiben. Dies sollten Sie wissen.","robots":{"index":"index","follow":"follow","max-snippet":"max-snippet:-1","max-image-preview":"max-image-preview:large","max-video-preview":"max-video-preview:-1"},"canonical":"https:\/\/www.succeed-equine.co.uk\/de\/succeed-digestive-conditioning-program\/anwendung-von-succeed\/anweisungen-fuer-die-lagerung-und-handhabung-von-succeed\/","og_locale":"de_DE","og_type":"article","og_title":"Anweisungen f\u00fcr die Lagerung und Handhabung von SUCCEED | SUCCEED Europa","og_description":"Eine korrekte Handhabung und Lagerung kann dabei helfen, sicherzustellen, dass Aussehen und Eigenschaften von SUCCEED optimal bleiben. Dies sollten Sie wissen.","og_url":"https:\/\/www.succeed-equine.co.uk\/de\/succeed-digestive-conditioning-program\/anwendung-von-succeed\/anweisungen-fuer-die-lagerung-und-handhabung-von-succeed\/","og_site_name":"SUCCEED Europe","article_modified_time":"2018-02-23T21:15:19+00:00","og_image":[{"url":"https:\/\/www.succeed-equine.co.uk\/wp-content\/blogs.dir\/3\/files\/2016\/05\/paste-and-granules.jpg","type":"","width":"","height":""}],"twitter_card":"summary_large_image","twitter_misc":{"Gesch\u00e4tzte Lesezeit":"3\u00a0Minuten"},"schema":{"@context":"https:\/\/schema.org","@graph":[{"@type":"WebPage","@id":"https:\/\/www.succeed-equine.co.uk\/de\/succeed-digestive-conditioning-program\/anwendung-von-succeed\/anweisungen-fuer-die-lagerung-und-handhabung-von-succeed\/","url":"https:\/\/www.succeed-equine.co.uk\/de\/succeed-digestive-conditioning-program\/anwendung-von-succeed\/anweisungen-fuer-die-lagerung-und-handhabung-von-succeed\/","name":"Anweisungen f\u00fcr die Lagerung und Handhabung von SUCCEED | SUCCEED Europa","isPartOf":{"@id":"https:\/\/www.succeed-equine.co.uk\/#website"},"primaryImageOfPage":{"@id":"https:\/\/www.succeed-equine.co.uk\/de\/succeed-digestive-conditioning-program\/anwendung-von-succeed\/anweisungen-fuer-die-lagerung-und-handhabung-von-succeed\/#primaryimage"},"image":{"@id":"https:\/\/www.succeed-equine.co.uk\/de\/succeed-digestive-conditioning-program\/anwendung-von-succeed\/anweisungen-fuer-die-lagerung-und-handhabung-von-succeed\/#primaryimage"},"thumbnailUrl":"https:\/\/www.succeed-equine.co.uk\/wp-content\/blogs.dir\/3\/files\/2016\/05\/paste-and-granules.jpg","datePublished":"2017-11-23T17:20:20+00:00","dateModified":"2018-02-23T21:15:19+00:00","description":"Eine korrekte Handhabung und Lagerung kann dabei helfen, sicherzustellen, dass Aussehen und Eigenschaften von SUCCEED optimal bleiben. Dies sollten Sie wissen.","breadcrumb":{"@id":"https:\/\/www.succeed-equine.co.uk\/de\/succeed-digestive-conditioning-program\/anwendung-von-succeed\/anweisungen-fuer-die-lagerung-und-handhabung-von-succeed\/#breadcrumb"},"inLanguage":"de","potentialAction":[{"@type":"ReadAction","target":["https:\/\/www.succeed-equine.co.uk\/de\/succeed-digestive-conditioning-program\/anwendung-von-succeed\/anweisungen-fuer-die-lagerung-und-handhabung-von-succeed\/"]}]},{"@type":"ImageObject","inLanguage":"de","@id":"https:\/\/www.succeed-equine.co.uk\/de\/succeed-digestive-conditioning-program\/anwendung-von-succeed\/anweisungen-fuer-die-lagerung-und-handhabung-von-succeed\/#primaryimage","url":"https:\/\/www.succeed-equine.co.uk\/wp-content\/blogs.dir\/3\/files\/2016\/05\/paste-and-granules.jpg","contentUrl":"https:\/\/www.succeed-equine.co.uk\/wp-content\/blogs.dir\/3\/files\/2016\/05\/paste-and-granules.jpg"},{"@type":"BreadcrumbList","@id":"https:\/\/www.succeed-equine.co.uk\/de\/succeed-digestive-conditioning-program\/anwendung-von-succeed\/anweisungen-fuer-die-lagerung-und-handhabung-von-succeed\/#breadcrumb","itemListElement":[{"@type":"ListItem","position":1,"name":"Home","item":"https:\/\/www.succeed-equine.co.uk\/de\/"},{"@type":"ListItem","position":2,"name":"\u00dcber das SUCCEED\u00ae Digestive Conditioning Program","item":"https:\/\/www.succeed-equine.co.uk\/de\/succeed-digestive-conditioning-program\/"},{"@type":"ListItem","position":3,"name":"Anwendung von SUCCEED\u00ae","item":"https:\/\/www.succeed-equine.co.uk\/de\/succeed-digestive-conditioning-program\/anwendung-von-succeed\/"},{"@type":"ListItem","position":4,"name":"Anweisungen f\u00fcr die Lagerung und Handhabung von SUCCEED\u00ae"}]},{"@type":"WebSite","@id":"https:\/\/www.succeed-equine.co.uk\/#website","url":"https:\/\/www.succeed-equine.co.uk\/","name":"SUCCEED Europe","description":"My horse at its best.","potentialAction":[{"@type":"SearchAction","target":{"@type":"EntryPoint","urlTemplate":"https:\/\/www.succeed-equine.co.uk\/?s={search_term_string}"},"query-input":{"@type":"PropertyValueSpecification","valueRequired":true,"valueName":"search_term_string"}}],"inLanguage":"de"}]}},"_links":{"self":[{"href":"https:\/\/www.succeed-equine.co.uk\/de\/wp-json\/wp\/v2\/pages\/8194","targetHints":{"allow":["GET"]}}],"collection":[{"href":"https:\/\/www.succeed-equine.co.uk\/de\/wp-json\/wp\/v2\/pages"}],"about":[{"href":"https:\/\/www.succeed-equine.co.uk\/de\/wp-json\/wp\/v2\/types\/page"}],"author":[{"embeddable":true,"href":"https:\/\/www.succeed-equine.co.uk\/de\/wp-json\/wp\/v2\/users\/14"}],"replies":[{"embeddable":true,"href":"https:\/\/www.succeed-equine.co.uk\/de\/wp-json\/wp\/v2\/comments?post=8194"}],"version-history":[{"count":0,"href":"https:\/\/www.succeed-equine.co.uk\/de\/wp-json\/wp\/v2\/pages\/8194\/revisions"}],"up":[{"embeddable":true,"href":"https:\/\/www.succeed-equine.co.uk\/de\/wp-json\/wp\/v2\/pages\/8155"}],"wp:attachment":[{"href":"https:\/\/www.succeed-equine.co.uk\/de\/wp-json\/wp\/v2\/media?parent=8194"}],"curies":[{"name":"wp","href":"https:\/\/api.w.org\/{rel}","templated":true}]}}