{"id":8065,"date":"2017-11-08T16:42:53","date_gmt":"2017-11-08T16:42:53","guid":{"rendered":"https:\/\/www.succeed-equine.co.uk\/?page_id=8065"},"modified":"2018-02-23T19:31:58","modified_gmt":"2018-02-23T19:31:58","slug":"propos-du-programme-de-conditionnement-digestif-succeed","status":"publish","type":"page","link":"https:\/\/www.succeed-equine.co.uk\/fr\/propos-du-programme-de-conditionnement-digestif-succeed\/","title":{"rendered":"\u00c0 propos du programme de conditionnement digestif SUCCEED\u00ae"},"content":{"rendered":"<div class=\"su-row\">\n<div class=\"su-column su-column-size-1-2\"><div class=\"su-column-inner su-u-clearfix su-u-trim\">Si vous \u00eates un <a href=\"https:\/\/www.succeed-equine.co.uk\/serious-horse\/\">amoureux des chevaux<\/a>, ce qui est important, c&rsquo;est de faire les choses de la bonne mani\u00e8re, et de prot\u00e9ger le cheval. Vous voulez que votre cheval soit \u00e0 100\u00a0%, alors donnez \u00e0 100\u00a0%.<\/p>\n<p>C&rsquo;est pourquoi vous veillez \u00e0 ce que vos chevaux re\u00e7oivent les bons soins, la bonne alimentation\u2026 et SUCCEED.<\/div><\/div>\n<div class=\"su-column su-column-size-1-2\"><div class=\"su-column-inner su-u-clearfix su-u-trim\">Des amoureux des chevaux partout dans le monde utilisent SUCCEED, une approche nutritionnelle pour g\u00e9rer la sant\u00e9 digestive des chevaux, notamment l&rsquo;estomac et l&rsquo;intestin post\u00e9rieur. Ils savent que la sant\u00e9 du cheval d\u00e9pend d&rsquo;un syst\u00e8me digestif sain. Et cela signifie une meilleure performance, une meilleure attitude, et finalement, une am\u00e9lioration globale. <\/div><\/div>\n<\/div><div class=\"su-row\">\n<div class=\"su-column su-column-size-1-2\"><div class=\"su-column-inner su-u-clearfix su-u-trim\"><img decoding=\"async\" src=\"https:\/\/www.succeed-equine.co.uk\/wp-content\/blogs.dir\/3\/files\/2011\/01\/SUCCEED-Digestive-Conditioning-Program.png\" alt=\"SUCCEED-Digestive-Conditioning-Program\" class=\"alignnone size-full\" \/><\/div><\/div>\n<div class=\"su-column su-column-size-1-2\"><div class=\"su-column-inner su-u-clearfix su-u-trim\"><strong>Indications de SUCCEED:<\/strong><\/p>\n<ul>\n<li>Compensation d&rsquo;une insuffisance chronique de la fonction de l&rsquo;intestin gr\u00eale.<\/li>\n<li>Compensation des troubles digestifs chroniques du c\u00f4lon.<\/li>\n<li>Restauration nutritionnelle, convalescence.<\/li>\n<\/ul>\n<\/div><\/div>\n<\/div>\n<h2>Programme de conditionnement digestif SUCCEED\u00ae\u00a0: la formule du succ\u00e8s<\/h2>\n<p>Le programme de conditionnement digestif SUCCEED est un produit indispensable pour les amoureux des chevaux. Il s&rsquo;agit du seul compl\u00e9ment pour la sant\u00e9 digestive des chevaux b\u00e9n\u00e9ficiant de plusieurs brevets dans le monde. Il s&rsquo;agit d&rsquo;une formule exclusive d&rsquo;ingr\u00e9dients nutritionnels de qualit\u00e9 et de puret\u00e9 sup\u00e9rieures, notamment:<\/p>\n<div class=\"ingrediants_list\"><div class=\"su-row\">\n<div class=\"su-column su-column-size-1-5\"><div class=\"su-column-inner su-u-clearfix su-u-trim\">\n<h3>Huile d&rsquo;avoine<\/h3>\n<p><img decoding=\"async\" src=\"http:\/\/www.succeed-equine.com\/wp-content\/uploads\/2016\/05\/oat_oil.jpg\" alt=\"oat_oil\" class=\"alignnone size-full\" \/><\/p>\n<p>L&rsquo;huile d&rsquo;avoine est extraite au moyen d&rsquo;un processus unique afin de conserver une concentration \u00e9lev\u00e9e de <a href=\"http:\/\/www.succeed-equine.com\/education\/polar-lipids-for-horses\/\">lipides polaires<\/a>, des mol\u00e9cules de graisse sp\u00e9cialis\u00e9es tr\u00e8s b\u00e9n\u00e9fiques pour l&rsquo;intestin.<\/p>\n<\/div><\/div>\n<div class=\"su-column su-column-size-1-5\"><div class=\"su-column-inner su-u-clearfix su-u-trim\">\n<h3>Son d&rsquo;avoine<\/h3>\n<p><img decoding=\"async\" src=\"http:\/\/www.succeed-equine.com\/wp-content\/uploads\/2016\/05\/oat_flour.jpg\" alt=\"oat_flour\" class=\"alignnone size-full\" \/><\/p>\n<p>Issu d&rsquo;une avoine plus pauvre en amidon et plus riche en son, trait\u00e9e de mani\u00e8re \u00e0 conserver une concentration \u00e9lev\u00e9e de b\u00eata-glucane, ce qui facilite l&rsquo;absorption des nutriments et permet de mod\u00e9rer la vitesse de digestion.<\/p>\n<\/div><\/div>\n<div class=\"su-column su-column-size-1-5\"><div class=\"su-column-inner su-u-clearfix su-u-trim\">\n<h3>Produits \u00e0 base de levure<\/h3>\n<p><img decoding=\"async\" src=\"http:\/\/www.succeed-equine.com\/wp-content\/uploads\/2016\/05\/yeast_products.jpg\" alt=\"yeast_products\" class=\"alignnone size-full\" \/><\/p>\n<p>La levure inclut un b\u00eata-glucane et une mannane-oligosaccharide issue de la <a href=\"http:\/\/www.succeed-equine.com\/education\/yeast-for-horses\/\">levure Saccharomyces cerevisiae<\/a> qui est riche en <a href=\"http:\/\/www.succeed-equine.com\/education\/nucleotides-for-horses\/\">nucl\u00e9otides<\/a>, n\u00e9cessaires au d\u00e9veloppement cellulaire et \u00e0 la cicatrisation.<\/div><\/div>\n<div class=\"su-column su-column-size-1-5\"><div class=\"su-column-inner su-u-clearfix su-u-trim\">\n<h3>L-arginine<\/h3>\n<p><img decoding=\"async\" src=\"http:\/\/www.succeed-equine.com\/wp-content\/uploads\/2016\/05\/l_gluetimine.jpg\" alt=\"l_gluetimine\" class=\"alignnone size-full\" \/><\/p>\n<p>L&rsquo;acide amin\u00e9 L-arginine est important pour la fonction immunitaire, la r\u00e9paration tissulaire, une circulation saine et une meilleure capacit\u00e9 sportive.<\/p>\n<\/div><\/div>\n<div class=\"su-column su-column-size-1-5\"><div class=\"su-column-inner su-u-clearfix su-u-trim\">\n<h3>L-thr\u00e9onine<\/h3>\n<p><img decoding=\"async\" src=\"http:\/\/www.succeed-equine.com\/wp-content\/uploads\/2016\/05\/l_theo.jpg\" alt=\"l_theo\" class=\"alignnone size-full\" \/><\/p>\n<p>La <a href=\"http:\/\/www.succeed-equine.com\/education\/l-threonine-for-horses\/\">L-thr\u00e9onine<\/a> aide la production de mucine, composant n\u00e9cessaire du mucus qui lubrifie et prot\u00e8ge la muqueuse intestinale.<br \/>\n<\/div><\/div>\n<\/div>\n<\/div>\n<div class=\"product_labeling\">\n<div style=\"clear: both;\">\n<h2 style=\"padding-bottom: 30px !important;\">\u00c9tiquetage des produits et d\u00e9tails de la composition<\/h2>\n<p><a href=\"\/?page_id=8120\">En savoir plus sur les ingr\u00e9dients de SUCCEED<\/a><\/p>\n<\/div>\n<div class=\"row\">\n<div class=\"large-4 medium-12 small-12 columns\">\n<p>Les amoureux des chevaux savent \u00e9galement que SUCCEED est \u00e9tay\u00e9 par des \u00e9tudes scientifiques rigoureuses. Et plus important encore\u00a0: ils savent que SUCCEED est r\u00e9ellement efficace. Les recherches et les donn\u00e9es sont \u00e0 votre disposition dans le Centre v\u00e9t\u00e9rinaire SUCCEED.<\/p>\n<h3 class=\"callout\" style=\"letter-spacing: -.75px;\">Pr\u00eat \u00e0 essayer SUCCEED\u00a0? Parlez-en \u00e0 votre v\u00e9t\u00e9rinaire d\u00e8s aujourd&rsquo;hui.<\/h3>\n<\/div>\n<div class=\"large-8 medium-12 small-12 columns\">\n<div>\n<h4>\u00c9tiquetage des produits :<\/h4>\n<p><a href=\"\/wp-content\/blogs.dir\/3\/files\/2017\/08\/succeed-euro-dcp-labels.pdf\" target=\"_blank\" rel=\"noopener\"><img decoding=\"async\" src=\"http:\/\/www.succeed-equine.com\/wp-content\/uploads\/2016\/05\/product_info1.jpg\" alt=\"product_info1\" class=\"alignnone size-full\" \/><\/a><\/p>\n<\/div>\n<div>\n<h4>Granules :<\/h4>\n<p><a href=\"\/wp-content\/blogs.dir\/3\/files\/2017\/08\/succeed-euro-granules-composition-label.jpg\" target=\"_blank\" rel=\"noopener\"><img decoding=\"async\" src=\"https:\/\/www.succeed-equine.co.uk\/wp-content\/blogs.dir\/3\/files\/2011\/01\/granuals.jpg\" alt=\"granuals\" class=\"alignnone size-full\" \/><\/a><\/p>\n<\/div>\n<div>\n<h4>P\u00e2te :<\/h4>\n<p><a href=\"\/wp-content\/blogs.dir\/3\/files\/2017\/08\/succeed-euro-paste-composition-label.jpg\" target=\"_blank\" rel=\"noopener\"><img decoding=\"async\" src=\"https:\/\/www.succeed-equine.co.uk\/wp-content\/blogs.dir\/3\/files\/2011\/01\/paste.jpg\" alt=\"paste\" class=\"alignnone size-full\" \/><\/a><\/p>\n<\/div>\n<\/div>\n<\/div>\n<\/div>\n<h2>Utiliser le programme de conditionnement digestif SUCCEED\u00ae<\/h2>\n<div class=\"su-row\">\n<div class=\"su-column su-column-size-3-4\"><div class=\"su-column-inner su-u-clearfix su-u-trim\">Il est important que la sant\u00e9 digestive de votre cheval reste optimale. Et avec SUCCEED, c&rsquo;est \u00e9galement facile. Il suffit d&rsquo;une seule dose de SUCCEED par jour avec une alimentation normale. C&rsquo;est tout\u00a0!<\/p>\n<p><em>Nous vous recommandons de demander l\u2019avis d\u2019un v\u00e9t\u00e9rinaire avant d\u2019utiliser le produit ou de prolonger la p\u00e9riode d\u2019utilisation.<\/em><br \/>\n<\/div><\/div>\n<div class=\"su-column su-column-size-1-4\"><div class=\"su-column-inner su-u-clearfix su-u-trim\">\n<p style=\"text-align: left;\"><a href=\"\/?page_id=8177\">Mode d&#8217;emploi<\/a><br \/>\n<a href=\"\/?page_id=8192\">Conservation et manipulation<\/a><br \/>\n<a href=\"\/?page_id=8207\">Questions fr\u00e9quentes<\/a><\/p>\n<\/div><\/div>\n<\/div>\n\n  <\/div>\n  <\/article>\n  <\/div>\n  <div class=\"product_options_bg\">\n    <div class=\"row\">\n      <h2>Diff\u00e9rents produits SUCCEED<\/h2>\n      <div class=\"large-5 medium-5 small-12 columns\">\n      <p>La m\u00eame formule SUCCEED g\u00e9niale existe en p\u00e2te \u00e0 administration orale et en granules \u00e0 saupoudrer sur la nourriture.<\/p>\n        <div class=\"bttn custom-wpml-bttn-fix\">\n        <a href=\"https:\/\/www.succeed-equine.co.uk\/fr\/propos-du-programme-de-conditionnement-digestif-succeed\/product-options\/\">Voir tous les produits<\/a>\n        <\/div>\n      <\/div>\n      <div class=\"large-7 medium-7 small-12 columns\">\n        <img fetchpriority=\"high\" decoding=\"async\" src=\"\/wp-content\/uploads\/2016\/07\/all-buckets-carton-EU.png\" alt=\"Succeed Carton and Buckets\" width=\"668\" height=\"434\" class=\"alignnone size-full wp-image-7042\" \/>\n      <\/div>\n    <\/div>\n  <\/div>\n  <div id=\"single-page\" class=\"row main_content_area\">\n    <article class=\"main-content large-12 medium-12 small-12 columns\" id=\"post-6986\">\n      <div class=\"entry-content\">\n  \n","protected":false},"excerpt":{"rendered":"<p>Programme de conditionnement digestif SUCCEED\u00ae\u00a0: la formule du succ\u00e8s Le programme de conditionnement digestif SUCCEED est un produit indispensable pour les amoureux des chevaux. Il s&rsquo;agit du seul compl\u00e9ment pour la sant\u00e9 digestive des chevaux [&hellip;]<\/p>\n","protected":false},"author":14,"featured_media":0,"parent":0,"menu_order":0,"comment_status":"closed","ping_status":"closed","template":"","meta":{"_acf_changed":false,"footnotes":""},"class_list":["post-8065","page","type-page","status-publish","hentry"],"acf":[],"yoast_head":"<!-- This site is optimized with the Yoast SEO plugin v26.6 - https:\/\/yoast.com\/wordpress\/plugins\/seo\/ -->\n<title>\u00c0 propos du programme de conditionnement digestif SUCCEED | SUCCEED Europe<\/title>\n<meta name=\"description\" content=\"Le secret de SUCCEED r\u00e9side dans les ingr\u00e9dients nutritionnels am\u00e9liorant la sant\u00e9 globale du tube digestif \u00e9quin. Disponible en p\u00e2te \u00e0 administration orale et en granules \u00e0 saupoudrer sur la nourriture.\" \/>\n<meta name=\"robots\" content=\"index, follow, max-snippet:-1, max-image-preview:large, max-video-preview:-1\" \/>\n<link rel=\"canonical\" href=\"https:\/\/www.succeed-equine.co.uk\/fr\/propos-du-programme-de-conditionnement-digestif-succeed\/\" \/>\n<meta property=\"og:locale\" content=\"fr_FR\" \/>\n<meta property=\"og:type\" content=\"article\" \/>\n<meta property=\"og:title\" content=\"\u00c0 propos du programme de conditionnement digestif SUCCEED | SUCCEED Europe\" \/>\n<meta property=\"og:description\" content=\"Le secret de SUCCEED r\u00e9side dans les ingr\u00e9dients nutritionnels am\u00e9liorant la sant\u00e9 globale du tube digestif \u00e9quin. Disponible en p\u00e2te \u00e0 administration orale et en granules \u00e0 saupoudrer sur la nourriture.\" \/>\n<meta property=\"og:url\" content=\"https:\/\/www.succeed-equine.co.uk\/fr\/propos-du-programme-de-conditionnement-digestif-succeed\/\" \/>\n<meta property=\"og:site_name\" content=\"SUCCEED Europe\" \/>\n<meta property=\"article:modified_time\" content=\"2018-02-23T19:31:58+00:00\" \/>\n<meta property=\"og:image\" content=\"https:\/\/www.succeed-equine.co.uk\/wp-content\/blogs.dir\/3\/files\/2011\/01\/SUCCEED-Digestive-Conditioning-Program.png\" \/>\n<meta name=\"twitter:card\" content=\"summary_large_image\" \/>\n<meta name=\"twitter:label1\" content=\"Dur\u00e9e de lecture estim\u00e9e\" \/>\n\t<meta name=\"twitter:data1\" content=\"3 minutes\" \/>\n<script type=\"application\/ld+json\" class=\"yoast-schema-graph\">{\"@context\":\"https:\/\/schema.org\",\"@graph\":[{\"@type\":\"WebPage\",\"@id\":\"https:\/\/www.succeed-equine.co.uk\/fr\/propos-du-programme-de-conditionnement-digestif-succeed\/\",\"url\":\"https:\/\/www.succeed-equine.co.uk\/fr\/propos-du-programme-de-conditionnement-digestif-succeed\/\",\"name\":\"\u00c0 propos du programme de conditionnement digestif SUCCEED | SUCCEED Europe\",\"isPartOf\":{\"@id\":\"https:\/\/www.succeed-equine.co.uk\/#website\"},\"primaryImageOfPage\":{\"@id\":\"https:\/\/www.succeed-equine.co.uk\/fr\/propos-du-programme-de-conditionnement-digestif-succeed\/#primaryimage\"},\"image\":{\"@id\":\"https:\/\/www.succeed-equine.co.uk\/fr\/propos-du-programme-de-conditionnement-digestif-succeed\/#primaryimage\"},\"thumbnailUrl\":\"https:\/\/www.succeed-equine.co.uk\/wp-content\/blogs.dir\/3\/files\/2011\/01\/SUCCEED-Digestive-Conditioning-Program.png\",\"datePublished\":\"2017-11-08T16:42:53+00:00\",\"dateModified\":\"2018-02-23T19:31:58+00:00\",\"description\":\"Le secret de SUCCEED r\u00e9side dans les ingr\u00e9dients nutritionnels am\u00e9liorant la sant\u00e9 globale du tube digestif \u00e9quin. Disponible en p\u00e2te \u00e0 administration orale et en granules \u00e0 saupoudrer sur la nourriture.\",\"breadcrumb\":{\"@id\":\"https:\/\/www.succeed-equine.co.uk\/fr\/propos-du-programme-de-conditionnement-digestif-succeed\/#breadcrumb\"},\"inLanguage\":\"fr-FR\",\"potentialAction\":[{\"@type\":\"ReadAction\",\"target\":[\"https:\/\/www.succeed-equine.co.uk\/fr\/propos-du-programme-de-conditionnement-digestif-succeed\/\"]}]},{\"@type\":\"ImageObject\",\"inLanguage\":\"fr-FR\",\"@id\":\"https:\/\/www.succeed-equine.co.uk\/fr\/propos-du-programme-de-conditionnement-digestif-succeed\/#primaryimage\",\"url\":\"https:\/\/www.succeed-equine.co.uk\/wp-content\/blogs.dir\/3\/files\/2011\/01\/SUCCEED-Digestive-Conditioning-Program.png\",\"contentUrl\":\"https:\/\/www.succeed-equine.co.uk\/wp-content\/blogs.dir\/3\/files\/2011\/01\/SUCCEED-Digestive-Conditioning-Program.png\"},{\"@type\":\"BreadcrumbList\",\"@id\":\"https:\/\/www.succeed-equine.co.uk\/fr\/propos-du-programme-de-conditionnement-digestif-succeed\/#breadcrumb\",\"itemListElement\":[{\"@type\":\"ListItem\",\"position\":1,\"name\":\"Home\",\"item\":\"https:\/\/www.succeed-equine.co.uk\/fr\/\"},{\"@type\":\"ListItem\",\"position\":2,\"name\":\"\u00c0 propos du programme de conditionnement digestif SUCCEED\u00ae\"}]},{\"@type\":\"WebSite\",\"@id\":\"https:\/\/www.succeed-equine.co.uk\/#website\",\"url\":\"https:\/\/www.succeed-equine.co.uk\/\",\"name\":\"SUCCEED Europe\",\"description\":\"My horse at its best.\",\"potentialAction\":[{\"@type\":\"SearchAction\",\"target\":{\"@type\":\"EntryPoint\",\"urlTemplate\":\"https:\/\/www.succeed-equine.co.uk\/?s={search_term_string}\"},\"query-input\":{\"@type\":\"PropertyValueSpecification\",\"valueRequired\":true,\"valueName\":\"search_term_string\"}}],\"inLanguage\":\"fr-FR\"}]}<\/script>\n<!-- \/ Yoast SEO plugin. -->","yoast_head_json":{"title":"\u00c0 propos du programme de conditionnement digestif SUCCEED | SUCCEED Europe","description":"Le secret de SUCCEED r\u00e9side dans les ingr\u00e9dients nutritionnels am\u00e9liorant la sant\u00e9 globale du tube digestif \u00e9quin. Disponible en p\u00e2te \u00e0 administration orale et en granules \u00e0 saupoudrer sur la nourriture.","robots":{"index":"index","follow":"follow","max-snippet":"max-snippet:-1","max-image-preview":"max-image-preview:large","max-video-preview":"max-video-preview:-1"},"canonical":"https:\/\/www.succeed-equine.co.uk\/fr\/propos-du-programme-de-conditionnement-digestif-succeed\/","og_locale":"fr_FR","og_type":"article","og_title":"\u00c0 propos du programme de conditionnement digestif SUCCEED | SUCCEED Europe","og_description":"Le secret de SUCCEED r\u00e9side dans les ingr\u00e9dients nutritionnels am\u00e9liorant la sant\u00e9 globale du tube digestif \u00e9quin. Disponible en p\u00e2te \u00e0 administration orale et en granules \u00e0 saupoudrer sur la nourriture.","og_url":"https:\/\/www.succeed-equine.co.uk\/fr\/propos-du-programme-de-conditionnement-digestif-succeed\/","og_site_name":"SUCCEED Europe","article_modified_time":"2018-02-23T19:31:58+00:00","og_image":[{"url":"https:\/\/www.succeed-equine.co.uk\/wp-content\/blogs.dir\/3\/files\/2011\/01\/SUCCEED-Digestive-Conditioning-Program.png","type":"","width":"","height":""}],"twitter_card":"summary_large_image","twitter_misc":{"Dur\u00e9e de lecture estim\u00e9e":"3 minutes"},"schema":{"@context":"https:\/\/schema.org","@graph":[{"@type":"WebPage","@id":"https:\/\/www.succeed-equine.co.uk\/fr\/propos-du-programme-de-conditionnement-digestif-succeed\/","url":"https:\/\/www.succeed-equine.co.uk\/fr\/propos-du-programme-de-conditionnement-digestif-succeed\/","name":"\u00c0 propos du programme de conditionnement digestif SUCCEED | SUCCEED Europe","isPartOf":{"@id":"https:\/\/www.succeed-equine.co.uk\/#website"},"primaryImageOfPage":{"@id":"https:\/\/www.succeed-equine.co.uk\/fr\/propos-du-programme-de-conditionnement-digestif-succeed\/#primaryimage"},"image":{"@id":"https:\/\/www.succeed-equine.co.uk\/fr\/propos-du-programme-de-conditionnement-digestif-succeed\/#primaryimage"},"thumbnailUrl":"https:\/\/www.succeed-equine.co.uk\/wp-content\/blogs.dir\/3\/files\/2011\/01\/SUCCEED-Digestive-Conditioning-Program.png","datePublished":"2017-11-08T16:42:53+00:00","dateModified":"2018-02-23T19:31:58+00:00","description":"Le secret de SUCCEED r\u00e9side dans les ingr\u00e9dients nutritionnels am\u00e9liorant la sant\u00e9 globale du tube digestif \u00e9quin. Disponible en p\u00e2te \u00e0 administration orale et en granules \u00e0 saupoudrer sur la nourriture.","breadcrumb":{"@id":"https:\/\/www.succeed-equine.co.uk\/fr\/propos-du-programme-de-conditionnement-digestif-succeed\/#breadcrumb"},"inLanguage":"fr-FR","potentialAction":[{"@type":"ReadAction","target":["https:\/\/www.succeed-equine.co.uk\/fr\/propos-du-programme-de-conditionnement-digestif-succeed\/"]}]},{"@type":"ImageObject","inLanguage":"fr-FR","@id":"https:\/\/www.succeed-equine.co.uk\/fr\/propos-du-programme-de-conditionnement-digestif-succeed\/#primaryimage","url":"https:\/\/www.succeed-equine.co.uk\/wp-content\/blogs.dir\/3\/files\/2011\/01\/SUCCEED-Digestive-Conditioning-Program.png","contentUrl":"https:\/\/www.succeed-equine.co.uk\/wp-content\/blogs.dir\/3\/files\/2011\/01\/SUCCEED-Digestive-Conditioning-Program.png"},{"@type":"BreadcrumbList","@id":"https:\/\/www.succeed-equine.co.uk\/fr\/propos-du-programme-de-conditionnement-digestif-succeed\/#breadcrumb","itemListElement":[{"@type":"ListItem","position":1,"name":"Home","item":"https:\/\/www.succeed-equine.co.uk\/fr\/"},{"@type":"ListItem","position":2,"name":"\u00c0 propos du programme de conditionnement digestif SUCCEED\u00ae"}]},{"@type":"WebSite","@id":"https:\/\/www.succeed-equine.co.uk\/#website","url":"https:\/\/www.succeed-equine.co.uk\/","name":"SUCCEED Europe","description":"My horse at its best.","potentialAction":[{"@type":"SearchAction","target":{"@type":"EntryPoint","urlTemplate":"https:\/\/www.succeed-equine.co.uk\/?s={search_term_string}"},"query-input":{"@type":"PropertyValueSpecification","valueRequired":true,"valueName":"search_term_string"}}],"inLanguage":"fr-FR"}]}},"_links":{"self":[{"href":"https:\/\/www.succeed-equine.co.uk\/fr\/wp-json\/wp\/v2\/pages\/8065","targetHints":{"allow":["GET"]}}],"collection":[{"href":"https:\/\/www.succeed-equine.co.uk\/fr\/wp-json\/wp\/v2\/pages"}],"about":[{"href":"https:\/\/www.succeed-equine.co.uk\/fr\/wp-json\/wp\/v2\/types\/page"}],"author":[{"embeddable":true,"href":"https:\/\/www.succeed-equine.co.uk\/fr\/wp-json\/wp\/v2\/users\/14"}],"replies":[{"embeddable":true,"href":"https:\/\/www.succeed-equine.co.uk\/fr\/wp-json\/wp\/v2\/comments?post=8065"}],"version-history":[{"count":0,"href":"https:\/\/www.succeed-equine.co.uk\/fr\/wp-json\/wp\/v2\/pages\/8065\/revisions"}],"wp:attachment":[{"href":"https:\/\/www.succeed-equine.co.uk\/fr\/wp-json\/wp\/v2\/media?parent=8065"}],"curies":[{"name":"wp","href":"https:\/\/api.w.org\/{rel}","templated":true}]}}