{"id":8120,"date":"2017-11-18T19:21:23","date_gmt":"2017-11-18T19:21:23","guid":{"rendered":"https:\/\/www.succeed-equine.co.uk\/?page_id=8120"},"modified":"2017-11-18T19:21:23","modified_gmt":"2017-11-18T19:21:23","slug":"ingredients-contenus-dans-le-programme-de-conditionnement-digestif-succeed","status":"publish","type":"page","link":"https:\/\/www.succeed-equine.co.uk\/fr\/propos-du-programme-de-conditionnement-digestif-succeed\/ingredients-contenus-dans-le-programme-de-conditionnement-digestif-succeed\/","title":{"rendered":"Ingr\u00e9dients contenus dans le programme de conditionnement digestif SUCCEED\u00ae"},"content":{"rendered":"<p>Lorsqu&rsquo;il s&rsquo;agit de la sant\u00e9 et du bien-\u00eatre, les amoureux des chevaux cherchent de bons produits. Le programme de conditionnement digestif SUCCEED correspond \u00e0 cette attente. Vous appr\u00e9cierez les points suivants\u00a0:<\/p>\n<div class=\"su-row\">\n<div class=\"su-column su-column-size-1-4\"><div class=\"su-column-inner su-u-clearfix su-u-trim\">\n<ul>\n<li style=\"letter-spacing: -.1px;\">Il s&rsquo;agit du seul suppl\u00e9ment \u00e9quin de sa cat\u00e9gorie avec plusieurs brevets dans le monde.<\/li>\n<\/ul>\n<\/div><\/div>\n<div class=\"su-column su-column-size-1-4\"><div class=\"su-column-inner su-u-clearfix su-u-trim\">\n<ul>\n<li style=\"letter-spacing: -.2px;\">Tous les ingr\u00e9dients sont certifi\u00e9s nourriture de qualit\u00e9 humaine, pour une puret\u00e9 et une qualit\u00e9 optimales.<\/li>\n<\/ul>\n<\/div><\/div>\n<div class=\"su-column su-column-size-1-2\"><div class=\"su-column-inner su-u-clearfix su-u-trim\">\n<ul>\n<li>Dans l&rsquo;\u00c9tat de l&rsquo;Ohio, aux \u00c9tats-Unis, nous sommes certifi\u00e9s en tant qu&rsquo;\u00e9tablissement conforme aux <a href=\"https:\/\/www.fda.gov\/Drugs\/DevelopmentApprovalProcess\/Manufacturing\/ucm169105.htm\">bonnes pratiques de fabrication<\/a> (BPF), garantissant ainsi une constance rigoureuse, ainsi que la qualit\u00e9 et la s\u00e9curit\u00e9 d\u2019emploi.<\/li>\n<\/ul>\n<\/div><\/div>\n<\/div>\n<p>Et vos chevaux aimeront le go\u00fbt d&rsquo;avoine naturel de SUCCEED issu d&rsquo;ingr\u00e9dients \u00e0 base d&rsquo;avoine, et non d&rsquo;ar\u00f4me artificiel. Lorsque vos chevaux y auront go\u00fbt\u00e9 pour la premi\u00e8re fois, SUCCEED deviendra une friandise qu&rsquo;ils attendront tous les jours.<\/p>\n<h2>Formule SUCCEED\u00ae pour une sant\u00e9 digestive \u00e9quine totale<\/h2>\n<p>SUCCEED a \u00e9t\u00e9 d\u00e9velopp\u00e9 en mettant l&rsquo;accent sur les nutriments naturellement pr\u00e9sents n\u00e9cessaires \u00e0 la bonne sant\u00e9 de l&rsquo;int\u00e9gralit\u00e9 du tube digestif \u00e9quin. Cela comprend une aide pour l&rsquo;anatomie digestive (villosit\u00e9s intestinales, muqueuse intestinale) et la fonction digestive (bon \u00e9quilibre bact\u00e9rien, digestion, transit alimentaire dans le tube digestif, etc.).<\/p>\n<div class=\"ingrediants_list\"><div class=\"su-row\">\n<div class=\"su-column su-column-size-1-5\"><div class=\"su-column-inner su-u-clearfix su-u-trim\">\n<h3>Huile d&rsquo;avoine<\/h3>\n<p><img decoding=\"async\" src=\"http:\/\/www.succeed-equine.com\/wp-content\/uploads\/2016\/05\/oat_oil.jpg\" alt=\"oat_oil\" class=\"alignnone size-full\" \/><\/p>\n<div class=\"su-expand su-expand-collapsed su-expand-link-style-underlined\" data-height=\"160\"><div class=\"su-expand-content su-u-trim\" style=\"color:#000;max-height:160px;overflow:hidden\">\n<p>L&rsquo;huile d&rsquo;avoine est riche en lipides polaires, des mol\u00e9cules de graisse tr\u00e8s b\u00e9n\u00e9fiques et importantes pour une sant\u00e9 et une fonction digestives normales. Les avoines sont particuli\u00e8rement riches en galactolipides, que seule l&rsquo;alimentation peut fournir. L&rsquo;huile d&rsquo;avoine contenue dans SUCCEED est d\u00e9riv\u00e9e \u00e0 l&rsquo;aide d&rsquo;un processus exclusif d&rsquo;extraction \u00e0 l&rsquo;\u00e9thanol conservant une concentration plus \u00e9lev\u00e9e de lipides polaires. Les lipides polaires se r\u00e9v\u00e8lent am\u00e9liorer l&rsquo;absorption des nutriments, la r\u00e9sistance et l&rsquo;int\u00e9grit\u00e9 de la barri\u00e8re de la muqueuse intestinale, ainsi que la fonction c\u00e9r\u00e9brale.<\/p>\n<p><a href=\"http:\/\/www.succeed-equine.com\/education\/polar-lipids-for-horses\/\">Consultez les recherches sur les b\u00e9n\u00e9fices des lipides polaires sur la sant\u00e9 digestive<\/a><\/p>\n<\/div><div class=\"su-expand-link su-expand-link-more\" style=\"text-align:left\"><a href=\"javascript:;\" style=\"color:#000;border-color:#000\"><span style=\"border-color:#000\">Afficher plus<\/span><\/a><\/div><div class=\"su-expand-link su-expand-link-less\" style=\"text-align:left\"><a href=\"javascript:;\" style=\"color:#000;border-color:#000\"><span style=\"border-color:#000\">Afficher moins<\/span><\/a><\/div><\/div> <\/div><\/div>\n<div class=\"su-column su-column-size-1-5\"><div class=\"su-column-inner su-u-clearfix su-u-trim\">\n<h3>Son d&rsquo;avoine<\/h3>\n<p><img decoding=\"async\" src=\"http:\/\/www.succeed-equine.com\/wp-content\/uploads\/2016\/05\/oat_flour.jpg\" alt=\"oat_flour\" class=\"alignnone size-full\" \/><\/p>\n<div class=\"su-expand su-expand-collapsed su-expand-link-style-underlined\" data-height=\"160\"><div class=\"su-expand-content su-u-trim\" style=\"color:#000;max-height:160px;overflow:hidden\">\n<p>Les avoines utilis\u00e9es dans la fabrication de SUCCEED sont diff\u00e9rentes des avoines utilis\u00e9es pour fabriquer la plupart des farines courantes, comme celles utilis\u00e9es pour la boulangerie\/p\u00e2tisserie. Le son d&rsquo;avoine contenu dans SUCCEED est d\u00e9riv\u00e9 d&rsquo;avoines pauvres en amidon et riches en b\u00eata-glucane. Il a \u00e9t\u00e9 d\u00e9montr\u00e9 que le b\u00eata-glucane aide \u00e0 maintenir un transit digestif optimal, r\u00e9gulant ainsi la lib\u00e9ration de sucres par le syst\u00e8me digestif et favorisant l&rsquo;immunit\u00e9 naturelle.<\/p>\n<p><a href=\"http:\/\/www.succeed-equine.com\/education\/beta-glucan-for-horses\/\">Consultez les recherches sur les b\u00e9n\u00e9fices du b\u00eata-glucane sur la sant\u00e9 digestive<\/a><\/p>\n<\/div><div class=\"su-expand-link su-expand-link-more\" style=\"text-align:left\"><a href=\"javascript:;\" style=\"color:#000;border-color:#000\"><span style=\"border-color:#000\">Afficher plus<\/span><\/a><\/div><div class=\"su-expand-link su-expand-link-less\" style=\"text-align:left\"><a href=\"javascript:;\" style=\"color:#000;border-color:#000\"><span style=\"border-color:#000\">Afficher moins<\/span><\/a><\/div><\/div> <\/div><\/div>\n<div class=\"su-column su-column-size-1-5\"><div class=\"su-column-inner su-u-clearfix su-u-trim\">\n<h3>Produits \u00e0 base de levure<\/h3>\n<p><img decoding=\"async\" src=\"http:\/\/www.succeed-equine.com\/wp-content\/uploads\/2016\/05\/yeast_products.jpg\" alt=\"yeast_products\" class=\"alignnone size-full\" \/><\/p>\n<div class=\"su-expand su-expand-collapsed su-expand-link-style-underlined\" data-height=\"160\"><div class=\"su-expand-content su-u-trim\" style=\"color:#000;max-height:160px;overflow:hidden\">\n<p>SUCCEED contient des composants de la souche de levure Saccharomyces cerevisiae qui sont b\u00e9n\u00e9fiques \u00e0 la sant\u00e9 digestive des chevaux. La levure contenue dans SUCCEED est riche en mannane-oligosaccharide (MOS), b\u00eata-glucane et nucl\u00e9otides. La MOS permet d&rsquo;avoir une microflore \u00e9quilibr\u00e9e et un syst\u00e8me immunitaire efficace. Les nucl\u00e9otides sont essentiels \u00e0 la croissance et \u00e0 la r\u00e9paration des cellules, et permettent de maintenir un tube digestif en bonne sant\u00e9, tandis que le b\u00eata-glucane prot\u00e8ge l&rsquo;intestin post\u00e9rieur.<\/p>\n<p><a href=\"http:\/\/www.succeed-equine.com\/education\/yeast-for-horses\/\">Consultez les recherches sur les b\u00e9n\u00e9fices de la levure sur la sant\u00e9 digestive<\/a><\/p>\n<\/div><div class=\"su-expand-link su-expand-link-more\" style=\"text-align:left\"><a href=\"javascript:;\" style=\"color:#000;border-color:#000\"><span style=\"border-color:#000\">Afficher plus<\/span><\/a><\/div><div class=\"su-expand-link su-expand-link-less\" style=\"text-align:left\"><a href=\"javascript:;\" style=\"color:#000;border-color:#000\"><span style=\"border-color:#000\">Afficher moins<\/span><\/a><\/div><\/div> <\/div><\/div>\n<div class=\"su-column su-column-size-1-5\"><div class=\"su-column-inner su-u-clearfix su-u-trim\">\n<h3>L-arginine<\/h3>\n<p><img decoding=\"async\" src=\"http:\/\/www.succeed-equine.com\/wp-content\/uploads\/2016\/05\/l_gluetimine.jpg\" alt=\"l_gluetimine\" class=\"alignnone size-full\" \/><\/p>\n<div class=\"su-expand su-expand-collapsed su-expand-link-style-underlined\" data-height=\"160\"><div class=\"su-expand-content su-u-trim\" style=\"color:#000;max-height:160px;overflow:hidden\">\n<p>La L-arginine est un acide amin\u00e9 conditionnellement essentiel associ\u00e9 \u00e0 une muqueuse intestinale saine et \u00e0 une cicatrisation rapide des plaies. La L-arginine est importante pour la fonction immunitaire, la r\u00e9paration tissulaire, une circulation saine et une meilleure capacit\u00e9 \u00e0 faire de l&rsquo;exercice. Ces multiples effets agissent de mani\u00e8re \u00e0 avoir un cheval en bonne sant\u00e9 pour la comp\u00e9tition et pour la reproduction.<\/p>\n<\/div><div class=\"su-expand-link su-expand-link-more\" style=\"text-align:left\"><a href=\"javascript:;\" style=\"color:#000;border-color:#000\"><span style=\"border-color:#000\">Afficher plus<\/span><\/a><\/div><div class=\"su-expand-link su-expand-link-less\" style=\"text-align:left\"><a href=\"javascript:;\" style=\"color:#000;border-color:#000\"><span style=\"border-color:#000\">Afficher moins<\/span><\/a><\/div><\/div> <\/div><\/div>\n<div class=\"su-column su-column-size-1-5\"><div class=\"su-column-inner su-u-clearfix su-u-trim\">\n<h3>L-thr\u00e9onine<\/h3>\n<p><img decoding=\"async\" src=\"http:\/\/www.succeed-equine.com\/wp-content\/uploads\/2016\/05\/l_theo.jpg\" alt=\"l_theo\" class=\"alignnone size-full\" \/><\/p>\n<div class=\"su-expand su-expand-collapsed su-expand-link-style-underlined\" data-height=\"160\"><div class=\"su-expand-content su-u-trim\" style=\"color:#000;max-height:160px;overflow:hidden\">\n<p>La L-thr\u00e9onine est un acide amin\u00e9 essentiel n\u00e9cessaire \u00e0 la bonne sant\u00e9 intestinale. Chez les chevaux, la L-thr\u00e9onine contribue \u00e0 un bon fonctionnement du tube digestif. Elle facilite \u00e9galement le m\u00e9tabolisme et l&rsquo;absorption des nutriments tout en contribuant \u00e9galement \u00e0 la production de mucus.<\/p>\n<p><a href=\"http:\/\/www.succeed-equine.com\/education\/l-threonine-for-horses\/\">Consultez les recherches sur les b\u00e9n\u00e9fices de la L-thr\u00e9onine sur la sant\u00e9 digestive<\/a><\/p>\n<\/div><div class=\"su-expand-link su-expand-link-more\" style=\"text-align:left\"><a href=\"javascript:;\" style=\"color:#000;border-color:#000\"><span style=\"border-color:#000\">Afficher plus<\/span><\/a><\/div><div class=\"su-expand-link su-expand-link-less\" style=\"text-align:left\"><a href=\"javascript:;\" style=\"color:#000;border-color:#000\"><span style=\"border-color:#000\">Afficher moins<\/span><\/a><\/div><\/div> <\/div><\/div>\n<\/div>\n<\/div>\n<div class=\"product_labeling\">\n<h2 style=\"padding-bottom: 30px !important;\">\u00c9tiquetage des produits et d\u00e9tails de la composition<\/h2>\n<div style=\"clear: both;\"><\/div>\n<div class=\"row\">\n<div class=\"large-4 medium-12 small-12 columns\">\n<p>Les amoureux des chevaux savent \u00e9galement que SUCCEED est \u00e9tay\u00e9 par des \u00e9tudes scientifiques rigoureuses. Et plus important encore\u00a0: ils savent que SUCCEED est r\u00e9ellement efficace.\u00a0Les recherches et les donn\u00e9es sont \u00e0 votre disposition <a href=\"https:\/\/www.succeed-vet.com\/\">dans le Centre v\u00e9t\u00e9rinaire SUCCEED.<\/a><\/p>\n<h3 class=\"callout\" style=\"letter-spacing: -.75px;\">Pr\u00eat \u00e0 essayer SUCCEED\u00a0? Parlez-en \u00e0 votre v\u00e9t\u00e9rinaire pour l&rsquo;acheter.<\/h3>\n<\/div>\n<div class=\"large-8 medium-12 small-12 columns\">\n<div>\n<h4>\u00c9tiquetage des produits\u00a0:<\/h4>\n<p><a href=\"\/wp-content\/blogs.dir\/3\/files\/2017\/08\/succeed-euro-dcp-labels.pdf\" target=\"_blank\" rel=\"noopener\"><img decoding=\"async\" src=\"http:\/\/www.succeed-equine.com\/wp-content\/uploads\/2016\/05\/product_info1.jpg\" alt=\"product_info1\" class=\"alignnone size-full\" \/><\/a><\/p>\n<\/div>\n<div>\n<h4>Granules\u00a0:<\/h4>\n<p><a href=\"\/wp-content\/blogs.dir\/3\/files\/2017\/08\/succeed-euro-granules-composition-label.jpg\" target=\"_blank\" rel=\"noopener\"><img decoding=\"async\" src=\"https:\/\/www.succeed-equine.co.uk\/wp-content\/blogs.dir\/3\/files\/2011\/01\/granuals.jpg\" alt=\"granuals\" class=\"alignnone size-full\" \/><\/a><\/p>\n<\/div>\n<div>\n<h4>P\u00e2te\u00a0:<\/h4>\n<p><a href=\"\/wp-content\/blogs.dir\/3\/files\/2017\/08\/succeed-euro-paste-composition-label.jpg\" target=\"_blank\" rel=\"noopener\"><img decoding=\"async\" src=\"https:\/\/www.succeed-equine.co.uk\/wp-content\/blogs.dir\/3\/files\/2011\/01\/paste.jpg\" alt=\"paste\" class=\"alignnone size-full\" \/><\/a><\/p>\n<\/div>\n<\/div>\n<\/div>\n<\/div>\n","protected":false},"excerpt":{"rendered":"<p>Lorsqu&rsquo;il s&rsquo;agit de la sant\u00e9 et du bien-\u00eatre, les amoureux des chevaux cherchent de bons produits. Le programme de conditionnement digestif SUCCEED correspond \u00e0 cette attente. Vous appr\u00e9cierez les points suivants\u00a0: Et vos chevaux aimeront [&hellip;]<\/p>\n","protected":false},"author":14,"featured_media":0,"parent":8065,"menu_order":0,"comment_status":"closed","ping_status":"closed","template":"","meta":{"_acf_changed":false,"footnotes":""},"class_list":["post-8120","page","type-page","status-publish","hentry"],"acf":[],"yoast_head":"<!-- This site is optimized with the Yoast SEO plugin v26.6 - https:\/\/yoast.com\/wordpress\/plugins\/seo\/ -->\n<title>Ingr\u00e9dients de SUCCEED pour chevaux | SUCCEED Europe<\/title>\n<meta name=\"description\" content=\"SUCCEED a \u00e9t\u00e9 d\u00e9velopp\u00e9 en mettant l&#039;accent sur les nutriments naturellement pr\u00e9sents n\u00e9cessaires \u00e0 la bonne sant\u00e9 de l&#039;int\u00e9gralit\u00e9 du tube digestif \u00e9quin. Consultez les ingr\u00e9dients.\" \/>\n<meta name=\"robots\" content=\"index, follow, max-snippet:-1, max-image-preview:large, max-video-preview:-1\" \/>\n<link rel=\"canonical\" href=\"https:\/\/www.succeed-equine.co.uk\/fr\/propos-du-programme-de-conditionnement-digestif-succeed\/ingredients-contenus-dans-le-programme-de-conditionnement-digestif-succeed\/\" \/>\n<meta property=\"og:locale\" content=\"fr_FR\" \/>\n<meta property=\"og:type\" content=\"article\" \/>\n<meta property=\"og:title\" content=\"Ingr\u00e9dients de SUCCEED pour chevaux | SUCCEED Europe\" \/>\n<meta property=\"og:description\" content=\"SUCCEED a \u00e9t\u00e9 d\u00e9velopp\u00e9 en mettant l&#039;accent sur les nutriments naturellement pr\u00e9sents n\u00e9cessaires \u00e0 la bonne sant\u00e9 de l&#039;int\u00e9gralit\u00e9 du tube digestif \u00e9quin. Consultez les ingr\u00e9dients.\" \/>\n<meta property=\"og:url\" content=\"https:\/\/www.succeed-equine.co.uk\/fr\/propos-du-programme-de-conditionnement-digestif-succeed\/ingredients-contenus-dans-le-programme-de-conditionnement-digestif-succeed\/\" \/>\n<meta property=\"og:site_name\" content=\"SUCCEED Europe\" \/>\n<meta property=\"og:image\" content=\"http:\/\/www.succeed-equine.com\/wp-content\/uploads\/2016\/05\/oat_oil.jpg\" \/>\n<meta name=\"twitter:card\" content=\"summary_large_image\" \/>\n<meta name=\"twitter:label1\" content=\"Dur\u00e9e de lecture estim\u00e9e\" \/>\n\t<meta name=\"twitter:data1\" content=\"4 minutes\" \/>\n<script type=\"application\/ld+json\" class=\"yoast-schema-graph\">{\"@context\":\"https:\/\/schema.org\",\"@graph\":[{\"@type\":\"WebPage\",\"@id\":\"https:\/\/www.succeed-equine.co.uk\/fr\/propos-du-programme-de-conditionnement-digestif-succeed\/ingredients-contenus-dans-le-programme-de-conditionnement-digestif-succeed\/\",\"url\":\"https:\/\/www.succeed-equine.co.uk\/fr\/propos-du-programme-de-conditionnement-digestif-succeed\/ingredients-contenus-dans-le-programme-de-conditionnement-digestif-succeed\/\",\"name\":\"Ingr\u00e9dients de SUCCEED pour chevaux | SUCCEED Europe\",\"isPartOf\":{\"@id\":\"https:\/\/www.succeed-equine.co.uk\/#website\"},\"primaryImageOfPage\":{\"@id\":\"https:\/\/www.succeed-equine.co.uk\/fr\/propos-du-programme-de-conditionnement-digestif-succeed\/ingredients-contenus-dans-le-programme-de-conditionnement-digestif-succeed\/#primaryimage\"},\"image\":{\"@id\":\"https:\/\/www.succeed-equine.co.uk\/fr\/propos-du-programme-de-conditionnement-digestif-succeed\/ingredients-contenus-dans-le-programme-de-conditionnement-digestif-succeed\/#primaryimage\"},\"thumbnailUrl\":\"http:\/\/www.succeed-equine.com\/wp-content\/uploads\/2016\/05\/oat_oil.jpg\",\"datePublished\":\"2017-11-18T19:21:23+00:00\",\"description\":\"SUCCEED a \u00e9t\u00e9 d\u00e9velopp\u00e9 en mettant l'accent sur les nutriments naturellement pr\u00e9sents n\u00e9cessaires \u00e0 la bonne sant\u00e9 de l'int\u00e9gralit\u00e9 du tube digestif \u00e9quin. Consultez les ingr\u00e9dients.\",\"breadcrumb\":{\"@id\":\"https:\/\/www.succeed-equine.co.uk\/fr\/propos-du-programme-de-conditionnement-digestif-succeed\/ingredients-contenus-dans-le-programme-de-conditionnement-digestif-succeed\/#breadcrumb\"},\"inLanguage\":\"fr-FR\",\"potentialAction\":[{\"@type\":\"ReadAction\",\"target\":[\"https:\/\/www.succeed-equine.co.uk\/fr\/propos-du-programme-de-conditionnement-digestif-succeed\/ingredients-contenus-dans-le-programme-de-conditionnement-digestif-succeed\/\"]}]},{\"@type\":\"ImageObject\",\"inLanguage\":\"fr-FR\",\"@id\":\"https:\/\/www.succeed-equine.co.uk\/fr\/propos-du-programme-de-conditionnement-digestif-succeed\/ingredients-contenus-dans-le-programme-de-conditionnement-digestif-succeed\/#primaryimage\",\"url\":\"http:\/\/www.succeed-equine.com\/wp-content\/uploads\/2016\/05\/oat_oil.jpg\",\"contentUrl\":\"http:\/\/www.succeed-equine.com\/wp-content\/uploads\/2016\/05\/oat_oil.jpg\"},{\"@type\":\"BreadcrumbList\",\"@id\":\"https:\/\/www.succeed-equine.co.uk\/fr\/propos-du-programme-de-conditionnement-digestif-succeed\/ingredients-contenus-dans-le-programme-de-conditionnement-digestif-succeed\/#breadcrumb\",\"itemListElement\":[{\"@type\":\"ListItem\",\"position\":1,\"name\":\"Home\",\"item\":\"https:\/\/www.succeed-equine.co.uk\/fr\/\"},{\"@type\":\"ListItem\",\"position\":2,\"name\":\"\u00c0 propos du programme de conditionnement digestif SUCCEED\u00ae\",\"item\":\"https:\/\/www.succeed-equine.co.uk\/fr\/propos-du-programme-de-conditionnement-digestif-succeed\/\"},{\"@type\":\"ListItem\",\"position\":3,\"name\":\"Ingr\u00e9dients contenus dans le programme de conditionnement digestif SUCCEED\u00ae\"}]},{\"@type\":\"WebSite\",\"@id\":\"https:\/\/www.succeed-equine.co.uk\/#website\",\"url\":\"https:\/\/www.succeed-equine.co.uk\/\",\"name\":\"SUCCEED Europe\",\"description\":\"My horse at its best.\",\"potentialAction\":[{\"@type\":\"SearchAction\",\"target\":{\"@type\":\"EntryPoint\",\"urlTemplate\":\"https:\/\/www.succeed-equine.co.uk\/?s={search_term_string}\"},\"query-input\":{\"@type\":\"PropertyValueSpecification\",\"valueRequired\":true,\"valueName\":\"search_term_string\"}}],\"inLanguage\":\"fr-FR\"}]}<\/script>\n<!-- \/ Yoast SEO plugin. -->","yoast_head_json":{"title":"Ingr\u00e9dients de SUCCEED pour chevaux | SUCCEED Europe","description":"SUCCEED a \u00e9t\u00e9 d\u00e9velopp\u00e9 en mettant l'accent sur les nutriments naturellement pr\u00e9sents n\u00e9cessaires \u00e0 la bonne sant\u00e9 de l'int\u00e9gralit\u00e9 du tube digestif \u00e9quin. Consultez les ingr\u00e9dients.","robots":{"index":"index","follow":"follow","max-snippet":"max-snippet:-1","max-image-preview":"max-image-preview:large","max-video-preview":"max-video-preview:-1"},"canonical":"https:\/\/www.succeed-equine.co.uk\/fr\/propos-du-programme-de-conditionnement-digestif-succeed\/ingredients-contenus-dans-le-programme-de-conditionnement-digestif-succeed\/","og_locale":"fr_FR","og_type":"article","og_title":"Ingr\u00e9dients de SUCCEED pour chevaux | SUCCEED Europe","og_description":"SUCCEED a \u00e9t\u00e9 d\u00e9velopp\u00e9 en mettant l'accent sur les nutriments naturellement pr\u00e9sents n\u00e9cessaires \u00e0 la bonne sant\u00e9 de l'int\u00e9gralit\u00e9 du tube digestif \u00e9quin. Consultez les ingr\u00e9dients.","og_url":"https:\/\/www.succeed-equine.co.uk\/fr\/propos-du-programme-de-conditionnement-digestif-succeed\/ingredients-contenus-dans-le-programme-de-conditionnement-digestif-succeed\/","og_site_name":"SUCCEED Europe","og_image":[{"url":"http:\/\/www.succeed-equine.com\/wp-content\/uploads\/2016\/05\/oat_oil.jpg","type":"","width":"","height":""}],"twitter_card":"summary_large_image","twitter_misc":{"Dur\u00e9e de lecture estim\u00e9e":"4 minutes"},"schema":{"@context":"https:\/\/schema.org","@graph":[{"@type":"WebPage","@id":"https:\/\/www.succeed-equine.co.uk\/fr\/propos-du-programme-de-conditionnement-digestif-succeed\/ingredients-contenus-dans-le-programme-de-conditionnement-digestif-succeed\/","url":"https:\/\/www.succeed-equine.co.uk\/fr\/propos-du-programme-de-conditionnement-digestif-succeed\/ingredients-contenus-dans-le-programme-de-conditionnement-digestif-succeed\/","name":"Ingr\u00e9dients de SUCCEED pour chevaux | SUCCEED Europe","isPartOf":{"@id":"https:\/\/www.succeed-equine.co.uk\/#website"},"primaryImageOfPage":{"@id":"https:\/\/www.succeed-equine.co.uk\/fr\/propos-du-programme-de-conditionnement-digestif-succeed\/ingredients-contenus-dans-le-programme-de-conditionnement-digestif-succeed\/#primaryimage"},"image":{"@id":"https:\/\/www.succeed-equine.co.uk\/fr\/propos-du-programme-de-conditionnement-digestif-succeed\/ingredients-contenus-dans-le-programme-de-conditionnement-digestif-succeed\/#primaryimage"},"thumbnailUrl":"http:\/\/www.succeed-equine.com\/wp-content\/uploads\/2016\/05\/oat_oil.jpg","datePublished":"2017-11-18T19:21:23+00:00","description":"SUCCEED a \u00e9t\u00e9 d\u00e9velopp\u00e9 en mettant l'accent sur les nutriments naturellement pr\u00e9sents n\u00e9cessaires \u00e0 la bonne sant\u00e9 de l'int\u00e9gralit\u00e9 du tube digestif \u00e9quin. Consultez les ingr\u00e9dients.","breadcrumb":{"@id":"https:\/\/www.succeed-equine.co.uk\/fr\/propos-du-programme-de-conditionnement-digestif-succeed\/ingredients-contenus-dans-le-programme-de-conditionnement-digestif-succeed\/#breadcrumb"},"inLanguage":"fr-FR","potentialAction":[{"@type":"ReadAction","target":["https:\/\/www.succeed-equine.co.uk\/fr\/propos-du-programme-de-conditionnement-digestif-succeed\/ingredients-contenus-dans-le-programme-de-conditionnement-digestif-succeed\/"]}]},{"@type":"ImageObject","inLanguage":"fr-FR","@id":"https:\/\/www.succeed-equine.co.uk\/fr\/propos-du-programme-de-conditionnement-digestif-succeed\/ingredients-contenus-dans-le-programme-de-conditionnement-digestif-succeed\/#primaryimage","url":"http:\/\/www.succeed-equine.com\/wp-content\/uploads\/2016\/05\/oat_oil.jpg","contentUrl":"http:\/\/www.succeed-equine.com\/wp-content\/uploads\/2016\/05\/oat_oil.jpg"},{"@type":"BreadcrumbList","@id":"https:\/\/www.succeed-equine.co.uk\/fr\/propos-du-programme-de-conditionnement-digestif-succeed\/ingredients-contenus-dans-le-programme-de-conditionnement-digestif-succeed\/#breadcrumb","itemListElement":[{"@type":"ListItem","position":1,"name":"Home","item":"https:\/\/www.succeed-equine.co.uk\/fr\/"},{"@type":"ListItem","position":2,"name":"\u00c0 propos du programme de conditionnement digestif SUCCEED\u00ae","item":"https:\/\/www.succeed-equine.co.uk\/fr\/propos-du-programme-de-conditionnement-digestif-succeed\/"},{"@type":"ListItem","position":3,"name":"Ingr\u00e9dients contenus dans le programme de conditionnement digestif SUCCEED\u00ae"}]},{"@type":"WebSite","@id":"https:\/\/www.succeed-equine.co.uk\/#website","url":"https:\/\/www.succeed-equine.co.uk\/","name":"SUCCEED Europe","description":"My horse at its best.","potentialAction":[{"@type":"SearchAction","target":{"@type":"EntryPoint","urlTemplate":"https:\/\/www.succeed-equine.co.uk\/?s={search_term_string}"},"query-input":{"@type":"PropertyValueSpecification","valueRequired":true,"valueName":"search_term_string"}}],"inLanguage":"fr-FR"}]}},"_links":{"self":[{"href":"https:\/\/www.succeed-equine.co.uk\/fr\/wp-json\/wp\/v2\/pages\/8120","targetHints":{"allow":["GET"]}}],"collection":[{"href":"https:\/\/www.succeed-equine.co.uk\/fr\/wp-json\/wp\/v2\/pages"}],"about":[{"href":"https:\/\/www.succeed-equine.co.uk\/fr\/wp-json\/wp\/v2\/types\/page"}],"author":[{"embeddable":true,"href":"https:\/\/www.succeed-equine.co.uk\/fr\/wp-json\/wp\/v2\/users\/14"}],"replies":[{"embeddable":true,"href":"https:\/\/www.succeed-equine.co.uk\/fr\/wp-json\/wp\/v2\/comments?post=8120"}],"version-history":[{"count":0,"href":"https:\/\/www.succeed-equine.co.uk\/fr\/wp-json\/wp\/v2\/pages\/8120\/revisions"}],"up":[{"embeddable":true,"href":"https:\/\/www.succeed-equine.co.uk\/fr\/wp-json\/wp\/v2\/pages\/8065"}],"wp:attachment":[{"href":"https:\/\/www.succeed-equine.co.uk\/fr\/wp-json\/wp\/v2\/media?parent=8120"}],"curies":[{"name":"wp","href":"https:\/\/api.w.org\/{rel}","templated":true}]}}