{"id":8137,"date":"2017-11-19T23:25:44","date_gmt":"2017-11-19T23:25:44","guid":{"rendered":"https:\/\/www.succeed-equine.co.uk\/?page_id=8137"},"modified":"2018-02-23T20:39:50","modified_gmt":"2018-02-23T20:39:50","slug":"product-options","status":"publish","type":"page","link":"https:\/\/www.succeed-equine.co.uk\/fr\/propos-du-programme-de-conditionnement-digestif-succeed\/product-options\/","title":{"rendered":"Diff\u00e9rents produits"},"content":{"rendered":"<p>Que vous ayez un cheval ou toute une \u00e9curie, que vous mettiez votre cheval en pension ou que vous le gardiez chez vous, nous avons un produit <a href=\"\/?page_id=8065\">SUCCEED<\/a> adapt\u00e9 \u00e0 votre programme de prise en charge.<\/p>\n<div class=\"dig-pro\"><div class=\"su-row\">\n<div class=\"su-column su-column-size-1-2\"><div class=\"su-column-inner su-u-clearfix su-u-trim\">\n<img decoding=\"async\" src=\"https:\/\/www.succeed-equine.co.uk\/wp-content\/blogs.dir\/3\/files\/2016\/03\/oral-paste.png\" alt=\"oral-paste\" class=\"aligncenter size-full\" \/><\/p>\n<h2 style=\"font-size: 26px !important; font-weight: 400 !important;\">P\u00e2te \u00e0 administration orale du programme de conditionnement digestif SUCCEED\u00ae<\/h2>\n<p>Id\u00e9ale pour les chevaux qui sont difficiles \u00e0 nourrir ou pour faire commencer le programme \u00e0 un cheval.<\/p>\n<p>30\u00a0seringues par bo\u00eete. \u00c0 administrer par voie orale<\/p>\n<p>1\u00a0dose (27\u00a0g) par seringue<\/p>\n<\/div><\/div>\n<div class=\"su-column su-column-size-1-2\"><div class=\"su-column-inner su-u-clearfix su-u-trim\">\n<div class=\"su-spacer\" style=\"height:15px\"><\/div>\n<img decoding=\"async\" src=\"https:\/\/www.succeed-equine.co.uk\/wp-content\/blogs.dir\/3\/files\/2016\/03\/top-dress-granules.png\" alt=\"top-dress-granules\" class=\"aligncenter size-full\" \/><br \/>\n<div class=\"su-spacer\" style=\"height:15px\"><\/div>\n<h2 style=\"font-size: 26px !important; font-weight: 400 !important;\">Granules du programme de conditionnement digestif SUCCEED\u00ae<\/h2>\n<p>Id\u00e9ales pour saupoudrer sur la nourriture, \u00e0 acheter en gros ou pour plusieurs chevaux.<\/p>\n<p>Diff\u00e9rentes cures disponibles\u00a0:<\/p>\n<p>30\u00a0jours | 60\u00a0jours | 180\u00a0jours<\/p>\n<\/div><\/div>\n<\/div>\n<\/div>\n<hr \/>\n<div class=\"su-spacer\" style=\"height:20px\"><\/div>\n<h3 class=\"callout\">Pr\u00eat \u00e0 essayer SUCCEED\u00a0? Parlez-en \u00e0 votre v\u00e9t\u00e9rinaire pour l&rsquo;acheter.<\/h3>\n","protected":false},"excerpt":{"rendered":"<p>Que vous ayez un cheval ou toute une \u00e9curie, que vous mettiez votre cheval en pension ou que vous le gardiez chez vous, nous avons un produit SUCCEED adapt\u00e9 \u00e0 votre programme de prise en [&hellip;]<\/p>\n","protected":false},"author":14,"featured_media":0,"parent":8065,"menu_order":0,"comment_status":"closed","ping_status":"closed","template":"","meta":{"_acf_changed":false,"footnotes":""},"class_list":["post-8137","page","type-page","status-publish","hentry"],"acf":[],"yoast_head":"<!-- This site is optimized with the Yoast SEO plugin v26.6 - https:\/\/yoast.com\/wordpress\/plugins\/seo\/ -->\n<title>Diff\u00e9rents produits et diff\u00e9rentes cures pour SUCCEED pour chevaux | SUCCEED Europe<\/title>\n<meta name=\"description\" content=\"Que vous ayez un cheval ou toute une \u00e9curie, que vous mettiez votre cheval en pension ou que vous le gardiez chez vous, nous avons un produit SUCCEED adapt\u00e9 \u00e0 votre programme de prise en charge.\" \/>\n<meta name=\"robots\" content=\"index, follow, max-snippet:-1, max-image-preview:large, max-video-preview:-1\" \/>\n<link rel=\"canonical\" href=\"https:\/\/www.succeed-equine.co.uk\/fr\/propos-du-programme-de-conditionnement-digestif-succeed\/product-options\/\" \/>\n<meta property=\"og:locale\" content=\"fr_FR\" \/>\n<meta property=\"og:type\" content=\"article\" \/>\n<meta property=\"og:title\" content=\"Diff\u00e9rents produits et diff\u00e9rentes cures pour SUCCEED pour chevaux | SUCCEED Europe\" \/>\n<meta property=\"og:description\" content=\"Que vous ayez un cheval ou toute une \u00e9curie, que vous mettiez votre cheval en pension ou que vous le gardiez chez vous, nous avons un produit SUCCEED adapt\u00e9 \u00e0 votre programme de prise en charge.\" \/>\n<meta property=\"og:url\" content=\"https:\/\/www.succeed-equine.co.uk\/fr\/propos-du-programme-de-conditionnement-digestif-succeed\/product-options\/\" \/>\n<meta property=\"og:site_name\" content=\"SUCCEED Europe\" \/>\n<meta property=\"article:modified_time\" content=\"2018-02-23T20:39:50+00:00\" \/>\n<meta property=\"og:image\" content=\"https:\/\/www.succeed-equine.co.uk\/wp-content\/blogs.dir\/3\/files\/2016\/03\/oral-paste.png\" \/>\n<meta name=\"twitter:card\" content=\"summary_large_image\" \/>\n<meta name=\"twitter:label1\" content=\"Dur\u00e9e de lecture estim\u00e9e\" \/>\n\t<meta name=\"twitter:data1\" content=\"1 minute\" \/>\n<script type=\"application\/ld+json\" class=\"yoast-schema-graph\">{\"@context\":\"https:\/\/schema.org\",\"@graph\":[{\"@type\":\"WebPage\",\"@id\":\"https:\/\/www.succeed-equine.co.uk\/fr\/propos-du-programme-de-conditionnement-digestif-succeed\/product-options\/\",\"url\":\"https:\/\/www.succeed-equine.co.uk\/fr\/propos-du-programme-de-conditionnement-digestif-succeed\/product-options\/\",\"name\":\"Diff\u00e9rents produits et diff\u00e9rentes cures pour SUCCEED pour chevaux | SUCCEED Europe\",\"isPartOf\":{\"@id\":\"https:\/\/www.succeed-equine.co.uk\/#website\"},\"primaryImageOfPage\":{\"@id\":\"https:\/\/www.succeed-equine.co.uk\/fr\/propos-du-programme-de-conditionnement-digestif-succeed\/product-options\/#primaryimage\"},\"image\":{\"@id\":\"https:\/\/www.succeed-equine.co.uk\/fr\/propos-du-programme-de-conditionnement-digestif-succeed\/product-options\/#primaryimage\"},\"thumbnailUrl\":\"https:\/\/www.succeed-equine.co.uk\/wp-content\/blogs.dir\/3\/files\/2016\/03\/oral-paste.png\",\"datePublished\":\"2017-11-19T23:25:44+00:00\",\"dateModified\":\"2018-02-23T20:39:50+00:00\",\"description\":\"Que vous ayez un cheval ou toute une \u00e9curie, que vous mettiez votre cheval en pension ou que vous le gardiez chez vous, nous avons un produit SUCCEED adapt\u00e9 \u00e0 votre programme de prise en charge.\",\"breadcrumb\":{\"@id\":\"https:\/\/www.succeed-equine.co.uk\/fr\/propos-du-programme-de-conditionnement-digestif-succeed\/product-options\/#breadcrumb\"},\"inLanguage\":\"fr-FR\",\"potentialAction\":[{\"@type\":\"ReadAction\",\"target\":[\"https:\/\/www.succeed-equine.co.uk\/fr\/propos-du-programme-de-conditionnement-digestif-succeed\/product-options\/\"]}]},{\"@type\":\"ImageObject\",\"inLanguage\":\"fr-FR\",\"@id\":\"https:\/\/www.succeed-equine.co.uk\/fr\/propos-du-programme-de-conditionnement-digestif-succeed\/product-options\/#primaryimage\",\"url\":\"https:\/\/www.succeed-equine.co.uk\/wp-content\/blogs.dir\/3\/files\/2016\/03\/oral-paste.png\",\"contentUrl\":\"https:\/\/www.succeed-equine.co.uk\/wp-content\/blogs.dir\/3\/files\/2016\/03\/oral-paste.png\"},{\"@type\":\"BreadcrumbList\",\"@id\":\"https:\/\/www.succeed-equine.co.uk\/fr\/propos-du-programme-de-conditionnement-digestif-succeed\/product-options\/#breadcrumb\",\"itemListElement\":[{\"@type\":\"ListItem\",\"position\":1,\"name\":\"Home\",\"item\":\"https:\/\/www.succeed-equine.co.uk\/fr\/\"},{\"@type\":\"ListItem\",\"position\":2,\"name\":\"\u00c0 propos du programme de conditionnement digestif SUCCEED\u00ae\",\"item\":\"https:\/\/www.succeed-equine.co.uk\/fr\/propos-du-programme-de-conditionnement-digestif-succeed\/\"},{\"@type\":\"ListItem\",\"position\":3,\"name\":\"Diff\u00e9rents produits\"}]},{\"@type\":\"WebSite\",\"@id\":\"https:\/\/www.succeed-equine.co.uk\/#website\",\"url\":\"https:\/\/www.succeed-equine.co.uk\/\",\"name\":\"SUCCEED Europe\",\"description\":\"My horse at its best.\",\"potentialAction\":[{\"@type\":\"SearchAction\",\"target\":{\"@type\":\"EntryPoint\",\"urlTemplate\":\"https:\/\/www.succeed-equine.co.uk\/?s={search_term_string}\"},\"query-input\":{\"@type\":\"PropertyValueSpecification\",\"valueRequired\":true,\"valueName\":\"search_term_string\"}}],\"inLanguage\":\"fr-FR\"}]}<\/script>\n<!-- \/ Yoast SEO plugin. -->","yoast_head_json":{"title":"Diff\u00e9rents produits et diff\u00e9rentes cures pour SUCCEED pour chevaux | SUCCEED Europe","description":"Que vous ayez un cheval ou toute une \u00e9curie, que vous mettiez votre cheval en pension ou que vous le gardiez chez vous, nous avons un produit SUCCEED adapt\u00e9 \u00e0 votre programme de prise en charge.","robots":{"index":"index","follow":"follow","max-snippet":"max-snippet:-1","max-image-preview":"max-image-preview:large","max-video-preview":"max-video-preview:-1"},"canonical":"https:\/\/www.succeed-equine.co.uk\/fr\/propos-du-programme-de-conditionnement-digestif-succeed\/product-options\/","og_locale":"fr_FR","og_type":"article","og_title":"Diff\u00e9rents produits et diff\u00e9rentes cures pour SUCCEED pour chevaux | SUCCEED Europe","og_description":"Que vous ayez un cheval ou toute une \u00e9curie, que vous mettiez votre cheval en pension ou que vous le gardiez chez vous, nous avons un produit SUCCEED adapt\u00e9 \u00e0 votre programme de prise en charge.","og_url":"https:\/\/www.succeed-equine.co.uk\/fr\/propos-du-programme-de-conditionnement-digestif-succeed\/product-options\/","og_site_name":"SUCCEED Europe","article_modified_time":"2018-02-23T20:39:50+00:00","og_image":[{"url":"https:\/\/www.succeed-equine.co.uk\/wp-content\/blogs.dir\/3\/files\/2016\/03\/oral-paste.png","type":"","width":"","height":""}],"twitter_card":"summary_large_image","twitter_misc":{"Dur\u00e9e de lecture estim\u00e9e":"1 minute"},"schema":{"@context":"https:\/\/schema.org","@graph":[{"@type":"WebPage","@id":"https:\/\/www.succeed-equine.co.uk\/fr\/propos-du-programme-de-conditionnement-digestif-succeed\/product-options\/","url":"https:\/\/www.succeed-equine.co.uk\/fr\/propos-du-programme-de-conditionnement-digestif-succeed\/product-options\/","name":"Diff\u00e9rents produits et diff\u00e9rentes cures pour SUCCEED pour chevaux | SUCCEED Europe","isPartOf":{"@id":"https:\/\/www.succeed-equine.co.uk\/#website"},"primaryImageOfPage":{"@id":"https:\/\/www.succeed-equine.co.uk\/fr\/propos-du-programme-de-conditionnement-digestif-succeed\/product-options\/#primaryimage"},"image":{"@id":"https:\/\/www.succeed-equine.co.uk\/fr\/propos-du-programme-de-conditionnement-digestif-succeed\/product-options\/#primaryimage"},"thumbnailUrl":"https:\/\/www.succeed-equine.co.uk\/wp-content\/blogs.dir\/3\/files\/2016\/03\/oral-paste.png","datePublished":"2017-11-19T23:25:44+00:00","dateModified":"2018-02-23T20:39:50+00:00","description":"Que vous ayez un cheval ou toute une \u00e9curie, que vous mettiez votre cheval en pension ou que vous le gardiez chez vous, nous avons un produit SUCCEED adapt\u00e9 \u00e0 votre programme de prise en charge.","breadcrumb":{"@id":"https:\/\/www.succeed-equine.co.uk\/fr\/propos-du-programme-de-conditionnement-digestif-succeed\/product-options\/#breadcrumb"},"inLanguage":"fr-FR","potentialAction":[{"@type":"ReadAction","target":["https:\/\/www.succeed-equine.co.uk\/fr\/propos-du-programme-de-conditionnement-digestif-succeed\/product-options\/"]}]},{"@type":"ImageObject","inLanguage":"fr-FR","@id":"https:\/\/www.succeed-equine.co.uk\/fr\/propos-du-programme-de-conditionnement-digestif-succeed\/product-options\/#primaryimage","url":"https:\/\/www.succeed-equine.co.uk\/wp-content\/blogs.dir\/3\/files\/2016\/03\/oral-paste.png","contentUrl":"https:\/\/www.succeed-equine.co.uk\/wp-content\/blogs.dir\/3\/files\/2016\/03\/oral-paste.png"},{"@type":"BreadcrumbList","@id":"https:\/\/www.succeed-equine.co.uk\/fr\/propos-du-programme-de-conditionnement-digestif-succeed\/product-options\/#breadcrumb","itemListElement":[{"@type":"ListItem","position":1,"name":"Home","item":"https:\/\/www.succeed-equine.co.uk\/fr\/"},{"@type":"ListItem","position":2,"name":"\u00c0 propos du programme de conditionnement digestif SUCCEED\u00ae","item":"https:\/\/www.succeed-equine.co.uk\/fr\/propos-du-programme-de-conditionnement-digestif-succeed\/"},{"@type":"ListItem","position":3,"name":"Diff\u00e9rents produits"}]},{"@type":"WebSite","@id":"https:\/\/www.succeed-equine.co.uk\/#website","url":"https:\/\/www.succeed-equine.co.uk\/","name":"SUCCEED Europe","description":"My horse at its best.","potentialAction":[{"@type":"SearchAction","target":{"@type":"EntryPoint","urlTemplate":"https:\/\/www.succeed-equine.co.uk\/?s={search_term_string}"},"query-input":{"@type":"PropertyValueSpecification","valueRequired":true,"valueName":"search_term_string"}}],"inLanguage":"fr-FR"}]}},"_links":{"self":[{"href":"https:\/\/www.succeed-equine.co.uk\/fr\/wp-json\/wp\/v2\/pages\/8137","targetHints":{"allow":["GET"]}}],"collection":[{"href":"https:\/\/www.succeed-equine.co.uk\/fr\/wp-json\/wp\/v2\/pages"}],"about":[{"href":"https:\/\/www.succeed-equine.co.uk\/fr\/wp-json\/wp\/v2\/types\/page"}],"author":[{"embeddable":true,"href":"https:\/\/www.succeed-equine.co.uk\/fr\/wp-json\/wp\/v2\/users\/14"}],"replies":[{"embeddable":true,"href":"https:\/\/www.succeed-equine.co.uk\/fr\/wp-json\/wp\/v2\/comments?post=8137"}],"version-history":[{"count":0,"href":"https:\/\/www.succeed-equine.co.uk\/fr\/wp-json\/wp\/v2\/pages\/8137\/revisions"}],"up":[{"embeddable":true,"href":"https:\/\/www.succeed-equine.co.uk\/fr\/wp-json\/wp\/v2\/pages\/8065"}],"wp:attachment":[{"href":"https:\/\/www.succeed-equine.co.uk\/fr\/wp-json\/wp\/v2\/media?parent=8137"}],"curies":[{"name":"wp","href":"https:\/\/api.w.org\/{rel}","templated":true}]}}