{"id":8153,"date":"2017-11-19T23:55:36","date_gmt":"2017-11-19T23:55:36","guid":{"rendered":"https:\/\/www.succeed-equine.co.uk\/?page_id=8153"},"modified":"2018-02-23T20:52:49","modified_gmt":"2018-02-23T20:52:49","slug":"using-succeed","status":"publish","type":"page","link":"https:\/\/www.succeed-equine.co.uk\/fr\/propos-du-programme-de-conditionnement-digestif-succeed\/using-succeed\/","title":{"rendered":"Utiliser SUCCEED\u00ae"},"content":{"rendered":"<p>Il est important que la sant\u00e9 digestive de votre cheval reste optimale. Et avec <a href=\"https:\/\/www.succeed-equine.co.uk\/fr\/propos-du-programme-de-conditionnement-digestif-succeed\/\">SUCCEED<\/a>, c&rsquo;est \u00e9galement facile. Il suffit d&rsquo;une seule dose de SUCCEED par jour avec une alimentation normale. C&rsquo;est tout\u00a0! Pas de m\u00e9lange sp\u00e9cial. Pas de programme alimentaire compliqu\u00e9.<\/p>\n<p><img decoding=\"async\" src=\"https:\/\/www.succeed-equine.co.uk\/wp-content\/blogs.dir\/3\/files\/2010\/09\/using-succeed.jpg\" alt=\"how to use succeed\" class=\"size-full aligncenter\" \/><\/p>\n<div class=\"su-row\">\n<div class=\"su-column su-column-size-1-6\"><div class=\"su-column-inner su-u-clearfix su-u-trim\">\n<img decoding=\"async\" src=\"http:\/\/www.succeed-equine.com\/wp-content\/uploads\/2010\/09\/succeed-instructions.png\" alt=\"succeed-instructions\" class=\"alignnone size-full\" \/><br \/>\n<\/div><\/div>\n<div class=\"su-column su-column-size-1-3\"><div class=\"su-column-inner su-u-clearfix su-u-trim\">\n<h2>Mode d&#8217;emploi<\/h2>\n<p>Conseils d&rsquo;administration de la p\u00e2te ou des granules SUCCEED avec la nourriture pour des r\u00e9sultats optimaux et doses recommand\u00e9es.<\/p>\n<p><a href=\"\/?page_id=8177\">En savoir plus<\/a><br \/>\n<\/div><\/div>\n<div class=\"su-column su-column-size-1-6\"><div class=\"su-column-inner su-u-clearfix su-u-trim\">\n<img decoding=\"async\" src=\"http:\/\/www.succeed-equine.com\/wp-content\/uploads\/2010\/09\/storage-handling.png\" alt=\"storage-handling\" class=\"alignnone size-full\" \/><br \/>\n<\/div><\/div>\n<div class=\"su-column su-column-size-1-3\"><div class=\"su-column-inner su-u-clearfix su-u-trim\">\n<h2>Conservation et manipulation<\/h2>\n<p>Informations sur la conservation et la manipulation de SUCCEED, ainsi que sur l&rsquo;uniformit\u00e9 et la dur\u00e9e de vie du produit<\/p>\n<p><a href=\"\/?page_id=8192\">En savoir plus<\/a><br \/>\n<\/div><\/div>\n<\/div>\n<div class=\"su-row\">\n<div class=\"su-column su-column-size-1-6\"><div class=\"su-column-inner su-u-clearfix su-u-trim\">\n<img decoding=\"async\" src=\"http:\/\/www.succeed-equine.com\/wp-content\/uploads\/2010\/09\/faq.png\" alt=\"faq\" class=\"alignnone size-full\" \/><br \/>\n<\/div><\/div>\n<div class=\"su-column su-column-size-5-6\"><div class=\"su-column-inner su-u-clearfix su-u-trim\">\n<h2 style=\"font-size: 31px;\">Questions fr\u00e9quentes<\/h2>\n<p>Vous avez d&rsquo;autres questions\u00a0? Consultez notre rubrique Questions fr\u00e9quentes pour voir les questions et r\u00e9ponses fr\u00e9quentes que nous recevons de la part de cavaliers comme vous.<\/p>\n<p><a href=\"\/?page_id=8207\">En savoir plus<\/a><\/p>\n<\/div><\/div>\n<\/div>\n","protected":false},"excerpt":{"rendered":"<p>Il est important que la sant\u00e9 digestive de votre cheval reste optimale. Et avec SUCCEED, c&rsquo;est \u00e9galement facile. Il suffit d&rsquo;une seule dose de SUCCEED par jour avec une alimentation normale. C&rsquo;est tout\u00a0! Pas de [&hellip;]<\/p>\n","protected":false},"author":14,"featured_media":0,"parent":8065,"menu_order":0,"comment_status":"closed","ping_status":"closed","template":"","meta":{"_acf_changed":false,"footnotes":""},"class_list":["post-8153","page","type-page","status-publish","hentry"],"acf":[],"yoast_head":"<!-- This site is optimized with the Yoast SEO plugin v26.6 - https:\/\/yoast.com\/wordpress\/plugins\/seo\/ -->\n<title>Utiliser SUCCEED pour g\u00e9rer la sant\u00e9 digestive | SUCCEED Europe<\/title>\n<meta name=\"description\" content=\"Il suffit de donner \u00e0 votre cheval une dose de SUCCEED par jour avec une alimentation normale. Existe sous forme de p\u00e2te \u00e0 administration orale facile \u00e0 utiliser et de granules \u00e0 saupoudrer sur la nourriture.\" \/>\n<meta name=\"robots\" content=\"index, follow, max-snippet:-1, max-image-preview:large, max-video-preview:-1\" \/>\n<link rel=\"canonical\" href=\"https:\/\/www.succeed-equine.co.uk\/fr\/propos-du-programme-de-conditionnement-digestif-succeed\/using-succeed\/\" \/>\n<meta property=\"og:locale\" content=\"fr_FR\" \/>\n<meta property=\"og:type\" content=\"article\" \/>\n<meta property=\"og:title\" content=\"Utiliser SUCCEED pour g\u00e9rer la sant\u00e9 digestive | SUCCEED Europe\" \/>\n<meta property=\"og:description\" content=\"Il suffit de donner \u00e0 votre cheval une dose de SUCCEED par jour avec une alimentation normale. Existe sous forme de p\u00e2te \u00e0 administration orale facile \u00e0 utiliser et de granules \u00e0 saupoudrer sur la nourriture.\" \/>\n<meta property=\"og:url\" content=\"https:\/\/www.succeed-equine.co.uk\/fr\/propos-du-programme-de-conditionnement-digestif-succeed\/using-succeed\/\" \/>\n<meta property=\"og:site_name\" content=\"SUCCEED Europe\" \/>\n<meta property=\"article:modified_time\" content=\"2018-02-23T20:52:49+00:00\" \/>\n<meta property=\"og:image\" content=\"https:\/\/www.succeed-equine.co.uk\/wp-content\/blogs.dir\/3\/files\/2010\/09\/using-succeed.jpg\" \/>\n<meta name=\"twitter:card\" content=\"summary_large_image\" \/>\n<meta name=\"twitter:label1\" content=\"Dur\u00e9e de lecture estim\u00e9e\" \/>\n\t<meta name=\"twitter:data1\" content=\"1 minute\" \/>\n<script type=\"application\/ld+json\" class=\"yoast-schema-graph\">{\"@context\":\"https:\/\/schema.org\",\"@graph\":[{\"@type\":\"WebPage\",\"@id\":\"https:\/\/www.succeed-equine.co.uk\/fr\/propos-du-programme-de-conditionnement-digestif-succeed\/using-succeed\/\",\"url\":\"https:\/\/www.succeed-equine.co.uk\/fr\/propos-du-programme-de-conditionnement-digestif-succeed\/using-succeed\/\",\"name\":\"Utiliser SUCCEED pour g\u00e9rer la sant\u00e9 digestive | SUCCEED Europe\",\"isPartOf\":{\"@id\":\"https:\/\/www.succeed-equine.co.uk\/#website\"},\"primaryImageOfPage\":{\"@id\":\"https:\/\/www.succeed-equine.co.uk\/fr\/propos-du-programme-de-conditionnement-digestif-succeed\/using-succeed\/#primaryimage\"},\"image\":{\"@id\":\"https:\/\/www.succeed-equine.co.uk\/fr\/propos-du-programme-de-conditionnement-digestif-succeed\/using-succeed\/#primaryimage\"},\"thumbnailUrl\":\"https:\/\/www.succeed-equine.co.uk\/wp-content\/blogs.dir\/3\/files\/2010\/09\/using-succeed.jpg\",\"datePublished\":\"2017-11-19T23:55:36+00:00\",\"dateModified\":\"2018-02-23T20:52:49+00:00\",\"description\":\"Il suffit de donner \u00e0 votre cheval une dose de SUCCEED par jour avec une alimentation normale. Existe sous forme de p\u00e2te \u00e0 administration orale facile \u00e0 utiliser et de granules \u00e0 saupoudrer sur la nourriture.\",\"breadcrumb\":{\"@id\":\"https:\/\/www.succeed-equine.co.uk\/fr\/propos-du-programme-de-conditionnement-digestif-succeed\/using-succeed\/#breadcrumb\"},\"inLanguage\":\"fr-FR\",\"potentialAction\":[{\"@type\":\"ReadAction\",\"target\":[\"https:\/\/www.succeed-equine.co.uk\/fr\/propos-du-programme-de-conditionnement-digestif-succeed\/using-succeed\/\"]}]},{\"@type\":\"ImageObject\",\"inLanguage\":\"fr-FR\",\"@id\":\"https:\/\/www.succeed-equine.co.uk\/fr\/propos-du-programme-de-conditionnement-digestif-succeed\/using-succeed\/#primaryimage\",\"url\":\"https:\/\/www.succeed-equine.co.uk\/wp-content\/blogs.dir\/3\/files\/2010\/09\/using-succeed.jpg\",\"contentUrl\":\"https:\/\/www.succeed-equine.co.uk\/wp-content\/blogs.dir\/3\/files\/2010\/09\/using-succeed.jpg\"},{\"@type\":\"BreadcrumbList\",\"@id\":\"https:\/\/www.succeed-equine.co.uk\/fr\/propos-du-programme-de-conditionnement-digestif-succeed\/using-succeed\/#breadcrumb\",\"itemListElement\":[{\"@type\":\"ListItem\",\"position\":1,\"name\":\"Home\",\"item\":\"https:\/\/www.succeed-equine.co.uk\/fr\/\"},{\"@type\":\"ListItem\",\"position\":2,\"name\":\"\u00c0 propos du programme de conditionnement digestif SUCCEED\u00ae\",\"item\":\"https:\/\/www.succeed-equine.co.uk\/fr\/propos-du-programme-de-conditionnement-digestif-succeed\/\"},{\"@type\":\"ListItem\",\"position\":3,\"name\":\"Utiliser SUCCEED\u00ae\"}]},{\"@type\":\"WebSite\",\"@id\":\"https:\/\/www.succeed-equine.co.uk\/#website\",\"url\":\"https:\/\/www.succeed-equine.co.uk\/\",\"name\":\"SUCCEED Europe\",\"description\":\"My horse at its best.\",\"potentialAction\":[{\"@type\":\"SearchAction\",\"target\":{\"@type\":\"EntryPoint\",\"urlTemplate\":\"https:\/\/www.succeed-equine.co.uk\/?s={search_term_string}\"},\"query-input\":{\"@type\":\"PropertyValueSpecification\",\"valueRequired\":true,\"valueName\":\"search_term_string\"}}],\"inLanguage\":\"fr-FR\"}]}<\/script>\n<!-- \/ Yoast SEO plugin. -->","yoast_head_json":{"title":"Utiliser SUCCEED pour g\u00e9rer la sant\u00e9 digestive | SUCCEED Europe","description":"Il suffit de donner \u00e0 votre cheval une dose de SUCCEED par jour avec une alimentation normale. Existe sous forme de p\u00e2te \u00e0 administration orale facile \u00e0 utiliser et de granules \u00e0 saupoudrer sur la nourriture.","robots":{"index":"index","follow":"follow","max-snippet":"max-snippet:-1","max-image-preview":"max-image-preview:large","max-video-preview":"max-video-preview:-1"},"canonical":"https:\/\/www.succeed-equine.co.uk\/fr\/propos-du-programme-de-conditionnement-digestif-succeed\/using-succeed\/","og_locale":"fr_FR","og_type":"article","og_title":"Utiliser SUCCEED pour g\u00e9rer la sant\u00e9 digestive | SUCCEED Europe","og_description":"Il suffit de donner \u00e0 votre cheval une dose de SUCCEED par jour avec une alimentation normale. Existe sous forme de p\u00e2te \u00e0 administration orale facile \u00e0 utiliser et de granules \u00e0 saupoudrer sur la nourriture.","og_url":"https:\/\/www.succeed-equine.co.uk\/fr\/propos-du-programme-de-conditionnement-digestif-succeed\/using-succeed\/","og_site_name":"SUCCEED Europe","article_modified_time":"2018-02-23T20:52:49+00:00","og_image":[{"url":"https:\/\/www.succeed-equine.co.uk\/wp-content\/blogs.dir\/3\/files\/2010\/09\/using-succeed.jpg","type":"","width":"","height":""}],"twitter_card":"summary_large_image","twitter_misc":{"Dur\u00e9e de lecture estim\u00e9e":"1 minute"},"schema":{"@context":"https:\/\/schema.org","@graph":[{"@type":"WebPage","@id":"https:\/\/www.succeed-equine.co.uk\/fr\/propos-du-programme-de-conditionnement-digestif-succeed\/using-succeed\/","url":"https:\/\/www.succeed-equine.co.uk\/fr\/propos-du-programme-de-conditionnement-digestif-succeed\/using-succeed\/","name":"Utiliser SUCCEED pour g\u00e9rer la sant\u00e9 digestive | SUCCEED Europe","isPartOf":{"@id":"https:\/\/www.succeed-equine.co.uk\/#website"},"primaryImageOfPage":{"@id":"https:\/\/www.succeed-equine.co.uk\/fr\/propos-du-programme-de-conditionnement-digestif-succeed\/using-succeed\/#primaryimage"},"image":{"@id":"https:\/\/www.succeed-equine.co.uk\/fr\/propos-du-programme-de-conditionnement-digestif-succeed\/using-succeed\/#primaryimage"},"thumbnailUrl":"https:\/\/www.succeed-equine.co.uk\/wp-content\/blogs.dir\/3\/files\/2010\/09\/using-succeed.jpg","datePublished":"2017-11-19T23:55:36+00:00","dateModified":"2018-02-23T20:52:49+00:00","description":"Il suffit de donner \u00e0 votre cheval une dose de SUCCEED par jour avec une alimentation normale. Existe sous forme de p\u00e2te \u00e0 administration orale facile \u00e0 utiliser et de granules \u00e0 saupoudrer sur la nourriture.","breadcrumb":{"@id":"https:\/\/www.succeed-equine.co.uk\/fr\/propos-du-programme-de-conditionnement-digestif-succeed\/using-succeed\/#breadcrumb"},"inLanguage":"fr-FR","potentialAction":[{"@type":"ReadAction","target":["https:\/\/www.succeed-equine.co.uk\/fr\/propos-du-programme-de-conditionnement-digestif-succeed\/using-succeed\/"]}]},{"@type":"ImageObject","inLanguage":"fr-FR","@id":"https:\/\/www.succeed-equine.co.uk\/fr\/propos-du-programme-de-conditionnement-digestif-succeed\/using-succeed\/#primaryimage","url":"https:\/\/www.succeed-equine.co.uk\/wp-content\/blogs.dir\/3\/files\/2010\/09\/using-succeed.jpg","contentUrl":"https:\/\/www.succeed-equine.co.uk\/wp-content\/blogs.dir\/3\/files\/2010\/09\/using-succeed.jpg"},{"@type":"BreadcrumbList","@id":"https:\/\/www.succeed-equine.co.uk\/fr\/propos-du-programme-de-conditionnement-digestif-succeed\/using-succeed\/#breadcrumb","itemListElement":[{"@type":"ListItem","position":1,"name":"Home","item":"https:\/\/www.succeed-equine.co.uk\/fr\/"},{"@type":"ListItem","position":2,"name":"\u00c0 propos du programme de conditionnement digestif SUCCEED\u00ae","item":"https:\/\/www.succeed-equine.co.uk\/fr\/propos-du-programme-de-conditionnement-digestif-succeed\/"},{"@type":"ListItem","position":3,"name":"Utiliser SUCCEED\u00ae"}]},{"@type":"WebSite","@id":"https:\/\/www.succeed-equine.co.uk\/#website","url":"https:\/\/www.succeed-equine.co.uk\/","name":"SUCCEED Europe","description":"My horse at its best.","potentialAction":[{"@type":"SearchAction","target":{"@type":"EntryPoint","urlTemplate":"https:\/\/www.succeed-equine.co.uk\/?s={search_term_string}"},"query-input":{"@type":"PropertyValueSpecification","valueRequired":true,"valueName":"search_term_string"}}],"inLanguage":"fr-FR"}]}},"_links":{"self":[{"href":"https:\/\/www.succeed-equine.co.uk\/fr\/wp-json\/wp\/v2\/pages\/8153","targetHints":{"allow":["GET"]}}],"collection":[{"href":"https:\/\/www.succeed-equine.co.uk\/fr\/wp-json\/wp\/v2\/pages"}],"about":[{"href":"https:\/\/www.succeed-equine.co.uk\/fr\/wp-json\/wp\/v2\/types\/page"}],"author":[{"embeddable":true,"href":"https:\/\/www.succeed-equine.co.uk\/fr\/wp-json\/wp\/v2\/users\/14"}],"replies":[{"embeddable":true,"href":"https:\/\/www.succeed-equine.co.uk\/fr\/wp-json\/wp\/v2\/comments?post=8153"}],"version-history":[{"count":0,"href":"https:\/\/www.succeed-equine.co.uk\/fr\/wp-json\/wp\/v2\/pages\/8153\/revisions"}],"up":[{"embeddable":true,"href":"https:\/\/www.succeed-equine.co.uk\/fr\/wp-json\/wp\/v2\/pages\/8065"}],"wp:attachment":[{"href":"https:\/\/www.succeed-equine.co.uk\/fr\/wp-json\/wp\/v2\/media?parent=8153"}],"curies":[{"name":"wp","href":"https:\/\/api.w.org\/{rel}","templated":true}]}}