{"id":8165,"date":"2017-11-20T00:20:22","date_gmt":"2017-11-20T00:20:22","guid":{"rendered":"https:\/\/www.succeed-equine.co.uk\/?page_id=8165"},"modified":"2018-02-23T21:02:00","modified_gmt":"2018-02-23T21:02:00","slug":"horses-need-succeed","status":"publish","type":"page","link":"https:\/\/www.succeed-equine.co.uk\/fr\/propos-du-programme-de-conditionnement-digestif-succeed\/using-succeed\/horses-need-succeed\/","title":{"rendered":"Chevaux devant utiliser SUCCEED\u00ae"},"content":{"rendered":"<p>Si vous pouvez laisser vos chevaux pa\u00eetre dans un p\u00e2turage de bonne qualit\u00e9, et que vous pouvez changer d&rsquo;enclos de temps en temps, leur syst\u00e8me digestif sera soumis \u00e0 peu de contraintes. Vos chevaux auront toute la nutrition et les soins dont ils ont besoin. Mais, dans le monde des concours, et lorsque les terrains sont limit\u00e9s, ceci n&rsquo;est pas pratique. Si vos chevaux sont concern\u00e9s par l&rsquo;un des modes de vie suivants, il est probable qu&rsquo;ils puissent b\u00e9n\u00e9ficier des <a href=\"https:\/\/www.succeed-equine.co.uk\/fr\/propos-du-programme-de-conditionnement-digestif-succeed\/ingredients-contenus-dans-le-programme-de-conditionnement-digestif-succeed\/\">specialised nutrients<\/a> de\u00a0<a href=\"https:\/\/www.succeed-equine.co.uk\/fr\/propos-du-programme-de-conditionnement-digestif-succeed\/\">SUCCEED<\/a>:<br \/>\n<div class=\"su-row\"><div class=\"su-column su-column-size-1-3\"><div class=\"su-column-inner su-u-clearfix su-u-trim\">\n<ul>\n<li style=\"letter-spacing: -.6px;\">Confinement dans une \u00e9curie pendant au moins 6\u00a0heures par jour<\/li>\n<li>Exercices r\u00e9guliers, tout sp\u00e9cialement les exercices rigoureux<\/li>\n<li>D\u00e9placements pour des \u00e9v\u00e9nements ou des concours au moins une fois par mois<\/li>\n<\/ul>\n<\/div><\/div>\n<div class=\"su-column su-column-size-1-3\"><div class=\"su-column-inner su-u-clearfix su-u-trim\">\n<ul>\n<li>Nourriture deux ou trois fois par jour<\/li>\n<li>Utilis\u00e9s comme \u00e9talons ou juments poulini\u00e8res<\/li>\n<li>Mis en p\u00e2turage pendant moins de 18\u00a0heures par jour<br \/>\nhours per day<\/li>\n<\/ul>\n<\/div><\/div>\n<div class=\"su-column su-column-size-1-3\"><div class=\"su-column-inner su-u-clearfix su-u-trim\">\n<ul>\n<li>Nourris avec des aliments durs tels que c\u00e9r\u00e9ales transform\u00e9es, granules ou aliments m\u00e9lass\u00e9s<\/li>\n<li>Poulain faisant face \u00e0 des probl\u00e8mes de d\u00e9veloppement, en cours de sevrage ou en cours de pr\u00e9paration pour \u00eatre vendu<\/li>\n<\/ul>\n<\/div><\/div>\n<\/div>\n<img decoding=\"async\" src=\"https:\/\/www.succeed-equine.co.uk\/wp-content\/blogs.dir\/3\/files\/2010\/09\/healthy-function-of-the-equine-digestive-tract.jpg\" alt=\"healthy-function-of-the-equine-digestive-tract\" class=\"size-full aligncenter\" \/><br \/>\nTout cela, bien qu&rsquo;inh\u00e9rent aux soins de la plupart des chevaux et souvent n\u00e9cessaire \u00e0 leur performance, va \u00e0 l&rsquo;encontre de la fonction saine et naturelle du tube digestif \u00e9quin.<\/p>\n<p><a href=\"https:\/\/www.succeed-equine.co.uk\/fr\/propos-du-programme-de-conditionnement-digestif-succeed\/\">SUCCEED<\/a> est votre arme secr\u00e8te pour la sant\u00e9 digestive \u00e9quine. Son m\u00e9lange unique d&rsquo;ingr\u00e9dients nutritionnels favorise un bon processus de digestion, notamment dans l&rsquo;estomac et l&rsquo;intestin post\u00e9rieur, malgr\u00e9 un style de vie parfois probl\u00e9matique.<\/p>\n<h3>Demandez \u00e0 votre v\u00e9t\u00e9rinaire d&rsquo;essayer SUCCEED d\u00e8s aujourd&rsquo;hui.<\/h3>\n","protected":false},"excerpt":{"rendered":"<p>Si vous pouvez laisser vos chevaux pa\u00eetre dans un p\u00e2turage de bonne qualit\u00e9, et que vous pouvez changer d&rsquo;enclos de temps en temps, leur syst\u00e8me digestif sera soumis \u00e0 peu de contraintes. Vos chevaux auront [&hellip;]<\/p>\n","protected":false},"author":14,"featured_media":0,"parent":8153,"menu_order":0,"comment_status":"closed","ping_status":"closed","template":"","meta":{"_acf_changed":false,"footnotes":""},"class_list":["post-8165","page","type-page","status-publish","hentry"],"acf":[],"yoast_head":"<!-- This site is optimized with the Yoast SEO plugin v26.6 - https:\/\/yoast.com\/wordpress\/plugins\/seo\/ -->\n<title>Chevaux devant prendre SUCCEED pour une bonne sant\u00e9 digestive | SUCCEED Europe<\/title>\n<meta name=\"description\" content=\"Un r\u00e9gime alimentaire riche en c\u00e9r\u00e9ales, des exercices rigoureux, une alimentation deux fois par jour, du temps pass\u00e9 \u00e0 l&#039;\u00e9curie, des d\u00e9placements et des concours, tout cela met le tube digestif d\u00e9licat des chevaux \u00e0 l&#039;\u00e9preuve.\" \/>\n<meta name=\"robots\" content=\"index, follow, max-snippet:-1, max-image-preview:large, max-video-preview:-1\" \/>\n<link rel=\"canonical\" href=\"https:\/\/www.succeed-equine.co.uk\/fr\/propos-du-programme-de-conditionnement-digestif-succeed\/using-succeed\/horses-need-succeed\/\" \/>\n<meta property=\"og:locale\" content=\"fr_FR\" \/>\n<meta property=\"og:type\" content=\"article\" \/>\n<meta property=\"og:title\" content=\"Chevaux devant prendre SUCCEED pour une bonne sant\u00e9 digestive | SUCCEED Europe\" \/>\n<meta property=\"og:description\" content=\"Un r\u00e9gime alimentaire riche en c\u00e9r\u00e9ales, des exercices rigoureux, une alimentation deux fois par jour, du temps pass\u00e9 \u00e0 l&#039;\u00e9curie, des d\u00e9placements et des concours, tout cela met le tube digestif d\u00e9licat des chevaux \u00e0 l&#039;\u00e9preuve.\" \/>\n<meta property=\"og:url\" content=\"https:\/\/www.succeed-equine.co.uk\/fr\/propos-du-programme-de-conditionnement-digestif-succeed\/using-succeed\/horses-need-succeed\/\" \/>\n<meta property=\"og:site_name\" content=\"SUCCEED Europe\" \/>\n<meta property=\"article:modified_time\" content=\"2018-02-23T21:02:00+00:00\" \/>\n<meta property=\"og:image\" content=\"https:\/\/www.succeed-equine.co.uk\/wp-content\/blogs.dir\/3\/files\/2010\/09\/healthy-function-of-the-equine-digestive-tract.jpg\" \/>\n<meta name=\"twitter:card\" content=\"summary_large_image\" \/>\n<meta name=\"twitter:label1\" content=\"Dur\u00e9e de lecture estim\u00e9e\" \/>\n\t<meta name=\"twitter:data1\" content=\"1 minute\" \/>\n<script type=\"application\/ld+json\" class=\"yoast-schema-graph\">{\"@context\":\"https:\/\/schema.org\",\"@graph\":[{\"@type\":\"WebPage\",\"@id\":\"https:\/\/www.succeed-equine.co.uk\/fr\/propos-du-programme-de-conditionnement-digestif-succeed\/using-succeed\/horses-need-succeed\/\",\"url\":\"https:\/\/www.succeed-equine.co.uk\/fr\/propos-du-programme-de-conditionnement-digestif-succeed\/using-succeed\/horses-need-succeed\/\",\"name\":\"Chevaux devant prendre SUCCEED pour une bonne sant\u00e9 digestive | SUCCEED Europe\",\"isPartOf\":{\"@id\":\"https:\/\/www.succeed-equine.co.uk\/#website\"},\"primaryImageOfPage\":{\"@id\":\"https:\/\/www.succeed-equine.co.uk\/fr\/propos-du-programme-de-conditionnement-digestif-succeed\/using-succeed\/horses-need-succeed\/#primaryimage\"},\"image\":{\"@id\":\"https:\/\/www.succeed-equine.co.uk\/fr\/propos-du-programme-de-conditionnement-digestif-succeed\/using-succeed\/horses-need-succeed\/#primaryimage\"},\"thumbnailUrl\":\"https:\/\/www.succeed-equine.co.uk\/wp-content\/blogs.dir\/3\/files\/2010\/09\/healthy-function-of-the-equine-digestive-tract.jpg\",\"datePublished\":\"2017-11-20T00:20:22+00:00\",\"dateModified\":\"2018-02-23T21:02:00+00:00\",\"description\":\"Un r\u00e9gime alimentaire riche en c\u00e9r\u00e9ales, des exercices rigoureux, une alimentation deux fois par jour, du temps pass\u00e9 \u00e0 l'\u00e9curie, des d\u00e9placements et des concours, tout cela met le tube digestif d\u00e9licat des chevaux \u00e0 l'\u00e9preuve.\",\"breadcrumb\":{\"@id\":\"https:\/\/www.succeed-equine.co.uk\/fr\/propos-du-programme-de-conditionnement-digestif-succeed\/using-succeed\/horses-need-succeed\/#breadcrumb\"},\"inLanguage\":\"fr-FR\",\"potentialAction\":[{\"@type\":\"ReadAction\",\"target\":[\"https:\/\/www.succeed-equine.co.uk\/fr\/propos-du-programme-de-conditionnement-digestif-succeed\/using-succeed\/horses-need-succeed\/\"]}]},{\"@type\":\"ImageObject\",\"inLanguage\":\"fr-FR\",\"@id\":\"https:\/\/www.succeed-equine.co.uk\/fr\/propos-du-programme-de-conditionnement-digestif-succeed\/using-succeed\/horses-need-succeed\/#primaryimage\",\"url\":\"https:\/\/www.succeed-equine.co.uk\/wp-content\/blogs.dir\/3\/files\/2010\/09\/healthy-function-of-the-equine-digestive-tract.jpg\",\"contentUrl\":\"https:\/\/www.succeed-equine.co.uk\/wp-content\/blogs.dir\/3\/files\/2010\/09\/healthy-function-of-the-equine-digestive-tract.jpg\"},{\"@type\":\"BreadcrumbList\",\"@id\":\"https:\/\/www.succeed-equine.co.uk\/fr\/propos-du-programme-de-conditionnement-digestif-succeed\/using-succeed\/horses-need-succeed\/#breadcrumb\",\"itemListElement\":[{\"@type\":\"ListItem\",\"position\":1,\"name\":\"Home\",\"item\":\"https:\/\/www.succeed-equine.co.uk\/fr\/\"},{\"@type\":\"ListItem\",\"position\":2,\"name\":\"\u00c0 propos du programme de conditionnement digestif SUCCEED\u00ae\",\"item\":\"https:\/\/www.succeed-equine.co.uk\/fr\/propos-du-programme-de-conditionnement-digestif-succeed\/\"},{\"@type\":\"ListItem\",\"position\":3,\"name\":\"Utiliser SUCCEED\u00ae\",\"item\":\"https:\/\/www.succeed-equine.co.uk\/fr\/propos-du-programme-de-conditionnement-digestif-succeed\/using-succeed\/\"},{\"@type\":\"ListItem\",\"position\":4,\"name\":\"Chevaux devant utiliser SUCCEED\u00ae\"}]},{\"@type\":\"WebSite\",\"@id\":\"https:\/\/www.succeed-equine.co.uk\/#website\",\"url\":\"https:\/\/www.succeed-equine.co.uk\/\",\"name\":\"SUCCEED Europe\",\"description\":\"My horse at its best.\",\"potentialAction\":[{\"@type\":\"SearchAction\",\"target\":{\"@type\":\"EntryPoint\",\"urlTemplate\":\"https:\/\/www.succeed-equine.co.uk\/?s={search_term_string}\"},\"query-input\":{\"@type\":\"PropertyValueSpecification\",\"valueRequired\":true,\"valueName\":\"search_term_string\"}}],\"inLanguage\":\"fr-FR\"}]}<\/script>\n<!-- \/ Yoast SEO plugin. -->","yoast_head_json":{"title":"Chevaux devant prendre SUCCEED pour une bonne sant\u00e9 digestive | SUCCEED Europe","description":"Un r\u00e9gime alimentaire riche en c\u00e9r\u00e9ales, des exercices rigoureux, une alimentation deux fois par jour, du temps pass\u00e9 \u00e0 l'\u00e9curie, des d\u00e9placements et des concours, tout cela met le tube digestif d\u00e9licat des chevaux \u00e0 l'\u00e9preuve.","robots":{"index":"index","follow":"follow","max-snippet":"max-snippet:-1","max-image-preview":"max-image-preview:large","max-video-preview":"max-video-preview:-1"},"canonical":"https:\/\/www.succeed-equine.co.uk\/fr\/propos-du-programme-de-conditionnement-digestif-succeed\/using-succeed\/horses-need-succeed\/","og_locale":"fr_FR","og_type":"article","og_title":"Chevaux devant prendre SUCCEED pour une bonne sant\u00e9 digestive | SUCCEED Europe","og_description":"Un r\u00e9gime alimentaire riche en c\u00e9r\u00e9ales, des exercices rigoureux, une alimentation deux fois par jour, du temps pass\u00e9 \u00e0 l'\u00e9curie, des d\u00e9placements et des concours, tout cela met le tube digestif d\u00e9licat des chevaux \u00e0 l'\u00e9preuve.","og_url":"https:\/\/www.succeed-equine.co.uk\/fr\/propos-du-programme-de-conditionnement-digestif-succeed\/using-succeed\/horses-need-succeed\/","og_site_name":"SUCCEED Europe","article_modified_time":"2018-02-23T21:02:00+00:00","og_image":[{"url":"https:\/\/www.succeed-equine.co.uk\/wp-content\/blogs.dir\/3\/files\/2010\/09\/healthy-function-of-the-equine-digestive-tract.jpg","type":"","width":"","height":""}],"twitter_card":"summary_large_image","twitter_misc":{"Dur\u00e9e de lecture estim\u00e9e":"1 minute"},"schema":{"@context":"https:\/\/schema.org","@graph":[{"@type":"WebPage","@id":"https:\/\/www.succeed-equine.co.uk\/fr\/propos-du-programme-de-conditionnement-digestif-succeed\/using-succeed\/horses-need-succeed\/","url":"https:\/\/www.succeed-equine.co.uk\/fr\/propos-du-programme-de-conditionnement-digestif-succeed\/using-succeed\/horses-need-succeed\/","name":"Chevaux devant prendre SUCCEED pour une bonne sant\u00e9 digestive | SUCCEED Europe","isPartOf":{"@id":"https:\/\/www.succeed-equine.co.uk\/#website"},"primaryImageOfPage":{"@id":"https:\/\/www.succeed-equine.co.uk\/fr\/propos-du-programme-de-conditionnement-digestif-succeed\/using-succeed\/horses-need-succeed\/#primaryimage"},"image":{"@id":"https:\/\/www.succeed-equine.co.uk\/fr\/propos-du-programme-de-conditionnement-digestif-succeed\/using-succeed\/horses-need-succeed\/#primaryimage"},"thumbnailUrl":"https:\/\/www.succeed-equine.co.uk\/wp-content\/blogs.dir\/3\/files\/2010\/09\/healthy-function-of-the-equine-digestive-tract.jpg","datePublished":"2017-11-20T00:20:22+00:00","dateModified":"2018-02-23T21:02:00+00:00","description":"Un r\u00e9gime alimentaire riche en c\u00e9r\u00e9ales, des exercices rigoureux, une alimentation deux fois par jour, du temps pass\u00e9 \u00e0 l'\u00e9curie, des d\u00e9placements et des concours, tout cela met le tube digestif d\u00e9licat des chevaux \u00e0 l'\u00e9preuve.","breadcrumb":{"@id":"https:\/\/www.succeed-equine.co.uk\/fr\/propos-du-programme-de-conditionnement-digestif-succeed\/using-succeed\/horses-need-succeed\/#breadcrumb"},"inLanguage":"fr-FR","potentialAction":[{"@type":"ReadAction","target":["https:\/\/www.succeed-equine.co.uk\/fr\/propos-du-programme-de-conditionnement-digestif-succeed\/using-succeed\/horses-need-succeed\/"]}]},{"@type":"ImageObject","inLanguage":"fr-FR","@id":"https:\/\/www.succeed-equine.co.uk\/fr\/propos-du-programme-de-conditionnement-digestif-succeed\/using-succeed\/horses-need-succeed\/#primaryimage","url":"https:\/\/www.succeed-equine.co.uk\/wp-content\/blogs.dir\/3\/files\/2010\/09\/healthy-function-of-the-equine-digestive-tract.jpg","contentUrl":"https:\/\/www.succeed-equine.co.uk\/wp-content\/blogs.dir\/3\/files\/2010\/09\/healthy-function-of-the-equine-digestive-tract.jpg"},{"@type":"BreadcrumbList","@id":"https:\/\/www.succeed-equine.co.uk\/fr\/propos-du-programme-de-conditionnement-digestif-succeed\/using-succeed\/horses-need-succeed\/#breadcrumb","itemListElement":[{"@type":"ListItem","position":1,"name":"Home","item":"https:\/\/www.succeed-equine.co.uk\/fr\/"},{"@type":"ListItem","position":2,"name":"\u00c0 propos du programme de conditionnement digestif SUCCEED\u00ae","item":"https:\/\/www.succeed-equine.co.uk\/fr\/propos-du-programme-de-conditionnement-digestif-succeed\/"},{"@type":"ListItem","position":3,"name":"Utiliser SUCCEED\u00ae","item":"https:\/\/www.succeed-equine.co.uk\/fr\/propos-du-programme-de-conditionnement-digestif-succeed\/using-succeed\/"},{"@type":"ListItem","position":4,"name":"Chevaux devant utiliser SUCCEED\u00ae"}]},{"@type":"WebSite","@id":"https:\/\/www.succeed-equine.co.uk\/#website","url":"https:\/\/www.succeed-equine.co.uk\/","name":"SUCCEED Europe","description":"My horse at its best.","potentialAction":[{"@type":"SearchAction","target":{"@type":"EntryPoint","urlTemplate":"https:\/\/www.succeed-equine.co.uk\/?s={search_term_string}"},"query-input":{"@type":"PropertyValueSpecification","valueRequired":true,"valueName":"search_term_string"}}],"inLanguage":"fr-FR"}]}},"_links":{"self":[{"href":"https:\/\/www.succeed-equine.co.uk\/fr\/wp-json\/wp\/v2\/pages\/8165","targetHints":{"allow":["GET"]}}],"collection":[{"href":"https:\/\/www.succeed-equine.co.uk\/fr\/wp-json\/wp\/v2\/pages"}],"about":[{"href":"https:\/\/www.succeed-equine.co.uk\/fr\/wp-json\/wp\/v2\/types\/page"}],"author":[{"embeddable":true,"href":"https:\/\/www.succeed-equine.co.uk\/fr\/wp-json\/wp\/v2\/users\/14"}],"replies":[{"embeddable":true,"href":"https:\/\/www.succeed-equine.co.uk\/fr\/wp-json\/wp\/v2\/comments?post=8165"}],"version-history":[{"count":0,"href":"https:\/\/www.succeed-equine.co.uk\/fr\/wp-json\/wp\/v2\/pages\/8165\/revisions"}],"up":[{"embeddable":true,"href":"https:\/\/www.succeed-equine.co.uk\/fr\/wp-json\/wp\/v2\/pages\/8153"}],"wp:attachment":[{"href":"https:\/\/www.succeed-equine.co.uk\/fr\/wp-json\/wp\/v2\/media?parent=8165"}],"curies":[{"name":"wp","href":"https:\/\/api.w.org\/{rel}","templated":true}]}}