{"id":8177,"date":"2017-11-20T00:53:05","date_gmt":"2017-11-20T00:53:05","guid":{"rendered":"https:\/\/www.succeed-equine.co.uk\/?page_id=8177"},"modified":"2018-02-23T21:11:52","modified_gmt":"2018-02-23T21:11:52","slug":"imode-demploi","status":"publish","type":"page","link":"https:\/\/www.succeed-equine.co.uk\/fr\/propos-du-programme-de-conditionnement-digestif-succeed\/using-succeed\/imode-demploi\/","title":{"rendered":"Mode d&#8217;emploi"},"content":{"rendered":"<p>Il est important que la sant\u00e9 digestive de votre cheval reste optimale. Et avec <a href=\"https:\/\/www.succeed-equine.co.uk\/fr\/propos-du-programme-de-conditionnement-digestif-succeed\/\">SUCCEED<\/a>, c&rsquo;est \u00e9galement facile. Il suffit d&rsquo;une seule dose de SUCCEED par jour avec une alimentation normale. C&rsquo;est tout\u00a0! Pas de m\u00e9lange sp\u00e9cial. Pas de programme alimentaire compliqu\u00e9.<\/p>\n<p>Conseils relatifs \u00e0 l&rsquo;alimentation pour des r\u00e9sultats optimaux\u00a0:<\/p>\n<div class=\"su-row\">\n<div class=\"su-column su-column-size-1-3\"><div class=\"su-column-inner su-u-clearfix su-u-trim\">\n<ul>\n<li>Donnez SUCCEED deux fois par jour au cours des 7 \u00e0 10\u00a0premiers jours d&rsquo;utilisation afin de conditionner le syst\u00e8me digestif.<\/li>\n<\/ul>\n<\/div><\/div>\n<div class=\"su-column su-column-size-1-3\"><div class=\"su-column-inner su-u-clearfix su-u-trim\">\n<ul>\n<li>Donnez toujours SUCCEED avec le m\u00eame repas chaque jour (p. ex., avec le repas du matin ou du soir).<\/li>\n<\/ul>\n<\/div><\/div>\n<div class=\"su-column su-column-size-1-3\"><div class=\"su-column-inner su-u-clearfix su-u-trim\">\n<ul>\n<li>Si vous saupoudrez SUCCEED, ne le laissez pas \u00e0 l&rsquo;air libre pendant plus de 30\u00a0minutes, cela pouvant r\u00e9duire son app\u00e9tence.<\/li>\n<\/ul>\n<\/div><\/div>\n<\/div>\n<div class=\"su-spacer\" style=\"height:20px\"><\/div>\n<div class=\"su-row\">\n<div class=\"su-column su-column-size-1-3\"><div class=\"su-column-inner su-u-clearfix su-u-trim\">\n<img decoding=\"async\" src=\"\/wp-content\/blogs.dir\/3\/files\/2016\/03\/oral-paste.png\" alt=\"oral-paste\" class=\"alignnone size-full\" \/><br \/>\n<\/div><\/div>\n<div class=\"su-column su-column-size-2-3\"><div class=\"su-column-inner su-u-clearfix su-u-trim\">\n<h2>P\u00e2te \u00e0 administration orale<\/h2>\n<p>Videz tout simplement le contenu d&rsquo;une seringue directement dans la bouche du cheval, une fois par jour imm\u00e9diatement avant un nourrissage. Sinon, vous pouvez vider le contenu du tube directement sur l&rsquo;alimentation du cheval. (Dose\u00a0: 27\u00a0grammes)<br \/>\n<\/div><\/div>\n<\/div>\n<div class=\"su-row\">\n<div class=\"su-column su-column-size-1-3\"><div class=\"su-column-inner su-u-clearfix su-u-trim\">\n<img decoding=\"async\" src=\"\/wp-content\/blogs.dir\/3\/files\/2016\/03\/top-dress-granules.png\" alt=\"top-dress-granules\" class=\"alignnone size-full\" \/><br \/>\n<\/div><\/div>\n<div class=\"su-column su-column-size-2-3\"><div class=\"su-column-inner su-u-clearfix su-u-trim\">\n<h2>Granules<\/h2>\n<p>Une dosette de granules de SUCCEED (27\u00a0grammes) saupoudr\u00e9e directement sur l&rsquo;alimentation une fois par jour, et c&rsquo;est tout\u00a0! Inutile de m\u00e9langer. Inutile d&rsquo;ajouter d&rsquo;autres ingr\u00e9dients.<\/p>\n<p>Vous pouvez esp\u00e9rer voir des r\u00e9sultats dans un d\u00e9lai de 30\u00a0jours, mais il faut attendre 90\u00a0jours pour que SUCCEED agisse pleinement.<br \/>\n<\/div><\/div>\n<\/div>\n<h2>Doses recommand\u00e9es selon la taille du cheval<\/h2>\n<p>SUCCEED a \u00e9t\u00e9 formul\u00e9 pour un cheval adulte standard de 545\u00a0kg. Comme il s&rsquo;agit d&rsquo;un programme nutritionnel et non d&rsquo;un m\u00e9dicament, la dose standard est \u00e9galement appropri\u00e9e aux chevaux plus petits et aux poneys. Nous recommandons\u00a0:<br \/>\n\n  <div class=\"serving_sizes row\">\n    <div class=\"serving_sections\">\n      <h2>Poulains et poneys<\/h2><span>Moins de 272 kg<\/span>\n      <img decoding=\"async\" src=\"https:\/\/www.succeed-equine.co.uk\/wp-content\/themes\/FoundationPress\/images\/fellas_ponies.png\" \/>\n      <div class=\"circle\">\n        <span>\n          <h3>.05<\/h3>\n          <p>Une demi-dose<\/p>\n        <\/span>\n      <\/div>\n    <\/div>\n    <div class=\"serving_sections\">\n      <h2>Chevaux<\/h2><span>Jusqu'\u00e0 545 kg<\/span>\n      <img decoding=\"async\" src=\"https:\/\/www.succeed-equine.co.uk\/wp-content\/themes\/FoundationPress\/images\/horse-instructions.jpg\" \/>\n      <div class=\"circle\">\n        <span>\n          <h3>1<\/h3>\n          <p>Une demi-dose<\/p>\n        <\/span>\n      <\/div>\n    <\/div>\n    <div class=\"serving_sections\">\n      <h2>Grands chevaux de trait<\/h2><span> &nbsp;<\/span>\n      <img decoding=\"async\" src=\"https:\/\/www.succeed-equine.co.uk\/wp-content\/themes\/FoundationPress\/images\/large-draft-horse.jpg\" \/>\n      <div class=\"circle\">\n        <span>\n          <h3>1,5 \u00e0 2<\/h3>\n          <p>Une demi-dose<\/p>\n        <\/span>\n      <\/div>\n    <\/div>\n  <\/div>\n  \n<div class=\"su-spacer\" style=\"height:30px\"><\/div>\n<h2>Questions fr\u00e9quentes<\/h2>\n<p>Pour des informations plus d\u00e9taill\u00e9es sur la s\u00e9curit\u00e9 d\u2019emploi, la manipulation et l&rsquo;utilisation de SUCCEED, <a href=\"https:\/\/www.succeed-equine.co.uk\/fr\/propos-du-programme-de-conditionnement-digestif-succeed\/using-succeed\/questions-frequentes-au-sujet-de-succeed\/\">consultez notre rubrique Questions fr\u00e9quentes.<\/a><\/p>\n","protected":false},"excerpt":{"rendered":"<p>Il est important que la sant\u00e9 digestive de votre cheval reste optimale. Et avec SUCCEED, c&rsquo;est \u00e9galement facile. Il suffit d&rsquo;une seule dose de SUCCEED par jour avec une alimentation normale. C&rsquo;est tout\u00a0! Pas de [&hellip;]<\/p>\n","protected":false},"author":14,"featured_media":0,"parent":8153,"menu_order":0,"comment_status":"closed","ping_status":"closed","template":"","meta":{"_acf_changed":false,"footnotes":""},"class_list":["post-8177","page","type-page","status-publish","hentry"],"acf":[],"yoast_head":"<!-- This site is optimized with the Yoast SEO plugin v26.6 - https:\/\/yoast.com\/wordpress\/plugins\/seo\/ -->\n<title>Instructions d&#039;utilisation de SUCCEED pour chevaux | SUCCEED Europe<\/title>\n<meta name=\"description\" content=\"Il est important que la sant\u00e9 digestive de votre cheval reste optimale. Et avec SUCCEED, c&#039;est \u00e9galement facile. D\u00e9couvrez comment administrer SUCCEED.\" \/>\n<meta name=\"robots\" content=\"index, follow, max-snippet:-1, max-image-preview:large, max-video-preview:-1\" \/>\n<link rel=\"canonical\" href=\"https:\/\/www.succeed-equine.co.uk\/fr\/propos-du-programme-de-conditionnement-digestif-succeed\/using-succeed\/imode-demploi\/\" \/>\n<meta property=\"og:locale\" content=\"fr_FR\" \/>\n<meta property=\"og:type\" content=\"article\" \/>\n<meta property=\"og:title\" content=\"Instructions d&#039;utilisation de SUCCEED pour chevaux | SUCCEED Europe\" \/>\n<meta property=\"og:description\" content=\"Il est important que la sant\u00e9 digestive de votre cheval reste optimale. Et avec SUCCEED, c&#039;est \u00e9galement facile. D\u00e9couvrez comment administrer SUCCEED.\" \/>\n<meta property=\"og:url\" content=\"https:\/\/www.succeed-equine.co.uk\/fr\/propos-du-programme-de-conditionnement-digestif-succeed\/using-succeed\/imode-demploi\/\" \/>\n<meta property=\"og:site_name\" content=\"SUCCEED Europe\" \/>\n<meta property=\"article:modified_time\" content=\"2018-02-23T21:11:52+00:00\" \/>\n<meta property=\"og:image\" content=\"https:\/\/www.succeed-equine.co.uk\/wp-content\/blogs.dir\/3\/files\/2016\/03\/oral-paste.png\" \/>\n<meta name=\"twitter:card\" content=\"summary_large_image\" \/>\n<meta name=\"twitter:label1\" content=\"Dur\u00e9e de lecture estim\u00e9e\" \/>\n\t<meta name=\"twitter:data1\" content=\"2 minutes\" \/>\n<script type=\"application\/ld+json\" class=\"yoast-schema-graph\">{\"@context\":\"https:\/\/schema.org\",\"@graph\":[{\"@type\":\"WebPage\",\"@id\":\"https:\/\/www.succeed-equine.co.uk\/fr\/propos-du-programme-de-conditionnement-digestif-succeed\/using-succeed\/imode-demploi\/\",\"url\":\"https:\/\/www.succeed-equine.co.uk\/fr\/propos-du-programme-de-conditionnement-digestif-succeed\/using-succeed\/imode-demploi\/\",\"name\":\"Instructions d'utilisation de SUCCEED pour chevaux | SUCCEED Europe\",\"isPartOf\":{\"@id\":\"https:\/\/www.succeed-equine.co.uk\/#website\"},\"datePublished\":\"2017-11-20T00:53:05+00:00\",\"dateModified\":\"2018-02-23T21:11:52+00:00\",\"description\":\"Il est important que la sant\u00e9 digestive de votre cheval reste optimale. Et avec SUCCEED, c'est \u00e9galement facile. D\u00e9couvrez comment administrer SUCCEED.\",\"breadcrumb\":{\"@id\":\"https:\/\/www.succeed-equine.co.uk\/fr\/propos-du-programme-de-conditionnement-digestif-succeed\/using-succeed\/imode-demploi\/#breadcrumb\"},\"inLanguage\":\"fr-FR\",\"potentialAction\":[{\"@type\":\"ReadAction\",\"target\":[\"https:\/\/www.succeed-equine.co.uk\/fr\/propos-du-programme-de-conditionnement-digestif-succeed\/using-succeed\/imode-demploi\/\"]}]},{\"@type\":\"BreadcrumbList\",\"@id\":\"https:\/\/www.succeed-equine.co.uk\/fr\/propos-du-programme-de-conditionnement-digestif-succeed\/using-succeed\/imode-demploi\/#breadcrumb\",\"itemListElement\":[{\"@type\":\"ListItem\",\"position\":1,\"name\":\"Home\",\"item\":\"https:\/\/www.succeed-equine.co.uk\/fr\/\"},{\"@type\":\"ListItem\",\"position\":2,\"name\":\"\u00c0 propos du programme de conditionnement digestif SUCCEED\u00ae\",\"item\":\"https:\/\/www.succeed-equine.co.uk\/fr\/propos-du-programme-de-conditionnement-digestif-succeed\/\"},{\"@type\":\"ListItem\",\"position\":3,\"name\":\"Utiliser SUCCEED\u00ae\",\"item\":\"https:\/\/www.succeed-equine.co.uk\/fr\/propos-du-programme-de-conditionnement-digestif-succeed\/using-succeed\/\"},{\"@type\":\"ListItem\",\"position\":4,\"name\":\"Mode d&#8217;emploi\"}]},{\"@type\":\"WebSite\",\"@id\":\"https:\/\/www.succeed-equine.co.uk\/#website\",\"url\":\"https:\/\/www.succeed-equine.co.uk\/\",\"name\":\"SUCCEED Europe\",\"description\":\"My horse at its best.\",\"potentialAction\":[{\"@type\":\"SearchAction\",\"target\":{\"@type\":\"EntryPoint\",\"urlTemplate\":\"https:\/\/www.succeed-equine.co.uk\/?s={search_term_string}\"},\"query-input\":{\"@type\":\"PropertyValueSpecification\",\"valueRequired\":true,\"valueName\":\"search_term_string\"}}],\"inLanguage\":\"fr-FR\"}]}<\/script>\n<!-- \/ Yoast SEO plugin. -->","yoast_head_json":{"title":"Instructions d'utilisation de SUCCEED pour chevaux | SUCCEED Europe","description":"Il est important que la sant\u00e9 digestive de votre cheval reste optimale. Et avec SUCCEED, c'est \u00e9galement facile. D\u00e9couvrez comment administrer SUCCEED.","robots":{"index":"index","follow":"follow","max-snippet":"max-snippet:-1","max-image-preview":"max-image-preview:large","max-video-preview":"max-video-preview:-1"},"canonical":"https:\/\/www.succeed-equine.co.uk\/fr\/propos-du-programme-de-conditionnement-digestif-succeed\/using-succeed\/imode-demploi\/","og_locale":"fr_FR","og_type":"article","og_title":"Instructions d'utilisation de SUCCEED pour chevaux | SUCCEED Europe","og_description":"Il est important que la sant\u00e9 digestive de votre cheval reste optimale. Et avec SUCCEED, c'est \u00e9galement facile. D\u00e9couvrez comment administrer SUCCEED.","og_url":"https:\/\/www.succeed-equine.co.uk\/fr\/propos-du-programme-de-conditionnement-digestif-succeed\/using-succeed\/imode-demploi\/","og_site_name":"SUCCEED Europe","article_modified_time":"2018-02-23T21:11:52+00:00","og_image":[{"url":"https:\/\/www.succeed-equine.co.uk\/wp-content\/blogs.dir\/3\/files\/2016\/03\/oral-paste.png","type":"","width":"","height":""}],"twitter_card":"summary_large_image","twitter_misc":{"Dur\u00e9e de lecture estim\u00e9e":"2 minutes"},"schema":{"@context":"https:\/\/schema.org","@graph":[{"@type":"WebPage","@id":"https:\/\/www.succeed-equine.co.uk\/fr\/propos-du-programme-de-conditionnement-digestif-succeed\/using-succeed\/imode-demploi\/","url":"https:\/\/www.succeed-equine.co.uk\/fr\/propos-du-programme-de-conditionnement-digestif-succeed\/using-succeed\/imode-demploi\/","name":"Instructions d'utilisation de SUCCEED pour chevaux | SUCCEED Europe","isPartOf":{"@id":"https:\/\/www.succeed-equine.co.uk\/#website"},"datePublished":"2017-11-20T00:53:05+00:00","dateModified":"2018-02-23T21:11:52+00:00","description":"Il est important que la sant\u00e9 digestive de votre cheval reste optimale. Et avec SUCCEED, c'est \u00e9galement facile. D\u00e9couvrez comment administrer SUCCEED.","breadcrumb":{"@id":"https:\/\/www.succeed-equine.co.uk\/fr\/propos-du-programme-de-conditionnement-digestif-succeed\/using-succeed\/imode-demploi\/#breadcrumb"},"inLanguage":"fr-FR","potentialAction":[{"@type":"ReadAction","target":["https:\/\/www.succeed-equine.co.uk\/fr\/propos-du-programme-de-conditionnement-digestif-succeed\/using-succeed\/imode-demploi\/"]}]},{"@type":"BreadcrumbList","@id":"https:\/\/www.succeed-equine.co.uk\/fr\/propos-du-programme-de-conditionnement-digestif-succeed\/using-succeed\/imode-demploi\/#breadcrumb","itemListElement":[{"@type":"ListItem","position":1,"name":"Home","item":"https:\/\/www.succeed-equine.co.uk\/fr\/"},{"@type":"ListItem","position":2,"name":"\u00c0 propos du programme de conditionnement digestif SUCCEED\u00ae","item":"https:\/\/www.succeed-equine.co.uk\/fr\/propos-du-programme-de-conditionnement-digestif-succeed\/"},{"@type":"ListItem","position":3,"name":"Utiliser SUCCEED\u00ae","item":"https:\/\/www.succeed-equine.co.uk\/fr\/propos-du-programme-de-conditionnement-digestif-succeed\/using-succeed\/"},{"@type":"ListItem","position":4,"name":"Mode d&#8217;emploi"}]},{"@type":"WebSite","@id":"https:\/\/www.succeed-equine.co.uk\/#website","url":"https:\/\/www.succeed-equine.co.uk\/","name":"SUCCEED Europe","description":"My horse at its best.","potentialAction":[{"@type":"SearchAction","target":{"@type":"EntryPoint","urlTemplate":"https:\/\/www.succeed-equine.co.uk\/?s={search_term_string}"},"query-input":{"@type":"PropertyValueSpecification","valueRequired":true,"valueName":"search_term_string"}}],"inLanguage":"fr-FR"}]}},"_links":{"self":[{"href":"https:\/\/www.succeed-equine.co.uk\/fr\/wp-json\/wp\/v2\/pages\/8177","targetHints":{"allow":["GET"]}}],"collection":[{"href":"https:\/\/www.succeed-equine.co.uk\/fr\/wp-json\/wp\/v2\/pages"}],"about":[{"href":"https:\/\/www.succeed-equine.co.uk\/fr\/wp-json\/wp\/v2\/types\/page"}],"author":[{"embeddable":true,"href":"https:\/\/www.succeed-equine.co.uk\/fr\/wp-json\/wp\/v2\/users\/14"}],"replies":[{"embeddable":true,"href":"https:\/\/www.succeed-equine.co.uk\/fr\/wp-json\/wp\/v2\/comments?post=8177"}],"version-history":[{"count":0,"href":"https:\/\/www.succeed-equine.co.uk\/fr\/wp-json\/wp\/v2\/pages\/8177\/revisions"}],"up":[{"embeddable":true,"href":"https:\/\/www.succeed-equine.co.uk\/fr\/wp-json\/wp\/v2\/pages\/8153"}],"wp:attachment":[{"href":"https:\/\/www.succeed-equine.co.uk\/fr\/wp-json\/wp\/v2\/media?parent=8177"}],"curies":[{"name":"wp","href":"https:\/\/api.w.org\/{rel}","templated":true}]}}