{"id":8192,"date":"2017-11-23T17:12:11","date_gmt":"2017-11-23T17:12:11","guid":{"rendered":"https:\/\/www.succeed-equine.co.uk\/?page_id=8192"},"modified":"2018-02-23T21:15:01","modified_gmt":"2018-02-23T21:15:01","slug":"directives-relatives-la-conservation-et-la-manipulation-de-succeed","status":"publish","type":"page","link":"https:\/\/www.succeed-equine.co.uk\/fr\/propos-du-programme-de-conditionnement-digestif-succeed\/using-succeed\/directives-relatives-la-conservation-et-la-manipulation-de-succeed\/","title":{"rendered":"Directives relatives \u00e0 la conservation et \u00e0 la manipulation de SUCCEED\u00ae"},"content":{"rendered":"<div class=\"su-row\">\n<div class=\"su-column su-column-size-1-3\"><div class=\"su-column-inner su-u-clearfix su-u-trim\">\nSUCCEED est un programme de suppl\u00e9mentation quotidien am\u00e9liorant la sant\u00e9 naturelle du syst\u00e8me digestif \u00e9quin. Il existe sous forme de p\u00e2te \u00e0 administration orale, conditionn\u00e9e par bo\u00eete de 30\u00a0seringues d&rsquo;une dose quotidienne\u00a0; ou sous forme de granules \u00e0 saupoudrer sur la nourriture, conditionn\u00e9s dans trois formats diff\u00e9rents de seau.<br \/>\n<\/div><\/div>\n<div class=\"su-column su-column-size-1-3\"><div class=\"su-column-inner su-u-clearfix su-u-trim\">\nChez Freedom Health, nous nous effor\u00e7ons de garantir l&rsquo;uniformit\u00e9 et la qualit\u00e9 de nos produits. Ainsi, certaines directives basiques relatives \u00e0 la manipulation et \u00e0 la conservation du produit peuvent permettre de maintenir \u00e0 un niveau optimal l&rsquo;aspect physique et les propri\u00e9t\u00e9s de SUCCEED.<br \/>\n<\/div><\/div>\n<div class=\"su-column su-column-size-1-3\"><div class=\"su-column-inner su-u-clearfix su-u-trim\">\n<img decoding=\"async\" src=\"https:\/\/www.succeed-equine.co.uk\/wp-content\/blogs.dir\/3\/files\/2016\/05\/paste-and-granules.jpg\" alt=\"paste-and-granules\" class=\"alignnone size-full\" \/><\/div><\/div><\/div>\n<p>Veuillez prendre en compte les remarques et directives suivantes\u00a0:<\/p>\n<div class=\"su-row\"><div class=\"su-column su-column-size-1-3\"><div class=\"su-column-inner su-u-clearfix su-u-trim\">\n<div class=\"su-accordion su-u-trim\">\n<div class=\"su-spoiler su-spoiler-style-default su-spoiler-icon-plus su-spoiler-closed\" data-scroll-offset=\"0\" data-anchor-in-url=\"no\"><div class=\"su-spoiler-title\" tabindex=\"0\" role=\"button\"><span class=\"su-spoiler-icon\"><\/span>Conservation<\/div><div class=\"su-spoiler-content su-u-clearfix su-u-trim\">SUCCEED doit \u00eatre conserv\u00e9 dans un lieu frais, sec et \u00e0 l&rsquo;abri de la lumi\u00e8re directe du soleil. Le produit peut \u00eatre plac\u00e9 au r\u00e9frig\u00e9rateur en toute s\u00e9curit\u00e9 lorsqu&rsquo;il n&rsquo;est pas utilis\u00e9.<\/div><\/div>\n<div class=\"su-spoiler su-spoiler-style-default su-spoiler-icon-plus su-spoiler-closed\" data-scroll-offset=\"0\" data-anchor-in-url=\"no\"><div class=\"su-spoiler-title\" tabindex=\"0\" role=\"button\"><span class=\"su-spoiler-icon\"><\/span>Consistance<\/div><div class=\"su-spoiler-content su-u-clearfix su-u-trim\">SUCCEED est d\u00e9velopp\u00e9 \u00e0 partir d&rsquo;ingr\u00e9dients naturels. Ainsi, vous pouvez remarquer une certaine variation de la couleur et de la consistance. Les fabricants de compl\u00e9ments ajoutent souvent des agents de remplissage \u00e0 leurs produits, ce qui peut minimiser cette variation naturelle. Freedom Health n&rsquo;utilise pas d&rsquo;agent de remplissage. De l\u00e9g\u00e8res variations de couleur ou de consistance n&rsquo;ont aucune cons\u00e9quence sur l&rsquo;efficacit\u00e9 ou l&rsquo;utilit\u00e9 du produit. <\/div><\/div>\n<\/div>\n<\/div><\/div>\n<div class=\"su-column su-column-size-1-3\"><div class=\"su-column-inner su-u-clearfix su-u-trim\">\n<div class=\"su-accordion su-u-trim\">\n<div class=\"su-spoiler su-spoiler-style-default su-spoiler-icon-plus su-spoiler-closed\" data-scroll-offset=\"0\" data-anchor-in-url=\"no\"><div class=\"su-spoiler-title\" tabindex=\"0\" role=\"button\"><span class=\"su-spoiler-icon\"><\/span>Humidit\u00e9 et rancissement<\/div><div class=\"su-spoiler-content su-u-clearfix su-u-trim\">SUCCEED contient un taux d&rsquo;humidit\u00e9 minimal, et il est inutile d&rsquo;ajouter de l&rsquo;eau au produit. En respectant cette consigne, et gr\u00e2ce \u00e0 la nature de l&rsquo;huile d&rsquo;avoine contenue dans SUCCEED, le rancissement est tr\u00e8s improbable. Dans des analyses de laboratoire standard sur le rancissement, le taux de rancissement de SUCCEED est toujours nul. Lorsque le produit est expos\u00e9 \u00e0 des temp\u00e9ratures \u00e9lev\u00e9es, tout sp\u00e9cialement pendant de longues p\u00e9riodes, SUCCEED gonfle ou lib\u00e8re de l&rsquo;huile. (Consultez l&rsquo;\u00e9tiquette du produit pour obtenir les directives sp\u00e9cifiques relatives \u00e0 la temp\u00e9rature de conservation.) Cela peut donner l&rsquo;impression que le produit est humide. N\u00e9anmoins, ce n&rsquo;est pas le cas et cela n&rsquo;affecte en rien la performance et l&rsquo;utilit\u00e9 du produit.<\/div><\/div>\n<div class=\"su-spoiler su-spoiler-style-default su-spoiler-icon-plus su-spoiler-closed\" data-scroll-offset=\"0\" data-anchor-in-url=\"no\"><div class=\"su-spoiler-title\" tabindex=\"0\" role=\"button\"><span class=\"su-spoiler-icon\"><\/span>Agglutination<\/div><div class=\"su-spoiler-content su-u-clearfix su-u-trim\">SUCCEED est un m\u00e9lange de produits secs (farine d&rsquo;avoine, acides amin\u00e9s et levure) et d&rsquo;huile. Le gonflement ou la lib\u00e9ration d&rsquo;huile (s\u00e9paration de l&rsquo;huile des mati\u00e8res s\u00e8ches) susmentionn\u00e9(e) peut entra\u00eener la formation d&rsquo;amas dans les granules. Cela n&rsquo;a aucun effet sur la performance et l&rsquo;utilit\u00e9 du produit. L&rsquo;aspect redevient souvent normal en agitant le produit et en le mettant au r\u00e9frig\u00e9rateur pendant une nuit.<\/div><\/div>\n<\/div>\n<\/div><\/div>\n<div class=\"su-column su-column-size-1-3\"><div class=\"su-column-inner su-u-clearfix su-u-trim\">\n<div class=\"su-accordion su-u-trim\">\n<div class=\"su-spoiler su-spoiler-style-default su-spoiler-icon-plus su-spoiler-closed\" data-scroll-offset=\"0\" data-anchor-in-url=\"no\"><div class=\"su-spoiler-title\" tabindex=\"0\" role=\"button\"><span class=\"su-spoiler-icon\"><\/span>Odeur<\/div><div class=\"su-spoiler-content su-u-clearfix su-u-trim\">Apr\u00e8s ouverture du couvercle du r\u00e9cipient de SUCCEED, vous pouvez remarquer une forte odeur d&rsquo;avoine combin\u00e9e \u00e0 une odeur d&rsquo;alcool. L&rsquo;odeur d&rsquo;alcool est due \u00e0 l&rsquo;alcool (\u00e9thanol) utilis\u00e9 dans la fabrication des mati\u00e8res premi\u00e8res, et est sans danger. Elle dispara\u00eet g\u00e9n\u00e9ralement rapidement.<\/div><\/div>\n<div class=\"su-spoiler su-spoiler-style-default su-spoiler-icon-plus su-spoiler-closed\" data-scroll-offset=\"0\" data-anchor-in-url=\"no\"><div class=\"su-spoiler-title\" tabindex=\"0\" role=\"button\"><span class=\"su-spoiler-icon\"><\/span>Analyse<\/div><div class=\"su-spoiler-content su-u-clearfix su-u-trim\">Un \u00e9chantillon de chaque lot de SUCCEED est pr\u00e9lev\u00e9 pour \u00eatre analys\u00e9 et \u00e9valu\u00e9 \u00e0 long terme (\u00e0 savoir, analyse de la \u00ab\u00a0dur\u00e9e de vie\u00a0\u00bb) afin de multiplier par 2 la date d&rsquo;utilisation recommand\u00e9e (\u00e0 savoir, la date \u00ab\u00a0Meilleur si consomm\u00e9 avant le\u00a0\u00bb). La qualit\u00e9 du produit est syst\u00e9matiquement maintenue au cours de cette p\u00e9riode.<\/div><\/div>\n<\/div>\n<\/div><\/div>\n<\/div>\n<h2>Contactez-nous<\/h2>\n<p>Si vous avez des questions au sujet de SUCCEED ou sur sa manipulation et sa conservation, veuillez <a href=\"https:\/\/www.succeed-equine.co.uk\/fr\/contact\/\">contacter Freedom Health<\/a>.<\/p>\n","protected":false},"excerpt":{"rendered":"<p>Veuillez prendre en compte les remarques et directives suivantes\u00a0: Contactez-nous Si vous avez des questions au sujet de SUCCEED ou sur sa manipulation et sa conservation, veuillez contacter Freedom Health.<\/p>\n","protected":false},"author":14,"featured_media":0,"parent":8153,"menu_order":0,"comment_status":"closed","ping_status":"closed","template":"","meta":{"_acf_changed":false,"footnotes":""},"class_list":["post-8192","page","type-page","status-publish","hentry"],"acf":[],"yoast_head":"<!-- This site is optimized with the Yoast SEO plugin v26.6 - https:\/\/yoast.com\/wordpress\/plugins\/seo\/ -->\n<title>Directives relatives \u00e0 la conservation et \u00e0 la manipulation de SUCCEED | SUCCEED Europe<\/title>\n<meta name=\"description\" content=\"Une manipulation et une conservation appropri\u00e9es peuvent permettre de maintenir \u00e0 un niveau optimal l&#039;aspect et les propri\u00e9t\u00e9s de SUCCEED. Voici ce que vous devez savoir.\" \/>\n<meta name=\"robots\" content=\"index, follow, max-snippet:-1, max-image-preview:large, max-video-preview:-1\" \/>\n<link rel=\"canonical\" href=\"https:\/\/www.succeed-equine.co.uk\/fr\/propos-du-programme-de-conditionnement-digestif-succeed\/using-succeed\/directives-relatives-la-conservation-et-la-manipulation-de-succeed\/\" \/>\n<meta property=\"og:locale\" content=\"fr_FR\" \/>\n<meta property=\"og:type\" content=\"article\" \/>\n<meta property=\"og:title\" content=\"Directives relatives \u00e0 la conservation et \u00e0 la manipulation de SUCCEED | SUCCEED Europe\" \/>\n<meta property=\"og:description\" content=\"Une manipulation et une conservation appropri\u00e9es peuvent permettre de maintenir \u00e0 un niveau optimal l&#039;aspect et les propri\u00e9t\u00e9s de SUCCEED. Voici ce que vous devez savoir.\" \/>\n<meta property=\"og:url\" content=\"https:\/\/www.succeed-equine.co.uk\/fr\/propos-du-programme-de-conditionnement-digestif-succeed\/using-succeed\/directives-relatives-la-conservation-et-la-manipulation-de-succeed\/\" \/>\n<meta property=\"og:site_name\" content=\"SUCCEED Europe\" \/>\n<meta property=\"article:modified_time\" content=\"2018-02-23T21:15:01+00:00\" \/>\n<meta property=\"og:image\" content=\"https:\/\/www.succeed-equine.co.uk\/wp-content\/blogs.dir\/3\/files\/2016\/05\/paste-and-granules.jpg\" \/>\n<meta name=\"twitter:card\" content=\"summary_large_image\" \/>\n<meta name=\"twitter:label1\" content=\"Dur\u00e9e de lecture estim\u00e9e\" \/>\n\t<meta name=\"twitter:data1\" content=\"3 minutes\" \/>\n<script type=\"application\/ld+json\" class=\"yoast-schema-graph\">{\"@context\":\"https:\/\/schema.org\",\"@graph\":[{\"@type\":\"WebPage\",\"@id\":\"https:\/\/www.succeed-equine.co.uk\/fr\/propos-du-programme-de-conditionnement-digestif-succeed\/using-succeed\/directives-relatives-la-conservation-et-la-manipulation-de-succeed\/\",\"url\":\"https:\/\/www.succeed-equine.co.uk\/fr\/propos-du-programme-de-conditionnement-digestif-succeed\/using-succeed\/directives-relatives-la-conservation-et-la-manipulation-de-succeed\/\",\"name\":\"Directives relatives \u00e0 la conservation et \u00e0 la manipulation de SUCCEED | SUCCEED Europe\",\"isPartOf\":{\"@id\":\"https:\/\/www.succeed-equine.co.uk\/#website\"},\"primaryImageOfPage\":{\"@id\":\"https:\/\/www.succeed-equine.co.uk\/fr\/propos-du-programme-de-conditionnement-digestif-succeed\/using-succeed\/directives-relatives-la-conservation-et-la-manipulation-de-succeed\/#primaryimage\"},\"image\":{\"@id\":\"https:\/\/www.succeed-equine.co.uk\/fr\/propos-du-programme-de-conditionnement-digestif-succeed\/using-succeed\/directives-relatives-la-conservation-et-la-manipulation-de-succeed\/#primaryimage\"},\"thumbnailUrl\":\"https:\/\/www.succeed-equine.co.uk\/wp-content\/blogs.dir\/3\/files\/2016\/05\/paste-and-granules.jpg\",\"datePublished\":\"2017-11-23T17:12:11+00:00\",\"dateModified\":\"2018-02-23T21:15:01+00:00\",\"description\":\"Une manipulation et une conservation appropri\u00e9es peuvent permettre de maintenir \u00e0 un niveau optimal l'aspect et les propri\u00e9t\u00e9s de SUCCEED. Voici ce que vous devez savoir.\",\"breadcrumb\":{\"@id\":\"https:\/\/www.succeed-equine.co.uk\/fr\/propos-du-programme-de-conditionnement-digestif-succeed\/using-succeed\/directives-relatives-la-conservation-et-la-manipulation-de-succeed\/#breadcrumb\"},\"inLanguage\":\"fr-FR\",\"potentialAction\":[{\"@type\":\"ReadAction\",\"target\":[\"https:\/\/www.succeed-equine.co.uk\/fr\/propos-du-programme-de-conditionnement-digestif-succeed\/using-succeed\/directives-relatives-la-conservation-et-la-manipulation-de-succeed\/\"]}]},{\"@type\":\"ImageObject\",\"inLanguage\":\"fr-FR\",\"@id\":\"https:\/\/www.succeed-equine.co.uk\/fr\/propos-du-programme-de-conditionnement-digestif-succeed\/using-succeed\/directives-relatives-la-conservation-et-la-manipulation-de-succeed\/#primaryimage\",\"url\":\"https:\/\/www.succeed-equine.co.uk\/wp-content\/blogs.dir\/3\/files\/2016\/05\/paste-and-granules.jpg\",\"contentUrl\":\"https:\/\/www.succeed-equine.co.uk\/wp-content\/blogs.dir\/3\/files\/2016\/05\/paste-and-granules.jpg\"},{\"@type\":\"BreadcrumbList\",\"@id\":\"https:\/\/www.succeed-equine.co.uk\/fr\/propos-du-programme-de-conditionnement-digestif-succeed\/using-succeed\/directives-relatives-la-conservation-et-la-manipulation-de-succeed\/#breadcrumb\",\"itemListElement\":[{\"@type\":\"ListItem\",\"position\":1,\"name\":\"Home\",\"item\":\"https:\/\/www.succeed-equine.co.uk\/fr\/\"},{\"@type\":\"ListItem\",\"position\":2,\"name\":\"\u00c0 propos du programme de conditionnement digestif SUCCEED\u00ae\",\"item\":\"https:\/\/www.succeed-equine.co.uk\/fr\/propos-du-programme-de-conditionnement-digestif-succeed\/\"},{\"@type\":\"ListItem\",\"position\":3,\"name\":\"Utiliser SUCCEED\u00ae\",\"item\":\"https:\/\/www.succeed-equine.co.uk\/fr\/propos-du-programme-de-conditionnement-digestif-succeed\/using-succeed\/\"},{\"@type\":\"ListItem\",\"position\":4,\"name\":\"Directives relatives \u00e0 la conservation et \u00e0 la manipulation de SUCCEED\u00ae\"}]},{\"@type\":\"WebSite\",\"@id\":\"https:\/\/www.succeed-equine.co.uk\/#website\",\"url\":\"https:\/\/www.succeed-equine.co.uk\/\",\"name\":\"SUCCEED Europe\",\"description\":\"My horse at its best.\",\"potentialAction\":[{\"@type\":\"SearchAction\",\"target\":{\"@type\":\"EntryPoint\",\"urlTemplate\":\"https:\/\/www.succeed-equine.co.uk\/?s={search_term_string}\"},\"query-input\":{\"@type\":\"PropertyValueSpecification\",\"valueRequired\":true,\"valueName\":\"search_term_string\"}}],\"inLanguage\":\"fr-FR\"}]}<\/script>\n<!-- \/ Yoast SEO plugin. -->","yoast_head_json":{"title":"Directives relatives \u00e0 la conservation et \u00e0 la manipulation de SUCCEED | SUCCEED Europe","description":"Une manipulation et une conservation appropri\u00e9es peuvent permettre de maintenir \u00e0 un niveau optimal l'aspect et les propri\u00e9t\u00e9s de SUCCEED. Voici ce que vous devez savoir.","robots":{"index":"index","follow":"follow","max-snippet":"max-snippet:-1","max-image-preview":"max-image-preview:large","max-video-preview":"max-video-preview:-1"},"canonical":"https:\/\/www.succeed-equine.co.uk\/fr\/propos-du-programme-de-conditionnement-digestif-succeed\/using-succeed\/directives-relatives-la-conservation-et-la-manipulation-de-succeed\/","og_locale":"fr_FR","og_type":"article","og_title":"Directives relatives \u00e0 la conservation et \u00e0 la manipulation de SUCCEED | SUCCEED Europe","og_description":"Une manipulation et une conservation appropri\u00e9es peuvent permettre de maintenir \u00e0 un niveau optimal l'aspect et les propri\u00e9t\u00e9s de SUCCEED. Voici ce que vous devez savoir.","og_url":"https:\/\/www.succeed-equine.co.uk\/fr\/propos-du-programme-de-conditionnement-digestif-succeed\/using-succeed\/directives-relatives-la-conservation-et-la-manipulation-de-succeed\/","og_site_name":"SUCCEED Europe","article_modified_time":"2018-02-23T21:15:01+00:00","og_image":[{"url":"https:\/\/www.succeed-equine.co.uk\/wp-content\/blogs.dir\/3\/files\/2016\/05\/paste-and-granules.jpg","type":"","width":"","height":""}],"twitter_card":"summary_large_image","twitter_misc":{"Dur\u00e9e de lecture estim\u00e9e":"3 minutes"},"schema":{"@context":"https:\/\/schema.org","@graph":[{"@type":"WebPage","@id":"https:\/\/www.succeed-equine.co.uk\/fr\/propos-du-programme-de-conditionnement-digestif-succeed\/using-succeed\/directives-relatives-la-conservation-et-la-manipulation-de-succeed\/","url":"https:\/\/www.succeed-equine.co.uk\/fr\/propos-du-programme-de-conditionnement-digestif-succeed\/using-succeed\/directives-relatives-la-conservation-et-la-manipulation-de-succeed\/","name":"Directives relatives \u00e0 la conservation et \u00e0 la manipulation de SUCCEED | SUCCEED Europe","isPartOf":{"@id":"https:\/\/www.succeed-equine.co.uk\/#website"},"primaryImageOfPage":{"@id":"https:\/\/www.succeed-equine.co.uk\/fr\/propos-du-programme-de-conditionnement-digestif-succeed\/using-succeed\/directives-relatives-la-conservation-et-la-manipulation-de-succeed\/#primaryimage"},"image":{"@id":"https:\/\/www.succeed-equine.co.uk\/fr\/propos-du-programme-de-conditionnement-digestif-succeed\/using-succeed\/directives-relatives-la-conservation-et-la-manipulation-de-succeed\/#primaryimage"},"thumbnailUrl":"https:\/\/www.succeed-equine.co.uk\/wp-content\/blogs.dir\/3\/files\/2016\/05\/paste-and-granules.jpg","datePublished":"2017-11-23T17:12:11+00:00","dateModified":"2018-02-23T21:15:01+00:00","description":"Une manipulation et une conservation appropri\u00e9es peuvent permettre de maintenir \u00e0 un niveau optimal l'aspect et les propri\u00e9t\u00e9s de SUCCEED. Voici ce que vous devez savoir.","breadcrumb":{"@id":"https:\/\/www.succeed-equine.co.uk\/fr\/propos-du-programme-de-conditionnement-digestif-succeed\/using-succeed\/directives-relatives-la-conservation-et-la-manipulation-de-succeed\/#breadcrumb"},"inLanguage":"fr-FR","potentialAction":[{"@type":"ReadAction","target":["https:\/\/www.succeed-equine.co.uk\/fr\/propos-du-programme-de-conditionnement-digestif-succeed\/using-succeed\/directives-relatives-la-conservation-et-la-manipulation-de-succeed\/"]}]},{"@type":"ImageObject","inLanguage":"fr-FR","@id":"https:\/\/www.succeed-equine.co.uk\/fr\/propos-du-programme-de-conditionnement-digestif-succeed\/using-succeed\/directives-relatives-la-conservation-et-la-manipulation-de-succeed\/#primaryimage","url":"https:\/\/www.succeed-equine.co.uk\/wp-content\/blogs.dir\/3\/files\/2016\/05\/paste-and-granules.jpg","contentUrl":"https:\/\/www.succeed-equine.co.uk\/wp-content\/blogs.dir\/3\/files\/2016\/05\/paste-and-granules.jpg"},{"@type":"BreadcrumbList","@id":"https:\/\/www.succeed-equine.co.uk\/fr\/propos-du-programme-de-conditionnement-digestif-succeed\/using-succeed\/directives-relatives-la-conservation-et-la-manipulation-de-succeed\/#breadcrumb","itemListElement":[{"@type":"ListItem","position":1,"name":"Home","item":"https:\/\/www.succeed-equine.co.uk\/fr\/"},{"@type":"ListItem","position":2,"name":"\u00c0 propos du programme de conditionnement digestif SUCCEED\u00ae","item":"https:\/\/www.succeed-equine.co.uk\/fr\/propos-du-programme-de-conditionnement-digestif-succeed\/"},{"@type":"ListItem","position":3,"name":"Utiliser SUCCEED\u00ae","item":"https:\/\/www.succeed-equine.co.uk\/fr\/propos-du-programme-de-conditionnement-digestif-succeed\/using-succeed\/"},{"@type":"ListItem","position":4,"name":"Directives relatives \u00e0 la conservation et \u00e0 la manipulation de SUCCEED\u00ae"}]},{"@type":"WebSite","@id":"https:\/\/www.succeed-equine.co.uk\/#website","url":"https:\/\/www.succeed-equine.co.uk\/","name":"SUCCEED Europe","description":"My horse at its best.","potentialAction":[{"@type":"SearchAction","target":{"@type":"EntryPoint","urlTemplate":"https:\/\/www.succeed-equine.co.uk\/?s={search_term_string}"},"query-input":{"@type":"PropertyValueSpecification","valueRequired":true,"valueName":"search_term_string"}}],"inLanguage":"fr-FR"}]}},"_links":{"self":[{"href":"https:\/\/www.succeed-equine.co.uk\/fr\/wp-json\/wp\/v2\/pages\/8192","targetHints":{"allow":["GET"]}}],"collection":[{"href":"https:\/\/www.succeed-equine.co.uk\/fr\/wp-json\/wp\/v2\/pages"}],"about":[{"href":"https:\/\/www.succeed-equine.co.uk\/fr\/wp-json\/wp\/v2\/types\/page"}],"author":[{"embeddable":true,"href":"https:\/\/www.succeed-equine.co.uk\/fr\/wp-json\/wp\/v2\/users\/14"}],"replies":[{"embeddable":true,"href":"https:\/\/www.succeed-equine.co.uk\/fr\/wp-json\/wp\/v2\/comments?post=8192"}],"version-history":[{"count":0,"href":"https:\/\/www.succeed-equine.co.uk\/fr\/wp-json\/wp\/v2\/pages\/8192\/revisions"}],"up":[{"embeddable":true,"href":"https:\/\/www.succeed-equine.co.uk\/fr\/wp-json\/wp\/v2\/pages\/8153"}],"wp:attachment":[{"href":"https:\/\/www.succeed-equine.co.uk\/fr\/wp-json\/wp\/v2\/media?parent=8192"}],"curies":[{"name":"wp","href":"https:\/\/api.w.org\/{rel}","templated":true}]}}