{"id":8092,"date":"2017-11-15T01:29:57","date_gmt":"2017-11-15T01:29:57","guid":{"rendered":"https:\/\/www.succeed-equine.co.uk\/?page_id=8092"},"modified":"2018-02-23T19:26:28","modified_gmt":"2018-02-23T19:26:28","slug":"succeed-digestive-conditioning-program","status":"publish","type":"page","link":"https:\/\/www.succeed-equine.co.uk\/it\/succeed-digestive-conditioning-program\/","title":{"rendered":"Informazioni sul Programma di condizionamento dell&#8217;apparato digerente SUCCEED\u00ae"},"content":{"rendered":"<div class=\"su-row\">\n<div class=\"su-column su-column-size-1-2\"><div class=\"su-column-inner su-u-clearfix su-u-trim\">\u00a0Per un\u00a0<a href=\"https:\/\/www.succeed-equine.co.uk\/serious-horse\/\">vero amante dei cavalli<\/a>, ci\u00f2 che importa \u00e8 fare le cose nella maniera giusta e vantaggiosa per il cavallo. Se desidera che il Suo cavallo sia al 100%, deve dare il 100%.<\/p>\n<p class=\"p1\">Per questa ragione, si assicura che i Suoi cavalli ottengano le giuste cure, la giusta alimentazione&#8230; e SUCCEED. <\/div><\/div>\n<div class=\"su-column su-column-size-1-2\"><div class=\"su-column-inner su-u-clearfix su-u-trim\"> I veri amanti di cavali in tutto il mondo utilizzano SUCCEED, un approccio naturale alla gestione della salute digestiva del cavallo, compresi stomaco e intestino caudale. Sanno che un apparato digerente sano favorisce tutti gli aspetti della salute di un cavallo, favorendone di conseguenza anche le prestazioni, il comportamento e tutto il resto.<\/p>\n<p class=\"p1\"><\/div><\/div>\n<\/div><div class=\"su-row\">\n<div class=\"su-column su-column-size-1-2\"><div class=\"su-column-inner su-u-clearfix su-u-trim\"><img decoding=\"async\" src=\"https:\/\/www.succeed-equine.co.uk\/wp-content\/blogs.dir\/3\/files\/2011\/01\/SUCCEED-Digestive-Conditioning-Program.png\" alt=\"SUCCEED-Digestive-Conditioning-Program\" class=\"alignnone size-full\" \/><\/div><\/div>\n<div class=\"su-column su-column-size-1-2\"><div class=\"su-column-inner su-u-clearfix su-u-trim\"> <strong>Tra gli usi di SUCCEED:<\/strong><\/p>\n<ul>\n<li>Compensazione di insufficienza cronica della funzione dell&#8217;intestino tenue.<\/li>\n<li>Compensazione di affezioni digestive croniche dell&#8217;intestino crasso.<\/li>\n<li>Ripresa nutrizionale, convalescenza.<\/div><\/div>\n<\/div><\/li>\n<\/ul>\n<h2>Programma di condizionamento dell&#8217;apparato digerente SUCCEED\u00ae: La ricetta per il successo<\/h2>\n<p>Il Programma di condizionamento dell&#8217;apparato digerente SUCCEED \u00e8 un prodotto serio per veri amanti dei cavalli. \u00c8 l&#8217;unico integratore alimentare digestivo per cavalli con pi\u00f9 brevetti in tutto il mondo. \u00c8 una formula brevettata di ingredienti nutrizionali con qualit\u00e0 e purezza superiori, tra i quali:<\/p>\n<div class=\"ingrediants_list\"><div class=\"su-row\">\n<div class=\"su-column su-column-size-1-5\"><div class=\"su-column-inner su-u-clearfix su-u-trim\">\n<h3>Olio di avena<\/h3>\n<p><img decoding=\"async\" src=\"http:\/\/www.succeed-equine.com\/wp-content\/uploads\/2016\/05\/oat_oil.jpg\" alt=\"oat_oil\" class=\"alignnone size-full\" \/><\/p>\n<p>L&#8217;olio di avena viene estratto attraverso un processo unico, atto a conservare una concentrazione elevata di <a href=\"http:\/\/www.succeed-equine.com\/education\/polar-lipids-for-horses\/\">lipidi polari<\/a>, molecole di grasso specializzate, che offrono un&#8217;ampia gamma di benefici all&#8217;intestino.<\/p>\n<\/div><\/div>\n<div class=\"su-column su-column-size-1-5\"><div class=\"su-column-inner su-u-clearfix su-u-trim\">\n<h3>Crusca di avena<\/h3>\n<p><img decoding=\"async\" src=\"http:\/\/www.succeed-equine.com\/wp-content\/uploads\/2016\/05\/oat_flour.jpg\" alt=\"oat_flour\" class=\"alignnone size-full\" \/><\/p>\n<p>Processiamo un tipo di avena ricca di crusca e a basso contenuto di amido affinch\u00e9 conservi una concentrazione elevata di <a href=\"http:\/\/www.succeed-equine.com\/education\/beta-glucan-for-horses\/\">beta-glucano<\/a>, che favorisce l&#8217;assorbimento dei nutrienti e aiuta a moderare il tasso di digestione.<\/p>\n<\/div><\/div>\n<div class=\"su-column su-column-size-1-5\"><div class=\"su-column-inner su-u-clearfix su-u-trim\">\n<h3>Prodotti del lievito<\/h3>\n<p><img decoding=\"async\" src=\"http:\/\/www.succeed-equine.com\/wp-content\/uploads\/2016\/05\/yeast_products.jpg\" alt=\"yeast_products\" class=\"alignnone size-full\" \/><\/p>\n<p>Il lievito include un beta-glucano e un mannano-oligosaccaride derivanti dal <a href=\"http:\/\/www.succeed-equine.com\/education\/yeast-for-horses\/\">ceppo di lievito Saccharomyces cerevisiae<\/a>,\u00a0ricco di <a href=\"http:\/\/www.succeed-equine.com\/education\/nucleotides-for-horses\/\">nucleotidi<\/a>, necessari per lo sviluppo e la guarigione cellulari.<\/p>\n<\/div><\/div>\n<div class=\"su-column su-column-size-1-5\"><div class=\"su-column-inner su-u-clearfix su-u-trim\">\n<h3>L-arginina<\/h3>\n<p><img decoding=\"async\" src=\"http:\/\/www.succeed-equine.com\/wp-content\/uploads\/2016\/05\/l_gluetimine.jpg\" alt=\"l_gluetimine\" class=\"alignnone size-full\" \/><\/p>\n<p>L&#8217;amminoacido L-arginina \u00e8 importante per una corretta funzione immunitaria, per la riparazione dei tessuti, per una circolazione sana e per il potenziamento delle capacit\u00e0 di esercizio.<\/p>\n<\/div><\/div>\n<div class=\"su-column su-column-size-1-5\"><div class=\"su-column-inner su-u-clearfix su-u-trim\">\n<h3>L-Treonina<\/h3>\n<p><img decoding=\"async\" src=\"http:\/\/www.succeed-equine.com\/wp-content\/uploads\/2016\/05\/l_theo.jpg\" alt=\"l_theo\" class=\"alignnone size-full\" \/><\/p>\n<p>La <a href=\"http:\/\/www.succeed-equine.com\/education\/l-threonine-for-horses\/\">L-Treonina<\/a> favorisce la produzione di mucina, componente necessaria del muco che lubrifica e protegge la mucosa intestinale.<\/p>\n<\/div><\/div>\n<\/div>\n<\/div>\n<div class=\"product_labeling\">\n<div style=\"clear: both;\">\n<h2 style=\"padding-bottom: 30px !important;\">Dettagli dell&#8217;etichettatura del prodotto e della composizione<\/h2>\n<p><a href=\"\/?page_id=8127\">Maggiori informazioni sugli ingredienti di SUCCEED<\/a><\/p>\n<\/div>\n<div class=\"row\">\n<div class=\"large-4 medium-12 small-12 columns\">\n<p>I veri amanti dei cavalli sanno che SUCCEED \u00e8 supportato da studi scientifici rigorosi. E, cosa ancora pi\u00f9 importante, sanno che funziona. <a href=\"http:\/\/www.succeed-vet.com\/\">La ricerca e i dati sono disponibili presso il Centro Veterinario di SUCCEED.<\/a><\/p>\n<h3 class=\"callout\" style=\"letter-spacing: -.75px;\">\u00c8 pronto a utilizzare SUCCEED? Parli con il Suo chirurgo veterinario oggi stesso.<\/h3>\n<\/div>\n<div class=\"large-8 medium-12 small-12 columns\">\n<div>\n<h4>Etichettatura del prodotto:<\/h4>\n<p><a href=\"\/wp-content\/blogs.dir\/3\/files\/2017\/08\/succeed-euro-dcp-labels.pdf\" target=\"_blank\" rel=\"noopener\"><img decoding=\"async\" src=\"http:\/\/www.succeed-equine.com\/wp-content\/uploads\/2016\/05\/product_info1.jpg\" alt=\"product_info1\" class=\"alignnone size-full\" \/><\/a><\/p>\n<\/div>\n<div>\n<h4>Granuli:<\/h4>\n<p><a href=\"\/wp-content\/blogs.dir\/3\/files\/2017\/08\/succeed-euro-granules-composition-label.jpg\" target=\"_blank\" rel=\"noopener\"><img decoding=\"async\" src=\"https:\/\/www.succeed-equine.co.uk\/wp-content\/blogs.dir\/3\/files\/2011\/01\/granuals.jpg\" alt=\"granuals\" class=\"alignnone size-full\" \/><\/a><\/p>\n<\/div>\n<div>\n<h4>Pasta:<\/h4>\n<p><a href=\"\/wp-content\/blogs.dir\/3\/files\/2017\/08\/succeed-euro-paste-composition-label.jpg\" target=\"_blank\" rel=\"noopener\"><img decoding=\"async\" src=\"https:\/\/www.succeed-equine.co.uk\/wp-content\/blogs.dir\/3\/files\/2011\/01\/paste.jpg\" alt=\"paste\" class=\"alignnone size-full\" \/><\/a><\/p>\n<\/div>\n<\/div>\n<\/div>\n<\/div>\n<h2>Utilizzare il Programma di condizionamento dell&#8217;apparato digerente SUCCEED\u00ae<\/h2>\n<div class=\"su-row\">\n<div class=\"su-column su-column-size-3-4\"><div class=\"su-column-inner su-u-clearfix su-u-trim\">\nMantenere la salute digestiva del Suo cavallo in condizioni ottimali \u00e8 importante. Con SUCCEED, \u00e8 anche facile. Basta somministrare una sola porzione di SUCCEED una volta al giorno, tutti i giorni, insieme al regolare foraggio. \u00c8 tutto.<\/p>\n<p>Si consiglia di consultare un veterinario prima dell&#8217;uso o prima di prolungare il periodo di utilizzo.<br \/>\n<\/div><\/div>\n<div class=\"su-column su-column-size-1-4\"><div class=\"su-column-inner su-u-clearfix su-u-trim\">\n<p style=\"text-align: left;\"><a href=\"\/?page_id=8182\">Istruzioni per l&#8217;uso<\/a><br \/>\n<a href=\"\/?page_id=8196\">Conservazione e manipolazione<\/a><br \/>\n<a href=\"\/?page_id=8213\">Domande frequenti<\/a><\/p>\n<\/div><\/div>\n<\/div>\n\n  <\/div>\n  <\/article>\n  <\/div>\n  <div class=\"product_options_bg\">\n    <div class=\"row\">\n      <h2>Opzioni prodotto SUCCEED<\/h2>\n      <div class=\"large-5 medium-5 small-12 columns\">\n      <p>La stessa fantastica formula di SUCCEED \u00e8 disponibile in pasta orale o granuli da aggiungere al pasto.<\/p>\n        <div class=\"bttn custom-wpml-bttn-fix\">\n        <a href=\"https:\/\/www.succeed-equine.co.uk\/it\/succeed-digestive-conditioning-program\/opzioni-prodotto\/\">Vedere tutte le opzioni prodotto<\/a>\n        <\/div>\n      <\/div>\n      <div class=\"large-7 medium-7 small-12 columns\">\n        <img fetchpriority=\"high\" decoding=\"async\" src=\"\/wp-content\/uploads\/2016\/07\/all-buckets-carton-EU.png\" alt=\"Succeed Carton and Buckets\" width=\"668\" height=\"434\" class=\"alignnone size-full wp-image-7042\" \/>\n      <\/div>\n    <\/div>\n  <\/div>\n  <div id=\"single-page\" class=\"row main_content_area\">\n    <article class=\"main-content large-12 medium-12 small-12 columns\" id=\"post-6986\">\n      <div class=\"entry-content\">\n  \n","protected":false},"excerpt":{"rendered":"<p>Programma di condizionamento dell&#8217;apparato digerente SUCCEED\u00ae: La ricetta per il successo Il Programma di condizionamento dell&#8217;apparato digerente SUCCEED \u00e8 un prodotto serio per veri amanti dei cavalli. \u00c8 l&#8217;unico integratore alimentare digestivo per cavalli con [&hellip;]<\/p>\n","protected":false},"author":14,"featured_media":0,"parent":0,"menu_order":0,"comment_status":"closed","ping_status":"closed","template":"","meta":{"_acf_changed":false,"footnotes":""},"class_list":["post-8092","page","type-page","status-publish","hentry"],"acf":[],"yoast_head":"<!-- This site is optimized with the Yoast SEO plugin v26.6 - https:\/\/yoast.com\/wordpress\/plugins\/seo\/ -->\n<title>Informazioni sul Programma di condizionamento dell&#039;apparato digerente SUCCEED | SUCCEED Europa<\/title>\n<meta name=\"description\" content=\"Il segreto di SUCCESS, disponibile in pasta orale o granuli da aggiungere al pasto, sta negli ingredienti nutrizionali che supportano la salute generale dell&#039;apparato gastrointestinale equino.\" \/>\n<meta name=\"robots\" content=\"index, follow, max-snippet:-1, max-image-preview:large, max-video-preview:-1\" \/>\n<link rel=\"canonical\" href=\"https:\/\/www.succeed-equine.co.uk\/it\/succeed-digestive-conditioning-program\/\" \/>\n<meta property=\"og:locale\" content=\"it_IT\" \/>\n<meta property=\"og:type\" content=\"article\" \/>\n<meta property=\"og:title\" content=\"Informazioni sul Programma di condizionamento dell&#039;apparato digerente SUCCEED | SUCCEED Europa\" \/>\n<meta property=\"og:description\" content=\"Il segreto di SUCCESS, disponibile in pasta orale o granuli da aggiungere al pasto, sta negli ingredienti nutrizionali che supportano la salute generale dell&#039;apparato gastrointestinale equino.\" \/>\n<meta property=\"og:url\" content=\"https:\/\/www.succeed-equine.co.uk\/it\/succeed-digestive-conditioning-program\/\" \/>\n<meta property=\"og:site_name\" content=\"SUCCEED Europe\" \/>\n<meta property=\"article:modified_time\" content=\"2018-02-23T19:26:28+00:00\" \/>\n<meta property=\"og:image\" content=\"https:\/\/www.succeed-equine.co.uk\/wp-content\/blogs.dir\/3\/files\/2011\/01\/SUCCEED-Digestive-Conditioning-Program.png\" \/>\n<meta name=\"twitter:card\" content=\"summary_large_image\" \/>\n<meta name=\"twitter:label1\" content=\"Tempo di lettura stimato\" \/>\n\t<meta name=\"twitter:data1\" content=\"3 minuti\" \/>\n<script type=\"application\/ld+json\" class=\"yoast-schema-graph\">{\"@context\":\"https:\/\/schema.org\",\"@graph\":[{\"@type\":\"WebPage\",\"@id\":\"https:\/\/www.succeed-equine.co.uk\/it\/succeed-digestive-conditioning-program\/\",\"url\":\"https:\/\/www.succeed-equine.co.uk\/it\/succeed-digestive-conditioning-program\/\",\"name\":\"Informazioni sul Programma di condizionamento dell'apparato digerente SUCCEED | SUCCEED Europa\",\"isPartOf\":{\"@id\":\"https:\/\/www.succeed-equine.co.uk\/#website\"},\"primaryImageOfPage\":{\"@id\":\"https:\/\/www.succeed-equine.co.uk\/it\/succeed-digestive-conditioning-program\/#primaryimage\"},\"image\":{\"@id\":\"https:\/\/www.succeed-equine.co.uk\/it\/succeed-digestive-conditioning-program\/#primaryimage\"},\"thumbnailUrl\":\"https:\/\/www.succeed-equine.co.uk\/wp-content\/blogs.dir\/3\/files\/2011\/01\/SUCCEED-Digestive-Conditioning-Program.png\",\"datePublished\":\"2017-11-15T01:29:57+00:00\",\"dateModified\":\"2018-02-23T19:26:28+00:00\",\"description\":\"Il segreto di SUCCESS, disponibile in pasta orale o granuli da aggiungere al pasto, sta negli ingredienti nutrizionali che supportano la salute generale dell'apparato gastrointestinale equino.\",\"breadcrumb\":{\"@id\":\"https:\/\/www.succeed-equine.co.uk\/it\/succeed-digestive-conditioning-program\/#breadcrumb\"},\"inLanguage\":\"it-IT\",\"potentialAction\":[{\"@type\":\"ReadAction\",\"target\":[\"https:\/\/www.succeed-equine.co.uk\/it\/succeed-digestive-conditioning-program\/\"]}]},{\"@type\":\"ImageObject\",\"inLanguage\":\"it-IT\",\"@id\":\"https:\/\/www.succeed-equine.co.uk\/it\/succeed-digestive-conditioning-program\/#primaryimage\",\"url\":\"https:\/\/www.succeed-equine.co.uk\/wp-content\/blogs.dir\/3\/files\/2011\/01\/SUCCEED-Digestive-Conditioning-Program.png\",\"contentUrl\":\"https:\/\/www.succeed-equine.co.uk\/wp-content\/blogs.dir\/3\/files\/2011\/01\/SUCCEED-Digestive-Conditioning-Program.png\"},{\"@type\":\"BreadcrumbList\",\"@id\":\"https:\/\/www.succeed-equine.co.uk\/it\/succeed-digestive-conditioning-program\/#breadcrumb\",\"itemListElement\":[{\"@type\":\"ListItem\",\"position\":1,\"name\":\"Home\",\"item\":\"https:\/\/www.succeed-equine.co.uk\/it\/\"},{\"@type\":\"ListItem\",\"position\":2,\"name\":\"Informazioni sul Programma di condizionamento dell&#8217;apparato digerente SUCCEED\u00ae\"}]},{\"@type\":\"WebSite\",\"@id\":\"https:\/\/www.succeed-equine.co.uk\/#website\",\"url\":\"https:\/\/www.succeed-equine.co.uk\/\",\"name\":\"SUCCEED Europe\",\"description\":\"My horse at its best.\",\"potentialAction\":[{\"@type\":\"SearchAction\",\"target\":{\"@type\":\"EntryPoint\",\"urlTemplate\":\"https:\/\/www.succeed-equine.co.uk\/?s={search_term_string}\"},\"query-input\":{\"@type\":\"PropertyValueSpecification\",\"valueRequired\":true,\"valueName\":\"search_term_string\"}}],\"inLanguage\":\"it-IT\"}]}<\/script>\n<!-- \/ Yoast SEO plugin. -->","yoast_head_json":{"title":"Informazioni sul Programma di condizionamento dell'apparato digerente SUCCEED | SUCCEED Europa","description":"Il segreto di SUCCESS, disponibile in pasta orale o granuli da aggiungere al pasto, sta negli ingredienti nutrizionali che supportano la salute generale dell'apparato gastrointestinale equino.","robots":{"index":"index","follow":"follow","max-snippet":"max-snippet:-1","max-image-preview":"max-image-preview:large","max-video-preview":"max-video-preview:-1"},"canonical":"https:\/\/www.succeed-equine.co.uk\/it\/succeed-digestive-conditioning-program\/","og_locale":"it_IT","og_type":"article","og_title":"Informazioni sul Programma di condizionamento dell'apparato digerente SUCCEED | SUCCEED Europa","og_description":"Il segreto di SUCCESS, disponibile in pasta orale o granuli da aggiungere al pasto, sta negli ingredienti nutrizionali che supportano la salute generale dell'apparato gastrointestinale equino.","og_url":"https:\/\/www.succeed-equine.co.uk\/it\/succeed-digestive-conditioning-program\/","og_site_name":"SUCCEED Europe","article_modified_time":"2018-02-23T19:26:28+00:00","og_image":[{"url":"https:\/\/www.succeed-equine.co.uk\/wp-content\/blogs.dir\/3\/files\/2011\/01\/SUCCEED-Digestive-Conditioning-Program.png","type":"","width":"","height":""}],"twitter_card":"summary_large_image","twitter_misc":{"Tempo di lettura stimato":"3 minuti"},"schema":{"@context":"https:\/\/schema.org","@graph":[{"@type":"WebPage","@id":"https:\/\/www.succeed-equine.co.uk\/it\/succeed-digestive-conditioning-program\/","url":"https:\/\/www.succeed-equine.co.uk\/it\/succeed-digestive-conditioning-program\/","name":"Informazioni sul Programma di condizionamento dell'apparato digerente SUCCEED | SUCCEED Europa","isPartOf":{"@id":"https:\/\/www.succeed-equine.co.uk\/#website"},"primaryImageOfPage":{"@id":"https:\/\/www.succeed-equine.co.uk\/it\/succeed-digestive-conditioning-program\/#primaryimage"},"image":{"@id":"https:\/\/www.succeed-equine.co.uk\/it\/succeed-digestive-conditioning-program\/#primaryimage"},"thumbnailUrl":"https:\/\/www.succeed-equine.co.uk\/wp-content\/blogs.dir\/3\/files\/2011\/01\/SUCCEED-Digestive-Conditioning-Program.png","datePublished":"2017-11-15T01:29:57+00:00","dateModified":"2018-02-23T19:26:28+00:00","description":"Il segreto di SUCCESS, disponibile in pasta orale o granuli da aggiungere al pasto, sta negli ingredienti nutrizionali che supportano la salute generale dell'apparato gastrointestinale equino.","breadcrumb":{"@id":"https:\/\/www.succeed-equine.co.uk\/it\/succeed-digestive-conditioning-program\/#breadcrumb"},"inLanguage":"it-IT","potentialAction":[{"@type":"ReadAction","target":["https:\/\/www.succeed-equine.co.uk\/it\/succeed-digestive-conditioning-program\/"]}]},{"@type":"ImageObject","inLanguage":"it-IT","@id":"https:\/\/www.succeed-equine.co.uk\/it\/succeed-digestive-conditioning-program\/#primaryimage","url":"https:\/\/www.succeed-equine.co.uk\/wp-content\/blogs.dir\/3\/files\/2011\/01\/SUCCEED-Digestive-Conditioning-Program.png","contentUrl":"https:\/\/www.succeed-equine.co.uk\/wp-content\/blogs.dir\/3\/files\/2011\/01\/SUCCEED-Digestive-Conditioning-Program.png"},{"@type":"BreadcrumbList","@id":"https:\/\/www.succeed-equine.co.uk\/it\/succeed-digestive-conditioning-program\/#breadcrumb","itemListElement":[{"@type":"ListItem","position":1,"name":"Home","item":"https:\/\/www.succeed-equine.co.uk\/it\/"},{"@type":"ListItem","position":2,"name":"Informazioni sul Programma di condizionamento dell&#8217;apparato digerente SUCCEED\u00ae"}]},{"@type":"WebSite","@id":"https:\/\/www.succeed-equine.co.uk\/#website","url":"https:\/\/www.succeed-equine.co.uk\/","name":"SUCCEED Europe","description":"My horse at its best.","potentialAction":[{"@type":"SearchAction","target":{"@type":"EntryPoint","urlTemplate":"https:\/\/www.succeed-equine.co.uk\/?s={search_term_string}"},"query-input":{"@type":"PropertyValueSpecification","valueRequired":true,"valueName":"search_term_string"}}],"inLanguage":"it-IT"}]}},"_links":{"self":[{"href":"https:\/\/www.succeed-equine.co.uk\/it\/wp-json\/wp\/v2\/pages\/8092","targetHints":{"allow":["GET"]}}],"collection":[{"href":"https:\/\/www.succeed-equine.co.uk\/it\/wp-json\/wp\/v2\/pages"}],"about":[{"href":"https:\/\/www.succeed-equine.co.uk\/it\/wp-json\/wp\/v2\/types\/page"}],"author":[{"embeddable":true,"href":"https:\/\/www.succeed-equine.co.uk\/it\/wp-json\/wp\/v2\/users\/14"}],"replies":[{"embeddable":true,"href":"https:\/\/www.succeed-equine.co.uk\/it\/wp-json\/wp\/v2\/comments?post=8092"}],"version-history":[{"count":0,"href":"https:\/\/www.succeed-equine.co.uk\/it\/wp-json\/wp\/v2\/pages\/8092\/revisions"}],"wp:attachment":[{"href":"https:\/\/www.succeed-equine.co.uk\/it\/wp-json\/wp\/v2\/media?parent=8092"}],"curies":[{"name":"wp","href":"https:\/\/api.w.org\/{rel}","templated":true}]}}