{"id":8127,"date":"2017-11-18T19:54:32","date_gmt":"2017-11-18T19:54:32","guid":{"rendered":"https:\/\/www.succeed-equine.co.uk\/?page_id=8127"},"modified":"2017-11-18T19:54:32","modified_gmt":"2017-11-18T19:54:32","slug":"ingredienti-del-programma-di-condizionamento-dellapparato-digerente-succeed","status":"publish","type":"page","link":"https:\/\/www.succeed-equine.co.uk\/it\/succeed-digestive-conditioning-program\/ingredienti-del-programma-di-condizionamento-dellapparato-digerente-succeed\/","title":{"rendered":"Ingredienti del Programma di condizionamento dell&#8217;apparato digerente SUCCEED\u00ae"},"content":{"rendered":"<p>Quando si tratta della salute e del benessere degli animali, i veri amanti dei cavalli si affidano solo a prodotti seri. Il Programma di condizionamento dell&#8217;apparato digerente SUCCEED\u00ae fa parte di questa categoria. Apprezzer\u00e0 che:<\/p>\n<div class=\"su-row\">\n<div class=\"su-column su-column-size-1-4\"><div class=\"su-column-inner su-u-clearfix su-u-trim\">\n<ul>\n<li style=\"letter-spacing: -.1px;\">\u00c8 l&#8217;unico integratore alimentare digestivo per cavalli nella sua categoria con pi\u00f9 brevetti in tutto il mondo.<\/li>\n<\/ul>\n<\/div><\/div>\n<div class=\"su-column su-column-size-1-4\"><div class=\"su-column-inner su-u-clearfix su-u-trim\">\n<ul>\n<li style=\"letter-spacing: -.2px;\">Tutti gli ingredienti sono certificati di qualit\u00e0 umana o superiore, il che ne assicura la purezza e la qualit\u00e0.<\/li>\n<\/ul>\n<\/div><\/div>\n<div class=\"su-column su-column-size-1-2\"><div class=\"su-column-inner su-u-clearfix su-u-trim\">\n<ul>\n<li>Siamo stati certificati dallo stato dell&#8217;Ohio, negli Stati Uniti, come impianto conforme alle <a href=\"https:\/\/www.fda.gov\/Drugs\/DevelopmentApprovalProcess\/Manufacturing\/ucm169105.htm\">Norme di buona fabbricazione<\/a> (NBF), perch\u00e9 garantiamo costanza, qualit\u00e0 e sicurezza rigorose.<\/li>\n<\/ul>\n<\/div><\/div>\n<\/div>\n<p>E i Suoi cavalli ameranno il sapore naturale di avena di SUCCEED, che proviene dagli ingredienti di avena, non da aromi artificiali. I cavalli, dopo averlo assaggiato una sola volta, non vedranno l&#8217;ora di riassaporarlo tutti i giorni.<\/p>\n<h2>Formula SUCCEED\u00ae per la salute digestiva completa del cavallo<\/h2>\n<p>SUCCEED \u00e8 stato sviluppato concentrandosi su sostanze nutritive presenti in natura necessarie per mantenere in salute l&#8217;intero apparato digerente equino. Ci\u00f2 include il supporto dell&#8217;anatomia digestiva (villi intestinali, mucosa intestinale) e della funzione digestiva (equilibrio batterico sano, digestione, transito del cibo attraverso l&#8217;apparato digerente, ecc.).<\/p>\n<div class=\"ingrediants_list\"><div class=\"su-row\">\n<div class=\"su-column su-column-size-1-5\"><div class=\"su-column-inner su-u-clearfix su-u-trim\">\n<h3>Olio di avena<\/h3>\n<p><img decoding=\"async\" src=\"http:\/\/www.succeed-equine.com\/wp-content\/uploads\/2016\/05\/oat_oil.jpg\" alt=\"oat_oil\" class=\"alignnone size-full\" \/><\/p>\n<div class=\"su-expand su-expand-collapsed su-expand-link-style-underlined\" data-height=\"160\"><div class=\"su-expand-content su-u-trim\" style=\"color:#000;max-height:160px;overflow:hidden\">\n<p>L&#8217;olio di avena \u00e8 ricco di lipidi polari, molecole di grasso estremamente benefiche, importanti per la salute e la funzionalit\u00e0 digestiva. L&#8217;avena \u00e8 particolarmente ricca di galattolipidi, che possono essere ottenuti solo attraverso la dieta. L&#8217;olio di avena di SUCCEED viene ottenuto usando un processo di estrazione dell&#8217;etano brevettato, che conserva una concentrazione pi\u00f9 alta di lipidi polari. I lipidi polari sono indicati per favorire l&#8217;assorbimento dei nutrienti, la potenza e l&#8217;integrit\u00e0 della barriera della mucosa intestinale e la normale funzione cerebrale.<\/p>\n<p><a href=\"http:\/\/www.succeed-equine.com\/education\/polar-lipids-for-horses\/\">Consulti la ricerca sui benefici dei lipidi polari sulla salute digestiva<\/a><\/p>\n<\/div><div class=\"su-expand-link su-expand-link-more\" style=\"text-align:left\"><a href=\"javascript:;\" style=\"color:#000;border-color:#000\"><span style=\"border-color:#000\">Mostra altro<\/span><\/a><\/div><div class=\"su-expand-link su-expand-link-less\" style=\"text-align:left\"><a href=\"javascript:;\" style=\"color:#000;border-color:#000\"><span style=\"border-color:#000\">Mostra meno<\/span><\/a><\/div><\/div> <\/div><\/div>\n<div class=\"su-column su-column-size-1-5\"><div class=\"su-column-inner su-u-clearfix su-u-trim\">\n<h3>Crusca di avena<\/h3>\n<p><img decoding=\"async\" src=\"http:\/\/www.succeed-equine.com\/wp-content\/uploads\/2016\/05\/oat_flour.jpg\" alt=\"oat_flour\" class=\"alignnone size-full\" \/><\/p>\n<div class=\"su-expand su-expand-collapsed su-expand-link-style-underlined\" data-height=\"160\"><div class=\"su-expand-content su-u-trim\" style=\"color:#000;max-height:160px;overflow:hidden\">\n<p>L&#8217;avena utilizzata nella produzione di SUCCEED \u00e8 diversa da quella utilizzata per creare le farine pi\u00f9 comuni, come quelle utilizzate per cucinare. La crusca di avena contenuta in SUCCEED deriva da avena a basso contenuto di amido e ricca di beta-glucano. \u00c8 stato dimostrato che il beta-glucano \u00e8 utile per regolarizzare il transito del cibo attraverso l&#8217;apparato digerente e il rilascio di zuccheri dal sistema digestivo e favorendo l&#8217;immunit\u00e0 naturale.<\/p>\n<p><a href=\"http:\/\/www.succeed-equine.com\/education\/beta-glucan-for-horses\/\">Consulti la ricerca sui benefici del beta-glucano sulla salute digestiva<\/a><\/p>\n<\/div><div class=\"su-expand-link su-expand-link-more\" style=\"text-align:left\"><a href=\"javascript:;\" style=\"color:#000;border-color:#000\"><span style=\"border-color:#000\">Mostra altro<\/span><\/a><\/div><div class=\"su-expand-link su-expand-link-less\" style=\"text-align:left\"><a href=\"javascript:;\" style=\"color:#000;border-color:#000\"><span style=\"border-color:#000\">Mostra meno<\/span><\/a><\/div><\/div> <\/div><\/div>\n<div class=\"su-column su-column-size-1-5\"><div class=\"su-column-inner su-u-clearfix su-u-trim\">\n<h3>Prodotti del lievito<\/h3>\n<p><img decoding=\"async\" src=\"http:\/\/www.succeed-equine.com\/wp-content\/uploads\/2016\/05\/yeast_products.jpg\" alt=\"yeast_products\" class=\"alignnone size-full\" \/><\/p>\n<div class=\"su-expand su-expand-collapsed su-expand-link-style-underlined\" data-height=\"160\"><div class=\"su-expand-content su-u-trim\" style=\"color:#000;max-height:160px;overflow:hidden\">\n<p>SUCCEED contiene componenti del ceppo di lievito Saccharomyces cerevisiae, che favorisce la salute digestiva dei cavalli. Il lievito contenuto in SUCCEED \u00e8 ricco di mannano-oligosaccaride (MOS), beta-glucano e nucleotidi. MOS contribuisce all&#8217;equilibrio della microflora e a una risposta sana del sistema immunitario. I nucleotidi sono essenziali per la crescita e la riparazione cellulare e contribuiscono a mantenere un apparato intestinale, mentre il beta-glucano protegge l&#8217;intestino caudale.<\/p>\n<p><a href=\"http:\/\/www.succeed-equine.com\/education\/yeast-for-horses\/\">Consulti la ricerca sui benefici del lievito sulla salute digestiva<\/a><\/p>\n<\/div><div class=\"su-expand-link su-expand-link-more\" style=\"text-align:left\"><a href=\"javascript:;\" style=\"color:#000;border-color:#000\"><span style=\"border-color:#000\">Mostra altro<\/span><\/a><\/div><div class=\"su-expand-link su-expand-link-less\" style=\"text-align:left\"><a href=\"javascript:;\" style=\"color:#000;border-color:#000\"><span style=\"border-color:#000\">Mostra meno<\/span><\/a><\/div><\/div> <\/div><\/div>\n<div class=\"su-column su-column-size-1-5\"><div class=\"su-column-inner su-u-clearfix su-u-trim\">\n<h3>L-arginina<\/h3>\n<p><img decoding=\"async\" src=\"http:\/\/www.succeed-equine.com\/wp-content\/uploads\/2016\/05\/l_gluetimine.jpg\" alt=\"l_gluetimine\" class=\"alignnone size-full\" \/><\/p>\n<div class=\"su-expand su-expand-collapsed su-expand-link-style-underlined\" data-height=\"160\"><div class=\"su-expand-content su-u-trim\" style=\"color:#000;max-height:160px;overflow:hidden\">\n<p>La L-Arginina \u00e8 un amminoacido condizionatamente essenziale, che favorisce la salute del rivestimento intestinale e la guarigione delle ferite. La L-arginina \u00e8 importante per una corretta funzione immunitaria, per la riparazione dei tessuti, per una circolazione sana e per il potenziamento delle capacit\u00e0 di esercizio. Questi effetti contribuiscono a mantenere il cavallo in buona salute per le gare e la riproduzione.<\/p>\n<\/div><div class=\"su-expand-link su-expand-link-more\" style=\"text-align:left\"><a href=\"javascript:;\" style=\"color:#000;border-color:#000\"><span style=\"border-color:#000\">Mostra altro<\/span><\/a><\/div><div class=\"su-expand-link su-expand-link-less\" style=\"text-align:left\"><a href=\"javascript:;\" style=\"color:#000;border-color:#000\"><span style=\"border-color:#000\">Mostra meno<\/span><\/a><\/div><\/div> <\/div><\/div>\n<div class=\"su-column su-column-size-1-5\"><div class=\"su-column-inner su-u-clearfix su-u-trim\">\n<h3>L-Treonina<\/h3>\n<p><img decoding=\"async\" src=\"http:\/\/www.succeed-equine.com\/wp-content\/uploads\/2016\/05\/l_theo.jpg\" alt=\"l_theo\" class=\"alignnone size-full\" \/><\/p>\n<div class=\"su-expand su-expand-collapsed su-expand-link-style-underlined\" data-height=\"160\"><div class=\"su-expand-content su-u-trim\" style=\"color:#000;max-height:160px;overflow:hidden\">\n<p>La L-Treonina \u00e8 un amminoacido essenziale, necessario per la salute dell&#8217;apparato gastrointestinale. Nei cavalli, la L-treonina contribuisce al buon funzionamento dell&#8217;apparato gastrointestinale. Favorisce anche il metabolismo e l&#8217;assorbimento dei nutrienti, contribuendo inoltre alla produzione di muco.<\/p>\n<p><a href=\"http:\/\/www.succeed-equine.com\/education\/l-threonine-for-horses\/\">Consulti la ricerca sulla L-treonina e la salute digestiva<\/a><\/p>\n<\/div><div class=\"su-expand-link su-expand-link-more\" style=\"text-align:left\"><a href=\"javascript:;\" style=\"color:#000;border-color:#000\"><span style=\"border-color:#000\">Mostra altro<\/span><\/a><\/div><div class=\"su-expand-link su-expand-link-less\" style=\"text-align:left\"><a href=\"javascript:;\" style=\"color:#000;border-color:#000\"><span style=\"border-color:#000\">Mostra meno<\/span><\/a><\/div><\/div> <\/div><\/div>\n<\/div>\n<\/div>\n<div class=\"product_labeling\">\n<h2 style=\"padding-bottom: 30px !important;\">Dettagli dell&#8217;etichettatura del prodotto e della composizione<\/h2>\n<div style=\"clear: both;\"><\/div>\n<div class=\"row\">\n<div class=\"large-4 medium-12 small-12 columns\">\n<p>I veri amanti dei cavalli sanno che SUCCEED \u00e8 supportato da studi scientifici rigorosi. E, cosa ancora pi\u00f9 importante, sanno che funziona. La ricerca e i dati sono <a href=\"https:\/\/www.succeed-vet.com\/\">disponibili presso il Centro Veterinario di SUCCEED.<\/a><\/p>\n<h3 class=\"callout\" style=\"letter-spacing: -.75px;\">\u00c8 pronto a utilizzare SUCCEED? Per acquistare, si rivolga al suo chirurgo veterinario.<\/h3>\n<\/div>\n<div class=\"large-8 medium-12 small-12 columns\">\n<div>\n<h4>Etichettatura del prodotto:<\/h4>\n<p><a href=\"\/wp-content\/blogs.dir\/3\/files\/2017\/08\/succeed-euro-dcp-labels.pdf\" target=\"_blank\" rel=\"noopener\"><img decoding=\"async\" src=\"http:\/\/www.succeed-equine.com\/wp-content\/uploads\/2016\/05\/product_info1.jpg\" alt=\"product_info1\" class=\"alignnone size-full\" \/><\/a><\/p>\n<\/div>\n<div>\n<h4>Granuli:<\/h4>\n<p><a href=\"\/wp-content\/blogs.dir\/3\/files\/2017\/08\/succeed-euro-granules-composition-label.jpg\" target=\"_blank\" rel=\"noopener\"><img decoding=\"async\" src=\"https:\/\/www.succeed-equine.co.uk\/wp-content\/blogs.dir\/3\/files\/2011\/01\/granuals.jpg\" alt=\"granuals\" class=\"alignnone size-full\" \/><\/a><\/p>\n<\/div>\n<div>\n<h4>Pasta:<\/h4>\n<p><a href=\"\/wp-content\/blogs.dir\/3\/files\/2017\/08\/succeed-euro-paste-composition-label.jpg\" target=\"_blank\" rel=\"noopener\"><img decoding=\"async\" src=\"https:\/\/www.succeed-equine.co.uk\/wp-content\/blogs.dir\/3\/files\/2011\/01\/paste.jpg\" alt=\"paste\" class=\"alignnone size-full\" \/><\/a><\/p>\n<\/div>\n<\/div>\n<\/div>\n<\/div>\n","protected":false},"excerpt":{"rendered":"<p>Quando si tratta della salute e del benessere degli animali, i veri amanti dei cavalli si affidano solo a prodotti seri. Il Programma di condizionamento dell&#8217;apparato digerente SUCCEED\u00ae fa parte di questa categoria. Apprezzer\u00e0 che: [&hellip;]<\/p>\n","protected":false},"author":14,"featured_media":0,"parent":8092,"menu_order":0,"comment_status":"closed","ping_status":"closed","template":"","meta":{"_acf_changed":false,"footnotes":""},"class_list":["post-8127","page","type-page","status-publish","hentry"],"acf":[],"yoast_head":"<!-- This site is optimized with the Yoast SEO plugin v26.6 - https:\/\/yoast.com\/wordpress\/plugins\/seo\/ -->\n<title>Ingredienti di SUCCEED per cavalli | SUCCEED Europa<\/title>\n<meta name=\"description\" content=\"SUCCEED \u00e8 stato sviluppato concentrandosi su sostanze nutritive presenti in natura necessarie per mantenere in salute l&#039;intero apparato digerente equino. Controlli gli ingredienti.\" \/>\n<meta name=\"robots\" content=\"index, follow, max-snippet:-1, max-image-preview:large, max-video-preview:-1\" \/>\n<link rel=\"canonical\" href=\"https:\/\/www.succeed-equine.co.uk\/it\/succeed-digestive-conditioning-program\/ingredienti-del-programma-di-condizionamento-dellapparato-digerente-succeed\/\" \/>\n<meta property=\"og:locale\" content=\"it_IT\" \/>\n<meta property=\"og:type\" content=\"article\" \/>\n<meta property=\"og:title\" content=\"Ingredienti di SUCCEED per cavalli | SUCCEED Europa\" \/>\n<meta property=\"og:description\" content=\"SUCCEED \u00e8 stato sviluppato concentrandosi su sostanze nutritive presenti in natura necessarie per mantenere in salute l&#039;intero apparato digerente equino. Controlli gli ingredienti.\" \/>\n<meta property=\"og:url\" content=\"https:\/\/www.succeed-equine.co.uk\/it\/succeed-digestive-conditioning-program\/ingredienti-del-programma-di-condizionamento-dellapparato-digerente-succeed\/\" \/>\n<meta property=\"og:site_name\" content=\"SUCCEED Europe\" \/>\n<meta property=\"og:image\" content=\"http:\/\/www.succeed-equine.com\/wp-content\/uploads\/2016\/05\/oat_oil.jpg\" \/>\n<meta name=\"twitter:card\" content=\"summary_large_image\" \/>\n<meta name=\"twitter:label1\" content=\"Tempo di lettura stimato\" \/>\n\t<meta name=\"twitter:data1\" content=\"4 minuti\" \/>\n<script type=\"application\/ld+json\" class=\"yoast-schema-graph\">{\"@context\":\"https:\/\/schema.org\",\"@graph\":[{\"@type\":\"WebPage\",\"@id\":\"https:\/\/www.succeed-equine.co.uk\/it\/succeed-digestive-conditioning-program\/ingredienti-del-programma-di-condizionamento-dellapparato-digerente-succeed\/\",\"url\":\"https:\/\/www.succeed-equine.co.uk\/it\/succeed-digestive-conditioning-program\/ingredienti-del-programma-di-condizionamento-dellapparato-digerente-succeed\/\",\"name\":\"Ingredienti di SUCCEED per cavalli | SUCCEED Europa\",\"isPartOf\":{\"@id\":\"https:\/\/www.succeed-equine.co.uk\/#website\"},\"primaryImageOfPage\":{\"@id\":\"https:\/\/www.succeed-equine.co.uk\/it\/succeed-digestive-conditioning-program\/ingredienti-del-programma-di-condizionamento-dellapparato-digerente-succeed\/#primaryimage\"},\"image\":{\"@id\":\"https:\/\/www.succeed-equine.co.uk\/it\/succeed-digestive-conditioning-program\/ingredienti-del-programma-di-condizionamento-dellapparato-digerente-succeed\/#primaryimage\"},\"thumbnailUrl\":\"http:\/\/www.succeed-equine.com\/wp-content\/uploads\/2016\/05\/oat_oil.jpg\",\"datePublished\":\"2017-11-18T19:54:32+00:00\",\"description\":\"SUCCEED \u00e8 stato sviluppato concentrandosi su sostanze nutritive presenti in natura necessarie per mantenere in salute l'intero apparato digerente equino. Controlli gli ingredienti.\",\"breadcrumb\":{\"@id\":\"https:\/\/www.succeed-equine.co.uk\/it\/succeed-digestive-conditioning-program\/ingredienti-del-programma-di-condizionamento-dellapparato-digerente-succeed\/#breadcrumb\"},\"inLanguage\":\"it-IT\",\"potentialAction\":[{\"@type\":\"ReadAction\",\"target\":[\"https:\/\/www.succeed-equine.co.uk\/it\/succeed-digestive-conditioning-program\/ingredienti-del-programma-di-condizionamento-dellapparato-digerente-succeed\/\"]}]},{\"@type\":\"ImageObject\",\"inLanguage\":\"it-IT\",\"@id\":\"https:\/\/www.succeed-equine.co.uk\/it\/succeed-digestive-conditioning-program\/ingredienti-del-programma-di-condizionamento-dellapparato-digerente-succeed\/#primaryimage\",\"url\":\"http:\/\/www.succeed-equine.com\/wp-content\/uploads\/2016\/05\/oat_oil.jpg\",\"contentUrl\":\"http:\/\/www.succeed-equine.com\/wp-content\/uploads\/2016\/05\/oat_oil.jpg\"},{\"@type\":\"BreadcrumbList\",\"@id\":\"https:\/\/www.succeed-equine.co.uk\/it\/succeed-digestive-conditioning-program\/ingredienti-del-programma-di-condizionamento-dellapparato-digerente-succeed\/#breadcrumb\",\"itemListElement\":[{\"@type\":\"ListItem\",\"position\":1,\"name\":\"Home\",\"item\":\"https:\/\/www.succeed-equine.co.uk\/it\/\"},{\"@type\":\"ListItem\",\"position\":2,\"name\":\"Informazioni sul Programma di condizionamento dell&#8217;apparato digerente SUCCEED\u00ae\",\"item\":\"https:\/\/www.succeed-equine.co.uk\/it\/succeed-digestive-conditioning-program\/\"},{\"@type\":\"ListItem\",\"position\":3,\"name\":\"Ingredienti del Programma di condizionamento dell&#8217;apparato digerente SUCCEED\u00ae\"}]},{\"@type\":\"WebSite\",\"@id\":\"https:\/\/www.succeed-equine.co.uk\/#website\",\"url\":\"https:\/\/www.succeed-equine.co.uk\/\",\"name\":\"SUCCEED Europe\",\"description\":\"My horse at its best.\",\"potentialAction\":[{\"@type\":\"SearchAction\",\"target\":{\"@type\":\"EntryPoint\",\"urlTemplate\":\"https:\/\/www.succeed-equine.co.uk\/?s={search_term_string}\"},\"query-input\":{\"@type\":\"PropertyValueSpecification\",\"valueRequired\":true,\"valueName\":\"search_term_string\"}}],\"inLanguage\":\"it-IT\"}]}<\/script>\n<!-- \/ Yoast SEO plugin. -->","yoast_head_json":{"title":"Ingredienti di SUCCEED per cavalli | SUCCEED Europa","description":"SUCCEED \u00e8 stato sviluppato concentrandosi su sostanze nutritive presenti in natura necessarie per mantenere in salute l'intero apparato digerente equino. Controlli gli ingredienti.","robots":{"index":"index","follow":"follow","max-snippet":"max-snippet:-1","max-image-preview":"max-image-preview:large","max-video-preview":"max-video-preview:-1"},"canonical":"https:\/\/www.succeed-equine.co.uk\/it\/succeed-digestive-conditioning-program\/ingredienti-del-programma-di-condizionamento-dellapparato-digerente-succeed\/","og_locale":"it_IT","og_type":"article","og_title":"Ingredienti di SUCCEED per cavalli | SUCCEED Europa","og_description":"SUCCEED \u00e8 stato sviluppato concentrandosi su sostanze nutritive presenti in natura necessarie per mantenere in salute l'intero apparato digerente equino. Controlli gli ingredienti.","og_url":"https:\/\/www.succeed-equine.co.uk\/it\/succeed-digestive-conditioning-program\/ingredienti-del-programma-di-condizionamento-dellapparato-digerente-succeed\/","og_site_name":"SUCCEED Europe","og_image":[{"url":"http:\/\/www.succeed-equine.com\/wp-content\/uploads\/2016\/05\/oat_oil.jpg","type":"","width":"","height":""}],"twitter_card":"summary_large_image","twitter_misc":{"Tempo di lettura stimato":"4 minuti"},"schema":{"@context":"https:\/\/schema.org","@graph":[{"@type":"WebPage","@id":"https:\/\/www.succeed-equine.co.uk\/it\/succeed-digestive-conditioning-program\/ingredienti-del-programma-di-condizionamento-dellapparato-digerente-succeed\/","url":"https:\/\/www.succeed-equine.co.uk\/it\/succeed-digestive-conditioning-program\/ingredienti-del-programma-di-condizionamento-dellapparato-digerente-succeed\/","name":"Ingredienti di SUCCEED per cavalli | SUCCEED Europa","isPartOf":{"@id":"https:\/\/www.succeed-equine.co.uk\/#website"},"primaryImageOfPage":{"@id":"https:\/\/www.succeed-equine.co.uk\/it\/succeed-digestive-conditioning-program\/ingredienti-del-programma-di-condizionamento-dellapparato-digerente-succeed\/#primaryimage"},"image":{"@id":"https:\/\/www.succeed-equine.co.uk\/it\/succeed-digestive-conditioning-program\/ingredienti-del-programma-di-condizionamento-dellapparato-digerente-succeed\/#primaryimage"},"thumbnailUrl":"http:\/\/www.succeed-equine.com\/wp-content\/uploads\/2016\/05\/oat_oil.jpg","datePublished":"2017-11-18T19:54:32+00:00","description":"SUCCEED \u00e8 stato sviluppato concentrandosi su sostanze nutritive presenti in natura necessarie per mantenere in salute l'intero apparato digerente equino. Controlli gli ingredienti.","breadcrumb":{"@id":"https:\/\/www.succeed-equine.co.uk\/it\/succeed-digestive-conditioning-program\/ingredienti-del-programma-di-condizionamento-dellapparato-digerente-succeed\/#breadcrumb"},"inLanguage":"it-IT","potentialAction":[{"@type":"ReadAction","target":["https:\/\/www.succeed-equine.co.uk\/it\/succeed-digestive-conditioning-program\/ingredienti-del-programma-di-condizionamento-dellapparato-digerente-succeed\/"]}]},{"@type":"ImageObject","inLanguage":"it-IT","@id":"https:\/\/www.succeed-equine.co.uk\/it\/succeed-digestive-conditioning-program\/ingredienti-del-programma-di-condizionamento-dellapparato-digerente-succeed\/#primaryimage","url":"http:\/\/www.succeed-equine.com\/wp-content\/uploads\/2016\/05\/oat_oil.jpg","contentUrl":"http:\/\/www.succeed-equine.com\/wp-content\/uploads\/2016\/05\/oat_oil.jpg"},{"@type":"BreadcrumbList","@id":"https:\/\/www.succeed-equine.co.uk\/it\/succeed-digestive-conditioning-program\/ingredienti-del-programma-di-condizionamento-dellapparato-digerente-succeed\/#breadcrumb","itemListElement":[{"@type":"ListItem","position":1,"name":"Home","item":"https:\/\/www.succeed-equine.co.uk\/it\/"},{"@type":"ListItem","position":2,"name":"Informazioni sul Programma di condizionamento dell&#8217;apparato digerente SUCCEED\u00ae","item":"https:\/\/www.succeed-equine.co.uk\/it\/succeed-digestive-conditioning-program\/"},{"@type":"ListItem","position":3,"name":"Ingredienti del Programma di condizionamento dell&#8217;apparato digerente SUCCEED\u00ae"}]},{"@type":"WebSite","@id":"https:\/\/www.succeed-equine.co.uk\/#website","url":"https:\/\/www.succeed-equine.co.uk\/","name":"SUCCEED Europe","description":"My horse at its best.","potentialAction":[{"@type":"SearchAction","target":{"@type":"EntryPoint","urlTemplate":"https:\/\/www.succeed-equine.co.uk\/?s={search_term_string}"},"query-input":{"@type":"PropertyValueSpecification","valueRequired":true,"valueName":"search_term_string"}}],"inLanguage":"it-IT"}]}},"_links":{"self":[{"href":"https:\/\/www.succeed-equine.co.uk\/it\/wp-json\/wp\/v2\/pages\/8127","targetHints":{"allow":["GET"]}}],"collection":[{"href":"https:\/\/www.succeed-equine.co.uk\/it\/wp-json\/wp\/v2\/pages"}],"about":[{"href":"https:\/\/www.succeed-equine.co.uk\/it\/wp-json\/wp\/v2\/types\/page"}],"author":[{"embeddable":true,"href":"https:\/\/www.succeed-equine.co.uk\/it\/wp-json\/wp\/v2\/users\/14"}],"replies":[{"embeddable":true,"href":"https:\/\/www.succeed-equine.co.uk\/it\/wp-json\/wp\/v2\/comments?post=8127"}],"version-history":[{"count":0,"href":"https:\/\/www.succeed-equine.co.uk\/it\/wp-json\/wp\/v2\/pages\/8127\/revisions"}],"up":[{"embeddable":true,"href":"https:\/\/www.succeed-equine.co.uk\/it\/wp-json\/wp\/v2\/pages\/8092"}],"wp:attachment":[{"href":"https:\/\/www.succeed-equine.co.uk\/it\/wp-json\/wp\/v2\/media?parent=8127"}],"curies":[{"name":"wp","href":"https:\/\/api.w.org\/{rel}","templated":true}]}}