{"id":8169,"date":"2017-11-20T00:31:42","date_gmt":"2017-11-20T00:31:42","guid":{"rendered":"https:\/\/www.succeed-equine.co.uk\/?page_id=8169"},"modified":"2018-02-23T21:01:01","modified_gmt":"2018-02-23T21:01:01","slug":"cavalli-che-hanno-bisogno-di-succeed","status":"publish","type":"page","link":"https:\/\/www.succeed-equine.co.uk\/it\/succeed-digestive-conditioning-program\/utilizzo-di-succeed\/cavalli-che-hanno-bisogno-di-succeed\/","title":{"rendered":"Cavalli che hanno bisogno di SUCCEED\u00ae"},"content":{"rendered":"<p>Se fosse possibile tenere il Suo cavallo al pascolo e ruotare le zone di pascolo di volta in volta, il suo apparato digerente non avrebbe probabilmente alcun bisogno di integratori, perch\u00e9 riceverebbe tutte le sostanze nutritive di cui ha bisogno. Nel mondo nelle gare, per\u00f2, e quando le risorse della terra sono limitate, non \u00e8 un&#8217;opzione praticabile. Se uno dei seguenti stili di vita si applica ai Suoi cavalli, allora \u00e8 probabile che possano beneficiare dei <a href=\"https:\/\/www.succeed-equine.co.uk\/it\/succeed-digestive-conditioning-program\/ingredienti-del-programma-di-condizionamento-dellapparato-digerente-succeed\/\">nutrienti specializzati<\/a>\u00a0di <a href=\"https:\/\/www.succeed-equine.co.uk\/it\/succeed-digestive-conditioning-program\/\">SUCCEED<\/a>:<br \/>\n<div class=\"su-row\"><div class=\"su-column su-column-size-1-3\"><div class=\"su-column-inner su-u-clearfix su-u-trim\">\n<ul>\n<li style=\"letter-spacing: -.6px;\">\u00c8 confinato in una stalla per 6 ore o pi\u00f9 al giorno<\/li>\n<li>\u00c8 sottoposto a esercizio fisico regolare, specialmente se impegnativo<\/li>\n<li>Effettua viaggi per recarsi a eventi o gare una volta al mese o pi\u00f9<\/li>\n<\/ul>\n<\/div><\/div>\n<div class=\"su-column su-column-size-1-3\"><div class=\"su-column-inner su-u-clearfix su-u-trim\">\n<ul>\n<li>Consuma due o tre pasti al giorno<\/li>\n<li>Viene utilizzato come stallone o fattrice<\/li>\n<li>Viene lasciato pascolare per meno di 18 ore al giorno<\/li>\n<\/ul>\n<\/div><\/div>\n<div class=\"su-column su-column-size-1-3\"><div class=\"su-column-inner su-u-clearfix su-u-trim\">\n<ul>\n<li>Viene alimentato con alimenti duri quali grano processato, chicchi o alimenti dolci<\/li>\n<li>Si tratta di un cavallo che deve affrontare le sfide della crescita, dello svezzamento e della preparazione alla vendita<\/li>\n<\/ul>\n<\/div><\/div>\n<\/div>\n<img decoding=\"async\" src=\"https:\/\/www.succeed-equine.co.uk\/wp-content\/blogs.dir\/3\/files\/2010\/09\/healthy-function-of-the-equine-digestive-tract.jpg\" alt=\"healthy-function-of-the-equine-digestive-tract\" class=\"size-full aligncenter\" \/><br \/>\nTutto questo, sebbene insito nella cura della maggior parte dei cavalli e spesso necessario per i cavalli da competizione, influisce negativamente sulla naturale e sana funzione dell&#8217;apparato digerente equino.<\/p>\n<p><a href=\"https:\/\/www.succeed-equine.co.uk\/it\/succeed-digestive-conditioning-program\/\">SUCCEED<\/a> \u00e8 la Sua arma segreta per la salute digestiva equina. La sua miscela unica di ingredienti nutrizionali promuove un sano processo digestivo, inclusi stomaco e intestino caudale, contrastando efficacemente gli ostacoli posti dallo stile di vita.<\/p>\n<h3>Chieda un parere su SUCCEED al Suo chirurgo veterinario oggi stesso.<\/h3>\n","protected":false},"excerpt":{"rendered":"<p>Se fosse possibile tenere il Suo cavallo al pascolo e ruotare le zone di pascolo di volta in volta, il suo apparato digerente non avrebbe probabilmente alcun bisogno di integratori, perch\u00e9 riceverebbe tutte le sostanze [&hellip;]<\/p>\n","protected":false},"author":14,"featured_media":0,"parent":8157,"menu_order":0,"comment_status":"closed","ping_status":"closed","template":"","meta":{"_acf_changed":false,"footnotes":""},"class_list":["post-8169","page","type-page","status-publish","hentry"],"acf":[],"yoast_head":"<!-- This site is optimized with the Yoast SEO plugin v26.6 - https:\/\/yoast.com\/wordpress\/plugins\/seo\/ -->\n<title>Cavalli che hanno bisogno di SUCCEED per la loro salute digestiva | SUCCEED Europa<\/title>\n<meta name=\"description\" content=\"Dieta ad alto contenuto di cereali, esercizio fisico impegnativo, periodi di stallaggio, viaggi e gare mettono alla prova il delicato apparato digerente di un cavallo.\" \/>\n<meta name=\"robots\" content=\"index, follow, max-snippet:-1, max-image-preview:large, max-video-preview:-1\" \/>\n<link rel=\"canonical\" href=\"https:\/\/www.succeed-equine.co.uk\/it\/succeed-digestive-conditioning-program\/utilizzo-di-succeed\/cavalli-che-hanno-bisogno-di-succeed\/\" \/>\n<meta property=\"og:locale\" content=\"it_IT\" \/>\n<meta property=\"og:type\" content=\"article\" \/>\n<meta property=\"og:title\" content=\"Cavalli che hanno bisogno di SUCCEED per la loro salute digestiva | SUCCEED Europa\" \/>\n<meta property=\"og:description\" content=\"Dieta ad alto contenuto di cereali, esercizio fisico impegnativo, periodi di stallaggio, viaggi e gare mettono alla prova il delicato apparato digerente di un cavallo.\" \/>\n<meta property=\"og:url\" content=\"https:\/\/www.succeed-equine.co.uk\/it\/succeed-digestive-conditioning-program\/utilizzo-di-succeed\/cavalli-che-hanno-bisogno-di-succeed\/\" \/>\n<meta property=\"og:site_name\" content=\"SUCCEED Europe\" \/>\n<meta property=\"article:modified_time\" content=\"2018-02-23T21:01:01+00:00\" \/>\n<meta property=\"og:image\" content=\"https:\/\/www.succeed-equine.co.uk\/wp-content\/blogs.dir\/3\/files\/2010\/09\/healthy-function-of-the-equine-digestive-tract.jpg\" \/>\n<meta name=\"twitter:card\" content=\"summary_large_image\" \/>\n<meta name=\"twitter:label1\" content=\"Tempo di lettura stimato\" \/>\n\t<meta name=\"twitter:data1\" content=\"1 minuto\" \/>\n<script type=\"application\/ld+json\" class=\"yoast-schema-graph\">{\"@context\":\"https:\/\/schema.org\",\"@graph\":[{\"@type\":\"WebPage\",\"@id\":\"https:\/\/www.succeed-equine.co.uk\/it\/succeed-digestive-conditioning-program\/utilizzo-di-succeed\/cavalli-che-hanno-bisogno-di-succeed\/\",\"url\":\"https:\/\/www.succeed-equine.co.uk\/it\/succeed-digestive-conditioning-program\/utilizzo-di-succeed\/cavalli-che-hanno-bisogno-di-succeed\/\",\"name\":\"Cavalli che hanno bisogno di SUCCEED per la loro salute digestiva | SUCCEED Europa\",\"isPartOf\":{\"@id\":\"https:\/\/www.succeed-equine.co.uk\/#website\"},\"primaryImageOfPage\":{\"@id\":\"https:\/\/www.succeed-equine.co.uk\/it\/succeed-digestive-conditioning-program\/utilizzo-di-succeed\/cavalli-che-hanno-bisogno-di-succeed\/#primaryimage\"},\"image\":{\"@id\":\"https:\/\/www.succeed-equine.co.uk\/it\/succeed-digestive-conditioning-program\/utilizzo-di-succeed\/cavalli-che-hanno-bisogno-di-succeed\/#primaryimage\"},\"thumbnailUrl\":\"https:\/\/www.succeed-equine.co.uk\/wp-content\/blogs.dir\/3\/files\/2010\/09\/healthy-function-of-the-equine-digestive-tract.jpg\",\"datePublished\":\"2017-11-20T00:31:42+00:00\",\"dateModified\":\"2018-02-23T21:01:01+00:00\",\"description\":\"Dieta ad alto contenuto di cereali, esercizio fisico impegnativo, periodi di stallaggio, viaggi e gare mettono alla prova il delicato apparato digerente di un cavallo.\",\"breadcrumb\":{\"@id\":\"https:\/\/www.succeed-equine.co.uk\/it\/succeed-digestive-conditioning-program\/utilizzo-di-succeed\/cavalli-che-hanno-bisogno-di-succeed\/#breadcrumb\"},\"inLanguage\":\"it-IT\",\"potentialAction\":[{\"@type\":\"ReadAction\",\"target\":[\"https:\/\/www.succeed-equine.co.uk\/it\/succeed-digestive-conditioning-program\/utilizzo-di-succeed\/cavalli-che-hanno-bisogno-di-succeed\/\"]}]},{\"@type\":\"ImageObject\",\"inLanguage\":\"it-IT\",\"@id\":\"https:\/\/www.succeed-equine.co.uk\/it\/succeed-digestive-conditioning-program\/utilizzo-di-succeed\/cavalli-che-hanno-bisogno-di-succeed\/#primaryimage\",\"url\":\"https:\/\/www.succeed-equine.co.uk\/wp-content\/blogs.dir\/3\/files\/2010\/09\/healthy-function-of-the-equine-digestive-tract.jpg\",\"contentUrl\":\"https:\/\/www.succeed-equine.co.uk\/wp-content\/blogs.dir\/3\/files\/2010\/09\/healthy-function-of-the-equine-digestive-tract.jpg\"},{\"@type\":\"BreadcrumbList\",\"@id\":\"https:\/\/www.succeed-equine.co.uk\/it\/succeed-digestive-conditioning-program\/utilizzo-di-succeed\/cavalli-che-hanno-bisogno-di-succeed\/#breadcrumb\",\"itemListElement\":[{\"@type\":\"ListItem\",\"position\":1,\"name\":\"Home\",\"item\":\"https:\/\/www.succeed-equine.co.uk\/it\/\"},{\"@type\":\"ListItem\",\"position\":2,\"name\":\"Informazioni sul Programma di condizionamento dell&#8217;apparato digerente SUCCEED\u00ae\",\"item\":\"https:\/\/www.succeed-equine.co.uk\/it\/succeed-digestive-conditioning-program\/\"},{\"@type\":\"ListItem\",\"position\":3,\"name\":\"Utilizzo di SUCCEED\u00ae\",\"item\":\"https:\/\/www.succeed-equine.co.uk\/it\/succeed-digestive-conditioning-program\/utilizzo-di-succeed\/\"},{\"@type\":\"ListItem\",\"position\":4,\"name\":\"Cavalli che hanno bisogno di SUCCEED\u00ae\"}]},{\"@type\":\"WebSite\",\"@id\":\"https:\/\/www.succeed-equine.co.uk\/#website\",\"url\":\"https:\/\/www.succeed-equine.co.uk\/\",\"name\":\"SUCCEED Europe\",\"description\":\"My horse at its best.\",\"potentialAction\":[{\"@type\":\"SearchAction\",\"target\":{\"@type\":\"EntryPoint\",\"urlTemplate\":\"https:\/\/www.succeed-equine.co.uk\/?s={search_term_string}\"},\"query-input\":{\"@type\":\"PropertyValueSpecification\",\"valueRequired\":true,\"valueName\":\"search_term_string\"}}],\"inLanguage\":\"it-IT\"}]}<\/script>\n<!-- \/ Yoast SEO plugin. -->","yoast_head_json":{"title":"Cavalli che hanno bisogno di SUCCEED per la loro salute digestiva | SUCCEED Europa","description":"Dieta ad alto contenuto di cereali, esercizio fisico impegnativo, periodi di stallaggio, viaggi e gare mettono alla prova il delicato apparato digerente di un cavallo.","robots":{"index":"index","follow":"follow","max-snippet":"max-snippet:-1","max-image-preview":"max-image-preview:large","max-video-preview":"max-video-preview:-1"},"canonical":"https:\/\/www.succeed-equine.co.uk\/it\/succeed-digestive-conditioning-program\/utilizzo-di-succeed\/cavalli-che-hanno-bisogno-di-succeed\/","og_locale":"it_IT","og_type":"article","og_title":"Cavalli che hanno bisogno di SUCCEED per la loro salute digestiva | SUCCEED Europa","og_description":"Dieta ad alto contenuto di cereali, esercizio fisico impegnativo, periodi di stallaggio, viaggi e gare mettono alla prova il delicato apparato digerente di un cavallo.","og_url":"https:\/\/www.succeed-equine.co.uk\/it\/succeed-digestive-conditioning-program\/utilizzo-di-succeed\/cavalli-che-hanno-bisogno-di-succeed\/","og_site_name":"SUCCEED Europe","article_modified_time":"2018-02-23T21:01:01+00:00","og_image":[{"url":"https:\/\/www.succeed-equine.co.uk\/wp-content\/blogs.dir\/3\/files\/2010\/09\/healthy-function-of-the-equine-digestive-tract.jpg","type":"","width":"","height":""}],"twitter_card":"summary_large_image","twitter_misc":{"Tempo di lettura stimato":"1 minuto"},"schema":{"@context":"https:\/\/schema.org","@graph":[{"@type":"WebPage","@id":"https:\/\/www.succeed-equine.co.uk\/it\/succeed-digestive-conditioning-program\/utilizzo-di-succeed\/cavalli-che-hanno-bisogno-di-succeed\/","url":"https:\/\/www.succeed-equine.co.uk\/it\/succeed-digestive-conditioning-program\/utilizzo-di-succeed\/cavalli-che-hanno-bisogno-di-succeed\/","name":"Cavalli che hanno bisogno di SUCCEED per la loro salute digestiva | SUCCEED Europa","isPartOf":{"@id":"https:\/\/www.succeed-equine.co.uk\/#website"},"primaryImageOfPage":{"@id":"https:\/\/www.succeed-equine.co.uk\/it\/succeed-digestive-conditioning-program\/utilizzo-di-succeed\/cavalli-che-hanno-bisogno-di-succeed\/#primaryimage"},"image":{"@id":"https:\/\/www.succeed-equine.co.uk\/it\/succeed-digestive-conditioning-program\/utilizzo-di-succeed\/cavalli-che-hanno-bisogno-di-succeed\/#primaryimage"},"thumbnailUrl":"https:\/\/www.succeed-equine.co.uk\/wp-content\/blogs.dir\/3\/files\/2010\/09\/healthy-function-of-the-equine-digestive-tract.jpg","datePublished":"2017-11-20T00:31:42+00:00","dateModified":"2018-02-23T21:01:01+00:00","description":"Dieta ad alto contenuto di cereali, esercizio fisico impegnativo, periodi di stallaggio, viaggi e gare mettono alla prova il delicato apparato digerente di un cavallo.","breadcrumb":{"@id":"https:\/\/www.succeed-equine.co.uk\/it\/succeed-digestive-conditioning-program\/utilizzo-di-succeed\/cavalli-che-hanno-bisogno-di-succeed\/#breadcrumb"},"inLanguage":"it-IT","potentialAction":[{"@type":"ReadAction","target":["https:\/\/www.succeed-equine.co.uk\/it\/succeed-digestive-conditioning-program\/utilizzo-di-succeed\/cavalli-che-hanno-bisogno-di-succeed\/"]}]},{"@type":"ImageObject","inLanguage":"it-IT","@id":"https:\/\/www.succeed-equine.co.uk\/it\/succeed-digestive-conditioning-program\/utilizzo-di-succeed\/cavalli-che-hanno-bisogno-di-succeed\/#primaryimage","url":"https:\/\/www.succeed-equine.co.uk\/wp-content\/blogs.dir\/3\/files\/2010\/09\/healthy-function-of-the-equine-digestive-tract.jpg","contentUrl":"https:\/\/www.succeed-equine.co.uk\/wp-content\/blogs.dir\/3\/files\/2010\/09\/healthy-function-of-the-equine-digestive-tract.jpg"},{"@type":"BreadcrumbList","@id":"https:\/\/www.succeed-equine.co.uk\/it\/succeed-digestive-conditioning-program\/utilizzo-di-succeed\/cavalli-che-hanno-bisogno-di-succeed\/#breadcrumb","itemListElement":[{"@type":"ListItem","position":1,"name":"Home","item":"https:\/\/www.succeed-equine.co.uk\/it\/"},{"@type":"ListItem","position":2,"name":"Informazioni sul Programma di condizionamento dell&#8217;apparato digerente SUCCEED\u00ae","item":"https:\/\/www.succeed-equine.co.uk\/it\/succeed-digestive-conditioning-program\/"},{"@type":"ListItem","position":3,"name":"Utilizzo di SUCCEED\u00ae","item":"https:\/\/www.succeed-equine.co.uk\/it\/succeed-digestive-conditioning-program\/utilizzo-di-succeed\/"},{"@type":"ListItem","position":4,"name":"Cavalli che hanno bisogno di SUCCEED\u00ae"}]},{"@type":"WebSite","@id":"https:\/\/www.succeed-equine.co.uk\/#website","url":"https:\/\/www.succeed-equine.co.uk\/","name":"SUCCEED Europe","description":"My horse at its best.","potentialAction":[{"@type":"SearchAction","target":{"@type":"EntryPoint","urlTemplate":"https:\/\/www.succeed-equine.co.uk\/?s={search_term_string}"},"query-input":{"@type":"PropertyValueSpecification","valueRequired":true,"valueName":"search_term_string"}}],"inLanguage":"it-IT"}]}},"_links":{"self":[{"href":"https:\/\/www.succeed-equine.co.uk\/it\/wp-json\/wp\/v2\/pages\/8169","targetHints":{"allow":["GET"]}}],"collection":[{"href":"https:\/\/www.succeed-equine.co.uk\/it\/wp-json\/wp\/v2\/pages"}],"about":[{"href":"https:\/\/www.succeed-equine.co.uk\/it\/wp-json\/wp\/v2\/types\/page"}],"author":[{"embeddable":true,"href":"https:\/\/www.succeed-equine.co.uk\/it\/wp-json\/wp\/v2\/users\/14"}],"replies":[{"embeddable":true,"href":"https:\/\/www.succeed-equine.co.uk\/it\/wp-json\/wp\/v2\/comments?post=8169"}],"version-history":[{"count":0,"href":"https:\/\/www.succeed-equine.co.uk\/it\/wp-json\/wp\/v2\/pages\/8169\/revisions"}],"up":[{"embeddable":true,"href":"https:\/\/www.succeed-equine.co.uk\/it\/wp-json\/wp\/v2\/pages\/8157"}],"wp:attachment":[{"href":"https:\/\/www.succeed-equine.co.uk\/it\/wp-json\/wp\/v2\/media?parent=8169"}],"curies":[{"name":"wp","href":"https:\/\/api.w.org\/{rel}","templated":true}]}}