{"id":8182,"date":"2017-11-23T16:40:20","date_gmt":"2017-11-23T16:40:20","guid":{"rendered":"https:\/\/www.succeed-equine.co.uk\/?page_id=8182"},"modified":"2018-02-23T21:07:26","modified_gmt":"2018-02-23T21:07:26","slug":"istruzioni-per-luso","status":"publish","type":"page","link":"https:\/\/www.succeed-equine.co.uk\/it\/succeed-digestive-conditioning-program\/utilizzo-di-succeed\/istruzioni-per-luso\/","title":{"rendered":"Istruzioni per l&#8217;uso"},"content":{"rendered":"<p>Mantenere la salute digestiva del Suo cavallo in condizioni ottimali \u00e8 importante. Con <a href=\"https:\/\/www.succeed-equine.co.uk\/it\/succeed-digestive-conditioning-program\/\">SUCCEED<\/a>, \u00e8 anche facile. Basta somministrare una sola porzione di SUCCEED una volta al giorno, tutti i giorni, insieme al regolare foraggio. \u00c8 tutto. Nessuna miscelazione speciale. Nessun programma di alimentazione complicato.<\/p>\n<p>Consigli alimentari per ottenere risultati ottimali:<\/p>\n<div class=\"su-row\">\n<div class=\"su-column su-column-size-1-3\"><div class=\"su-column-inner su-u-clearfix su-u-trim\">\n<ul>\n<li>Per condizionare l&#8217;apparato digerente, somministrare SUCCEED due volte al giorno per i primi 7-10 giorni.<\/li>\n<\/ul>\n<\/div><\/div>\n<div class=\"su-column su-column-size-1-3\"><div class=\"su-column-inner su-u-clearfix su-u-trim\">\n<ul>\n<li>Somministrare SUCCEED tutti i giorni sempre in occasione dello stesso pasto (ad esempio, al mattino o la sera).<\/li>\n<\/ul>\n<\/div><\/div>\n<div class=\"su-column su-column-size-1-3\"><div class=\"su-column-inner su-u-clearfix su-u-trim\">\n<ul>\n<li>Se aggiunge SUCCEED al foraggio, non lasci il prodotto esposto all&#8217;aria per pi\u00f9 di 30 minuti, perch\u00e9 potrebbe diventare meno appetibile per il cavallo.<\/li>\n<\/ul>\n<\/div><\/div>\n<\/div>\n<div class=\"su-spacer\" style=\"height:20px\"><\/div>\n<div class=\"su-row\">\n<div class=\"su-column su-column-size-1-3\"><div class=\"su-column-inner su-u-clearfix su-u-trim\">\n<img decoding=\"async\" src=\"\/wp-content\/blogs.dir\/3\/files\/2016\/03\/oral-paste.png\" alt=\"oral-paste\" class=\"alignnone size-full\" \/><br \/>\n<\/div><\/div>\n<div class=\"su-column su-column-size-2-3\"><div class=\"su-column-inner su-u-clearfix su-u-trim\">\n<h2>Pasta orale<\/h2>\n<p>Basta svuotare il contenuto di una siringa orale direttamente nella bocca del cavallo una volta al giorno, immediatamente prima del pasto. In alternativa, pu\u00f2 spremere il contenuto del tubetto direttamente sul foraggio. (1 porzione corrisponde a 27 grammi).<br \/>\n<\/div><\/div>\n<\/div>\n<div class=\"su-row\">\n<div class=\"su-column su-column-size-1-3\"><div class=\"su-column-inner su-u-clearfix su-u-trim\">\n<img decoding=\"async\" src=\"\/wp-content\/blogs.dir\/3\/files\/2016\/03\/top-dress-granules.png\" alt=\"top-dress-granules\" class=\"alignnone size-full\" \/><br \/>\n<\/div><\/div>\n<div class=\"su-column su-column-size-2-3\"><div class=\"su-column-inner su-u-clearfix su-u-trim\">\n<h2>Granuli<\/h2>\n<p>Basta aggiungere un mestolo (27 grammi) di granuli SUCCEED al foraggio una volta al giorno, tutti i giorni. Non \u00e8 necessario mescolare. Non bisogna aggiungere altri ingredienti.<\/p>\n<p>I primi risultati potrebbero essere visibili dopo 30 giorni, ma La preghiamo di attendere almeno 90 giorni.<br \/>\n<\/div><\/div>\n<\/div>\n<h2>Porzioni raccomandate in base al peso del cavallo<\/h2>\n<p>SUCCEED \u00e8 formulato per un cavallo adulto dal peso medio di circa 550 kg (1.200 lb). Poich\u00e9 si tratta di un programma di nutrizione e non di un farmaco, la porzione standard \u00e8 sicura anche per cavalli dal peso inferiore e pony. Consigliamo:<br \/>\n\n  <div class=\"serving_sizes row\">\n    <div class=\"serving_sections\">\n      <h2>Puledri e pony<\/h2><span>Di peso inferiore a 272 kg (600 lb)<\/span>\n      <img decoding=\"async\" src=\"https:\/\/www.succeed-equine.co.uk\/wp-content\/themes\/FoundationPress\/images\/fellas_ponies.png\" \/>\n      <div class=\"circle\">\n        <span>\n          <h3>1\/2<\/h3>\n          <p>porzione<\/p>\n        <\/span>\n      <\/div>\n    <\/div>\n    <div class=\"serving_sections\">\n      <h2>Cavalli<\/h2><span>Fino a 550 kg (1.200 lb)<\/span>\n      <img decoding=\"async\" src=\"https:\/\/www.succeed-equine.co.uk\/wp-content\/themes\/FoundationPress\/images\/horse-instructions.jpg\" \/>\n      <div class=\"circle\">\n        <span>\n          <h3>1<\/h3>\n          <p>porzione<\/p>\n        <\/span>\n      <\/div>\n    <\/div>\n    <div class=\"serving_sections\">\n      <h2>Cavalli da tiro di grandi dimensioni<\/h2><span> &nbsp;<\/span>\n      <img decoding=\"async\" src=\"https:\/\/www.succeed-equine.co.uk\/wp-content\/themes\/FoundationPress\/images\/large-draft-horse.jpg\" \/>\n      <div class=\"circle\">\n        <span>\n          <h3>1,5-2<\/h3>\n          <p>porzione<\/p>\n        <\/span>\n      <\/div>\n    <\/div>\n  <\/div>\n  \n<div class=\"su-spacer\" style=\"height:30px\"><\/div>\n<h2>Domande frequenti<\/h2>\n<p>Per ulteriori informazioni su sicurezza, manipolazione e somministrazione di SUCCEED, <a href=\"https:\/\/www.succeed-equine.co.uk\/it\/succeed-digestive-conditioning-program\/utilizzo-di-succeed\/domande-frequenti-su-succeed\/\">consulti la sezione delle Domande frequenti<\/a>.<\/p>\n","protected":false},"excerpt":{"rendered":"<p>Mantenere la salute digestiva del Suo cavallo in condizioni ottimali \u00e8 importante. Con SUCCEED, \u00e8 anche facile. Basta somministrare una sola porzione di SUCCEED una volta al giorno, tutti i giorni, insieme al regolare foraggio. [&hellip;]<\/p>\n","protected":false},"author":14,"featured_media":0,"parent":8157,"menu_order":0,"comment_status":"closed","ping_status":"closed","template":"","meta":{"_acf_changed":false,"footnotes":""},"class_list":["post-8182","page","type-page","status-publish","hentry"],"acf":[],"yoast_head":"<!-- This site is optimized with the Yoast SEO plugin v26.6 - https:\/\/yoast.com\/wordpress\/plugins\/seo\/ -->\n<title>Instructies voor gebruik van SUCCEED bij paarden | SUCCEED Europa<\/title>\n<meta name=\"description\" content=\"Het is belangrijk om de spijsvertering van uw paard in optimale conditie te houden. En met SUCCEED is dat ook eenvoudig. Krijg het laatste nieuws over hoe SUCCEED te voederen.\" \/>\n<meta name=\"robots\" content=\"index, follow, max-snippet:-1, max-image-preview:large, max-video-preview:-1\" \/>\n<link rel=\"canonical\" href=\"https:\/\/www.succeed-equine.co.uk\/it\/succeed-digestive-conditioning-program\/utilizzo-di-succeed\/istruzioni-per-luso\/\" \/>\n<meta property=\"og:locale\" content=\"it_IT\" \/>\n<meta property=\"og:type\" content=\"article\" \/>\n<meta property=\"og:title\" content=\"Instructies voor gebruik van SUCCEED bij paarden | SUCCEED Europa\" \/>\n<meta property=\"og:description\" content=\"Het is belangrijk om de spijsvertering van uw paard in optimale conditie te houden. En met SUCCEED is dat ook eenvoudig. Krijg het laatste nieuws over hoe SUCCEED te voederen.\" \/>\n<meta property=\"og:url\" content=\"https:\/\/www.succeed-equine.co.uk\/it\/succeed-digestive-conditioning-program\/utilizzo-di-succeed\/istruzioni-per-luso\/\" \/>\n<meta property=\"og:site_name\" content=\"SUCCEED Europe\" \/>\n<meta property=\"article:modified_time\" content=\"2018-02-23T21:07:26+00:00\" \/>\n<meta property=\"og:image\" content=\"https:\/\/www.succeed-equine.co.uk\/wp-content\/blogs.dir\/3\/files\/2016\/03\/oral-paste.png\" \/>\n<meta name=\"twitter:card\" content=\"summary_large_image\" \/>\n<meta name=\"twitter:label1\" content=\"Tempo di lettura stimato\" \/>\n\t<meta name=\"twitter:data1\" content=\"2 minuti\" \/>\n<script type=\"application\/ld+json\" class=\"yoast-schema-graph\">{\"@context\":\"https:\/\/schema.org\",\"@graph\":[{\"@type\":\"WebPage\",\"@id\":\"https:\/\/www.succeed-equine.co.uk\/it\/succeed-digestive-conditioning-program\/utilizzo-di-succeed\/istruzioni-per-luso\/\",\"url\":\"https:\/\/www.succeed-equine.co.uk\/it\/succeed-digestive-conditioning-program\/utilizzo-di-succeed\/istruzioni-per-luso\/\",\"name\":\"Instructies voor gebruik van SUCCEED bij paarden | SUCCEED Europa\",\"isPartOf\":{\"@id\":\"https:\/\/www.succeed-equine.co.uk\/#website\"},\"datePublished\":\"2017-11-23T16:40:20+00:00\",\"dateModified\":\"2018-02-23T21:07:26+00:00\",\"description\":\"Het is belangrijk om de spijsvertering van uw paard in optimale conditie te houden. En met SUCCEED is dat ook eenvoudig. Krijg het laatste nieuws over hoe SUCCEED te voederen.\",\"breadcrumb\":{\"@id\":\"https:\/\/www.succeed-equine.co.uk\/it\/succeed-digestive-conditioning-program\/utilizzo-di-succeed\/istruzioni-per-luso\/#breadcrumb\"},\"inLanguage\":\"it-IT\",\"potentialAction\":[{\"@type\":\"ReadAction\",\"target\":[\"https:\/\/www.succeed-equine.co.uk\/it\/succeed-digestive-conditioning-program\/utilizzo-di-succeed\/istruzioni-per-luso\/\"]}]},{\"@type\":\"BreadcrumbList\",\"@id\":\"https:\/\/www.succeed-equine.co.uk\/it\/succeed-digestive-conditioning-program\/utilizzo-di-succeed\/istruzioni-per-luso\/#breadcrumb\",\"itemListElement\":[{\"@type\":\"ListItem\",\"position\":1,\"name\":\"Home\",\"item\":\"https:\/\/www.succeed-equine.co.uk\/it\/\"},{\"@type\":\"ListItem\",\"position\":2,\"name\":\"Informazioni sul Programma di condizionamento dell&#8217;apparato digerente SUCCEED\u00ae\",\"item\":\"https:\/\/www.succeed-equine.co.uk\/it\/succeed-digestive-conditioning-program\/\"},{\"@type\":\"ListItem\",\"position\":3,\"name\":\"Utilizzo di SUCCEED\u00ae\",\"item\":\"https:\/\/www.succeed-equine.co.uk\/it\/succeed-digestive-conditioning-program\/utilizzo-di-succeed\/\"},{\"@type\":\"ListItem\",\"position\":4,\"name\":\"Istruzioni per l&#8217;uso\"}]},{\"@type\":\"WebSite\",\"@id\":\"https:\/\/www.succeed-equine.co.uk\/#website\",\"url\":\"https:\/\/www.succeed-equine.co.uk\/\",\"name\":\"SUCCEED Europe\",\"description\":\"My horse at its best.\",\"potentialAction\":[{\"@type\":\"SearchAction\",\"target\":{\"@type\":\"EntryPoint\",\"urlTemplate\":\"https:\/\/www.succeed-equine.co.uk\/?s={search_term_string}\"},\"query-input\":{\"@type\":\"PropertyValueSpecification\",\"valueRequired\":true,\"valueName\":\"search_term_string\"}}],\"inLanguage\":\"it-IT\"}]}<\/script>\n<!-- \/ Yoast SEO plugin. -->","yoast_head_json":{"title":"Instructies voor gebruik van SUCCEED bij paarden | SUCCEED Europa","description":"Het is belangrijk om de spijsvertering van uw paard in optimale conditie te houden. En met SUCCEED is dat ook eenvoudig. Krijg het laatste nieuws over hoe SUCCEED te voederen.","robots":{"index":"index","follow":"follow","max-snippet":"max-snippet:-1","max-image-preview":"max-image-preview:large","max-video-preview":"max-video-preview:-1"},"canonical":"https:\/\/www.succeed-equine.co.uk\/it\/succeed-digestive-conditioning-program\/utilizzo-di-succeed\/istruzioni-per-luso\/","og_locale":"it_IT","og_type":"article","og_title":"Instructies voor gebruik van SUCCEED bij paarden | SUCCEED Europa","og_description":"Het is belangrijk om de spijsvertering van uw paard in optimale conditie te houden. En met SUCCEED is dat ook eenvoudig. Krijg het laatste nieuws over hoe SUCCEED te voederen.","og_url":"https:\/\/www.succeed-equine.co.uk\/it\/succeed-digestive-conditioning-program\/utilizzo-di-succeed\/istruzioni-per-luso\/","og_site_name":"SUCCEED Europe","article_modified_time":"2018-02-23T21:07:26+00:00","og_image":[{"url":"https:\/\/www.succeed-equine.co.uk\/wp-content\/blogs.dir\/3\/files\/2016\/03\/oral-paste.png","type":"","width":"","height":""}],"twitter_card":"summary_large_image","twitter_misc":{"Tempo di lettura stimato":"2 minuti"},"schema":{"@context":"https:\/\/schema.org","@graph":[{"@type":"WebPage","@id":"https:\/\/www.succeed-equine.co.uk\/it\/succeed-digestive-conditioning-program\/utilizzo-di-succeed\/istruzioni-per-luso\/","url":"https:\/\/www.succeed-equine.co.uk\/it\/succeed-digestive-conditioning-program\/utilizzo-di-succeed\/istruzioni-per-luso\/","name":"Instructies voor gebruik van SUCCEED bij paarden | SUCCEED Europa","isPartOf":{"@id":"https:\/\/www.succeed-equine.co.uk\/#website"},"datePublished":"2017-11-23T16:40:20+00:00","dateModified":"2018-02-23T21:07:26+00:00","description":"Het is belangrijk om de spijsvertering van uw paard in optimale conditie te houden. En met SUCCEED is dat ook eenvoudig. Krijg het laatste nieuws over hoe SUCCEED te voederen.","breadcrumb":{"@id":"https:\/\/www.succeed-equine.co.uk\/it\/succeed-digestive-conditioning-program\/utilizzo-di-succeed\/istruzioni-per-luso\/#breadcrumb"},"inLanguage":"it-IT","potentialAction":[{"@type":"ReadAction","target":["https:\/\/www.succeed-equine.co.uk\/it\/succeed-digestive-conditioning-program\/utilizzo-di-succeed\/istruzioni-per-luso\/"]}]},{"@type":"BreadcrumbList","@id":"https:\/\/www.succeed-equine.co.uk\/it\/succeed-digestive-conditioning-program\/utilizzo-di-succeed\/istruzioni-per-luso\/#breadcrumb","itemListElement":[{"@type":"ListItem","position":1,"name":"Home","item":"https:\/\/www.succeed-equine.co.uk\/it\/"},{"@type":"ListItem","position":2,"name":"Informazioni sul Programma di condizionamento dell&#8217;apparato digerente SUCCEED\u00ae","item":"https:\/\/www.succeed-equine.co.uk\/it\/succeed-digestive-conditioning-program\/"},{"@type":"ListItem","position":3,"name":"Utilizzo di SUCCEED\u00ae","item":"https:\/\/www.succeed-equine.co.uk\/it\/succeed-digestive-conditioning-program\/utilizzo-di-succeed\/"},{"@type":"ListItem","position":4,"name":"Istruzioni per l&#8217;uso"}]},{"@type":"WebSite","@id":"https:\/\/www.succeed-equine.co.uk\/#website","url":"https:\/\/www.succeed-equine.co.uk\/","name":"SUCCEED Europe","description":"My horse at its best.","potentialAction":[{"@type":"SearchAction","target":{"@type":"EntryPoint","urlTemplate":"https:\/\/www.succeed-equine.co.uk\/?s={search_term_string}"},"query-input":{"@type":"PropertyValueSpecification","valueRequired":true,"valueName":"search_term_string"}}],"inLanguage":"it-IT"}]}},"_links":{"self":[{"href":"https:\/\/www.succeed-equine.co.uk\/it\/wp-json\/wp\/v2\/pages\/8182","targetHints":{"allow":["GET"]}}],"collection":[{"href":"https:\/\/www.succeed-equine.co.uk\/it\/wp-json\/wp\/v2\/pages"}],"about":[{"href":"https:\/\/www.succeed-equine.co.uk\/it\/wp-json\/wp\/v2\/types\/page"}],"author":[{"embeddable":true,"href":"https:\/\/www.succeed-equine.co.uk\/it\/wp-json\/wp\/v2\/users\/14"}],"replies":[{"embeddable":true,"href":"https:\/\/www.succeed-equine.co.uk\/it\/wp-json\/wp\/v2\/comments?post=8182"}],"version-history":[{"count":0,"href":"https:\/\/www.succeed-equine.co.uk\/it\/wp-json\/wp\/v2\/pages\/8182\/revisions"}],"up":[{"embeddable":true,"href":"https:\/\/www.succeed-equine.co.uk\/it\/wp-json\/wp\/v2\/pages\/8157"}],"wp:attachment":[{"href":"https:\/\/www.succeed-equine.co.uk\/it\/wp-json\/wp\/v2\/media?parent=8182"}],"curies":[{"name":"wp","href":"https:\/\/api.w.org\/{rel}","templated":true}]}}