{"id":8196,"date":"2017-11-23T17:28:20","date_gmt":"2017-11-23T17:28:20","guid":{"rendered":"https:\/\/www.succeed-equine.co.uk\/?page_id=8196"},"modified":"2018-02-23T21:14:34","modified_gmt":"2018-02-23T21:14:34","slug":"linee-guida-per-la-conservazione-e-la-manipolazione-di-succeed","status":"publish","type":"page","link":"https:\/\/www.succeed-equine.co.uk\/it\/succeed-digestive-conditioning-program\/utilizzo-di-succeed\/linee-guida-per-la-conservazione-e-la-manipolazione-di-succeed\/","title":{"rendered":"Linee guida per la conservazione e la manipolazione di SUCCEED"},"content":{"rendered":"<div class=\"su-row\">\n<div class=\"su-column su-column-size-1-3\"><div class=\"su-column-inner su-u-clearfix su-u-trim\">\nSUCCEED \u00e8 un programma quotidiano di integrazione alimentare, che favorisce la salute naturale dell&#8217;apparato digerente equino. \u00c8 disponibile come pasta orale, come porzione quotidiana in siringhe orali in confezioni da 30 e granuli da aggiungere al pasto in secchi di tre diverse dimensioni.<br \/>\n<\/div><\/div>\n<div class=\"su-column su-column-size-1-3\"><div class=\"su-column-inner su-u-clearfix su-u-trim\">\nIn Freedom Health, ci impegniamo ad assicurare la coerenza e la qualit\u00e0 dei nostri prodotti. Alcune linee guida fondamentali per la conservazione e la manipolazione del prodotto possono contribuire a garantire che l&#8217;aspetto e le propriet\u00e0 di SUCCEED siano ottimali.<br \/>\n<\/div><\/div>\n<div class=\"su-column su-column-size-1-3\"><div class=\"su-column-inner su-u-clearfix su-u-trim\">\n<img decoding=\"async\" src=\"https:\/\/www.succeed-equine.co.uk\/wp-content\/blogs.dir\/3\/files\/2016\/05\/paste-and-granules.jpg\" alt=\"paste-and-granules\" class=\"alignnone size-full\" \/><\/div><\/div><\/div>\n<p>La preghiamo di consultare le seguenti note e linee guida:<\/p>\n<div class=\"su-row\"><div class=\"su-column su-column-size-1-3\"><div class=\"su-column-inner su-u-clearfix su-u-trim\">\n<div class=\"su-accordion su-u-trim\">\n<div class=\"su-spoiler su-spoiler-style-default su-spoiler-icon-plus su-spoiler-closed\" data-scroll-offset=\"0\" data-anchor-in-url=\"no\"><div class=\"su-spoiler-title\" tabindex=\"0\" role=\"button\"><span class=\"su-spoiler-icon\"><\/span>Conservazione<\/div><div class=\"su-spoiler-content su-u-clearfix su-u-trim\">SUCCEED deve essere conservato in un luogo fresco e asciutto, lontano dalla luce solare diretta. Le consigliamo di mantenere il prodotto refrigerato quando non \u00e8 in uso.<\/div><\/div>\n<div class=\"su-spoiler su-spoiler-style-default su-spoiler-icon-plus su-spoiler-closed\" data-scroll-offset=\"0\" data-anchor-in-url=\"no\"><div class=\"su-spoiler-title\" tabindex=\"0\" role=\"button\"><span class=\"su-spoiler-icon\"><\/span>Consistenza<\/div><div class=\"su-spoiler-content su-u-clearfix su-u-trim\">SUCCEED \u00e8 realizzato con ingredienti di origine naturale. Di conseguenza, potrebbero esservi variazioni di colore e consistenza. I produttori di integratori spesso utilizzano riempitivi per ovviare a questa naturale variazione nella colorazione. Freedom Health non utilizza alcun riempitivo. Lievi variazioni nel colore o nella consistenza non influiscono in alcun modo sull&#8217;efficacia o l&#8217;utilit\u00e0 del prodotto. <\/div><\/div>\n<\/div>\n<\/div><\/div>\n<div class=\"su-column su-column-size-1-3\"><div class=\"su-column-inner su-u-clearfix su-u-trim\">\n<div class=\"su-accordion su-u-trim\">\n<div class=\"su-spoiler su-spoiler-style-default su-spoiler-icon-plus su-spoiler-closed\" data-scroll-offset=\"0\" data-anchor-in-url=\"no\"><div class=\"su-spoiler-title\" tabindex=\"0\" role=\"button\"><span class=\"su-spoiler-icon\"><\/span>Umidit\u00e0 e irrancidimento<\/div><div class=\"su-spoiler-content su-u-clearfix su-u-trim\">SUCCEED contiene una percentuale minima di umidit\u00e0 e al prodotto non viene aggiunta acqua. In virt\u00f9 di ci\u00f2 e grazie alla natura dell&#8217;olio d&#8217;avena contenuto nel prodotto, il rischio di irrancidimento \u00e8 molto basso. SUCCEED passa regolarmente il 100% dei test di laboratorio sull&#8217;irrancidimento. Se esposto, soprattutto per lunghi periodi, a temperature elevate, pu\u00f2 verificarsi una fioritura o il rilascio di olio. (Fare riferimento all&#8217;etichetta del prodotto per le linee guida specifiche sulla temperatura di conservazione). Di conseguenza, il prodotto potrebbe assumere un aspetto bagnato. Tuttavia, non si tratta di umidit\u00e0 e ci\u00f2 non influisce in alcun modo sulle prestazioni o sull&#8217;utilit\u00e0 del prodotto.<\/div><\/div>\n<div class=\"su-spoiler su-spoiler-style-default su-spoiler-icon-plus su-spoiler-closed\" data-scroll-offset=\"0\" data-anchor-in-url=\"no\"><div class=\"su-spoiler-title\" tabindex=\"0\" role=\"button\"><span class=\"su-spoiler-icon\"><\/span>Agglomerazione<\/div><div class=\"su-spoiler-content su-u-clearfix su-u-trim\">SUCCEED \u00e8 una miscela di prodotti secchi (farina di avena, amminoacidi e lieviti) e olio. La fioritura o il rilascio di olio (separazione dell&#8217;olio dai materiali secchi) sopra indicati possono causare la formazione di agglomerati nel prodotto granulare. Ci\u00f2 non influisce in alcun modo sulle prestazioni o sull&#8217;utilit\u00e0 del prodotto e spesso basta scuoterlo e conservarlo nel refrigeratore durante la notte.<\/div><\/div>\n<\/div>\n<\/div><\/div>\n<div class=\"su-column su-column-size-1-3\"><div class=\"su-column-inner su-u-clearfix su-u-trim\">\n<div class=\"su-accordion su-u-trim\">\n<div class=\"su-spoiler su-spoiler-style-default su-spoiler-icon-plus su-spoiler-closed\" data-scroll-offset=\"0\" data-anchor-in-url=\"no\"><div class=\"su-spoiler-title\" tabindex=\"0\" role=\"button\"><span class=\"su-spoiler-icon\"><\/span>Odore<\/div><div class=\"su-spoiler-content su-u-clearfix su-u-trim\">Aprendo il coperchio del contenitore di SUCCEED, potrebbe avvertire un forte odore di avena unito a un odore di alcol. L&#8217;odore di alcol deriva dall&#8217;etanolo utilizzato nella produzione delle materie prime ed \u00e8 innocuo. Generalmente, svanisce in breve tempo.<\/div><\/div>\n<div class=\"su-spoiler su-spoiler-style-default su-spoiler-icon-plus su-spoiler-closed\" data-scroll-offset=\"0\" data-anchor-in-url=\"no\"><div class=\"su-spoiler-title\" tabindex=\"0\" role=\"button\"><span class=\"su-spoiler-icon\"><\/span>Test<\/div><div class=\"su-spoiler-content su-u-clearfix su-u-trim\">Un campione di ciascun lotto di SUCCEED viene trattenuto per essere sottoposto a test e valutazione a lungo termine (ovvero il test sulla durata di conservazione) per il doppio del tempo rispetto alla data entro cui si consiglia di consumare il prodotto (ovvero, la data \u201cda consumarsi entro\u201d). La qualit\u00e0 del prodotto si mantiene constante in questo periodo di tempo.<\/div><\/div>\n<\/div>\n<\/div><\/div>\n<\/div>\n<h2>Ci contatti<\/h2>\n<p>Se ha domande su SUCCEED o sulla corretta manipolazione e conservazione del prodotto, <a href=\"https:\/\/www.succeed-equine.co.uk\/it\/contatti\/\">contatti Freedom Health<\/a>.<\/p>\n","protected":false},"excerpt":{"rendered":"<p>La preghiamo di consultare le seguenti note e linee guida: Ci contatti Se ha domande su SUCCEED o sulla corretta manipolazione e conservazione del prodotto, contatti Freedom Health.<\/p>\n","protected":false},"author":14,"featured_media":0,"parent":8157,"menu_order":0,"comment_status":"closed","ping_status":"closed","template":"","meta":{"_acf_changed":false,"footnotes":""},"class_list":["post-8196","page","type-page","status-publish","hentry"],"acf":[],"yoast_head":"<!-- This site is optimized with the Yoast SEO plugin v26.6 - https:\/\/yoast.com\/wordpress\/plugins\/seo\/ -->\n<title>Linee guida per la conservazione e la manipolazione di SUCCEED | SUCCEED Europa<\/title>\n<meta name=\"description\" content=\"La conservazione e la manipolazione corrette del prodotto possono contribuire a garantire che l&#039;aspetto e le propriet\u00e0 di SUCCEED siano ottimali. Ecco cosa deve sapere.\" \/>\n<meta name=\"robots\" content=\"index, follow, max-snippet:-1, max-image-preview:large, max-video-preview:-1\" \/>\n<link rel=\"canonical\" href=\"https:\/\/www.succeed-equine.co.uk\/it\/succeed-digestive-conditioning-program\/utilizzo-di-succeed\/linee-guida-per-la-conservazione-e-la-manipolazione-di-succeed\/\" \/>\n<meta property=\"og:locale\" content=\"it_IT\" \/>\n<meta property=\"og:type\" content=\"article\" \/>\n<meta property=\"og:title\" content=\"Linee guida per la conservazione e la manipolazione di SUCCEED | SUCCEED Europa\" \/>\n<meta property=\"og:description\" content=\"La conservazione e la manipolazione corrette del prodotto possono contribuire a garantire che l&#039;aspetto e le propriet\u00e0 di SUCCEED siano ottimali. Ecco cosa deve sapere.\" \/>\n<meta property=\"og:url\" content=\"https:\/\/www.succeed-equine.co.uk\/it\/succeed-digestive-conditioning-program\/utilizzo-di-succeed\/linee-guida-per-la-conservazione-e-la-manipolazione-di-succeed\/\" \/>\n<meta property=\"og:site_name\" content=\"SUCCEED Europe\" \/>\n<meta property=\"article:modified_time\" content=\"2018-02-23T21:14:34+00:00\" \/>\n<meta property=\"og:image\" content=\"https:\/\/www.succeed-equine.co.uk\/wp-content\/blogs.dir\/3\/files\/2016\/05\/paste-and-granules.jpg\" \/>\n<meta name=\"twitter:card\" content=\"summary_large_image\" \/>\n<meta name=\"twitter:label1\" content=\"Tempo di lettura stimato\" \/>\n\t<meta name=\"twitter:data1\" content=\"3 minuti\" \/>\n<script type=\"application\/ld+json\" class=\"yoast-schema-graph\">{\"@context\":\"https:\/\/schema.org\",\"@graph\":[{\"@type\":\"WebPage\",\"@id\":\"https:\/\/www.succeed-equine.co.uk\/it\/succeed-digestive-conditioning-program\/utilizzo-di-succeed\/linee-guida-per-la-conservazione-e-la-manipolazione-di-succeed\/\",\"url\":\"https:\/\/www.succeed-equine.co.uk\/it\/succeed-digestive-conditioning-program\/utilizzo-di-succeed\/linee-guida-per-la-conservazione-e-la-manipolazione-di-succeed\/\",\"name\":\"Linee guida per la conservazione e la manipolazione di SUCCEED | SUCCEED Europa\",\"isPartOf\":{\"@id\":\"https:\/\/www.succeed-equine.co.uk\/#website\"},\"primaryImageOfPage\":{\"@id\":\"https:\/\/www.succeed-equine.co.uk\/it\/succeed-digestive-conditioning-program\/utilizzo-di-succeed\/linee-guida-per-la-conservazione-e-la-manipolazione-di-succeed\/#primaryimage\"},\"image\":{\"@id\":\"https:\/\/www.succeed-equine.co.uk\/it\/succeed-digestive-conditioning-program\/utilizzo-di-succeed\/linee-guida-per-la-conservazione-e-la-manipolazione-di-succeed\/#primaryimage\"},\"thumbnailUrl\":\"https:\/\/www.succeed-equine.co.uk\/wp-content\/blogs.dir\/3\/files\/2016\/05\/paste-and-granules.jpg\",\"datePublished\":\"2017-11-23T17:28:20+00:00\",\"dateModified\":\"2018-02-23T21:14:34+00:00\",\"description\":\"La conservazione e la manipolazione corrette del prodotto possono contribuire a garantire che l'aspetto e le propriet\u00e0 di SUCCEED siano ottimali. Ecco cosa deve sapere.\",\"breadcrumb\":{\"@id\":\"https:\/\/www.succeed-equine.co.uk\/it\/succeed-digestive-conditioning-program\/utilizzo-di-succeed\/linee-guida-per-la-conservazione-e-la-manipolazione-di-succeed\/#breadcrumb\"},\"inLanguage\":\"it-IT\",\"potentialAction\":[{\"@type\":\"ReadAction\",\"target\":[\"https:\/\/www.succeed-equine.co.uk\/it\/succeed-digestive-conditioning-program\/utilizzo-di-succeed\/linee-guida-per-la-conservazione-e-la-manipolazione-di-succeed\/\"]}]},{\"@type\":\"ImageObject\",\"inLanguage\":\"it-IT\",\"@id\":\"https:\/\/www.succeed-equine.co.uk\/it\/succeed-digestive-conditioning-program\/utilizzo-di-succeed\/linee-guida-per-la-conservazione-e-la-manipolazione-di-succeed\/#primaryimage\",\"url\":\"https:\/\/www.succeed-equine.co.uk\/wp-content\/blogs.dir\/3\/files\/2016\/05\/paste-and-granules.jpg\",\"contentUrl\":\"https:\/\/www.succeed-equine.co.uk\/wp-content\/blogs.dir\/3\/files\/2016\/05\/paste-and-granules.jpg\"},{\"@type\":\"BreadcrumbList\",\"@id\":\"https:\/\/www.succeed-equine.co.uk\/it\/succeed-digestive-conditioning-program\/utilizzo-di-succeed\/linee-guida-per-la-conservazione-e-la-manipolazione-di-succeed\/#breadcrumb\",\"itemListElement\":[{\"@type\":\"ListItem\",\"position\":1,\"name\":\"Home\",\"item\":\"https:\/\/www.succeed-equine.co.uk\/it\/\"},{\"@type\":\"ListItem\",\"position\":2,\"name\":\"Informazioni sul Programma di condizionamento dell&#8217;apparato digerente SUCCEED\u00ae\",\"item\":\"https:\/\/www.succeed-equine.co.uk\/it\/succeed-digestive-conditioning-program\/\"},{\"@type\":\"ListItem\",\"position\":3,\"name\":\"Utilizzo di SUCCEED\u00ae\",\"item\":\"https:\/\/www.succeed-equine.co.uk\/it\/succeed-digestive-conditioning-program\/utilizzo-di-succeed\/\"},{\"@type\":\"ListItem\",\"position\":4,\"name\":\"Linee guida per la conservazione e la manipolazione di SUCCEED\"}]},{\"@type\":\"WebSite\",\"@id\":\"https:\/\/www.succeed-equine.co.uk\/#website\",\"url\":\"https:\/\/www.succeed-equine.co.uk\/\",\"name\":\"SUCCEED Europe\",\"description\":\"My horse at its best.\",\"potentialAction\":[{\"@type\":\"SearchAction\",\"target\":{\"@type\":\"EntryPoint\",\"urlTemplate\":\"https:\/\/www.succeed-equine.co.uk\/?s={search_term_string}\"},\"query-input\":{\"@type\":\"PropertyValueSpecification\",\"valueRequired\":true,\"valueName\":\"search_term_string\"}}],\"inLanguage\":\"it-IT\"}]}<\/script>\n<!-- \/ Yoast SEO plugin. -->","yoast_head_json":{"title":"Linee guida per la conservazione e la manipolazione di SUCCEED | SUCCEED Europa","description":"La conservazione e la manipolazione corrette del prodotto possono contribuire a garantire che l'aspetto e le propriet\u00e0 di SUCCEED siano ottimali. Ecco cosa deve sapere.","robots":{"index":"index","follow":"follow","max-snippet":"max-snippet:-1","max-image-preview":"max-image-preview:large","max-video-preview":"max-video-preview:-1"},"canonical":"https:\/\/www.succeed-equine.co.uk\/it\/succeed-digestive-conditioning-program\/utilizzo-di-succeed\/linee-guida-per-la-conservazione-e-la-manipolazione-di-succeed\/","og_locale":"it_IT","og_type":"article","og_title":"Linee guida per la conservazione e la manipolazione di SUCCEED | SUCCEED Europa","og_description":"La conservazione e la manipolazione corrette del prodotto possono contribuire a garantire che l'aspetto e le propriet\u00e0 di SUCCEED siano ottimali. Ecco cosa deve sapere.","og_url":"https:\/\/www.succeed-equine.co.uk\/it\/succeed-digestive-conditioning-program\/utilizzo-di-succeed\/linee-guida-per-la-conservazione-e-la-manipolazione-di-succeed\/","og_site_name":"SUCCEED Europe","article_modified_time":"2018-02-23T21:14:34+00:00","og_image":[{"url":"https:\/\/www.succeed-equine.co.uk\/wp-content\/blogs.dir\/3\/files\/2016\/05\/paste-and-granules.jpg","type":"","width":"","height":""}],"twitter_card":"summary_large_image","twitter_misc":{"Tempo di lettura stimato":"3 minuti"},"schema":{"@context":"https:\/\/schema.org","@graph":[{"@type":"WebPage","@id":"https:\/\/www.succeed-equine.co.uk\/it\/succeed-digestive-conditioning-program\/utilizzo-di-succeed\/linee-guida-per-la-conservazione-e-la-manipolazione-di-succeed\/","url":"https:\/\/www.succeed-equine.co.uk\/it\/succeed-digestive-conditioning-program\/utilizzo-di-succeed\/linee-guida-per-la-conservazione-e-la-manipolazione-di-succeed\/","name":"Linee guida per la conservazione e la manipolazione di SUCCEED | SUCCEED Europa","isPartOf":{"@id":"https:\/\/www.succeed-equine.co.uk\/#website"},"primaryImageOfPage":{"@id":"https:\/\/www.succeed-equine.co.uk\/it\/succeed-digestive-conditioning-program\/utilizzo-di-succeed\/linee-guida-per-la-conservazione-e-la-manipolazione-di-succeed\/#primaryimage"},"image":{"@id":"https:\/\/www.succeed-equine.co.uk\/it\/succeed-digestive-conditioning-program\/utilizzo-di-succeed\/linee-guida-per-la-conservazione-e-la-manipolazione-di-succeed\/#primaryimage"},"thumbnailUrl":"https:\/\/www.succeed-equine.co.uk\/wp-content\/blogs.dir\/3\/files\/2016\/05\/paste-and-granules.jpg","datePublished":"2017-11-23T17:28:20+00:00","dateModified":"2018-02-23T21:14:34+00:00","description":"La conservazione e la manipolazione corrette del prodotto possono contribuire a garantire che l'aspetto e le propriet\u00e0 di SUCCEED siano ottimali. Ecco cosa deve sapere.","breadcrumb":{"@id":"https:\/\/www.succeed-equine.co.uk\/it\/succeed-digestive-conditioning-program\/utilizzo-di-succeed\/linee-guida-per-la-conservazione-e-la-manipolazione-di-succeed\/#breadcrumb"},"inLanguage":"it-IT","potentialAction":[{"@type":"ReadAction","target":["https:\/\/www.succeed-equine.co.uk\/it\/succeed-digestive-conditioning-program\/utilizzo-di-succeed\/linee-guida-per-la-conservazione-e-la-manipolazione-di-succeed\/"]}]},{"@type":"ImageObject","inLanguage":"it-IT","@id":"https:\/\/www.succeed-equine.co.uk\/it\/succeed-digestive-conditioning-program\/utilizzo-di-succeed\/linee-guida-per-la-conservazione-e-la-manipolazione-di-succeed\/#primaryimage","url":"https:\/\/www.succeed-equine.co.uk\/wp-content\/blogs.dir\/3\/files\/2016\/05\/paste-and-granules.jpg","contentUrl":"https:\/\/www.succeed-equine.co.uk\/wp-content\/blogs.dir\/3\/files\/2016\/05\/paste-and-granules.jpg"},{"@type":"BreadcrumbList","@id":"https:\/\/www.succeed-equine.co.uk\/it\/succeed-digestive-conditioning-program\/utilizzo-di-succeed\/linee-guida-per-la-conservazione-e-la-manipolazione-di-succeed\/#breadcrumb","itemListElement":[{"@type":"ListItem","position":1,"name":"Home","item":"https:\/\/www.succeed-equine.co.uk\/it\/"},{"@type":"ListItem","position":2,"name":"Informazioni sul Programma di condizionamento dell&#8217;apparato digerente SUCCEED\u00ae","item":"https:\/\/www.succeed-equine.co.uk\/it\/succeed-digestive-conditioning-program\/"},{"@type":"ListItem","position":3,"name":"Utilizzo di SUCCEED\u00ae","item":"https:\/\/www.succeed-equine.co.uk\/it\/succeed-digestive-conditioning-program\/utilizzo-di-succeed\/"},{"@type":"ListItem","position":4,"name":"Linee guida per la conservazione e la manipolazione di SUCCEED"}]},{"@type":"WebSite","@id":"https:\/\/www.succeed-equine.co.uk\/#website","url":"https:\/\/www.succeed-equine.co.uk\/","name":"SUCCEED Europe","description":"My horse at its best.","potentialAction":[{"@type":"SearchAction","target":{"@type":"EntryPoint","urlTemplate":"https:\/\/www.succeed-equine.co.uk\/?s={search_term_string}"},"query-input":{"@type":"PropertyValueSpecification","valueRequired":true,"valueName":"search_term_string"}}],"inLanguage":"it-IT"}]}},"_links":{"self":[{"href":"https:\/\/www.succeed-equine.co.uk\/it\/wp-json\/wp\/v2\/pages\/8196","targetHints":{"allow":["GET"]}}],"collection":[{"href":"https:\/\/www.succeed-equine.co.uk\/it\/wp-json\/wp\/v2\/pages"}],"about":[{"href":"https:\/\/www.succeed-equine.co.uk\/it\/wp-json\/wp\/v2\/types\/page"}],"author":[{"embeddable":true,"href":"https:\/\/www.succeed-equine.co.uk\/it\/wp-json\/wp\/v2\/users\/14"}],"replies":[{"embeddable":true,"href":"https:\/\/www.succeed-equine.co.uk\/it\/wp-json\/wp\/v2\/comments?post=8196"}],"version-history":[{"count":0,"href":"https:\/\/www.succeed-equine.co.uk\/it\/wp-json\/wp\/v2\/pages\/8196\/revisions"}],"up":[{"embeddable":true,"href":"https:\/\/www.succeed-equine.co.uk\/it\/wp-json\/wp\/v2\/pages\/8157"}],"wp:attachment":[{"href":"https:\/\/www.succeed-equine.co.uk\/it\/wp-json\/wp\/v2\/media?parent=8196"}],"curies":[{"name":"wp","href":"https:\/\/api.w.org\/{rel}","templated":true}]}}