{"id":8186,"date":"2017-11-23T16:48:21","date_gmt":"2017-11-23T16:48:21","guid":{"rendered":"https:\/\/www.succeed-equine.co.uk\/?page_id=8186"},"modified":"2018-02-23T21:07:03","modified_gmt":"2018-02-23T21:07:03","slug":"gebruiksaanwijzing","status":"publish","type":"page","link":"https:\/\/www.succeed-equine.co.uk\/nl\/het-succeed-digestive-conditioning-program\/succeed-gebruiken\/gebruiksaanwijzing\/","title":{"rendered":"Gebruiksaanwijzing"},"content":{"rendered":"<p>Het is belangrijk om de spijsvertering van uw paard in optimale conditie te houden. En met <a href=\"https:\/\/www.succeed-equine.co.uk\/nl\/het-succeed-digestive-conditioning-program\/\">SUCCEED<\/a>\u00a0is dat ook eenvoudig. Eenvoudigweg een portie SUCCEED eenmaal per dag, en elk dag, samen met het gewone voeder, is al wat nodig is. Dat is alles. Geen speciale menging. Geen ingewikkeld voedingsprogramma.<\/p>\n<p>Voedingstips voor beste resultaten:<\/p>\n<div class=\"su-row\">\n<div class=\"su-column su-column-size-1-3\"><div class=\"su-column-inner su-u-clearfix su-u-trim\">\n<ul>\n<li>Voed SUCCEED tijdens de eerste week tot 10 dagen van gebruik tweemaal per dag, om het spijsverteringsstelsel te gewennen.<\/li>\n<\/ul>\n<\/div><\/div>\n<div class=\"su-column su-column-size-1-3\"><div class=\"su-column-inner su-u-clearfix su-u-trim\">\n<ul>\n<li>Gebruik SUCCEED elke dag altijd tijdens hetzelfde moment dat er gevoerd wordt (bijv. bij de ochtendvoeding of de avondvoeding).<\/li>\n<\/ul>\n<\/div><\/div>\n<div class=\"su-column su-column-size-1-3\"><div class=\"su-column-inner su-u-clearfix su-u-trim\">\n<ul>\n<li>Als u SUCCEED onder het voer mengt, mag u SUCCEED niet langer dan 30 minuten aan de lucht blootgesteld laten, aangezien dit de aantrekkelijkheid ervan voor paarden kan verminderen.<\/li>\n<\/ul>\n<\/div><\/div>\n<\/div>\n<div class=\"su-spacer\" style=\"height:20px\"><\/div>\n<div class=\"su-row\">\n<div class=\"su-column su-column-size-1-3\"><div class=\"su-column-inner su-u-clearfix su-u-trim\">\n<img decoding=\"async\" src=\"\/wp-content\/blogs.dir\/3\/files\/2016\/03\/oral-paste.png\" alt=\"oral-paste\" class=\"alignnone size-full\" \/><br \/>\n<\/div><\/div>\n<div class=\"su-column su-column-size-2-3\"><div class=\"su-column-inner su-u-clearfix su-u-trim\">\n<h2>Orale pasta<\/h2>\n<p>Ledig de inhoud van een orale spuit eenmaal per dag en onmiddellijk voorafgaand aan de voeding rechtstreeks in de mond van het paard. Als alternatief kan u de inhoud van de spuit ook rechtstreeks op de voeding van paard spuiten. (Portiegrootte 27 gram.)<br \/>\n<\/div><\/div>\n<\/div>\n<div class=\"su-row\">\n<div class=\"su-column su-column-size-1-3\"><div class=\"su-column-inner su-u-clearfix su-u-trim\">\n<img decoding=\"async\" src=\"\/wp-content\/blogs.dir\/3\/files\/2016\/03\/top-dress-granules.png\" alt=\"top-dress-granules\" class=\"alignnone size-full\" \/><br \/>\n<\/div><\/div>\n<div class=\"su-column su-column-size-2-3\"><div class=\"su-column-inner su-u-clearfix su-u-trim\">\n<h2>Granulaat<\/h2>\n<p>Gewoon een enkele schep SUCCEED granulaat (27 gram), eenmaal per dag rechtstreeks bovenop het voer gegoten, en u bent klaar. Geen menging. Geen andere ingredi\u00ebnten om toe te voegen.<\/p>\n<p>U kan verwachten om binnen 30 dagen resultaat te zien, maar wacht 90 dagen om SUCCEED volledig effect te laten hebben.<br \/>\n<\/div><\/div>\n<\/div>\n<h2>Aanbevolen porties voor verschillende groottes paarden<\/h2>\n<p>SUCCEED is geformuleerd voor een typisch volwassen paard van 550 kg. Omdat dit een voedingsprogramma is en geen farmaceutisch programma, is de standaardportie ook veilig voor kleinere paarden en pony&#8217;s. We bevelen het volgende aan:<br \/>\n\n  <div class=\"serving_sizes row\">\n    <div class=\"serving_sections\">\n      <h2>Veulens en pony's<\/h2><span>Onder 275 kg<\/span>\n      <img decoding=\"async\" src=\"https:\/\/www.succeed-equine.co.uk\/wp-content\/themes\/FoundationPress\/images\/fellas_ponies.png\" \/>\n      <div class=\"circle\">\n        <span>\n          <h3>halve<\/h3>\n          <p>portie<\/p>\n        <\/span>\n      <\/div>\n    <\/div>\n    <div class=\"serving_sections\">\n      <h2>Paarden<\/h2><span>Tot 550 kg<\/span>\n      <img decoding=\"async\" src=\"https:\/\/www.succeed-equine.co.uk\/wp-content\/themes\/FoundationPress\/images\/horse-instructions.jpg\" \/>\n      <div class=\"circle\">\n        <span>\n          <h3>1<\/h3>\n          <p>portie<\/p>\n        <\/span>\n      <\/div>\n    <\/div>\n    <div class=\"serving_sections\">\n      <h2>Grote trekpaarden<\/h2><span> &nbsp;<\/span>\n      <img decoding=\"async\" src=\"https:\/\/www.succeed-equine.co.uk\/wp-content\/themes\/FoundationPress\/images\/large-draft-horse.jpg\" \/>\n      <div class=\"circle\">\n        <span>\n          <h3>1,5-2<\/h3>\n          <p>portie<\/p>\n        <\/span>\n      <\/div>\n    <\/div>\n  <\/div>\n  \n<div class=\"su-spacer\" style=\"height:30px\"><\/div>\n<h2>Veelgestelde vragen<\/h2>\n<p>Voor meer gedetailleerde informatie over veiligheid, verwerking en gebruik van SUCCEED <a href=\"https:\/\/www.succeed-equine.co.uk\/nl\/het-succeed-digestive-conditioning-program\/succeed-gebruiken\/veelgestelde-vragen-succeed\/\">kan u onze sectie Veelgestelde vragen raadplegen.<\/a><\/p>\n","protected":false},"excerpt":{"rendered":"<p>Het is belangrijk om de spijsvertering van uw paard in optimale conditie te houden. En met SUCCEED\u00a0is dat ook eenvoudig. Eenvoudigweg een portie SUCCEED eenmaal per dag, en elk dag, samen met het gewone voeder, [&hellip;]<\/p>\n","protected":false},"author":14,"featured_media":0,"parent":8159,"menu_order":0,"comment_status":"closed","ping_status":"closed","template":"","meta":{"_acf_changed":false,"footnotes":""},"class_list":["post-8186","page","type-page","status-publish","hentry"],"acf":[],"yoast_head":"<!-- This site is optimized with the Yoast SEO plugin v26.6 - https:\/\/yoast.com\/wordpress\/plugins\/seo\/ -->\n<title>Instruktioner f\u00f6r anv\u00e4ndning av SUCCEED f\u00f6r h\u00e4star | SUCCEED Europa<\/title>\n<meta name=\"description\" content=\"Det \u00e4r viktigt att h\u00e5lla din h\u00e4sts matsm\u00e4ltningssystemh\u00e4lsa i optimalt skick. Och med SUCCEED \u00e4r det ocks\u00e5 enkelt. F\u00e5 reda p\u00e5 hur du utfodrar med SUCCEED.\" \/>\n<meta name=\"robots\" content=\"index, follow, max-snippet:-1, max-image-preview:large, max-video-preview:-1\" \/>\n<link rel=\"canonical\" href=\"https:\/\/www.succeed-equine.co.uk\/nl\/het-succeed-digestive-conditioning-program\/succeed-gebruiken\/gebruiksaanwijzing\/\" \/>\n<meta property=\"og:locale\" content=\"nl_NL\" \/>\n<meta property=\"og:type\" content=\"article\" \/>\n<meta property=\"og:title\" content=\"Instruktioner f\u00f6r anv\u00e4ndning av SUCCEED f\u00f6r h\u00e4star | SUCCEED Europa\" \/>\n<meta property=\"og:description\" content=\"Det \u00e4r viktigt att h\u00e5lla din h\u00e4sts matsm\u00e4ltningssystemh\u00e4lsa i optimalt skick. Och med SUCCEED \u00e4r det ocks\u00e5 enkelt. F\u00e5 reda p\u00e5 hur du utfodrar med SUCCEED.\" \/>\n<meta property=\"og:url\" content=\"https:\/\/www.succeed-equine.co.uk\/nl\/het-succeed-digestive-conditioning-program\/succeed-gebruiken\/gebruiksaanwijzing\/\" \/>\n<meta property=\"og:site_name\" content=\"SUCCEED Europe\" \/>\n<meta property=\"article:modified_time\" content=\"2018-02-23T21:07:03+00:00\" \/>\n<meta property=\"og:image\" content=\"https:\/\/www.succeed-equine.co.uk\/wp-content\/blogs.dir\/3\/files\/2016\/03\/oral-paste.png\" \/>\n<meta name=\"twitter:card\" content=\"summary_large_image\" \/>\n<meta name=\"twitter:label1\" content=\"Geschatte leestijd\" \/>\n\t<meta name=\"twitter:data1\" content=\"2 minuten\" \/>\n<script type=\"application\/ld+json\" class=\"yoast-schema-graph\">{\"@context\":\"https:\/\/schema.org\",\"@graph\":[{\"@type\":\"WebPage\",\"@id\":\"https:\/\/www.succeed-equine.co.uk\/nl\/het-succeed-digestive-conditioning-program\/succeed-gebruiken\/gebruiksaanwijzing\/\",\"url\":\"https:\/\/www.succeed-equine.co.uk\/nl\/het-succeed-digestive-conditioning-program\/succeed-gebruiken\/gebruiksaanwijzing\/\",\"name\":\"Instruktioner f\u00f6r anv\u00e4ndning av SUCCEED f\u00f6r h\u00e4star | SUCCEED Europa\",\"isPartOf\":{\"@id\":\"https:\/\/www.succeed-equine.co.uk\/#website\"},\"datePublished\":\"2017-11-23T16:48:21+00:00\",\"dateModified\":\"2018-02-23T21:07:03+00:00\",\"description\":\"Det \u00e4r viktigt att h\u00e5lla din h\u00e4sts matsm\u00e4ltningssystemh\u00e4lsa i optimalt skick. Och med SUCCEED \u00e4r det ocks\u00e5 enkelt. F\u00e5 reda p\u00e5 hur du utfodrar med SUCCEED.\",\"breadcrumb\":{\"@id\":\"https:\/\/www.succeed-equine.co.uk\/nl\/het-succeed-digestive-conditioning-program\/succeed-gebruiken\/gebruiksaanwijzing\/#breadcrumb\"},\"inLanguage\":\"nl-NL\",\"potentialAction\":[{\"@type\":\"ReadAction\",\"target\":[\"https:\/\/www.succeed-equine.co.uk\/nl\/het-succeed-digestive-conditioning-program\/succeed-gebruiken\/gebruiksaanwijzing\/\"]}]},{\"@type\":\"BreadcrumbList\",\"@id\":\"https:\/\/www.succeed-equine.co.uk\/nl\/het-succeed-digestive-conditioning-program\/succeed-gebruiken\/gebruiksaanwijzing\/#breadcrumb\",\"itemListElement\":[{\"@type\":\"ListItem\",\"position\":1,\"name\":\"Home\",\"item\":\"https:\/\/www.succeed-equine.co.uk\/nl\/\"},{\"@type\":\"ListItem\",\"position\":2,\"name\":\"Over het SUCCEED\u00ae Digestive Conditioning Program\",\"item\":\"https:\/\/www.succeed-equine.co.uk\/nl\/het-succeed-digestive-conditioning-program\/\"},{\"@type\":\"ListItem\",\"position\":3,\"name\":\"SUCCEED\u00ae gebruiken\",\"item\":\"https:\/\/www.succeed-equine.co.uk\/nl\/het-succeed-digestive-conditioning-program\/succeed-gebruiken\/\"},{\"@type\":\"ListItem\",\"position\":4,\"name\":\"Gebruiksaanwijzing\"}]},{\"@type\":\"WebSite\",\"@id\":\"https:\/\/www.succeed-equine.co.uk\/#website\",\"url\":\"https:\/\/www.succeed-equine.co.uk\/\",\"name\":\"SUCCEED Europe\",\"description\":\"My horse at its best.\",\"potentialAction\":[{\"@type\":\"SearchAction\",\"target\":{\"@type\":\"EntryPoint\",\"urlTemplate\":\"https:\/\/www.succeed-equine.co.uk\/?s={search_term_string}\"},\"query-input\":{\"@type\":\"PropertyValueSpecification\",\"valueRequired\":true,\"valueName\":\"search_term_string\"}}],\"inLanguage\":\"nl-NL\"}]}<\/script>\n<!-- \/ Yoast SEO plugin. -->","yoast_head_json":{"title":"Instruktioner f\u00f6r anv\u00e4ndning av SUCCEED f\u00f6r h\u00e4star | SUCCEED Europa","description":"Det \u00e4r viktigt att h\u00e5lla din h\u00e4sts matsm\u00e4ltningssystemh\u00e4lsa i optimalt skick. Och med SUCCEED \u00e4r det ocks\u00e5 enkelt. F\u00e5 reda p\u00e5 hur du utfodrar med SUCCEED.","robots":{"index":"index","follow":"follow","max-snippet":"max-snippet:-1","max-image-preview":"max-image-preview:large","max-video-preview":"max-video-preview:-1"},"canonical":"https:\/\/www.succeed-equine.co.uk\/nl\/het-succeed-digestive-conditioning-program\/succeed-gebruiken\/gebruiksaanwijzing\/","og_locale":"nl_NL","og_type":"article","og_title":"Instruktioner f\u00f6r anv\u00e4ndning av SUCCEED f\u00f6r h\u00e4star | SUCCEED Europa","og_description":"Det \u00e4r viktigt att h\u00e5lla din h\u00e4sts matsm\u00e4ltningssystemh\u00e4lsa i optimalt skick. Och med SUCCEED \u00e4r det ocks\u00e5 enkelt. F\u00e5 reda p\u00e5 hur du utfodrar med SUCCEED.","og_url":"https:\/\/www.succeed-equine.co.uk\/nl\/het-succeed-digestive-conditioning-program\/succeed-gebruiken\/gebruiksaanwijzing\/","og_site_name":"SUCCEED Europe","article_modified_time":"2018-02-23T21:07:03+00:00","og_image":[{"url":"https:\/\/www.succeed-equine.co.uk\/wp-content\/blogs.dir\/3\/files\/2016\/03\/oral-paste.png","type":"","width":"","height":""}],"twitter_card":"summary_large_image","twitter_misc":{"Geschatte leestijd":"2 minuten"},"schema":{"@context":"https:\/\/schema.org","@graph":[{"@type":"WebPage","@id":"https:\/\/www.succeed-equine.co.uk\/nl\/het-succeed-digestive-conditioning-program\/succeed-gebruiken\/gebruiksaanwijzing\/","url":"https:\/\/www.succeed-equine.co.uk\/nl\/het-succeed-digestive-conditioning-program\/succeed-gebruiken\/gebruiksaanwijzing\/","name":"Instruktioner f\u00f6r anv\u00e4ndning av SUCCEED f\u00f6r h\u00e4star | SUCCEED Europa","isPartOf":{"@id":"https:\/\/www.succeed-equine.co.uk\/#website"},"datePublished":"2017-11-23T16:48:21+00:00","dateModified":"2018-02-23T21:07:03+00:00","description":"Det \u00e4r viktigt att h\u00e5lla din h\u00e4sts matsm\u00e4ltningssystemh\u00e4lsa i optimalt skick. Och med SUCCEED \u00e4r det ocks\u00e5 enkelt. F\u00e5 reda p\u00e5 hur du utfodrar med SUCCEED.","breadcrumb":{"@id":"https:\/\/www.succeed-equine.co.uk\/nl\/het-succeed-digestive-conditioning-program\/succeed-gebruiken\/gebruiksaanwijzing\/#breadcrumb"},"inLanguage":"nl-NL","potentialAction":[{"@type":"ReadAction","target":["https:\/\/www.succeed-equine.co.uk\/nl\/het-succeed-digestive-conditioning-program\/succeed-gebruiken\/gebruiksaanwijzing\/"]}]},{"@type":"BreadcrumbList","@id":"https:\/\/www.succeed-equine.co.uk\/nl\/het-succeed-digestive-conditioning-program\/succeed-gebruiken\/gebruiksaanwijzing\/#breadcrumb","itemListElement":[{"@type":"ListItem","position":1,"name":"Home","item":"https:\/\/www.succeed-equine.co.uk\/nl\/"},{"@type":"ListItem","position":2,"name":"Over het SUCCEED\u00ae Digestive Conditioning Program","item":"https:\/\/www.succeed-equine.co.uk\/nl\/het-succeed-digestive-conditioning-program\/"},{"@type":"ListItem","position":3,"name":"SUCCEED\u00ae gebruiken","item":"https:\/\/www.succeed-equine.co.uk\/nl\/het-succeed-digestive-conditioning-program\/succeed-gebruiken\/"},{"@type":"ListItem","position":4,"name":"Gebruiksaanwijzing"}]},{"@type":"WebSite","@id":"https:\/\/www.succeed-equine.co.uk\/#website","url":"https:\/\/www.succeed-equine.co.uk\/","name":"SUCCEED Europe","description":"My horse at its best.","potentialAction":[{"@type":"SearchAction","target":{"@type":"EntryPoint","urlTemplate":"https:\/\/www.succeed-equine.co.uk\/?s={search_term_string}"},"query-input":{"@type":"PropertyValueSpecification","valueRequired":true,"valueName":"search_term_string"}}],"inLanguage":"nl-NL"}]}},"_links":{"self":[{"href":"https:\/\/www.succeed-equine.co.uk\/nl\/wp-json\/wp\/v2\/pages\/8186","targetHints":{"allow":["GET"]}}],"collection":[{"href":"https:\/\/www.succeed-equine.co.uk\/nl\/wp-json\/wp\/v2\/pages"}],"about":[{"href":"https:\/\/www.succeed-equine.co.uk\/nl\/wp-json\/wp\/v2\/types\/page"}],"author":[{"embeddable":true,"href":"https:\/\/www.succeed-equine.co.uk\/nl\/wp-json\/wp\/v2\/users\/14"}],"replies":[{"embeddable":true,"href":"https:\/\/www.succeed-equine.co.uk\/nl\/wp-json\/wp\/v2\/comments?post=8186"}],"version-history":[{"count":0,"href":"https:\/\/www.succeed-equine.co.uk\/nl\/wp-json\/wp\/v2\/pages\/8186\/revisions"}],"up":[{"embeddable":true,"href":"https:\/\/www.succeed-equine.co.uk\/nl\/wp-json\/wp\/v2\/pages\/8159"}],"wp:attachment":[{"href":"https:\/\/www.succeed-equine.co.uk\/nl\/wp-json\/wp\/v2\/media?parent=8186"}],"curies":[{"name":"wp","href":"https:\/\/api.w.org\/{rel}","templated":true}]}}