{"id":8103,"date":"2017-11-16T02:06:22","date_gmt":"2017-11-16T02:06:22","guid":{"rendered":"https:\/\/www.succeed-equine.co.uk\/?page_id=8103"},"modified":"2018-02-23T19:15:41","modified_gmt":"2018-02-23T19:15:41","slug":"om-succeed-matsmaltningsprogrammet","status":"publish","type":"page","link":"https:\/\/www.succeed-equine.co.uk\/sv\/om-succeed-matsmaltningsprogrammet\/","title":{"rendered":"Om SUCCEED\u00ae matsm\u00e4ltningsprogrammet"},"content":{"rendered":"<div class=\"su-row\">\n<div class=\"su-column su-column-size-1-2\"><div class=\"su-column-inner su-u-clearfix su-u-trim\">\u00a0Om du <a href=\"https:\/\/www.succeed-equine.co.uk\/serious-horse\/\">\u00e4r seri\u00f6s om h\u00e4star<\/a>, vad som \u00e4r viktigt \u00e4r att g\u00f6ra saker p\u00e5 r\u00e4tt s\u00e4tt, och att g\u00f6ra vad som \u00e4r r\u00e4tt f\u00f6r h\u00e4sten. Du vill att din h\u00e4st ska vara 100 %, s\u00e5 du ger 100 %.<\/p>\n<p>Det \u00e4r d\u00e4rf\u00f6r du ser till att dina h\u00e4star f\u00e5r r\u00e4tt v\u00e5rd, r\u00e4tt foder \u2026 och SUCCEED. <\/div><\/div>\n<div class=\"su-column su-column-size-1-2\"><div class=\"su-column-inner su-u-clearfix su-u-trim\"> Seri\u00f6sa h\u00e4stm\u00e4nniskor \u00f6ver hela v\u00e4rlden anv\u00e4nder SUCCEED, en n\u00e4ringsm\u00e4ssig metod f\u00f6r att hantera h\u00e4stens matsm\u00e4ltningsh\u00e4lsa, inklusive mage och baktarm. De vet att ett sunt matsm\u00e4ltningssystem st\u00f6djer varje aspekt av h\u00e4stens h\u00e4lsa. Och det inneb\u00e4r b\u00e4ttre prestation, b\u00e4ttre attityd, b\u00e4ttre p\u00e5 allt. <\/div><\/div>\n<\/div><div class=\"su-row\">\n<div class=\"su-column su-column-size-1-2\"><div class=\"su-column-inner su-u-clearfix su-u-trim\"><img decoding=\"async\" src=\"https:\/\/www.succeed-equine.co.uk\/wp-content\/blogs.dir\/3\/files\/2011\/01\/SUCCEED-Digestive-Conditioning-Program.png\" alt=\"SUCCEED-Digestive-Conditioning-Program\" class=\"alignnone size-full\" \/><\/div><\/div>\n<div class=\"su-column su-column-size-1-2\"><div class=\"su-column-inner su-u-clearfix su-u-trim\"><strong>Anv\u00e4ndningar f\u00f6r SUCCEED inkluderar:<\/strong><\/p>\n<ul>\n<li>Motverkande av kroniska matsm\u00e4ltningsst\u00f6rningar i tunntarmen.<\/li>\n<li>Motverkande av kroniska matsm\u00e4ltningsst\u00f6rningar i tjocktarmen.<\/li>\n<li>N\u00e4ringsm\u00e4ssig \u00e5terh\u00e4mtning, konvalescens.<\/div><\/div>\n<\/div><\/li>\n<\/ul>\n<h2>SUCCEED\u00ae matsm\u00e4ltningsprogram: Formel f\u00f6r framg\u00e5ng<\/h2>\n<p>SUCCEED matsm\u00e4ltningsprogrammet \u00e4r en seri\u00f6s produkt f\u00f6r seri\u00f6sa h\u00e4stm\u00e4nniskor. Det \u00e4r det enda tillskottet f\u00f6r matsm\u00e4ltningsh\u00e4lsa f\u00f6r h\u00e4star, med flera patent \u00f6ver hela v\u00e4rlden. Det \u00e4r en egenutvecklad formel av n\u00e4ringsrika ingredienser med \u00f6verl\u00e4gsen kvalitet och renhet, inklusive:<\/p>\n<div class=\"ingrediants_list\"><div class=\"su-row\">\n<div class=\"su-column su-column-size-1-5\"><div class=\"su-column-inner su-u-clearfix su-u-trim\">\n<h3>Havreolja<\/h3>\n<p><img decoding=\"async\" src=\"http:\/\/www.succeed-equine.com\/wp-content\/uploads\/2016\/05\/oat_oil.jpg\" alt=\"oat_oil\" class=\"alignnone size-full\" \/><\/p>\n<p>Havreolja utvinns genom en unik process f\u00f6r att beh\u00e5lla en h\u00f6g koncentration av <a href=\"http:\/\/www.succeed-equine.com\/education\/polar-lipids-for-horses\/\">pol\u00e4ra lipider<\/a>, specialiserade fettmolekyler som ger en m\u00e4ngd f\u00f6rdelar i tarmen.<\/p>\n<\/div><\/div>\n<div class=\"su-column su-column-size-1-5\"><div class=\"su-column-inner su-u-clearfix su-u-trim\">\n<h3>Havrekli<\/h3>\n<p><img decoding=\"async\" src=\"http:\/\/www.succeed-equine.com\/wp-content\/uploads\/2016\/05\/oat_flour.jpg\" alt=\"oat_flour\" class=\"alignnone size-full\" \/><\/p>\n<p>Fr\u00e5n havre med h\u00f6gre kliinneh\u00e5ll och l\u00e4gre st\u00e4rkelse, bearbetad f\u00f6r att beh\u00e5lla en h\u00f6g koncentration av <a href=\"http:\/\/www.succeed-equine.com\/education\/beta-glucan-for-horses\/\">betaglukan<\/a> som underl\u00e4ttar absorption av n\u00e4rings\u00e4mnen och hj\u00e4lper till att d\u00e4mpa matsm\u00e4ltningshastigheten.<\/p>\n<\/div><\/div>\n<div class=\"su-column su-column-size-1-5\"><div class=\"su-column-inner su-u-clearfix su-u-trim\">\n<h3>J\u00e4stprodukter<\/h3>\n<p><img decoding=\"async\" src=\"http:\/\/www.succeed-equine.com\/wp-content\/uploads\/2016\/05\/yeast_products.jpg\" alt=\"yeast_products\" class=\"alignnone size-full\" \/><\/p>\n<p>J\u00e4st inkluderar en betaglukan och en mannanoligosackarid fr\u00e5n<a href=\"http:\/\/www.succeed-equine.com\/education\/yeast-for-horses\/\"> j\u00e4sten Saccharomyces cerevisiae<\/a>,\u00a0som \u00e4r rik p\u00e5 <a href=\"http:\/\/www.succeed-equine.com\/education\/nucleotides-for-horses\/\">nukleotider som<\/a> beh\u00f6vs f\u00f6r cellutveckling s\u00e5v\u00e4l som l\u00e4kning.<\/p>\n<\/div><\/div>\n<div class=\"su-column su-column-size-1-5\"><div class=\"su-column-inner su-u-clearfix su-u-trim\">\n<h3>L-arginin<\/h3>\n<p><img decoding=\"async\" src=\"http:\/\/www.succeed-equine.com\/wp-content\/uploads\/2016\/05\/l_gluetimine.jpg\" alt=\"l_gluetimine\" class=\"alignnone size-full\" \/><\/p>\n<p>Aminosyran L-arginin \u00e4r viktig f\u00f6r korrekt immunfunktion, v\u00e4vnadsreparation, h\u00e4lsosam cirkulation och \u00f6kad tr\u00e4ningskapacitet.<\/p>\n<\/div><\/div>\n<div class=\"su-column su-column-size-1-5\"><div class=\"su-column-inner su-u-clearfix su-u-trim\">\n<h3>L-treonin<\/h3>\n<p><img decoding=\"async\" src=\"http:\/\/www.succeed-equine.com\/wp-content\/uploads\/2016\/05\/l_theo.jpg\" alt=\"l_theo\" class=\"alignnone size-full\" \/><\/p>\n<p><a href=\"http:\/\/www.succeed-equine.com\/education\/l-threonine-for-horses\/\">L-treonin<\/a> st\u00f6djer produktion av mucin, en n\u00f6dv\u00e4ndig del av det slem som sm\u00f6rjer och skyddar tarmslemhinnan.<\/p>\n<\/div><\/div>\n<\/div>\n<\/div>\n<div class=\"product_labeling\">\n<div style=\"clear: both;\">\n<h2 style=\"padding-bottom: 30px !important;\">Produktm\u00e4rkning och information om sammans\u00e4ttning<\/h2>\n<p><a href=\"\/?page_id=8131\">L\u00e4s mer om SUCCEED:s ingredienser<\/a><\/p>\n<\/div>\n<div class=\"row\">\n<div class=\"large-4 medium-12 small-12 columns\">\n<p>Seri\u00f6sa h\u00e4stm\u00e4nniskor vet ocks\u00e5 att SUCCEED st\u00f6ds av rigor\u00f6sa vetenskapliga studier. Och viktigast av allt \u2013 de vet att det verkligen fungerar.\u00a0Forskning och data \u00e4r tillg\u00e4ngliga i SUCCEED:s veterin\u00e4rmedicinska centrum.<\/p>\n<h3 class=\"callout\" style=\"letter-spacing: -.75px;\">Redo att pr\u00f6va SUCCEED? Prata med din veterin\u00e4r idag.<\/h3>\n<\/div>\n<div class=\"large-8 medium-12 small-12 columns\">\n<div>\n<h4>Produktm\u00e4rkning:<\/h4>\n<p><a href=\"\/wp-content\/blogs.dir\/3\/files\/2017\/08\/succeed-euro-dcp-labels.pdf\" target=\"_blank\" rel=\"noopener\"><img decoding=\"async\" src=\"http:\/\/www.succeed-equine.com\/wp-content\/uploads\/2016\/05\/product_info1.jpg\" alt=\"product_info1\" class=\"alignnone size-full\" \/><\/a><\/p>\n<\/div>\n<div>\n<h4>Granulat:<\/h4>\n<p><a href=\"\/wp-content\/blogs.dir\/3\/files\/2017\/08\/succeed-euro-granules-composition-label.jpg\" target=\"_blank\" rel=\"noopener\"><img decoding=\"async\" src=\"https:\/\/www.succeed-equine.co.uk\/wp-content\/blogs.dir\/3\/files\/2011\/01\/granuals.jpg\" alt=\"granuals\" class=\"alignnone size-full\" \/><\/a><\/p>\n<\/div>\n<div>\n<h4>Pasta:<\/h4>\n<p><a href=\"\/wp-content\/blogs.dir\/3\/files\/2017\/08\/succeed-euro-paste-composition-label.jpg\" target=\"_blank\" rel=\"noopener\"><img decoding=\"async\" src=\"https:\/\/www.succeed-equine.co.uk\/wp-content\/blogs.dir\/3\/files\/2011\/01\/paste.jpg\" alt=\"paste\" class=\"alignnone size-full\" \/><\/a><\/p>\n<\/div>\n<\/div>\n<\/div>\n<\/div>\n<h2>Anv\u00e4nda SUCCEED\u00ae matsm\u00e4ltningsprogram<\/h2>\n<div class=\"su-row\">\n<div class=\"su-column su-column-size-3-4\"><div class=\"su-column-inner su-u-clearfix su-u-trim\">\nDet \u00e4r viktigt att h\u00e5lla din h\u00e4sts matsm\u00e4ltningssystemh\u00e4lsa i optimalt skick. Och med SUCCEED \u00e4r det ocks\u00e5 enkelt. Bara en portion SUCCEED en g\u00e5ng om dagen, varje dag med den vanliga utfodringen \u00e4r allt som beh\u00f6vs. Det \u00e4r allt.<\/p>\n<p>Vi rekommenderar att du r\u00e5dfr\u00e5gar en veterin\u00e4r f\u00f6re anv\u00e4ndning eller om du f\u00f6rl\u00e4nger anv\u00e4ndningstiden.<br \/>\n<\/div><\/div>\n<div class=\"su-column su-column-size-1-4\"><div class=\"su-column-inner su-u-clearfix su-u-trim\">\n<p style=\"text-align: left;\"><a href=\"\/?page_id=8188\">Bruksanvisning<\/a><br \/>\n<a href=\"\/?page_id=8202\">F\u00f6rvaring och hantering<\/a><br \/>\n<a href=\"\/?page_id=8217\">Vanliga fr\u00e5gor och svar<\/a><\/p>\n<\/div><\/div>\n<\/div>\n\n  <\/div>\n  <\/article>\n  <\/div>\n  <div class=\"product_options_bg\">\n    <div class=\"row\">\n      <h2>SUCCEED produktalternativ<\/h2>\n      <div class=\"large-5 medium-5 small-12 columns\">\n      <p>Samma fantastiska SUCCEED-formel finns i b\u00e5de oral pasta och granulat f\u00f6r utfodring med toppdressing.<\/p>\n        <div class=\"bttn custom-wpml-bttn-fix\">\n        <a href=\"https:\/\/www.succeed-equine.co.uk\/sv\/om-succeed-matsmaltningsprogrammet\/product-options\/\">Se alla produktalternativ<\/a>\n        <\/div>\n      <\/div>\n      <div class=\"large-7 medium-7 small-12 columns\">\n        <img fetchpriority=\"high\" decoding=\"async\" src=\"\/wp-content\/uploads\/2016\/07\/all-buckets-carton-EU.png\" alt=\"Succeed Carton and Buckets\" width=\"668\" height=\"434\" class=\"alignnone size-full wp-image-7042\" \/>\n      <\/div>\n    <\/div>\n  <\/div>\n  <div id=\"single-page\" class=\"row main_content_area\">\n    <article class=\"main-content large-12 medium-12 small-12 columns\" id=\"post-6986\">\n      <div class=\"entry-content\">\n  \n","protected":false},"excerpt":{"rendered":"<p>SUCCEED\u00ae matsm\u00e4ltningsprogram: Formel f\u00f6r framg\u00e5ng SUCCEED matsm\u00e4ltningsprogrammet \u00e4r en seri\u00f6s produkt f\u00f6r seri\u00f6sa h\u00e4stm\u00e4nniskor. Det \u00e4r det enda tillskottet f\u00f6r matsm\u00e4ltningsh\u00e4lsa f\u00f6r h\u00e4star, med flera patent \u00f6ver hela v\u00e4rlden. Det \u00e4r en egenutvecklad formel av [&hellip;]<\/p>\n","protected":false},"author":14,"featured_media":0,"parent":0,"menu_order":0,"comment_status":"closed","ping_status":"closed","template":"","meta":{"_acf_changed":false,"footnotes":""},"class_list":["post-8103","page","type-page","status-publish","hentry"],"acf":[],"yoast_head":"<!-- This site is optimized with the Yoast SEO plugin v26.6 - https:\/\/yoast.com\/wordpress\/plugins\/seo\/ -->\n<title>Om SUCCEED matsm\u00e4ltningsprogram | SUCCEED Europa<\/title>\n<meta name=\"description\" content=\"Hemligheten med SUCCEED finns i n\u00e4ringsrika ingredienser som st\u00f6djer den \u00f6vergripande h\u00e4lsan hos h\u00e4stens mag-tarmkanal, och finns tillg\u00e4nglig som oral pasta och toppdressinggranulat.\" \/>\n<meta name=\"robots\" content=\"index, follow, max-snippet:-1, max-image-preview:large, max-video-preview:-1\" \/>\n<link rel=\"canonical\" href=\"https:\/\/www.succeed-equine.co.uk\/sv\/om-succeed-matsmaltningsprogrammet\/\" \/>\n<meta property=\"og:locale\" content=\"sv_SE\" \/>\n<meta property=\"og:type\" content=\"article\" \/>\n<meta property=\"og:title\" content=\"Om SUCCEED matsm\u00e4ltningsprogram | SUCCEED Europa\" \/>\n<meta property=\"og:description\" content=\"Hemligheten med SUCCEED finns i n\u00e4ringsrika ingredienser som st\u00f6djer den \u00f6vergripande h\u00e4lsan hos h\u00e4stens mag-tarmkanal, och finns tillg\u00e4nglig som oral pasta och toppdressinggranulat.\" \/>\n<meta property=\"og:url\" content=\"https:\/\/www.succeed-equine.co.uk\/sv\/om-succeed-matsmaltningsprogrammet\/\" \/>\n<meta property=\"og:site_name\" content=\"SUCCEED Europe\" \/>\n<meta property=\"article:modified_time\" content=\"2018-02-23T19:15:41+00:00\" \/>\n<meta property=\"og:image\" content=\"https:\/\/www.succeed-equine.co.uk\/wp-content\/blogs.dir\/3\/files\/2011\/01\/SUCCEED-Digestive-Conditioning-Program.png\" \/>\n<meta name=\"twitter:card\" content=\"summary_large_image\" \/>\n<meta name=\"twitter:label1\" content=\"Ber\u00e4knad l\u00e4stid\" \/>\n\t<meta name=\"twitter:data1\" content=\"3 minuter\" \/>\n<script type=\"application\/ld+json\" class=\"yoast-schema-graph\">{\"@context\":\"https:\/\/schema.org\",\"@graph\":[{\"@type\":\"WebPage\",\"@id\":\"https:\/\/www.succeed-equine.co.uk\/sv\/om-succeed-matsmaltningsprogrammet\/\",\"url\":\"https:\/\/www.succeed-equine.co.uk\/sv\/om-succeed-matsmaltningsprogrammet\/\",\"name\":\"Om SUCCEED matsm\u00e4ltningsprogram | SUCCEED Europa\",\"isPartOf\":{\"@id\":\"https:\/\/www.succeed-equine.co.uk\/#website\"},\"primaryImageOfPage\":{\"@id\":\"https:\/\/www.succeed-equine.co.uk\/sv\/om-succeed-matsmaltningsprogrammet\/#primaryimage\"},\"image\":{\"@id\":\"https:\/\/www.succeed-equine.co.uk\/sv\/om-succeed-matsmaltningsprogrammet\/#primaryimage\"},\"thumbnailUrl\":\"https:\/\/www.succeed-equine.co.uk\/wp-content\/blogs.dir\/3\/files\/2011\/01\/SUCCEED-Digestive-Conditioning-Program.png\",\"datePublished\":\"2017-11-16T02:06:22+00:00\",\"dateModified\":\"2018-02-23T19:15:41+00:00\",\"description\":\"Hemligheten med SUCCEED finns i n\u00e4ringsrika ingredienser som st\u00f6djer den \u00f6vergripande h\u00e4lsan hos h\u00e4stens mag-tarmkanal, och finns tillg\u00e4nglig som oral pasta och toppdressinggranulat.\",\"breadcrumb\":{\"@id\":\"https:\/\/www.succeed-equine.co.uk\/sv\/om-succeed-matsmaltningsprogrammet\/#breadcrumb\"},\"inLanguage\":\"sv-SE\",\"potentialAction\":[{\"@type\":\"ReadAction\",\"target\":[\"https:\/\/www.succeed-equine.co.uk\/sv\/om-succeed-matsmaltningsprogrammet\/\"]}]},{\"@type\":\"ImageObject\",\"inLanguage\":\"sv-SE\",\"@id\":\"https:\/\/www.succeed-equine.co.uk\/sv\/om-succeed-matsmaltningsprogrammet\/#primaryimage\",\"url\":\"https:\/\/www.succeed-equine.co.uk\/wp-content\/blogs.dir\/3\/files\/2011\/01\/SUCCEED-Digestive-Conditioning-Program.png\",\"contentUrl\":\"https:\/\/www.succeed-equine.co.uk\/wp-content\/blogs.dir\/3\/files\/2011\/01\/SUCCEED-Digestive-Conditioning-Program.png\"},{\"@type\":\"BreadcrumbList\",\"@id\":\"https:\/\/www.succeed-equine.co.uk\/sv\/om-succeed-matsmaltningsprogrammet\/#breadcrumb\",\"itemListElement\":[{\"@type\":\"ListItem\",\"position\":1,\"name\":\"Home\",\"item\":\"https:\/\/www.succeed-equine.co.uk\/sv\/\"},{\"@type\":\"ListItem\",\"position\":2,\"name\":\"Om SUCCEED\u00ae matsm\u00e4ltningsprogrammet\"}]},{\"@type\":\"WebSite\",\"@id\":\"https:\/\/www.succeed-equine.co.uk\/#website\",\"url\":\"https:\/\/www.succeed-equine.co.uk\/\",\"name\":\"SUCCEED Europe\",\"description\":\"My horse at its best.\",\"potentialAction\":[{\"@type\":\"SearchAction\",\"target\":{\"@type\":\"EntryPoint\",\"urlTemplate\":\"https:\/\/www.succeed-equine.co.uk\/?s={search_term_string}\"},\"query-input\":{\"@type\":\"PropertyValueSpecification\",\"valueRequired\":true,\"valueName\":\"search_term_string\"}}],\"inLanguage\":\"sv-SE\"}]}<\/script>\n<!-- \/ Yoast SEO plugin. -->","yoast_head_json":{"title":"Om SUCCEED matsm\u00e4ltningsprogram | SUCCEED Europa","description":"Hemligheten med SUCCEED finns i n\u00e4ringsrika ingredienser som st\u00f6djer den \u00f6vergripande h\u00e4lsan hos h\u00e4stens mag-tarmkanal, och finns tillg\u00e4nglig som oral pasta och toppdressinggranulat.","robots":{"index":"index","follow":"follow","max-snippet":"max-snippet:-1","max-image-preview":"max-image-preview:large","max-video-preview":"max-video-preview:-1"},"canonical":"https:\/\/www.succeed-equine.co.uk\/sv\/om-succeed-matsmaltningsprogrammet\/","og_locale":"sv_SE","og_type":"article","og_title":"Om SUCCEED matsm\u00e4ltningsprogram | SUCCEED Europa","og_description":"Hemligheten med SUCCEED finns i n\u00e4ringsrika ingredienser som st\u00f6djer den \u00f6vergripande h\u00e4lsan hos h\u00e4stens mag-tarmkanal, och finns tillg\u00e4nglig som oral pasta och toppdressinggranulat.","og_url":"https:\/\/www.succeed-equine.co.uk\/sv\/om-succeed-matsmaltningsprogrammet\/","og_site_name":"SUCCEED Europe","article_modified_time":"2018-02-23T19:15:41+00:00","og_image":[{"url":"https:\/\/www.succeed-equine.co.uk\/wp-content\/blogs.dir\/3\/files\/2011\/01\/SUCCEED-Digestive-Conditioning-Program.png","type":"","width":"","height":""}],"twitter_card":"summary_large_image","twitter_misc":{"Ber\u00e4knad l\u00e4stid":"3 minuter"},"schema":{"@context":"https:\/\/schema.org","@graph":[{"@type":"WebPage","@id":"https:\/\/www.succeed-equine.co.uk\/sv\/om-succeed-matsmaltningsprogrammet\/","url":"https:\/\/www.succeed-equine.co.uk\/sv\/om-succeed-matsmaltningsprogrammet\/","name":"Om SUCCEED matsm\u00e4ltningsprogram | SUCCEED Europa","isPartOf":{"@id":"https:\/\/www.succeed-equine.co.uk\/#website"},"primaryImageOfPage":{"@id":"https:\/\/www.succeed-equine.co.uk\/sv\/om-succeed-matsmaltningsprogrammet\/#primaryimage"},"image":{"@id":"https:\/\/www.succeed-equine.co.uk\/sv\/om-succeed-matsmaltningsprogrammet\/#primaryimage"},"thumbnailUrl":"https:\/\/www.succeed-equine.co.uk\/wp-content\/blogs.dir\/3\/files\/2011\/01\/SUCCEED-Digestive-Conditioning-Program.png","datePublished":"2017-11-16T02:06:22+00:00","dateModified":"2018-02-23T19:15:41+00:00","description":"Hemligheten med SUCCEED finns i n\u00e4ringsrika ingredienser som st\u00f6djer den \u00f6vergripande h\u00e4lsan hos h\u00e4stens mag-tarmkanal, och finns tillg\u00e4nglig som oral pasta och toppdressinggranulat.","breadcrumb":{"@id":"https:\/\/www.succeed-equine.co.uk\/sv\/om-succeed-matsmaltningsprogrammet\/#breadcrumb"},"inLanguage":"sv-SE","potentialAction":[{"@type":"ReadAction","target":["https:\/\/www.succeed-equine.co.uk\/sv\/om-succeed-matsmaltningsprogrammet\/"]}]},{"@type":"ImageObject","inLanguage":"sv-SE","@id":"https:\/\/www.succeed-equine.co.uk\/sv\/om-succeed-matsmaltningsprogrammet\/#primaryimage","url":"https:\/\/www.succeed-equine.co.uk\/wp-content\/blogs.dir\/3\/files\/2011\/01\/SUCCEED-Digestive-Conditioning-Program.png","contentUrl":"https:\/\/www.succeed-equine.co.uk\/wp-content\/blogs.dir\/3\/files\/2011\/01\/SUCCEED-Digestive-Conditioning-Program.png"},{"@type":"BreadcrumbList","@id":"https:\/\/www.succeed-equine.co.uk\/sv\/om-succeed-matsmaltningsprogrammet\/#breadcrumb","itemListElement":[{"@type":"ListItem","position":1,"name":"Home","item":"https:\/\/www.succeed-equine.co.uk\/sv\/"},{"@type":"ListItem","position":2,"name":"Om SUCCEED\u00ae matsm\u00e4ltningsprogrammet"}]},{"@type":"WebSite","@id":"https:\/\/www.succeed-equine.co.uk\/#website","url":"https:\/\/www.succeed-equine.co.uk\/","name":"SUCCEED Europe","description":"My horse at its best.","potentialAction":[{"@type":"SearchAction","target":{"@type":"EntryPoint","urlTemplate":"https:\/\/www.succeed-equine.co.uk\/?s={search_term_string}"},"query-input":{"@type":"PropertyValueSpecification","valueRequired":true,"valueName":"search_term_string"}}],"inLanguage":"sv-SE"}]}},"_links":{"self":[{"href":"https:\/\/www.succeed-equine.co.uk\/sv\/wp-json\/wp\/v2\/pages\/8103","targetHints":{"allow":["GET"]}}],"collection":[{"href":"https:\/\/www.succeed-equine.co.uk\/sv\/wp-json\/wp\/v2\/pages"}],"about":[{"href":"https:\/\/www.succeed-equine.co.uk\/sv\/wp-json\/wp\/v2\/types\/page"}],"author":[{"embeddable":true,"href":"https:\/\/www.succeed-equine.co.uk\/sv\/wp-json\/wp\/v2\/users\/14"}],"replies":[{"embeddable":true,"href":"https:\/\/www.succeed-equine.co.uk\/sv\/wp-json\/wp\/v2\/comments?post=8103"}],"version-history":[{"count":0,"href":"https:\/\/www.succeed-equine.co.uk\/sv\/wp-json\/wp\/v2\/pages\/8103\/revisions"}],"wp:attachment":[{"href":"https:\/\/www.succeed-equine.co.uk\/sv\/wp-json\/wp\/v2\/media?parent=8103"}],"curies":[{"name":"wp","href":"https:\/\/api.w.org\/{rel}","templated":true}]}}