{"id":8131,"date":"2017-11-18T20:16:01","date_gmt":"2017-11-18T20:16:01","guid":{"rendered":"https:\/\/www.succeed-equine.co.uk\/?page_id=8131"},"modified":"2017-11-18T20:16:01","modified_gmt":"2017-11-18T20:16:01","slug":"ingredienser-succeed-matsmaltningsprogram","status":"publish","type":"page","link":"https:\/\/www.succeed-equine.co.uk\/sv\/om-succeed-matsmaltningsprogrammet\/ingredienser-succeed-matsmaltningsprogram\/","title":{"rendered":"Ingredienser i SUCCEED\u00ae matsm\u00e4ltningsprogram"},"content":{"rendered":"<p>N\u00e4r det g\u00e4ller h\u00e4lsa och v\u00e4lbefinnande, s\u00f6ker seri\u00f6sa h\u00e4stm\u00e4nniskor efter seri\u00f6sa produkter. SUCCEED matsm\u00e4ltningsprogram \u00e4r l\u00f6sningen. Du kommer att inse att:<\/p>\n<div class=\"su-row\">\n<div class=\"su-column su-column-size-1-4\"><div class=\"su-column-inner su-u-clearfix su-u-trim\">\n<ul>\n<li style=\"letter-spacing: -.1px;\">Det \u00e4r det enda tillskottet i sin klass f\u00f6r h\u00e4star, med flera patent \u00f6ver hela v\u00e4rlden.<\/li>\n<\/ul>\n<\/div><\/div>\n<div class=\"su-column su-column-size-1-4\"><div class=\"su-column-inner su-u-clearfix su-u-trim\">\n<ul>\n<li style=\"letter-spacing: -.2px;\">Alla ingredienser har certifierad livsmedelskvalitet eller h\u00f6gre, f\u00f6r att s\u00e4kerst\u00e4lla renhet och kvalitet.<\/li>\n<\/ul>\n<\/div><\/div>\n<div class=\"su-column su-column-size-1-2\"><div class=\"su-column-inner su-u-clearfix su-u-trim\">\n<ul>\n<li>Vi \u00e4r licensierade i Ohio, USA, som en anl\u00e4ggning med <a href=\"https:\/\/www.fda.gov\/Drugs\/DevelopmentApprovalProcess\/Manufacturing\/ucm169105.htm\">god tillverkningssed<\/a> (GMP), som garanterar stringent konsistens samt kvalitet och s\u00e4kerhet.<\/li>\n<\/ul>\n<\/div><\/div>\n<\/div>\n<p>Och dina h\u00e4star kommer att \u00e4lska att SUCCEED:s naturliga havresmak kommer fr\u00e5n havreingredienser, och inte artificiella smak\u00e4mnen. N\u00e4r dina h\u00e4star har smakat SUCCEED f\u00f6rsta g\u00e5ngen, kommer detta att vara den godsak de ser fram emot varje dag.<\/p>\n<h2>SUCCEED\u00ae formel f\u00f6r fullst\u00e4ndig matsm\u00e4ltningsh\u00e4lsa hos h\u00e4star<\/h2>\n<p>SUCCEED utvecklades genom att fokusera p\u00e5 naturligt f\u00f6rekommande n\u00e4rings\u00e4mnen som \u00e4r n\u00f6dv\u00e4ndiga f\u00f6r h\u00e4lsan i hela mag-tarmkanalen hos h\u00e4sten. Detta inkluderar st\u00f6d f\u00f6r b\u00e5de matsm\u00e4ltningsanatomi (tarmludd, tarmslemhinna) och matsm\u00e4ltningsfunktion (h\u00e4lsosam bakteriebalans, matsm\u00e4ltning, foder\u00f6verg\u00e5ng genom matsm\u00e4ltningskanalen, etc.).<\/p>\n<div class=\"ingrediants_list\"><div class=\"su-row\">\n<div class=\"su-column su-column-size-1-5\"><div class=\"su-column-inner su-u-clearfix su-u-trim\">\n<h3>Havreolja<\/h3>\n<p><img decoding=\"async\" src=\"http:\/\/www.succeed-equine.com\/wp-content\/uploads\/2016\/05\/oat_oil.jpg\" alt=\"oat_oil\" class=\"alignnone size-full\" \/><\/p>\n<div class=\"su-expand su-expand-collapsed su-expand-link-style-underlined\" data-height=\"160\"><div class=\"su-expand-content su-u-trim\" style=\"color:#000;max-height:160px;overflow:hidden\">\n<p>Havreolja \u00e4r rik p\u00e5 pol\u00e4ra lipider, vilka \u00e4r mycket v\u00e4lg\u00f6rande fettmolekyler som \u00e4r viktiga f\u00f6r mag-tarmkanalens normala h\u00e4lsa och funktion. Havre \u00e4r s\u00e4rskilt h\u00f6g i galaktolipider, som endast kan erh\u00e5llas via kosten. SUCCEED:s havreolja erh\u00e5lls med anv\u00e4ndning av en patentskyddad etanextraktionsprocess som beh\u00e5ller en h\u00f6gre koncentration av pol\u00e4ra lipider. Pol\u00e4ra lipider har p\u00e5visats underl\u00e4tta absorption av n\u00e4rings\u00e4mnen, styrka och integritet hos tarmslemhinnans barri\u00e4r och normal hj\u00e4rnfunktion.<\/p>\n<p><a href=\"http:\/\/www.succeed-equine.com\/education\/polar-lipids-for-horses\/\">L\u00e4s forskningen om f\u00f6rdelarna med pol\u00e4ra lipider f\u00f6r matsm\u00e4ltningsh\u00e4lsa<\/a><\/p>\n<\/div><div class=\"su-expand-link su-expand-link-more\" style=\"text-align:left\"><a href=\"javascript:;\" style=\"color:#000;border-color:#000\"><span style=\"border-color:#000\">Visa mindre<\/span><\/a><\/div><div class=\"su-expand-link su-expand-link-less\" style=\"text-align:left\"><a href=\"javascript:;\" style=\"color:#000;border-color:#000\"><span style=\"border-color:#000\">Visa mindre<\/span><\/a><\/div><\/div> <\/div><\/div>\n<div class=\"su-column su-column-size-1-5\"><div class=\"su-column-inner su-u-clearfix su-u-trim\">\n<h3>Havrekli<\/h3>\n<p><img decoding=\"async\" src=\"http:\/\/www.succeed-equine.com\/wp-content\/uploads\/2016\/05\/oat_flour.jpg\" alt=\"oat_flour\" class=\"alignnone size-full\" \/><\/p>\n<div class=\"su-expand su-expand-collapsed su-expand-link-style-underlined\" data-height=\"160\"><div class=\"su-expand-content su-u-trim\" style=\"color:#000;max-height:160px;overflow:hidden\">\n<p>Den havre som anv\u00e4nds vid framst\u00e4llningen av SUCCEED \u00e4r annorlunda \u00e4n den som anv\u00e4nds f\u00f6r att skapa de vanligaste mj\u00f6lsorterna, som de som anv\u00e4nds f\u00f6r bakning. Havrekliet i SUCCEED erh\u00e5lls fr\u00e5n havre med en l\u00e5g st\u00e4rkelsehalt och \u00e4r rik p\u00e5 betaglukan. Betaglukan har visat sig vara anv\u00e4ndbart f\u00f6r att bibeh\u00e5lla en h\u00e4lsosam hastighet vid vilken mat transporteras genom matsm\u00e4ltningskanalen, som reglerar fris\u00e4ttningen av socker fr\u00e5n matsm\u00e4ltningssystemet och st\u00f6djer naturlig immunitet.<\/p>\n<p><a href=\"http:\/\/www.succeed-equine.com\/education\/beta-glucan-for-horses\/\">L\u00e4s forskningen om f\u00f6rdelarna med betaglukan f\u00f6r matsm\u00e4ltningsh\u00e4lsa<\/a><\/p>\n<\/div><div class=\"su-expand-link su-expand-link-more\" style=\"text-align:left\"><a href=\"javascript:;\" style=\"color:#000;border-color:#000\"><span style=\"border-color:#000\">Visa mindre<\/span><\/a><\/div><div class=\"su-expand-link su-expand-link-less\" style=\"text-align:left\"><a href=\"javascript:;\" style=\"color:#000;border-color:#000\"><span style=\"border-color:#000\">Visa mindre<\/span><\/a><\/div><\/div> <\/div><\/div>\n<div class=\"su-column su-column-size-1-5\"><div class=\"su-column-inner su-u-clearfix su-u-trim\">\n<h3>J\u00e4stprodukter<\/h3>\n<p><img decoding=\"async\" src=\"http:\/\/www.succeed-equine.com\/wp-content\/uploads\/2016\/05\/yeast_products.jpg\" alt=\"yeast_products\" class=\"alignnone size-full\" \/><\/p>\n<div class=\"su-expand su-expand-collapsed su-expand-link-style-underlined\" data-height=\"160\"><div class=\"su-expand-content su-u-trim\" style=\"color:#000;max-height:160px;overflow:hidden\">\n<p>SUCCEED inneh\u00e5ller komponenter av Saccharomyces cerevisiae-stammen av j\u00e4st, som visar f\u00f6rdelar f\u00f6r h\u00e4stars matsm\u00e4ltningsh\u00e4lsa. J\u00e4sten i SUCCEED \u00e4r rik p\u00e5 mannanoligosackarider (MOS), betaglukan och nukleotider. MOS fr\u00e4mjar en balanserad mikroflora och ett h\u00e4lsosamt immunf\u00f6rsvar. Nukleotiderna \u00e4r avg\u00f6rande f\u00f6r celltillv\u00e4xt och reparerar och hj\u00e4lper till att uppr\u00e4tth\u00e5lla en h\u00e4lsosam mag-tarmkanal, medan betaglukan skyddar baktarmen.<\/p>\n<p><a href=\"http:\/\/www.succeed-equine.com\/education\/yeast-for-horses\/\">L\u00e4s forskningen om f\u00f6rdelarna med j\u00e4st f\u00f6r matsm\u00e4ltningsh\u00e4lsa<\/a><\/p>\n<\/div><div class=\"su-expand-link su-expand-link-more\" style=\"text-align:left\"><a href=\"javascript:;\" style=\"color:#000;border-color:#000\"><span style=\"border-color:#000\">Visa mindre<\/span><\/a><\/div><div class=\"su-expand-link su-expand-link-less\" style=\"text-align:left\"><a href=\"javascript:;\" style=\"color:#000;border-color:#000\"><span style=\"border-color:#000\">Visa mindre<\/span><\/a><\/div><\/div> <\/div><\/div>\n<div class=\"su-column su-column-size-1-5\"><div class=\"su-column-inner su-u-clearfix su-u-trim\">\n<h3>L-arginin<\/h3>\n<p><img decoding=\"async\" src=\"http:\/\/www.succeed-equine.com\/wp-content\/uploads\/2016\/05\/l_gluetimine.jpg\" alt=\"l_gluetimine\" class=\"alignnone size-full\" \/><\/p>\n<div class=\"su-expand su-expand-collapsed su-expand-link-style-underlined\" data-height=\"160\"><div class=\"su-expand-content su-u-trim\" style=\"color:#000;max-height:160px;overflow:hidden\">\n<p>L-arginin \u00e4r en essentiell aminosyra som associeras med en h\u00e4lsosam tarmslemhinna och snabb s\u00e5rl\u00e4kning. L-arginin \u00e4r viktig f\u00f6r korrekt immunfunktion, v\u00e4vnadsreparation, h\u00e4lsosam cirkulation och \u00f6kad tr\u00e4ningskapacitet. Dessa multipla effekter verkar f\u00f6r att h\u00e5lla h\u00e4sten frisk f\u00f6r b\u00e5de t\u00e4vling och avel.<\/p>\n<\/div><div class=\"su-expand-link su-expand-link-more\" style=\"text-align:left\"><a href=\"javascript:;\" style=\"color:#000;border-color:#000\"><span style=\"border-color:#000\">Visa mindre<\/span><\/a><\/div><div class=\"su-expand-link su-expand-link-less\" style=\"text-align:left\"><a href=\"javascript:;\" style=\"color:#000;border-color:#000\"><span style=\"border-color:#000\">Visa mindre<\/span><\/a><\/div><\/div> <\/div><\/div>\n<div class=\"su-column su-column-size-1-5\"><div class=\"su-column-inner su-u-clearfix su-u-trim\">\n<h3>L-treonin<\/h3>\n<p><img decoding=\"async\" src=\"http:\/\/www.succeed-equine.com\/wp-content\/uploads\/2016\/05\/l_theo.jpg\" alt=\"l_theo\" class=\"alignnone size-full\" \/><\/p>\n<div class=\"su-expand su-expand-collapsed su-expand-link-style-underlined\" data-height=\"160\"><div class=\"su-expand-content su-u-trim\" style=\"color:#000;max-height:160px;overflow:hidden\">\n<p>L-treonin \u00e4r en essentiell aminosyra som \u00e4r n\u00f6dv\u00e4ndig f\u00f6r mag-tarmkanalens h\u00e4lsa. Hos h\u00e4star bidrar L-treonin till en v\u00e4l fungerande mag-tarmkanal. Det hj\u00e4lper ocks\u00e5 matsm\u00e4ltningen och absorption av n\u00e4rings\u00e4mnen, medan det \u00e4ven bidrar till framst\u00e4llning av slem.<\/p>\n<p><a href=\"http:\/\/www.succeed-equine.com\/education\/l-threonine-for-horses\/\">L\u00e4s forskningen om L-treonin och matsm\u00e4ltningsh\u00e4lsa<\/a><\/p>\n<\/div><div class=\"su-expand-link su-expand-link-more\" style=\"text-align:left\"><a href=\"javascript:;\" style=\"color:#000;border-color:#000\"><span style=\"border-color:#000\">Visa mindre<\/span><\/a><\/div><div class=\"su-expand-link su-expand-link-less\" style=\"text-align:left\"><a href=\"javascript:;\" style=\"color:#000;border-color:#000\"><span style=\"border-color:#000\">Visa mindre<\/span><\/a><\/div><\/div> <\/div><\/div>\n<\/div>\n<\/div>\n<div class=\"product_labeling\">\n<h2 style=\"padding-bottom: 30px !important;\">Produktm\u00e4rkning och information om sammans\u00e4ttning<\/h2>\n<div style=\"clear: both;\"><\/div>\n<div class=\"row\">\n<div class=\"large-4 medium-12 small-12 columns\">\n<p>Seri\u00f6sa h\u00e4stm\u00e4nniskor vet ocks\u00e5 att SUCCEED st\u00f6ds av rigor\u00f6sa vetenskapliga studier. Och viktigast av allt \u2013 de vet att det verkligen fungerar. Forskning och data \u00e4r <a href=\"https:\/\/www.succeed-vet.com\/\">tillg\u00e4ngliga i SUCCEED:s veterin\u00e4rmedicinska centrum.<\/a><\/p>\n<h3 class=\"callout\" style=\"letter-spacing: -.75px;\">Redo att pr\u00f6va SUCCEED? Prata med din veterin\u00e4r f\u00f6r att k\u00f6pa produkten.<\/h3>\n<\/div>\n<div class=\"large-8 medium-12 small-12 columns\">\n<div>\n<h4>Produktm\u00e4rkning:<\/h4>\n<p><a href=\"\/wp-content\/blogs.dir\/3\/files\/2017\/08\/succeed-euro-dcp-labels.pdf\" target=\"_blank\" rel=\"noopener\"><img decoding=\"async\" src=\"http:\/\/www.succeed-equine.com\/wp-content\/uploads\/2016\/05\/product_info1.jpg\" alt=\"product_info1\" class=\"alignnone size-full\" \/><\/a><\/p>\n<\/div>\n<div>\n<h4>Granulat:<\/h4>\n<p><a href=\"\/wp-content\/blogs.dir\/3\/files\/2017\/08\/succeed-euro-granules-composition-label.jpg\" target=\"_blank\" rel=\"noopener\"><img decoding=\"async\" src=\"https:\/\/www.succeed-equine.co.uk\/wp-content\/blogs.dir\/3\/files\/2011\/01\/granuals.jpg\" alt=\"granuals\" class=\"alignnone size-full\" \/><\/a><\/p>\n<\/div>\n<div>\n<h4>Pasta:<\/h4>\n<p><a href=\"\/wp-content\/blogs.dir\/3\/files\/2017\/08\/succeed-euro-paste-composition-label.jpg\" target=\"_blank\" rel=\"noopener\"><img decoding=\"async\" src=\"https:\/\/www.succeed-equine.co.uk\/wp-content\/blogs.dir\/3\/files\/2011\/01\/paste.jpg\" alt=\"paste\" class=\"alignnone size-full\" \/><\/a><\/p>\n<\/div>\n<\/div>\n<\/div>\n<\/div>\n","protected":false},"excerpt":{"rendered":"<p>N\u00e4r det g\u00e4ller h\u00e4lsa och v\u00e4lbefinnande, s\u00f6ker seri\u00f6sa h\u00e4stm\u00e4nniskor efter seri\u00f6sa produkter. SUCCEED matsm\u00e4ltningsprogram \u00e4r l\u00f6sningen. Du kommer att inse att: Och dina h\u00e4star kommer att \u00e4lska att SUCCEED:s naturliga havresmak kommer fr\u00e5n havreingredienser, och [&hellip;]<\/p>\n","protected":false},"author":14,"featured_media":0,"parent":8103,"menu_order":0,"comment_status":"closed","ping_status":"closed","template":"","meta":{"_acf_changed":false,"footnotes":""},"class_list":["post-8131","page","type-page","status-publish","hentry"],"acf":[],"yoast_head":"<!-- This site is optimized with the Yoast SEO plugin v26.6 - https:\/\/yoast.com\/wordpress\/plugins\/seo\/ -->\n<title>Ingredienserna i SUCCEED f\u00f6r h\u00e4star | SUCCEED Europa<\/title>\n<meta name=\"description\" content=\"SUCCEED utvecklades genom att fokusera p\u00e5 naturligt f\u00f6rekommande n\u00e4rings\u00e4mnen som \u00e4r n\u00f6dv\u00e4ndiga f\u00f6r h\u00e4lsan i hela mag-tarmkanalen hos h\u00e4sten. Granska ingredienserna.\" \/>\n<meta name=\"robots\" content=\"index, follow, max-snippet:-1, max-image-preview:large, max-video-preview:-1\" \/>\n<link rel=\"canonical\" href=\"https:\/\/www.succeed-equine.co.uk\/sv\/om-succeed-matsmaltningsprogrammet\/ingredienser-succeed-matsmaltningsprogram\/\" \/>\n<meta property=\"og:locale\" content=\"sv_SE\" \/>\n<meta property=\"og:type\" content=\"article\" \/>\n<meta property=\"og:title\" content=\"Ingredienserna i SUCCEED f\u00f6r h\u00e4star | SUCCEED Europa\" \/>\n<meta property=\"og:description\" content=\"SUCCEED utvecklades genom att fokusera p\u00e5 naturligt f\u00f6rekommande n\u00e4rings\u00e4mnen som \u00e4r n\u00f6dv\u00e4ndiga f\u00f6r h\u00e4lsan i hela mag-tarmkanalen hos h\u00e4sten. Granska ingredienserna.\" \/>\n<meta property=\"og:url\" content=\"https:\/\/www.succeed-equine.co.uk\/sv\/om-succeed-matsmaltningsprogrammet\/ingredienser-succeed-matsmaltningsprogram\/\" \/>\n<meta property=\"og:site_name\" content=\"SUCCEED Europe\" \/>\n<meta property=\"og:image\" content=\"http:\/\/www.succeed-equine.com\/wp-content\/uploads\/2016\/05\/oat_oil.jpg\" \/>\n<meta name=\"twitter:card\" content=\"summary_large_image\" \/>\n<meta name=\"twitter:label1\" content=\"Ber\u00e4knad l\u00e4stid\" \/>\n\t<meta name=\"twitter:data1\" content=\"4 minuter\" \/>\n<script type=\"application\/ld+json\" class=\"yoast-schema-graph\">{\"@context\":\"https:\/\/schema.org\",\"@graph\":[{\"@type\":\"WebPage\",\"@id\":\"https:\/\/www.succeed-equine.co.uk\/sv\/om-succeed-matsmaltningsprogrammet\/ingredienser-succeed-matsmaltningsprogram\/\",\"url\":\"https:\/\/www.succeed-equine.co.uk\/sv\/om-succeed-matsmaltningsprogrammet\/ingredienser-succeed-matsmaltningsprogram\/\",\"name\":\"Ingredienserna i SUCCEED f\u00f6r h\u00e4star | SUCCEED Europa\",\"isPartOf\":{\"@id\":\"https:\/\/www.succeed-equine.co.uk\/#website\"},\"primaryImageOfPage\":{\"@id\":\"https:\/\/www.succeed-equine.co.uk\/sv\/om-succeed-matsmaltningsprogrammet\/ingredienser-succeed-matsmaltningsprogram\/#primaryimage\"},\"image\":{\"@id\":\"https:\/\/www.succeed-equine.co.uk\/sv\/om-succeed-matsmaltningsprogrammet\/ingredienser-succeed-matsmaltningsprogram\/#primaryimage\"},\"thumbnailUrl\":\"http:\/\/www.succeed-equine.com\/wp-content\/uploads\/2016\/05\/oat_oil.jpg\",\"datePublished\":\"2017-11-18T20:16:01+00:00\",\"description\":\"SUCCEED utvecklades genom att fokusera p\u00e5 naturligt f\u00f6rekommande n\u00e4rings\u00e4mnen som \u00e4r n\u00f6dv\u00e4ndiga f\u00f6r h\u00e4lsan i hela mag-tarmkanalen hos h\u00e4sten. Granska ingredienserna.\",\"breadcrumb\":{\"@id\":\"https:\/\/www.succeed-equine.co.uk\/sv\/om-succeed-matsmaltningsprogrammet\/ingredienser-succeed-matsmaltningsprogram\/#breadcrumb\"},\"inLanguage\":\"sv-SE\",\"potentialAction\":[{\"@type\":\"ReadAction\",\"target\":[\"https:\/\/www.succeed-equine.co.uk\/sv\/om-succeed-matsmaltningsprogrammet\/ingredienser-succeed-matsmaltningsprogram\/\"]}]},{\"@type\":\"ImageObject\",\"inLanguage\":\"sv-SE\",\"@id\":\"https:\/\/www.succeed-equine.co.uk\/sv\/om-succeed-matsmaltningsprogrammet\/ingredienser-succeed-matsmaltningsprogram\/#primaryimage\",\"url\":\"http:\/\/www.succeed-equine.com\/wp-content\/uploads\/2016\/05\/oat_oil.jpg\",\"contentUrl\":\"http:\/\/www.succeed-equine.com\/wp-content\/uploads\/2016\/05\/oat_oil.jpg\"},{\"@type\":\"BreadcrumbList\",\"@id\":\"https:\/\/www.succeed-equine.co.uk\/sv\/om-succeed-matsmaltningsprogrammet\/ingredienser-succeed-matsmaltningsprogram\/#breadcrumb\",\"itemListElement\":[{\"@type\":\"ListItem\",\"position\":1,\"name\":\"Home\",\"item\":\"https:\/\/www.succeed-equine.co.uk\/sv\/\"},{\"@type\":\"ListItem\",\"position\":2,\"name\":\"Om SUCCEED\u00ae matsm\u00e4ltningsprogrammet\",\"item\":\"https:\/\/www.succeed-equine.co.uk\/sv\/om-succeed-matsmaltningsprogrammet\/\"},{\"@type\":\"ListItem\",\"position\":3,\"name\":\"Ingredienser i SUCCEED\u00ae matsm\u00e4ltningsprogram\"}]},{\"@type\":\"WebSite\",\"@id\":\"https:\/\/www.succeed-equine.co.uk\/#website\",\"url\":\"https:\/\/www.succeed-equine.co.uk\/\",\"name\":\"SUCCEED Europe\",\"description\":\"My horse at its best.\",\"potentialAction\":[{\"@type\":\"SearchAction\",\"target\":{\"@type\":\"EntryPoint\",\"urlTemplate\":\"https:\/\/www.succeed-equine.co.uk\/?s={search_term_string}\"},\"query-input\":{\"@type\":\"PropertyValueSpecification\",\"valueRequired\":true,\"valueName\":\"search_term_string\"}}],\"inLanguage\":\"sv-SE\"}]}<\/script>\n<!-- \/ Yoast SEO plugin. -->","yoast_head_json":{"title":"Ingredienserna i SUCCEED f\u00f6r h\u00e4star | SUCCEED Europa","description":"SUCCEED utvecklades genom att fokusera p\u00e5 naturligt f\u00f6rekommande n\u00e4rings\u00e4mnen som \u00e4r n\u00f6dv\u00e4ndiga f\u00f6r h\u00e4lsan i hela mag-tarmkanalen hos h\u00e4sten. Granska ingredienserna.","robots":{"index":"index","follow":"follow","max-snippet":"max-snippet:-1","max-image-preview":"max-image-preview:large","max-video-preview":"max-video-preview:-1"},"canonical":"https:\/\/www.succeed-equine.co.uk\/sv\/om-succeed-matsmaltningsprogrammet\/ingredienser-succeed-matsmaltningsprogram\/","og_locale":"sv_SE","og_type":"article","og_title":"Ingredienserna i SUCCEED f\u00f6r h\u00e4star | SUCCEED Europa","og_description":"SUCCEED utvecklades genom att fokusera p\u00e5 naturligt f\u00f6rekommande n\u00e4rings\u00e4mnen som \u00e4r n\u00f6dv\u00e4ndiga f\u00f6r h\u00e4lsan i hela mag-tarmkanalen hos h\u00e4sten. Granska ingredienserna.","og_url":"https:\/\/www.succeed-equine.co.uk\/sv\/om-succeed-matsmaltningsprogrammet\/ingredienser-succeed-matsmaltningsprogram\/","og_site_name":"SUCCEED Europe","og_image":[{"url":"http:\/\/www.succeed-equine.com\/wp-content\/uploads\/2016\/05\/oat_oil.jpg","type":"","width":"","height":""}],"twitter_card":"summary_large_image","twitter_misc":{"Ber\u00e4knad l\u00e4stid":"4 minuter"},"schema":{"@context":"https:\/\/schema.org","@graph":[{"@type":"WebPage","@id":"https:\/\/www.succeed-equine.co.uk\/sv\/om-succeed-matsmaltningsprogrammet\/ingredienser-succeed-matsmaltningsprogram\/","url":"https:\/\/www.succeed-equine.co.uk\/sv\/om-succeed-matsmaltningsprogrammet\/ingredienser-succeed-matsmaltningsprogram\/","name":"Ingredienserna i SUCCEED f\u00f6r h\u00e4star | SUCCEED Europa","isPartOf":{"@id":"https:\/\/www.succeed-equine.co.uk\/#website"},"primaryImageOfPage":{"@id":"https:\/\/www.succeed-equine.co.uk\/sv\/om-succeed-matsmaltningsprogrammet\/ingredienser-succeed-matsmaltningsprogram\/#primaryimage"},"image":{"@id":"https:\/\/www.succeed-equine.co.uk\/sv\/om-succeed-matsmaltningsprogrammet\/ingredienser-succeed-matsmaltningsprogram\/#primaryimage"},"thumbnailUrl":"http:\/\/www.succeed-equine.com\/wp-content\/uploads\/2016\/05\/oat_oil.jpg","datePublished":"2017-11-18T20:16:01+00:00","description":"SUCCEED utvecklades genom att fokusera p\u00e5 naturligt f\u00f6rekommande n\u00e4rings\u00e4mnen som \u00e4r n\u00f6dv\u00e4ndiga f\u00f6r h\u00e4lsan i hela mag-tarmkanalen hos h\u00e4sten. Granska ingredienserna.","breadcrumb":{"@id":"https:\/\/www.succeed-equine.co.uk\/sv\/om-succeed-matsmaltningsprogrammet\/ingredienser-succeed-matsmaltningsprogram\/#breadcrumb"},"inLanguage":"sv-SE","potentialAction":[{"@type":"ReadAction","target":["https:\/\/www.succeed-equine.co.uk\/sv\/om-succeed-matsmaltningsprogrammet\/ingredienser-succeed-matsmaltningsprogram\/"]}]},{"@type":"ImageObject","inLanguage":"sv-SE","@id":"https:\/\/www.succeed-equine.co.uk\/sv\/om-succeed-matsmaltningsprogrammet\/ingredienser-succeed-matsmaltningsprogram\/#primaryimage","url":"http:\/\/www.succeed-equine.com\/wp-content\/uploads\/2016\/05\/oat_oil.jpg","contentUrl":"http:\/\/www.succeed-equine.com\/wp-content\/uploads\/2016\/05\/oat_oil.jpg"},{"@type":"BreadcrumbList","@id":"https:\/\/www.succeed-equine.co.uk\/sv\/om-succeed-matsmaltningsprogrammet\/ingredienser-succeed-matsmaltningsprogram\/#breadcrumb","itemListElement":[{"@type":"ListItem","position":1,"name":"Home","item":"https:\/\/www.succeed-equine.co.uk\/sv\/"},{"@type":"ListItem","position":2,"name":"Om SUCCEED\u00ae matsm\u00e4ltningsprogrammet","item":"https:\/\/www.succeed-equine.co.uk\/sv\/om-succeed-matsmaltningsprogrammet\/"},{"@type":"ListItem","position":3,"name":"Ingredienser i SUCCEED\u00ae matsm\u00e4ltningsprogram"}]},{"@type":"WebSite","@id":"https:\/\/www.succeed-equine.co.uk\/#website","url":"https:\/\/www.succeed-equine.co.uk\/","name":"SUCCEED Europe","description":"My horse at its best.","potentialAction":[{"@type":"SearchAction","target":{"@type":"EntryPoint","urlTemplate":"https:\/\/www.succeed-equine.co.uk\/?s={search_term_string}"},"query-input":{"@type":"PropertyValueSpecification","valueRequired":true,"valueName":"search_term_string"}}],"inLanguage":"sv-SE"}]}},"_links":{"self":[{"href":"https:\/\/www.succeed-equine.co.uk\/sv\/wp-json\/wp\/v2\/pages\/8131","targetHints":{"allow":["GET"]}}],"collection":[{"href":"https:\/\/www.succeed-equine.co.uk\/sv\/wp-json\/wp\/v2\/pages"}],"about":[{"href":"https:\/\/www.succeed-equine.co.uk\/sv\/wp-json\/wp\/v2\/types\/page"}],"author":[{"embeddable":true,"href":"https:\/\/www.succeed-equine.co.uk\/sv\/wp-json\/wp\/v2\/users\/14"}],"replies":[{"embeddable":true,"href":"https:\/\/www.succeed-equine.co.uk\/sv\/wp-json\/wp\/v2\/comments?post=8131"}],"version-history":[{"count":0,"href":"https:\/\/www.succeed-equine.co.uk\/sv\/wp-json\/wp\/v2\/pages\/8131\/revisions"}],"up":[{"embeddable":true,"href":"https:\/\/www.succeed-equine.co.uk\/sv\/wp-json\/wp\/v2\/pages\/8103"}],"wp:attachment":[{"href":"https:\/\/www.succeed-equine.co.uk\/sv\/wp-json\/wp\/v2\/media?parent=8131"}],"curies":[{"name":"wp","href":"https:\/\/api.w.org\/{rel}","templated":true}]}}