{"id":8161,"date":"2017-11-20T00:11:07","date_gmt":"2017-11-20T00:11:07","guid":{"rendered":"https:\/\/www.succeed-equine.co.uk\/?page_id=8161"},"modified":"2018-02-23T20:46:31","modified_gmt":"2018-02-23T20:46:31","slug":"anvanda-succeed","status":"publish","type":"page","link":"https:\/\/www.succeed-equine.co.uk\/sv\/om-succeed-matsmaltningsprogrammet\/anvanda-succeed\/","title":{"rendered":"Anv\u00e4nda SUCCEED\u00ae"},"content":{"rendered":"<p>Det \u00e4r viktigt att h\u00e5lla dina h\u00e4star och deras matsm\u00e4ltningsh\u00e4lsa i optimalt skick. Och med <a href=\"https:\/\/www.succeed-equine.co.uk\/sv\/om-succeed-matsmaltningsprogrammet\/\">SUCCEED<\/a>\u00a0\u00e4r det ocks\u00e5 enkelt. Bara en portion SUCCEED en g\u00e5ng om dagen, varje dag med den vanliga utfodringen \u00e4r allt som beh\u00f6vs. Det \u00e4r allt. Ingen speciell blandning. Inget komplicerat utfodringsprogram.<\/p>\n<p><img decoding=\"async\" src=\"https:\/\/www.succeed-equine.co.uk\/wp-content\/blogs.dir\/3\/files\/2010\/09\/using-succeed.jpg\" alt=\"how to use succeed\" class=\"size-full aligncenter\" \/><\/p>\n<div class=\"su-row\">\n<div class=\"su-column su-column-size-1-6\"><div class=\"su-column-inner su-u-clearfix su-u-trim\">\n<img decoding=\"async\" src=\"http:\/\/www.succeed-equine.com\/wp-content\/uploads\/2010\/09\/succeed-instructions.png\" alt=\"succeed-instructions\" class=\"alignnone size-full\" \/><br \/>\n<\/div><\/div>\n<div class=\"su-column su-column-size-1-3\"><div class=\"su-column-inner su-u-clearfix su-u-trim\">\n<h2>Bruksanvisning<\/h2>\n<p>Hur du administrerar SUCCEED pasta eller granulat plus utfodringstips f\u00f6r b\u00e4sta resultat och rekommenderade portionsstorlekar.<\/p>\n<p><a href=\"\/?page_id=8188\">L\u00e4s mer<\/a><br \/>\n<\/div><\/div>\n<div class=\"su-column su-column-size-1-6\"><div class=\"su-column-inner su-u-clearfix su-u-trim\">\n<img decoding=\"async\" src=\"http:\/\/www.succeed-equine.com\/wp-content\/uploads\/2010\/09\/storage-handling.png\" alt=\"storage-handling\" class=\"alignnone size-full\" \/><br \/>\n<\/div><\/div>\n<div class=\"su-column su-column-size-1-3\"><div class=\"su-column-inner su-u-clearfix su-u-trim\">\n<h2>F\u00f6rvaring och hantering<\/h2>\n<p>Hur du ska f\u00f6rvara och hantera SUCCEED, plus information om produkten konsistens och h\u00e5llbarhet.<\/p>\n<p><a href=\"\/?page_id=8202\">L\u00e4s mer<\/a><br \/>\n<\/div><\/div>\n<\/div>\n<div class=\"su-row\">\n<div class=\"su-column su-column-size-1-6\"><div class=\"su-column-inner su-u-clearfix su-u-trim\">\n<img decoding=\"async\" src=\"http:\/\/www.succeed-equine.com\/wp-content\/uploads\/2010\/09\/faq.png\" alt=\"faq\" class=\"alignnone size-full\" \/><br \/>\n<\/div><\/div>\n<div class=\"su-column su-column-size-5-6\"><div class=\"su-column-inner su-u-clearfix su-u-trim\">\n<h2 style=\"font-size: 31px;\">Vanliga fr\u00e5gor och svar<\/h2>\n<p>Har du fortfarande fr\u00e5gor? Kolla in v\u00e5ra omfattande fr\u00e5gor och svar, som beskriver vanliga fr\u00e5gor och svar vi f\u00e5r fr\u00e5n ryttare som du sj\u00e4lv.<\/p>\n<p><a href=\"\/?page_id=8217\">L\u00e4s mer<\/a><\/p>\n<\/div><\/div>\n<\/div>\n","protected":false},"excerpt":{"rendered":"<p>Det \u00e4r viktigt att h\u00e5lla dina h\u00e4star och deras matsm\u00e4ltningsh\u00e4lsa i optimalt skick. Och med SUCCEED\u00a0\u00e4r det ocks\u00e5 enkelt. Bara en portion SUCCEED en g\u00e5ng om dagen, varje dag med den vanliga utfodringen \u00e4r allt [&hellip;]<\/p>\n","protected":false},"author":14,"featured_media":0,"parent":8103,"menu_order":0,"comment_status":"closed","ping_status":"closed","template":"","meta":{"_acf_changed":false,"footnotes":""},"class_list":["post-8161","page","type-page","status-publish","hentry"],"acf":[],"yoast_head":"<!-- This site is optimized with the Yoast SEO plugin v26.6 - https:\/\/yoast.com\/wordpress\/plugins\/seo\/ -->\n<title>Anv\u00e4nda SUCCEED f\u00f6r hantering av matsm\u00e4ltningsh\u00e4lsa | SUCCEED Europa<\/title>\n<meta name=\"description\" content=\"Ge din h\u00e4st endast en portion SUCCEED, en g\u00e5ng om dagen med den regelbundna utfodringen. Finns i oral pasta och som granulat f\u00f6r toppdressingfoder, som \u00e4r enkelt att anv\u00e4nda.\" \/>\n<meta name=\"robots\" content=\"index, follow, max-snippet:-1, max-image-preview:large, max-video-preview:-1\" \/>\n<link rel=\"canonical\" href=\"https:\/\/www.succeed-equine.co.uk\/sv\/om-succeed-matsmaltningsprogrammet\/anvanda-succeed\/\" \/>\n<meta property=\"og:locale\" content=\"sv_SE\" \/>\n<meta property=\"og:type\" content=\"article\" \/>\n<meta property=\"og:title\" content=\"Anv\u00e4nda SUCCEED f\u00f6r hantering av matsm\u00e4ltningsh\u00e4lsa | SUCCEED Europa\" \/>\n<meta property=\"og:description\" content=\"Ge din h\u00e4st endast en portion SUCCEED, en g\u00e5ng om dagen med den regelbundna utfodringen. Finns i oral pasta och som granulat f\u00f6r toppdressingfoder, som \u00e4r enkelt att anv\u00e4nda.\" \/>\n<meta property=\"og:url\" content=\"https:\/\/www.succeed-equine.co.uk\/sv\/om-succeed-matsmaltningsprogrammet\/anvanda-succeed\/\" \/>\n<meta property=\"og:site_name\" content=\"SUCCEED Europe\" \/>\n<meta property=\"article:modified_time\" content=\"2018-02-23T20:46:31+00:00\" \/>\n<meta property=\"og:image\" content=\"https:\/\/www.succeed-equine.co.uk\/wp-content\/blogs.dir\/3\/files\/2010\/09\/using-succeed.jpg\" \/>\n<meta name=\"twitter:card\" content=\"summary_large_image\" \/>\n<meta name=\"twitter:label1\" content=\"Ber\u00e4knad l\u00e4stid\" \/>\n\t<meta name=\"twitter:data1\" content=\"1 minut\" \/>\n<script type=\"application\/ld+json\" class=\"yoast-schema-graph\">{\"@context\":\"https:\/\/schema.org\",\"@graph\":[{\"@type\":\"WebPage\",\"@id\":\"https:\/\/www.succeed-equine.co.uk\/sv\/om-succeed-matsmaltningsprogrammet\/anvanda-succeed\/\",\"url\":\"https:\/\/www.succeed-equine.co.uk\/sv\/om-succeed-matsmaltningsprogrammet\/anvanda-succeed\/\",\"name\":\"Anv\u00e4nda SUCCEED f\u00f6r hantering av matsm\u00e4ltningsh\u00e4lsa | SUCCEED Europa\",\"isPartOf\":{\"@id\":\"https:\/\/www.succeed-equine.co.uk\/#website\"},\"primaryImageOfPage\":{\"@id\":\"https:\/\/www.succeed-equine.co.uk\/sv\/om-succeed-matsmaltningsprogrammet\/anvanda-succeed\/#primaryimage\"},\"image\":{\"@id\":\"https:\/\/www.succeed-equine.co.uk\/sv\/om-succeed-matsmaltningsprogrammet\/anvanda-succeed\/#primaryimage\"},\"thumbnailUrl\":\"https:\/\/www.succeed-equine.co.uk\/wp-content\/blogs.dir\/3\/files\/2010\/09\/using-succeed.jpg\",\"datePublished\":\"2017-11-20T00:11:07+00:00\",\"dateModified\":\"2018-02-23T20:46:31+00:00\",\"description\":\"Ge din h\u00e4st endast en portion SUCCEED, en g\u00e5ng om dagen med den regelbundna utfodringen. Finns i oral pasta och som granulat f\u00f6r toppdressingfoder, som \u00e4r enkelt att anv\u00e4nda.\",\"breadcrumb\":{\"@id\":\"https:\/\/www.succeed-equine.co.uk\/sv\/om-succeed-matsmaltningsprogrammet\/anvanda-succeed\/#breadcrumb\"},\"inLanguage\":\"sv-SE\",\"potentialAction\":[{\"@type\":\"ReadAction\",\"target\":[\"https:\/\/www.succeed-equine.co.uk\/sv\/om-succeed-matsmaltningsprogrammet\/anvanda-succeed\/\"]}]},{\"@type\":\"ImageObject\",\"inLanguage\":\"sv-SE\",\"@id\":\"https:\/\/www.succeed-equine.co.uk\/sv\/om-succeed-matsmaltningsprogrammet\/anvanda-succeed\/#primaryimage\",\"url\":\"https:\/\/www.succeed-equine.co.uk\/wp-content\/blogs.dir\/3\/files\/2010\/09\/using-succeed.jpg\",\"contentUrl\":\"https:\/\/www.succeed-equine.co.uk\/wp-content\/blogs.dir\/3\/files\/2010\/09\/using-succeed.jpg\"},{\"@type\":\"BreadcrumbList\",\"@id\":\"https:\/\/www.succeed-equine.co.uk\/sv\/om-succeed-matsmaltningsprogrammet\/anvanda-succeed\/#breadcrumb\",\"itemListElement\":[{\"@type\":\"ListItem\",\"position\":1,\"name\":\"Home\",\"item\":\"https:\/\/www.succeed-equine.co.uk\/sv\/\"},{\"@type\":\"ListItem\",\"position\":2,\"name\":\"Om SUCCEED\u00ae matsm\u00e4ltningsprogrammet\",\"item\":\"https:\/\/www.succeed-equine.co.uk\/sv\/om-succeed-matsmaltningsprogrammet\/\"},{\"@type\":\"ListItem\",\"position\":3,\"name\":\"Using SUCCEED\"}]},{\"@type\":\"WebSite\",\"@id\":\"https:\/\/www.succeed-equine.co.uk\/#website\",\"url\":\"https:\/\/www.succeed-equine.co.uk\/\",\"name\":\"SUCCEED Europe\",\"description\":\"My horse at its best.\",\"potentialAction\":[{\"@type\":\"SearchAction\",\"target\":{\"@type\":\"EntryPoint\",\"urlTemplate\":\"https:\/\/www.succeed-equine.co.uk\/?s={search_term_string}\"},\"query-input\":{\"@type\":\"PropertyValueSpecification\",\"valueRequired\":true,\"valueName\":\"search_term_string\"}}],\"inLanguage\":\"sv-SE\"}]}<\/script>\n<!-- \/ Yoast SEO plugin. -->","yoast_head_json":{"title":"Anv\u00e4nda SUCCEED f\u00f6r hantering av matsm\u00e4ltningsh\u00e4lsa | SUCCEED Europa","description":"Ge din h\u00e4st endast en portion SUCCEED, en g\u00e5ng om dagen med den regelbundna utfodringen. Finns i oral pasta och som granulat f\u00f6r toppdressingfoder, som \u00e4r enkelt att anv\u00e4nda.","robots":{"index":"index","follow":"follow","max-snippet":"max-snippet:-1","max-image-preview":"max-image-preview:large","max-video-preview":"max-video-preview:-1"},"canonical":"https:\/\/www.succeed-equine.co.uk\/sv\/om-succeed-matsmaltningsprogrammet\/anvanda-succeed\/","og_locale":"sv_SE","og_type":"article","og_title":"Anv\u00e4nda SUCCEED f\u00f6r hantering av matsm\u00e4ltningsh\u00e4lsa | SUCCEED Europa","og_description":"Ge din h\u00e4st endast en portion SUCCEED, en g\u00e5ng om dagen med den regelbundna utfodringen. Finns i oral pasta och som granulat f\u00f6r toppdressingfoder, som \u00e4r enkelt att anv\u00e4nda.","og_url":"https:\/\/www.succeed-equine.co.uk\/sv\/om-succeed-matsmaltningsprogrammet\/anvanda-succeed\/","og_site_name":"SUCCEED Europe","article_modified_time":"2018-02-23T20:46:31+00:00","og_image":[{"url":"https:\/\/www.succeed-equine.co.uk\/wp-content\/blogs.dir\/3\/files\/2010\/09\/using-succeed.jpg","type":"","width":"","height":""}],"twitter_card":"summary_large_image","twitter_misc":{"Ber\u00e4knad l\u00e4stid":"1 minut"},"schema":{"@context":"https:\/\/schema.org","@graph":[{"@type":"WebPage","@id":"https:\/\/www.succeed-equine.co.uk\/sv\/om-succeed-matsmaltningsprogrammet\/anvanda-succeed\/","url":"https:\/\/www.succeed-equine.co.uk\/sv\/om-succeed-matsmaltningsprogrammet\/anvanda-succeed\/","name":"Anv\u00e4nda SUCCEED f\u00f6r hantering av matsm\u00e4ltningsh\u00e4lsa | SUCCEED Europa","isPartOf":{"@id":"https:\/\/www.succeed-equine.co.uk\/#website"},"primaryImageOfPage":{"@id":"https:\/\/www.succeed-equine.co.uk\/sv\/om-succeed-matsmaltningsprogrammet\/anvanda-succeed\/#primaryimage"},"image":{"@id":"https:\/\/www.succeed-equine.co.uk\/sv\/om-succeed-matsmaltningsprogrammet\/anvanda-succeed\/#primaryimage"},"thumbnailUrl":"https:\/\/www.succeed-equine.co.uk\/wp-content\/blogs.dir\/3\/files\/2010\/09\/using-succeed.jpg","datePublished":"2017-11-20T00:11:07+00:00","dateModified":"2018-02-23T20:46:31+00:00","description":"Ge din h\u00e4st endast en portion SUCCEED, en g\u00e5ng om dagen med den regelbundna utfodringen. Finns i oral pasta och som granulat f\u00f6r toppdressingfoder, som \u00e4r enkelt att anv\u00e4nda.","breadcrumb":{"@id":"https:\/\/www.succeed-equine.co.uk\/sv\/om-succeed-matsmaltningsprogrammet\/anvanda-succeed\/#breadcrumb"},"inLanguage":"sv-SE","potentialAction":[{"@type":"ReadAction","target":["https:\/\/www.succeed-equine.co.uk\/sv\/om-succeed-matsmaltningsprogrammet\/anvanda-succeed\/"]}]},{"@type":"ImageObject","inLanguage":"sv-SE","@id":"https:\/\/www.succeed-equine.co.uk\/sv\/om-succeed-matsmaltningsprogrammet\/anvanda-succeed\/#primaryimage","url":"https:\/\/www.succeed-equine.co.uk\/wp-content\/blogs.dir\/3\/files\/2010\/09\/using-succeed.jpg","contentUrl":"https:\/\/www.succeed-equine.co.uk\/wp-content\/blogs.dir\/3\/files\/2010\/09\/using-succeed.jpg"},{"@type":"BreadcrumbList","@id":"https:\/\/www.succeed-equine.co.uk\/sv\/om-succeed-matsmaltningsprogrammet\/anvanda-succeed\/#breadcrumb","itemListElement":[{"@type":"ListItem","position":1,"name":"Home","item":"https:\/\/www.succeed-equine.co.uk\/sv\/"},{"@type":"ListItem","position":2,"name":"Om SUCCEED\u00ae matsm\u00e4ltningsprogrammet","item":"https:\/\/www.succeed-equine.co.uk\/sv\/om-succeed-matsmaltningsprogrammet\/"},{"@type":"ListItem","position":3,"name":"Using SUCCEED"}]},{"@type":"WebSite","@id":"https:\/\/www.succeed-equine.co.uk\/#website","url":"https:\/\/www.succeed-equine.co.uk\/","name":"SUCCEED Europe","description":"My horse at its best.","potentialAction":[{"@type":"SearchAction","target":{"@type":"EntryPoint","urlTemplate":"https:\/\/www.succeed-equine.co.uk\/?s={search_term_string}"},"query-input":{"@type":"PropertyValueSpecification","valueRequired":true,"valueName":"search_term_string"}}],"inLanguage":"sv-SE"}]}},"_links":{"self":[{"href":"https:\/\/www.succeed-equine.co.uk\/sv\/wp-json\/wp\/v2\/pages\/8161","targetHints":{"allow":["GET"]}}],"collection":[{"href":"https:\/\/www.succeed-equine.co.uk\/sv\/wp-json\/wp\/v2\/pages"}],"about":[{"href":"https:\/\/www.succeed-equine.co.uk\/sv\/wp-json\/wp\/v2\/types\/page"}],"author":[{"embeddable":true,"href":"https:\/\/www.succeed-equine.co.uk\/sv\/wp-json\/wp\/v2\/users\/14"}],"replies":[{"embeddable":true,"href":"https:\/\/www.succeed-equine.co.uk\/sv\/wp-json\/wp\/v2\/comments?post=8161"}],"version-history":[{"count":0,"href":"https:\/\/www.succeed-equine.co.uk\/sv\/wp-json\/wp\/v2\/pages\/8161\/revisions"}],"up":[{"embeddable":true,"href":"https:\/\/www.succeed-equine.co.uk\/sv\/wp-json\/wp\/v2\/pages\/8103"}],"wp:attachment":[{"href":"https:\/\/www.succeed-equine.co.uk\/sv\/wp-json\/wp\/v2\/media?parent=8161"}],"curies":[{"name":"wp","href":"https:\/\/api.w.org\/{rel}","templated":true}]}}