{"id":8173,"date":"2017-11-20T00:41:04","date_gmt":"2017-11-20T00:41:04","guid":{"rendered":"https:\/\/www.succeed-equine.co.uk\/?page_id=8173"},"modified":"2018-02-23T20:58:59","modified_gmt":"2018-02-23T20:58:59","slug":"hastar-som-behover-succeed","status":"publish","type":"page","link":"https:\/\/www.succeed-equine.co.uk\/sv\/om-succeed-matsmaltningsprogrammet\/anvanda-succeed\/hastar-som-behover-succeed\/","title":{"rendered":"H\u00e4star som beh\u00f6ver SUCCEED\u00ae"},"content":{"rendered":"<p>Om du kunde h\u00e5lla dina h\u00e4star ute p\u00e5 betesmark av h\u00f6g kvalitet, och du kunde rotera betesmarken emellan\u00e5t, skulle det finnas f\u00e5 krav p\u00e5 deras matsm\u00e4ltningssystem. Dina h\u00e4star skulle sannolikt f\u00e5 all den n\u00e4ring och omsorg de beh\u00f6ver. Men i en v\u00e4rld av konkurrens, och d\u00e4r landresurser \u00e4r begr\u00e4nsade, \u00e4r detta inte praktiskt. Om n\u00e5gon av f\u00f6ljande livsstilar g\u00e4ller dina h\u00e4star, \u00e4r det troligt att de kan gynnas av de <a href=\"https:\/\/www.succeed-equine.co.uk\/sv\/om-succeed-matsmaltningsprogrammet\/ingredienser-succeed-matsmaltningsprogram\/\">specialiserade n\u00e4rings\u00e4mnena<\/a>\u00a0i <a href=\"https:\/\/www.succeed-equine.co.uk\/sv\/om-succeed-matsmaltningsprogrammet\/\">SUCCEED<\/a>:<br \/>\n<div class=\"su-row\"><div class=\"su-column su-column-size-1-3\"><div class=\"su-column-inner su-u-clearfix su-u-trim\">\n<ul>\n<li style=\"letter-spacing: -.6px;\">\u00c4r begr\u00e4nsad till ett stall 6 eller fler timmar per dag<\/li>\n<li>Motioneras regelbundet, speciellt rigor\u00f6st<\/li>\n<li>Reser till t\u00e4vlingar en g\u00e5ng per m\u00e5nad eller mer<\/li>\n<\/ul>\n<\/div><\/div>\n<div class=\"su-column su-column-size-1-3\"><div class=\"su-column-inner su-u-clearfix su-u-trim\">\n<ul>\n<li>Utfodras tv\u00e5 eller tre g\u00e5nger per dag<\/li>\n<li>Anv\u00e4nds som avelshingst eller avelssto<\/li>\n<li>\u00c4r p\u00e5 bete mindre \u00e4n 18 timmar per dag<\/li>\n<\/ul>\n<\/div><\/div>\n<div class=\"su-column su-column-size-1-3\"><div class=\"su-column-inner su-u-clearfix su-u-trim\">\n<ul>\n<li>Har utfodrats med h\u00e5rt foder s\u00e5som bearbetat spannm\u00e5l, pellets, eller s\u00f6tt foder<\/li>\n<li>Ett f\u00f6l, som st\u00e5r inf\u00f6r utmaningarna att utvecklas, avv\u00e4njas eller f\u00f6rbereds f\u00f6r f\u00f6rs\u00e4ljning<\/li>\n<\/ul>\n<\/div><\/div>\n<\/div>\n<img decoding=\"async\" src=\"https:\/\/www.succeed-equine.co.uk\/wp-content\/blogs.dir\/3\/files\/2010\/09\/healthy-function-of-the-equine-digestive-tract.jpg\" alt=\"healthy-function-of-the-equine-digestive-tract\" class=\"size-full aligncenter\" \/><br \/>\nAllt detta, \u00e4ven om det h\u00f6r till de flesta h\u00e4stars sk\u00f6tsel och ofta kr\u00e4vs f\u00f6r t\u00e4vlingsh\u00e4star, arbetar mot den naturliga, h\u00e4lsosamma funktionen hos h\u00e4stens matsm\u00e4ltningskanal.<\/p>\n<p><a href=\"https:\/\/www.succeed-equine.co.uk\/sv\/om-succeed-matsmaltningsprogrammet\/\">SUCCEED<\/a> \u00e4r ditt hemliga vapen f\u00f6r h\u00e4stens matsm\u00e4ltningsh\u00e4lsa. Dess unika blandning av n\u00e4ringsrika ingredienser fr\u00e4mjar en h\u00e4lsosam matsm\u00e4ltningsprocess, inklusive mage och baktarm, trots en livsstil som kan vara ett hinder.<\/p>\n<h3>Prata med din veterin\u00e4r idag om att pr\u00f6va SUCCEED.<\/h3>\n","protected":false},"excerpt":{"rendered":"<p>Om du kunde h\u00e5lla dina h\u00e4star ute p\u00e5 betesmark av h\u00f6g kvalitet, och du kunde rotera betesmarken emellan\u00e5t, skulle det finnas f\u00e5 krav p\u00e5 deras matsm\u00e4ltningssystem. Dina h\u00e4star skulle sannolikt f\u00e5 all den n\u00e4ring och [&hellip;]<\/p>\n","protected":false},"author":14,"featured_media":0,"parent":8161,"menu_order":0,"comment_status":"closed","ping_status":"closed","template":"","meta":{"_acf_changed":false,"footnotes":""},"class_list":["post-8173","page","type-page","status-publish","hentry"],"acf":[],"yoast_head":"<!-- This site is optimized with the Yoast SEO plugin v26.6 - https:\/\/yoast.com\/wordpress\/plugins\/seo\/ -->\n<title>H\u00e4star som beh\u00f6ver SUCCEED f\u00f6r matsm\u00e4ltningsh\u00e4lsa | SUCCEED Europa<\/title>\n<meta name=\"description\" content=\"En kost med h\u00f6g halt av s\u00e4d, rigor\u00f6s motion, utfodring tv\u00e5 g\u00e5nger om dagen, tid som spenderas uppstallad, resor och t\u00e4vlingar, \u00e4r alla en utmaning f\u00f6r en h\u00e4sts \u00f6mt\u00e5liga mag-tarmkanal.\" \/>\n<meta name=\"robots\" content=\"index, follow, max-snippet:-1, max-image-preview:large, max-video-preview:-1\" \/>\n<link rel=\"canonical\" href=\"https:\/\/www.succeed-equine.co.uk\/sv\/om-succeed-matsmaltningsprogrammet\/anvanda-succeed\/hastar-som-behover-succeed\/\" \/>\n<meta property=\"og:locale\" content=\"sv_SE\" \/>\n<meta property=\"og:type\" content=\"article\" \/>\n<meta property=\"og:title\" content=\"H\u00e4star som beh\u00f6ver SUCCEED f\u00f6r matsm\u00e4ltningsh\u00e4lsa | SUCCEED Europa\" \/>\n<meta property=\"og:description\" content=\"En kost med h\u00f6g halt av s\u00e4d, rigor\u00f6s motion, utfodring tv\u00e5 g\u00e5nger om dagen, tid som spenderas uppstallad, resor och t\u00e4vlingar, \u00e4r alla en utmaning f\u00f6r en h\u00e4sts \u00f6mt\u00e5liga mag-tarmkanal.\" \/>\n<meta property=\"og:url\" content=\"https:\/\/www.succeed-equine.co.uk\/sv\/om-succeed-matsmaltningsprogrammet\/anvanda-succeed\/hastar-som-behover-succeed\/\" \/>\n<meta property=\"og:site_name\" content=\"SUCCEED Europe\" \/>\n<meta property=\"article:modified_time\" content=\"2018-02-23T20:58:59+00:00\" \/>\n<meta property=\"og:image\" content=\"https:\/\/www.succeed-equine.co.uk\/wp-content\/blogs.dir\/3\/files\/2010\/09\/healthy-function-of-the-equine-digestive-tract.jpg\" \/>\n<meta name=\"twitter:card\" content=\"summary_large_image\" \/>\n<meta name=\"twitter:label1\" content=\"Ber\u00e4knad l\u00e4stid\" \/>\n\t<meta name=\"twitter:data1\" content=\"1 minut\" \/>\n<script type=\"application\/ld+json\" class=\"yoast-schema-graph\">{\"@context\":\"https:\/\/schema.org\",\"@graph\":[{\"@type\":\"WebPage\",\"@id\":\"https:\/\/www.succeed-equine.co.uk\/sv\/om-succeed-matsmaltningsprogrammet\/anvanda-succeed\/hastar-som-behover-succeed\/\",\"url\":\"https:\/\/www.succeed-equine.co.uk\/sv\/om-succeed-matsmaltningsprogrammet\/anvanda-succeed\/hastar-som-behover-succeed\/\",\"name\":\"H\u00e4star som beh\u00f6ver SUCCEED f\u00f6r matsm\u00e4ltningsh\u00e4lsa | SUCCEED Europa\",\"isPartOf\":{\"@id\":\"https:\/\/www.succeed-equine.co.uk\/#website\"},\"primaryImageOfPage\":{\"@id\":\"https:\/\/www.succeed-equine.co.uk\/sv\/om-succeed-matsmaltningsprogrammet\/anvanda-succeed\/hastar-som-behover-succeed\/#primaryimage\"},\"image\":{\"@id\":\"https:\/\/www.succeed-equine.co.uk\/sv\/om-succeed-matsmaltningsprogrammet\/anvanda-succeed\/hastar-som-behover-succeed\/#primaryimage\"},\"thumbnailUrl\":\"https:\/\/www.succeed-equine.co.uk\/wp-content\/blogs.dir\/3\/files\/2010\/09\/healthy-function-of-the-equine-digestive-tract.jpg\",\"datePublished\":\"2017-11-20T00:41:04+00:00\",\"dateModified\":\"2018-02-23T20:58:59+00:00\",\"description\":\"En kost med h\u00f6g halt av s\u00e4d, rigor\u00f6s motion, utfodring tv\u00e5 g\u00e5nger om dagen, tid som spenderas uppstallad, resor och t\u00e4vlingar, \u00e4r alla en utmaning f\u00f6r en h\u00e4sts \u00f6mt\u00e5liga mag-tarmkanal.\",\"breadcrumb\":{\"@id\":\"https:\/\/www.succeed-equine.co.uk\/sv\/om-succeed-matsmaltningsprogrammet\/anvanda-succeed\/hastar-som-behover-succeed\/#breadcrumb\"},\"inLanguage\":\"sv-SE\",\"potentialAction\":[{\"@type\":\"ReadAction\",\"target\":[\"https:\/\/www.succeed-equine.co.uk\/sv\/om-succeed-matsmaltningsprogrammet\/anvanda-succeed\/hastar-som-behover-succeed\/\"]}]},{\"@type\":\"ImageObject\",\"inLanguage\":\"sv-SE\",\"@id\":\"https:\/\/www.succeed-equine.co.uk\/sv\/om-succeed-matsmaltningsprogrammet\/anvanda-succeed\/hastar-som-behover-succeed\/#primaryimage\",\"url\":\"https:\/\/www.succeed-equine.co.uk\/wp-content\/blogs.dir\/3\/files\/2010\/09\/healthy-function-of-the-equine-digestive-tract.jpg\",\"contentUrl\":\"https:\/\/www.succeed-equine.co.uk\/wp-content\/blogs.dir\/3\/files\/2010\/09\/healthy-function-of-the-equine-digestive-tract.jpg\"},{\"@type\":\"BreadcrumbList\",\"@id\":\"https:\/\/www.succeed-equine.co.uk\/sv\/om-succeed-matsmaltningsprogrammet\/anvanda-succeed\/hastar-som-behover-succeed\/#breadcrumb\",\"itemListElement\":[{\"@type\":\"ListItem\",\"position\":1,\"name\":\"Home\",\"item\":\"https:\/\/www.succeed-equine.co.uk\/sv\/\"},{\"@type\":\"ListItem\",\"position\":2,\"name\":\"Om SUCCEED\u00ae matsm\u00e4ltningsprogrammet\",\"item\":\"https:\/\/www.succeed-equine.co.uk\/sv\/om-succeed-matsmaltningsprogrammet\/\"},{\"@type\":\"ListItem\",\"position\":3,\"name\":\"Using SUCCEED\",\"item\":\"https:\/\/www.succeed-equine.co.uk\/sv\/om-succeed-matsmaltningsprogrammet\/anvanda-succeed\/\"},{\"@type\":\"ListItem\",\"position\":4,\"name\":\"H\u00e4star som beh\u00f6ver SUCCEED\u00ae\"}]},{\"@type\":\"WebSite\",\"@id\":\"https:\/\/www.succeed-equine.co.uk\/#website\",\"url\":\"https:\/\/www.succeed-equine.co.uk\/\",\"name\":\"SUCCEED Europe\",\"description\":\"My horse at its best.\",\"potentialAction\":[{\"@type\":\"SearchAction\",\"target\":{\"@type\":\"EntryPoint\",\"urlTemplate\":\"https:\/\/www.succeed-equine.co.uk\/?s={search_term_string}\"},\"query-input\":{\"@type\":\"PropertyValueSpecification\",\"valueRequired\":true,\"valueName\":\"search_term_string\"}}],\"inLanguage\":\"sv-SE\"}]}<\/script>\n<!-- \/ Yoast SEO plugin. -->","yoast_head_json":{"title":"H\u00e4star som beh\u00f6ver SUCCEED f\u00f6r matsm\u00e4ltningsh\u00e4lsa | SUCCEED Europa","description":"En kost med h\u00f6g halt av s\u00e4d, rigor\u00f6s motion, utfodring tv\u00e5 g\u00e5nger om dagen, tid som spenderas uppstallad, resor och t\u00e4vlingar, \u00e4r alla en utmaning f\u00f6r en h\u00e4sts \u00f6mt\u00e5liga mag-tarmkanal.","robots":{"index":"index","follow":"follow","max-snippet":"max-snippet:-1","max-image-preview":"max-image-preview:large","max-video-preview":"max-video-preview:-1"},"canonical":"https:\/\/www.succeed-equine.co.uk\/sv\/om-succeed-matsmaltningsprogrammet\/anvanda-succeed\/hastar-som-behover-succeed\/","og_locale":"sv_SE","og_type":"article","og_title":"H\u00e4star som beh\u00f6ver SUCCEED f\u00f6r matsm\u00e4ltningsh\u00e4lsa | SUCCEED Europa","og_description":"En kost med h\u00f6g halt av s\u00e4d, rigor\u00f6s motion, utfodring tv\u00e5 g\u00e5nger om dagen, tid som spenderas uppstallad, resor och t\u00e4vlingar, \u00e4r alla en utmaning f\u00f6r en h\u00e4sts \u00f6mt\u00e5liga mag-tarmkanal.","og_url":"https:\/\/www.succeed-equine.co.uk\/sv\/om-succeed-matsmaltningsprogrammet\/anvanda-succeed\/hastar-som-behover-succeed\/","og_site_name":"SUCCEED Europe","article_modified_time":"2018-02-23T20:58:59+00:00","og_image":[{"url":"https:\/\/www.succeed-equine.co.uk\/wp-content\/blogs.dir\/3\/files\/2010\/09\/healthy-function-of-the-equine-digestive-tract.jpg","type":"","width":"","height":""}],"twitter_card":"summary_large_image","twitter_misc":{"Ber\u00e4knad l\u00e4stid":"1 minut"},"schema":{"@context":"https:\/\/schema.org","@graph":[{"@type":"WebPage","@id":"https:\/\/www.succeed-equine.co.uk\/sv\/om-succeed-matsmaltningsprogrammet\/anvanda-succeed\/hastar-som-behover-succeed\/","url":"https:\/\/www.succeed-equine.co.uk\/sv\/om-succeed-matsmaltningsprogrammet\/anvanda-succeed\/hastar-som-behover-succeed\/","name":"H\u00e4star som beh\u00f6ver SUCCEED f\u00f6r matsm\u00e4ltningsh\u00e4lsa | SUCCEED Europa","isPartOf":{"@id":"https:\/\/www.succeed-equine.co.uk\/#website"},"primaryImageOfPage":{"@id":"https:\/\/www.succeed-equine.co.uk\/sv\/om-succeed-matsmaltningsprogrammet\/anvanda-succeed\/hastar-som-behover-succeed\/#primaryimage"},"image":{"@id":"https:\/\/www.succeed-equine.co.uk\/sv\/om-succeed-matsmaltningsprogrammet\/anvanda-succeed\/hastar-som-behover-succeed\/#primaryimage"},"thumbnailUrl":"https:\/\/www.succeed-equine.co.uk\/wp-content\/blogs.dir\/3\/files\/2010\/09\/healthy-function-of-the-equine-digestive-tract.jpg","datePublished":"2017-11-20T00:41:04+00:00","dateModified":"2018-02-23T20:58:59+00:00","description":"En kost med h\u00f6g halt av s\u00e4d, rigor\u00f6s motion, utfodring tv\u00e5 g\u00e5nger om dagen, tid som spenderas uppstallad, resor och t\u00e4vlingar, \u00e4r alla en utmaning f\u00f6r en h\u00e4sts \u00f6mt\u00e5liga mag-tarmkanal.","breadcrumb":{"@id":"https:\/\/www.succeed-equine.co.uk\/sv\/om-succeed-matsmaltningsprogrammet\/anvanda-succeed\/hastar-som-behover-succeed\/#breadcrumb"},"inLanguage":"sv-SE","potentialAction":[{"@type":"ReadAction","target":["https:\/\/www.succeed-equine.co.uk\/sv\/om-succeed-matsmaltningsprogrammet\/anvanda-succeed\/hastar-som-behover-succeed\/"]}]},{"@type":"ImageObject","inLanguage":"sv-SE","@id":"https:\/\/www.succeed-equine.co.uk\/sv\/om-succeed-matsmaltningsprogrammet\/anvanda-succeed\/hastar-som-behover-succeed\/#primaryimage","url":"https:\/\/www.succeed-equine.co.uk\/wp-content\/blogs.dir\/3\/files\/2010\/09\/healthy-function-of-the-equine-digestive-tract.jpg","contentUrl":"https:\/\/www.succeed-equine.co.uk\/wp-content\/blogs.dir\/3\/files\/2010\/09\/healthy-function-of-the-equine-digestive-tract.jpg"},{"@type":"BreadcrumbList","@id":"https:\/\/www.succeed-equine.co.uk\/sv\/om-succeed-matsmaltningsprogrammet\/anvanda-succeed\/hastar-som-behover-succeed\/#breadcrumb","itemListElement":[{"@type":"ListItem","position":1,"name":"Home","item":"https:\/\/www.succeed-equine.co.uk\/sv\/"},{"@type":"ListItem","position":2,"name":"Om SUCCEED\u00ae matsm\u00e4ltningsprogrammet","item":"https:\/\/www.succeed-equine.co.uk\/sv\/om-succeed-matsmaltningsprogrammet\/"},{"@type":"ListItem","position":3,"name":"Using SUCCEED","item":"https:\/\/www.succeed-equine.co.uk\/sv\/om-succeed-matsmaltningsprogrammet\/anvanda-succeed\/"},{"@type":"ListItem","position":4,"name":"H\u00e4star som beh\u00f6ver SUCCEED\u00ae"}]},{"@type":"WebSite","@id":"https:\/\/www.succeed-equine.co.uk\/#website","url":"https:\/\/www.succeed-equine.co.uk\/","name":"SUCCEED Europe","description":"My horse at its best.","potentialAction":[{"@type":"SearchAction","target":{"@type":"EntryPoint","urlTemplate":"https:\/\/www.succeed-equine.co.uk\/?s={search_term_string}"},"query-input":{"@type":"PropertyValueSpecification","valueRequired":true,"valueName":"search_term_string"}}],"inLanguage":"sv-SE"}]}},"_links":{"self":[{"href":"https:\/\/www.succeed-equine.co.uk\/sv\/wp-json\/wp\/v2\/pages\/8173","targetHints":{"allow":["GET"]}}],"collection":[{"href":"https:\/\/www.succeed-equine.co.uk\/sv\/wp-json\/wp\/v2\/pages"}],"about":[{"href":"https:\/\/www.succeed-equine.co.uk\/sv\/wp-json\/wp\/v2\/types\/page"}],"author":[{"embeddable":true,"href":"https:\/\/www.succeed-equine.co.uk\/sv\/wp-json\/wp\/v2\/users\/14"}],"replies":[{"embeddable":true,"href":"https:\/\/www.succeed-equine.co.uk\/sv\/wp-json\/wp\/v2\/comments?post=8173"}],"version-history":[{"count":0,"href":"https:\/\/www.succeed-equine.co.uk\/sv\/wp-json\/wp\/v2\/pages\/8173\/revisions"}],"up":[{"embeddable":true,"href":"https:\/\/www.succeed-equine.co.uk\/sv\/wp-json\/wp\/v2\/pages\/8161"}],"wp:attachment":[{"href":"https:\/\/www.succeed-equine.co.uk\/sv\/wp-json\/wp\/v2\/media?parent=8173"}],"curies":[{"name":"wp","href":"https:\/\/api.w.org\/{rel}","templated":true}]}}