{"id":8188,"date":"2017-11-23T16:53:44","date_gmt":"2017-11-23T16:53:44","guid":{"rendered":"https:\/\/www.succeed-equine.co.uk\/?page_id=8188"},"modified":"2018-02-23T21:08:04","modified_gmt":"2018-02-23T21:08:04","slug":"bruksanvisning","status":"publish","type":"page","link":"https:\/\/www.succeed-equine.co.uk\/sv\/om-succeed-matsmaltningsprogrammet\/anvanda-succeed\/bruksanvisning\/","title":{"rendered":"Bruksanvisning"},"content":{"rendered":"<p>Det \u00e4r viktigt att h\u00e5lla din h\u00e4sts matsm\u00e4ltningssystemh\u00e4lsa i optimalt skick. Och med <a href=\"https:\/\/www.succeed-equine.co.uk\/sv\/om-succeed-matsmaltningsprogrammet\/\">SUCCEED<\/a>\u00a0\u00e4r det ocks\u00e5 enkelt. Bara en portion SUCCEED en g\u00e5ng om dagen, varje dag med den vanliga utfodringen \u00e4r allt som beh\u00f6vs. Det \u00e4r allt. Ingen speciell blandning. Inget komplicerat utfodringsprogram.<\/p>\n<p>Utfodringstips f\u00f6r b\u00e4sta resultat:<\/p>\n<div class=\"su-row\">\n<div class=\"su-column su-column-size-1-3\"><div class=\"su-column-inner su-u-clearfix su-u-trim\">\n<ul>\n<li>Fodra SUCCEED tv\u00e5 g\u00e5nger varje dag under den f\u00f6rsta veckan till 10 dagars anv\u00e4ndning, f\u00f6r att konditionera matsm\u00e4ltningssystemet.<\/li>\n<\/ul>\n<\/div><\/div>\n<div class=\"su-column su-column-size-1-3\"><div class=\"su-column-inner su-u-clearfix su-u-trim\">\n<ul>\n<li>Fodra alltid SUCCEED med samma foder varje dag (t.ex. med morgon- eller kv\u00e4llsutfodring).<\/li>\n<\/ul>\n<\/div><\/div>\n<div class=\"su-column su-column-size-1-3\"><div class=\"su-column-inner su-u-clearfix su-u-trim\">\n<ul>\n<li>Om anv\u00e4nder SUCCEED till toppdressing, ska du inte l\u00e4mna SUCCEED exponerad f\u00f6r luft i mer \u00e4n 30 minuter, eftersom detta g\u00f6ra att det \u00e4r mindre tilltalande f\u00f6r h\u00e4sten.<\/li>\n<\/ul>\n<\/div><\/div>\n<\/div>\n<div class=\"su-spacer\" style=\"height:20px\"><\/div>\n<div class=\"su-row\">\n<div class=\"su-column su-column-size-1-3\"><div class=\"su-column-inner su-u-clearfix su-u-trim\">\n<img decoding=\"async\" src=\"\/wp-content\/blogs.dir\/3\/files\/2016\/03\/oral-paste.png\" alt=\"oral-paste\" class=\"alignnone size-full\" \/><br \/>\n<\/div><\/div>\n<div class=\"su-column su-column-size-2-3\"><div class=\"su-column-inner su-u-clearfix su-u-trim\">\n<h2>Oral pasta<\/h2>\n<p>T\u00f6m helt enkelt inneh\u00e5llet i en oral spruta direkt i h\u00e4stens mun, en g\u00e5ng varje dag, omedelbart f\u00f6re utfodring. Som ett alternativ kan du kl\u00e4mma ut r\u00f6rets inneh\u00e5ll direkt p\u00e5 h\u00e4stens foder som toppdressing. (Portionsstorlek 27 gram).<br \/>\n<\/div><\/div>\n<\/div>\n<div class=\"su-row\">\n<div class=\"su-column su-column-size-1-3\"><div class=\"su-column-inner su-u-clearfix su-u-trim\">\n<img decoding=\"async\" src=\"\/wp-content\/blogs.dir\/3\/files\/2016\/03\/top-dress-granules.png\" alt=\"top-dress-granules\" class=\"alignnone size-full\" \/><br \/>\n<\/div><\/div>\n<div class=\"su-column su-column-size-2-3\"><div class=\"su-column-inner su-u-clearfix su-u-trim\">\n<h2>Granulat<\/h2>\n<p>Endast en skopa SUCCEED-granulat (27 gram), applicerad direkt \u00f6ver fodret en g\u00e5ng varje dag, s\u00e5 \u00e4r det gjort. Ingen blandning. Inga till\u00e4gg av andra ingredienser.<\/p>\n<p>Du kan f\u00f6rv\u00e4nta dig att se resultat inom 30 dagar, men v\u00e4nta 90 dagar f\u00f6r att SUCCEED ska n\u00e5 full effekt.<br \/>\n<\/div><\/div>\n<\/div>\n<h2>Rekommenderade portioner f\u00f6r h\u00e4ststorlekar<\/h2>\n<p>SUCCEED har formulerats f\u00f6r en typisk vuxen h\u00e4st p\u00e5 540 kg. Eftersom det \u00e4r ett nutritionsprogram och inte ett l\u00e4kemedel, \u00e4r standardportionen \u00e4ven s\u00e4ker f\u00f6r sm\u00e5 h\u00e4star och ponnyer. Vi rekommenderar:<br \/>\n\n  <div class=\"serving_sizes row\">\n    <div class=\"serving_sections\">\n      <h2>F\u00f6l och ponnyer<\/h2><span>Under 270 kg<\/span>\n      <img decoding=\"async\" src=\"https:\/\/www.succeed-equine.co.uk\/wp-content\/themes\/FoundationPress\/images\/fellas_ponies.png\" \/>\n      <div class=\"circle\">\n        <span>\n          <h3>0,5<\/h3>\n          <p>portioner<\/p>\n        <\/span>\n      <\/div>\n    <\/div>\n    <div class=\"serving_sections\">\n      <h2>H\u00e4star<\/h2><span>Upp till 540 kg<\/span>\n      <img decoding=\"async\" src=\"https:\/\/www.succeed-equine.co.uk\/wp-content\/themes\/FoundationPress\/images\/horse-instructions.jpg\" \/>\n      <div class=\"circle\">\n        <span>\n          <h3>1<\/h3>\n          <p>portioner<\/p>\n        <\/span>\n      <\/div>\n    <\/div>\n    <div class=\"serving_sections\">\n      <h2>Stora arbetsh\u00e4star<\/h2><span> &nbsp;<\/span>\n      <img decoding=\"async\" src=\"https:\/\/www.succeed-equine.co.uk\/wp-content\/themes\/FoundationPress\/images\/large-draft-horse.jpg\" \/>\n      <div class=\"circle\">\n        <span>\n          <h3>1,5\u20132<\/h3>\n          <p>portioner<\/p>\n        <\/span>\n      <\/div>\n    <\/div>\n  <\/div>\n  \n<div class=\"su-spacer\" style=\"height:30px\"><\/div>\n<h2>Vanliga fr\u00e5gor och svar<\/h2>\n<p>F\u00f6r mer detaljerad information om s\u00e4kerhet, hantering och anv\u00e4ndning av SUCCEED, <a href=\"https:\/\/www.succeed-equine.co.uk\/sv\/om-succeed-matsmaltningsprogrammet\/anvanda-succeed\/vanliga-fragor-om-succeed\/\">se avsnittet Vanliga fr\u00e5gor och svar.<\/a><\/p>\n","protected":false},"excerpt":{"rendered":"<p>Det \u00e4r viktigt att h\u00e5lla din h\u00e4sts matsm\u00e4ltningssystemh\u00e4lsa i optimalt skick. Och med SUCCEED\u00a0\u00e4r det ocks\u00e5 enkelt. Bara en portion SUCCEED en g\u00e5ng om dagen, varje dag med den vanliga utfodringen \u00e4r allt som beh\u00f6vs. [&hellip;]<\/p>\n","protected":false},"author":14,"featured_media":0,"parent":8161,"menu_order":0,"comment_status":"closed","ping_status":"closed","template":"","meta":{"_acf_changed":false,"footnotes":""},"class_list":["post-8188","page","type-page","status-publish","hentry"],"acf":[],"yoast_head":"<!-- This site is optimized with the Yoast SEO plugin v26.6 - https:\/\/yoast.com\/wordpress\/plugins\/seo\/ -->\n<title>Instruktioner f\u00f6r anv\u00e4ndning av SUCCEED f\u00f6r h\u00e4star | SUCCEED Europa<\/title>\n<meta name=\"description\" content=\"Det \u00e4r viktigt att h\u00e5lla din h\u00e4sts matsm\u00e4ltningssystemh\u00e4lsa i optimalt skick. Och med SUCCEED \u00e4r det ocks\u00e5 enkelt. F\u00e5 reda p\u00e5 hur du utfodrar med SUCCEED.\" \/>\n<meta name=\"robots\" content=\"index, follow, max-snippet:-1, max-image-preview:large, max-video-preview:-1\" \/>\n<link rel=\"canonical\" href=\"https:\/\/www.succeed-equine.co.uk\/sv\/om-succeed-matsmaltningsprogrammet\/anvanda-succeed\/bruksanvisning\/\" \/>\n<meta property=\"og:locale\" content=\"sv_SE\" \/>\n<meta property=\"og:type\" content=\"article\" \/>\n<meta property=\"og:title\" content=\"Instruktioner f\u00f6r anv\u00e4ndning av SUCCEED f\u00f6r h\u00e4star | SUCCEED Europa\" \/>\n<meta property=\"og:description\" content=\"Det \u00e4r viktigt att h\u00e5lla din h\u00e4sts matsm\u00e4ltningssystemh\u00e4lsa i optimalt skick. Och med SUCCEED \u00e4r det ocks\u00e5 enkelt. F\u00e5 reda p\u00e5 hur du utfodrar med SUCCEED.\" \/>\n<meta property=\"og:url\" content=\"https:\/\/www.succeed-equine.co.uk\/sv\/om-succeed-matsmaltningsprogrammet\/anvanda-succeed\/bruksanvisning\/\" \/>\n<meta property=\"og:site_name\" content=\"SUCCEED Europe\" \/>\n<meta property=\"article:modified_time\" content=\"2018-02-23T21:08:04+00:00\" \/>\n<meta property=\"og:image\" content=\"https:\/\/www.succeed-equine.co.uk\/wp-content\/blogs.dir\/3\/files\/2016\/03\/oral-paste.png\" \/>\n<meta name=\"twitter:card\" content=\"summary_large_image\" \/>\n<meta name=\"twitter:label1\" content=\"Ber\u00e4knad l\u00e4stid\" \/>\n\t<meta name=\"twitter:data1\" content=\"2 minuter\" \/>\n<script type=\"application\/ld+json\" class=\"yoast-schema-graph\">{\"@context\":\"https:\/\/schema.org\",\"@graph\":[{\"@type\":\"WebPage\",\"@id\":\"https:\/\/www.succeed-equine.co.uk\/sv\/om-succeed-matsmaltningsprogrammet\/anvanda-succeed\/bruksanvisning\/\",\"url\":\"https:\/\/www.succeed-equine.co.uk\/sv\/om-succeed-matsmaltningsprogrammet\/anvanda-succeed\/bruksanvisning\/\",\"name\":\"Instruktioner f\u00f6r anv\u00e4ndning av SUCCEED f\u00f6r h\u00e4star | SUCCEED Europa\",\"isPartOf\":{\"@id\":\"https:\/\/www.succeed-equine.co.uk\/#website\"},\"datePublished\":\"2017-11-23T16:53:44+00:00\",\"dateModified\":\"2018-02-23T21:08:04+00:00\",\"description\":\"Det \u00e4r viktigt att h\u00e5lla din h\u00e4sts matsm\u00e4ltningssystemh\u00e4lsa i optimalt skick. Och med SUCCEED \u00e4r det ocks\u00e5 enkelt. F\u00e5 reda p\u00e5 hur du utfodrar med SUCCEED.\",\"breadcrumb\":{\"@id\":\"https:\/\/www.succeed-equine.co.uk\/sv\/om-succeed-matsmaltningsprogrammet\/anvanda-succeed\/bruksanvisning\/#breadcrumb\"},\"inLanguage\":\"sv-SE\",\"potentialAction\":[{\"@type\":\"ReadAction\",\"target\":[\"https:\/\/www.succeed-equine.co.uk\/sv\/om-succeed-matsmaltningsprogrammet\/anvanda-succeed\/bruksanvisning\/\"]}]},{\"@type\":\"BreadcrumbList\",\"@id\":\"https:\/\/www.succeed-equine.co.uk\/sv\/om-succeed-matsmaltningsprogrammet\/anvanda-succeed\/bruksanvisning\/#breadcrumb\",\"itemListElement\":[{\"@type\":\"ListItem\",\"position\":1,\"name\":\"Home\",\"item\":\"https:\/\/www.succeed-equine.co.uk\/sv\/\"},{\"@type\":\"ListItem\",\"position\":2,\"name\":\"Om SUCCEED\u00ae matsm\u00e4ltningsprogrammet\",\"item\":\"https:\/\/www.succeed-equine.co.uk\/sv\/om-succeed-matsmaltningsprogrammet\/\"},{\"@type\":\"ListItem\",\"position\":3,\"name\":\"Using SUCCEED\",\"item\":\"https:\/\/www.succeed-equine.co.uk\/sv\/om-succeed-matsmaltningsprogrammet\/anvanda-succeed\/\"},{\"@type\":\"ListItem\",\"position\":4,\"name\":\"Bruksanvisning\"}]},{\"@type\":\"WebSite\",\"@id\":\"https:\/\/www.succeed-equine.co.uk\/#website\",\"url\":\"https:\/\/www.succeed-equine.co.uk\/\",\"name\":\"SUCCEED Europe\",\"description\":\"My horse at its best.\",\"potentialAction\":[{\"@type\":\"SearchAction\",\"target\":{\"@type\":\"EntryPoint\",\"urlTemplate\":\"https:\/\/www.succeed-equine.co.uk\/?s={search_term_string}\"},\"query-input\":{\"@type\":\"PropertyValueSpecification\",\"valueRequired\":true,\"valueName\":\"search_term_string\"}}],\"inLanguage\":\"sv-SE\"}]}<\/script>\n<!-- \/ Yoast SEO plugin. -->","yoast_head_json":{"title":"Instruktioner f\u00f6r anv\u00e4ndning av SUCCEED f\u00f6r h\u00e4star | SUCCEED Europa","description":"Det \u00e4r viktigt att h\u00e5lla din h\u00e4sts matsm\u00e4ltningssystemh\u00e4lsa i optimalt skick. Och med SUCCEED \u00e4r det ocks\u00e5 enkelt. F\u00e5 reda p\u00e5 hur du utfodrar med SUCCEED.","robots":{"index":"index","follow":"follow","max-snippet":"max-snippet:-1","max-image-preview":"max-image-preview:large","max-video-preview":"max-video-preview:-1"},"canonical":"https:\/\/www.succeed-equine.co.uk\/sv\/om-succeed-matsmaltningsprogrammet\/anvanda-succeed\/bruksanvisning\/","og_locale":"sv_SE","og_type":"article","og_title":"Instruktioner f\u00f6r anv\u00e4ndning av SUCCEED f\u00f6r h\u00e4star | SUCCEED Europa","og_description":"Det \u00e4r viktigt att h\u00e5lla din h\u00e4sts matsm\u00e4ltningssystemh\u00e4lsa i optimalt skick. Och med SUCCEED \u00e4r det ocks\u00e5 enkelt. F\u00e5 reda p\u00e5 hur du utfodrar med SUCCEED.","og_url":"https:\/\/www.succeed-equine.co.uk\/sv\/om-succeed-matsmaltningsprogrammet\/anvanda-succeed\/bruksanvisning\/","og_site_name":"SUCCEED Europe","article_modified_time":"2018-02-23T21:08:04+00:00","og_image":[{"url":"https:\/\/www.succeed-equine.co.uk\/wp-content\/blogs.dir\/3\/files\/2016\/03\/oral-paste.png","type":"","width":"","height":""}],"twitter_card":"summary_large_image","twitter_misc":{"Ber\u00e4knad l\u00e4stid":"2 minuter"},"schema":{"@context":"https:\/\/schema.org","@graph":[{"@type":"WebPage","@id":"https:\/\/www.succeed-equine.co.uk\/sv\/om-succeed-matsmaltningsprogrammet\/anvanda-succeed\/bruksanvisning\/","url":"https:\/\/www.succeed-equine.co.uk\/sv\/om-succeed-matsmaltningsprogrammet\/anvanda-succeed\/bruksanvisning\/","name":"Instruktioner f\u00f6r anv\u00e4ndning av SUCCEED f\u00f6r h\u00e4star | SUCCEED Europa","isPartOf":{"@id":"https:\/\/www.succeed-equine.co.uk\/#website"},"datePublished":"2017-11-23T16:53:44+00:00","dateModified":"2018-02-23T21:08:04+00:00","description":"Det \u00e4r viktigt att h\u00e5lla din h\u00e4sts matsm\u00e4ltningssystemh\u00e4lsa i optimalt skick. Och med SUCCEED \u00e4r det ocks\u00e5 enkelt. F\u00e5 reda p\u00e5 hur du utfodrar med SUCCEED.","breadcrumb":{"@id":"https:\/\/www.succeed-equine.co.uk\/sv\/om-succeed-matsmaltningsprogrammet\/anvanda-succeed\/bruksanvisning\/#breadcrumb"},"inLanguage":"sv-SE","potentialAction":[{"@type":"ReadAction","target":["https:\/\/www.succeed-equine.co.uk\/sv\/om-succeed-matsmaltningsprogrammet\/anvanda-succeed\/bruksanvisning\/"]}]},{"@type":"BreadcrumbList","@id":"https:\/\/www.succeed-equine.co.uk\/sv\/om-succeed-matsmaltningsprogrammet\/anvanda-succeed\/bruksanvisning\/#breadcrumb","itemListElement":[{"@type":"ListItem","position":1,"name":"Home","item":"https:\/\/www.succeed-equine.co.uk\/sv\/"},{"@type":"ListItem","position":2,"name":"Om SUCCEED\u00ae matsm\u00e4ltningsprogrammet","item":"https:\/\/www.succeed-equine.co.uk\/sv\/om-succeed-matsmaltningsprogrammet\/"},{"@type":"ListItem","position":3,"name":"Using SUCCEED","item":"https:\/\/www.succeed-equine.co.uk\/sv\/om-succeed-matsmaltningsprogrammet\/anvanda-succeed\/"},{"@type":"ListItem","position":4,"name":"Bruksanvisning"}]},{"@type":"WebSite","@id":"https:\/\/www.succeed-equine.co.uk\/#website","url":"https:\/\/www.succeed-equine.co.uk\/","name":"SUCCEED Europe","description":"My horse at its best.","potentialAction":[{"@type":"SearchAction","target":{"@type":"EntryPoint","urlTemplate":"https:\/\/www.succeed-equine.co.uk\/?s={search_term_string}"},"query-input":{"@type":"PropertyValueSpecification","valueRequired":true,"valueName":"search_term_string"}}],"inLanguage":"sv-SE"}]}},"_links":{"self":[{"href":"https:\/\/www.succeed-equine.co.uk\/sv\/wp-json\/wp\/v2\/pages\/8188","targetHints":{"allow":["GET"]}}],"collection":[{"href":"https:\/\/www.succeed-equine.co.uk\/sv\/wp-json\/wp\/v2\/pages"}],"about":[{"href":"https:\/\/www.succeed-equine.co.uk\/sv\/wp-json\/wp\/v2\/types\/page"}],"author":[{"embeddable":true,"href":"https:\/\/www.succeed-equine.co.uk\/sv\/wp-json\/wp\/v2\/users\/14"}],"replies":[{"embeddable":true,"href":"https:\/\/www.succeed-equine.co.uk\/sv\/wp-json\/wp\/v2\/comments?post=8188"}],"version-history":[{"count":0,"href":"https:\/\/www.succeed-equine.co.uk\/sv\/wp-json\/wp\/v2\/pages\/8188\/revisions"}],"up":[{"embeddable":true,"href":"https:\/\/www.succeed-equine.co.uk\/sv\/wp-json\/wp\/v2\/pages\/8161"}],"wp:attachment":[{"href":"https:\/\/www.succeed-equine.co.uk\/sv\/wp-json\/wp\/v2\/media?parent=8188"}],"curies":[{"name":"wp","href":"https:\/\/api.w.org\/{rel}","templated":true}]}}