{"id":8202,"date":"2017-11-23T17:50:33","date_gmt":"2017-11-23T17:50:33","guid":{"rendered":"https:\/\/www.succeed-equine.co.uk\/?page_id=8202"},"modified":"2018-02-23T21:14:01","modified_gmt":"2018-02-23T21:14:01","slug":"succeed-storage-handling-guidelines","status":"publish","type":"page","link":"https:\/\/www.succeed-equine.co.uk\/sv\/om-succeed-matsmaltningsprogrammet\/anvanda-succeed\/succeed-storage-handling-guidelines\/","title":{"rendered":"SUCCEED\u00ae \u2013 Riktlinjer f\u00f6r f\u00f6rvaring och hantering"},"content":{"rendered":"<div class=\"su-row\">\n<div class=\"su-column su-column-size-1-3\"><div class=\"su-column-inner su-u-clearfix su-u-trim\">\nSUCCEED \u00e4r ett dagligt tillskottsprogram som st\u00f6djer den naturliga h\u00e4lsan hos h\u00e4stens matsm\u00e4ltningssystem. Den finns tillg\u00e4nglig som oral pasta, orala sprutor f\u00f6r dagliga administrering, i en kartong med 30 sprutor, eller som toppdressinggranulat i tre hinkstorlekar.<br \/>\n<\/div><\/div>\n<div class=\"su-column su-column-size-1-3\"><div class=\"su-column-inner su-u-clearfix su-u-trim\">\nHos Freedom Health str\u00e4var vi efter att garantera konsekvens och kvalitet i v\u00e5ra produkter. D\u00e4rf\u00f6r kan vissa grundl\u00e4ggande riktlinjer f\u00f6r korrekt hantering och f\u00f6rvaring av produkten bidra till att SUCCEED:s fysiska utseende och egenskaper \u00e4r som allra b\u00e4st.<br \/>\n<\/div><\/div>\n<div class=\"su-column su-column-size-1-3\"><div class=\"su-column-inner su-u-clearfix su-u-trim\">\n<img decoding=\"async\" src=\"https:\/\/www.succeed-equine.co.uk\/wp-content\/blogs.dir\/3\/files\/2016\/05\/paste-and-granules.jpg\" alt=\"paste-and-granules\" class=\"alignnone size-full\" \/><\/div><\/div><\/div>\n<p>T\u00e4nk p\u00e5 f\u00f6ljande anvisningar och riktlinjer:<\/p>\n<div class=\"su-row\"><div class=\"su-column su-column-size-1-3\"><div class=\"su-column-inner su-u-clearfix su-u-trim\">\n<div class=\"su-accordion su-u-trim\">\n<div class=\"su-spoiler su-spoiler-style-default su-spoiler-icon-plus su-spoiler-closed\" data-scroll-offset=\"0\" data-anchor-in-url=\"no\"><div class=\"su-spoiler-title\" tabindex=\"0\" role=\"button\"><span class=\"su-spoiler-icon\"><\/span>F\u00f6rvaring<\/div><div class=\"su-spoiler-content su-u-clearfix su-u-trim\">SUCCEED b\u00f6r f\u00f6rvaras svalt och torrt, och skyddas mot direkt solljus. Produkten kan f\u00f6rvaras i kylsk\u00e5p p\u00e5 ett s\u00e4kert s\u00e4tt n\u00e4r den inte anv\u00e4nds.<\/div><\/div>\n<div class=\"su-spoiler su-spoiler-style-default su-spoiler-icon-plus su-spoiler-closed\" data-scroll-offset=\"0\" data-anchor-in-url=\"no\"><div class=\"su-spoiler-title\" tabindex=\"0\" role=\"button\"><span class=\"su-spoiler-icon\"><\/span>Konsistens<\/div><div class=\"su-spoiler-content su-u-clearfix su-u-trim\">SUCCEED utvecklas fr\u00e5n naturligt f\u00f6rekommande foderingredienser. P\u00e5 grund av detta kan man se en viss variation i f\u00e4rg och konsistens. Tillverkare av kosttillskott tills\u00e4tter ofta fyllnadsmedel till sina produkter, vilket kan minimera den variation som f\u00f6rekommer naturligt. Freedom Health anv\u00e4nder inga s\u00e5dana fyllnadsmedel. Mindre variationer i f\u00e4rg eller konsistens p\u00e5verkar inte produktens effektivitet eller anv\u00e4ndning. <\/div><\/div>\n<\/div>\n<\/div><\/div>\n<div class=\"su-column su-column-size-1-3\"><div class=\"su-column-inner su-u-clearfix su-u-trim\">\n<div class=\"su-accordion su-u-trim\">\n<div class=\"su-spoiler su-spoiler-style-default su-spoiler-icon-plus su-spoiler-closed\" data-scroll-offset=\"0\" data-anchor-in-url=\"no\"><div class=\"su-spoiler-title\" tabindex=\"0\" role=\"button\"><span class=\"su-spoiler-icon\"><\/span>Fukt och h\u00e4rskenhet<\/div><div class=\"su-spoiler-content su-u-clearfix su-u-trim\">SUCCEED inneh\u00e5ller minimalt med fukt, och inget vatten tills\u00e4tts till produkten. Genom att g\u00f6ra detta, och tack vare typen av havreolja i SUCCEED, \u00e4r h\u00e4rskenhet mycket osannolikt. I vanliga labbtester f\u00f6r h\u00e4rskenhet, godk\u00e4nns SUCCEED 100 % av tiden. N\u00e4r SUCCEED uts\u00e4tts f\u00f6r h\u00f6ga temperaturer, speciellt under l\u00e4ngre perioder, blommar den, eller frig\u00f6r olja. (Se produktetiketten f\u00f6r specifika riktlinjer f\u00f6r f\u00f6rvaringstemperatur.) Detta kan ge intryck av att produkten \u00e4r v\u00e5t. Detta \u00e5terspeglar dock inte fukt och p\u00e5verkar inte produktens prestanda och anv\u00e4ndning.<\/div><\/div>\n<div class=\"su-spoiler su-spoiler-style-default su-spoiler-icon-plus su-spoiler-closed\" data-scroll-offset=\"0\" data-anchor-in-url=\"no\"><div class=\"su-spoiler-title\" tabindex=\"0\" role=\"button\"><span class=\"su-spoiler-icon\"><\/span>Klumpbildning<\/div><div class=\"su-spoiler-content su-u-clearfix su-u-trim\">SUCCEED \u00e4r en blandning av torra produkter (havremj\u00f6l, aminosyror och j\u00e4st) med olja. Blomningen, eller frig\u00f6ringen av olja (separation av olja fr\u00e5n de torra materialen), som h\u00e4nvisas till ovan, kan leda till klumpbildning i granulatprodukten. Detta p\u00e5verkar inte produktens prestanda eller anv\u00e4ndning, och kan ofta vara underl\u00e4ttas med skakning och placering i kylsk\u00e5p \u00f6ver natten.<\/div><\/div>\n<\/div>\n<\/div><\/div>\n<div class=\"su-column su-column-size-1-3\"><div class=\"su-column-inner su-u-clearfix su-u-trim\">\n<div class=\"su-accordion su-u-trim\">\n<div class=\"su-spoiler su-spoiler-style-default su-spoiler-icon-plus su-spoiler-closed\" data-scroll-offset=\"0\" data-anchor-in-url=\"no\"><div class=\"su-spoiler-title\" tabindex=\"0\" role=\"button\"><span class=\"su-spoiler-icon\"><\/span>Doft<\/div><div class=\"su-spoiler-content su-u-clearfix su-u-trim\">N\u00e4r du \u00f6ppnar SUCCEED-beh\u00e5llarens lock kanske du m\u00e4rker en stark havredoft i kombination med alkoholdoft. Alkoholdoften kommer fr\u00e5n alkoholen \u2013 etanol \u2013 som anv\u00e4nds vid framst\u00e4llningen av r\u00e5materialen, och det \u00e4r ofarligt. Det f\u00f6rsvinner oftast efter en kort stund.<\/div><\/div>\n<div class=\"su-spoiler su-spoiler-style-default su-spoiler-icon-plus su-spoiler-closed\" data-scroll-offset=\"0\" data-anchor-in-url=\"no\"><div class=\"su-spoiler-title\" tabindex=\"0\" role=\"button\"><span class=\"su-spoiler-icon\"><\/span>Testning<\/div><div class=\"su-spoiler-content su-u-clearfix su-u-trim\">Ett prov fr\u00e5n varje parti SUCCEED bibeh\u00e5lls f\u00f6r testning och l\u00e5ngsiktig utv\u00e4rdering (dvs. \u201dh\u00e5llbarhets-\u201d testning) till 2x det rekommenderade utg\u00e5ngsdatumet (dvs. \u201danv\u00e4nd f\u00f6re\u201d-datumet). Kvaliteten \u00e4r uppr\u00e4tth\u00e5lls konsekvent under denna tidsperiod.<\/div><\/div>\n<\/div>\n<\/div><\/div>\n<\/div>\n<h2>Kontakta oss<\/h2>\n<p>Om du har fr\u00e5gor om SUCCEED, eller hur man hanterar och f\u00f6rvarar det, f\u00e5r du g\u00e4rna kontakta <a href=\"https:\/\/www.succeed-equine.co.uk\/sv\/kontakta\/\">Freedom Health<\/a>.<\/p>\n","protected":false},"excerpt":{"rendered":"<p>T\u00e4nk p\u00e5 f\u00f6ljande anvisningar och riktlinjer: Kontakta oss Om du har fr\u00e5gor om SUCCEED, eller hur man hanterar och f\u00f6rvarar det, f\u00e5r du g\u00e4rna kontakta Freedom Health.<\/p>\n","protected":false},"author":14,"featured_media":0,"parent":8161,"menu_order":0,"comment_status":"closed","ping_status":"closed","template":"","meta":{"_acf_changed":false,"footnotes":""},"class_list":["post-8202","page","type-page","status-publish","hentry"],"acf":[],"yoast_head":"<!-- This site is optimized with the Yoast SEO plugin v26.6 - https:\/\/yoast.com\/wordpress\/plugins\/seo\/ -->\n<title>Riktlinjer f\u00f6r f\u00f6rvaring och hantering av SUCCEED | SUCCEED Europa<\/title>\n<meta name=\"description\" content=\"Korrekt hantering och f\u00f6rvaring kan hj\u00e4lpa till att s\u00e4kerst\u00e4lla att SUCCEED:s utseende och egenskaper \u00e4r allra b\u00e4st. Detta \u00e4r vad du beh\u00f6ver veta.\" \/>\n<meta name=\"robots\" content=\"index, follow, max-snippet:-1, max-image-preview:large, max-video-preview:-1\" \/>\n<link rel=\"canonical\" href=\"https:\/\/www.succeed-equine.co.uk\/sv\/om-succeed-matsmaltningsprogrammet\/anvanda-succeed\/succeed-storage-handling-guidelines\/\" \/>\n<meta property=\"og:locale\" content=\"sv_SE\" \/>\n<meta property=\"og:type\" content=\"article\" \/>\n<meta property=\"og:title\" content=\"Riktlinjer f\u00f6r f\u00f6rvaring och hantering av SUCCEED | SUCCEED Europa\" \/>\n<meta property=\"og:description\" content=\"Korrekt hantering och f\u00f6rvaring kan hj\u00e4lpa till att s\u00e4kerst\u00e4lla att SUCCEED:s utseende och egenskaper \u00e4r allra b\u00e4st. Detta \u00e4r vad du beh\u00f6ver veta.\" \/>\n<meta property=\"og:url\" content=\"https:\/\/www.succeed-equine.co.uk\/sv\/om-succeed-matsmaltningsprogrammet\/anvanda-succeed\/succeed-storage-handling-guidelines\/\" \/>\n<meta property=\"og:site_name\" content=\"SUCCEED Europe\" \/>\n<meta property=\"article:modified_time\" content=\"2018-02-23T21:14:01+00:00\" \/>\n<meta property=\"og:image\" content=\"https:\/\/www.succeed-equine.co.uk\/wp-content\/blogs.dir\/3\/files\/2016\/05\/paste-and-granules.jpg\" \/>\n<meta name=\"twitter:card\" content=\"summary_large_image\" \/>\n<meta name=\"twitter:label1\" content=\"Ber\u00e4knad l\u00e4stid\" \/>\n\t<meta name=\"twitter:data1\" content=\"3 minuter\" \/>\n<script type=\"application\/ld+json\" class=\"yoast-schema-graph\">{\"@context\":\"https:\/\/schema.org\",\"@graph\":[{\"@type\":\"WebPage\",\"@id\":\"https:\/\/www.succeed-equine.co.uk\/sv\/om-succeed-matsmaltningsprogrammet\/anvanda-succeed\/succeed-storage-handling-guidelines\/\",\"url\":\"https:\/\/www.succeed-equine.co.uk\/sv\/om-succeed-matsmaltningsprogrammet\/anvanda-succeed\/succeed-storage-handling-guidelines\/\",\"name\":\"Riktlinjer f\u00f6r f\u00f6rvaring och hantering av SUCCEED | SUCCEED Europa\",\"isPartOf\":{\"@id\":\"https:\/\/www.succeed-equine.co.uk\/#website\"},\"primaryImageOfPage\":{\"@id\":\"https:\/\/www.succeed-equine.co.uk\/sv\/om-succeed-matsmaltningsprogrammet\/anvanda-succeed\/succeed-storage-handling-guidelines\/#primaryimage\"},\"image\":{\"@id\":\"https:\/\/www.succeed-equine.co.uk\/sv\/om-succeed-matsmaltningsprogrammet\/anvanda-succeed\/succeed-storage-handling-guidelines\/#primaryimage\"},\"thumbnailUrl\":\"https:\/\/www.succeed-equine.co.uk\/wp-content\/blogs.dir\/3\/files\/2016\/05\/paste-and-granules.jpg\",\"datePublished\":\"2017-11-23T17:50:33+00:00\",\"dateModified\":\"2018-02-23T21:14:01+00:00\",\"description\":\"Korrekt hantering och f\u00f6rvaring kan hj\u00e4lpa till att s\u00e4kerst\u00e4lla att SUCCEED:s utseende och egenskaper \u00e4r allra b\u00e4st. Detta \u00e4r vad du beh\u00f6ver veta.\",\"breadcrumb\":{\"@id\":\"https:\/\/www.succeed-equine.co.uk\/sv\/om-succeed-matsmaltningsprogrammet\/anvanda-succeed\/succeed-storage-handling-guidelines\/#breadcrumb\"},\"inLanguage\":\"sv-SE\",\"potentialAction\":[{\"@type\":\"ReadAction\",\"target\":[\"https:\/\/www.succeed-equine.co.uk\/sv\/om-succeed-matsmaltningsprogrammet\/anvanda-succeed\/succeed-storage-handling-guidelines\/\"]}]},{\"@type\":\"ImageObject\",\"inLanguage\":\"sv-SE\",\"@id\":\"https:\/\/www.succeed-equine.co.uk\/sv\/om-succeed-matsmaltningsprogrammet\/anvanda-succeed\/succeed-storage-handling-guidelines\/#primaryimage\",\"url\":\"https:\/\/www.succeed-equine.co.uk\/wp-content\/blogs.dir\/3\/files\/2016\/05\/paste-and-granules.jpg\",\"contentUrl\":\"https:\/\/www.succeed-equine.co.uk\/wp-content\/blogs.dir\/3\/files\/2016\/05\/paste-and-granules.jpg\"},{\"@type\":\"BreadcrumbList\",\"@id\":\"https:\/\/www.succeed-equine.co.uk\/sv\/om-succeed-matsmaltningsprogrammet\/anvanda-succeed\/succeed-storage-handling-guidelines\/#breadcrumb\",\"itemListElement\":[{\"@type\":\"ListItem\",\"position\":1,\"name\":\"Home\",\"item\":\"https:\/\/www.succeed-equine.co.uk\/sv\/\"},{\"@type\":\"ListItem\",\"position\":2,\"name\":\"Om SUCCEED\u00ae matsm\u00e4ltningsprogrammet\",\"item\":\"https:\/\/www.succeed-equine.co.uk\/sv\/om-succeed-matsmaltningsprogrammet\/\"},{\"@type\":\"ListItem\",\"position\":3,\"name\":\"Using SUCCEED\",\"item\":\"https:\/\/www.succeed-equine.co.uk\/sv\/om-succeed-matsmaltningsprogrammet\/anvanda-succeed\/\"},{\"@type\":\"ListItem\",\"position\":4,\"name\":\"SUCCEED\u00ae \u2013 Riktlinjer f\u00f6r f\u00f6rvaring och hantering\"}]},{\"@type\":\"WebSite\",\"@id\":\"https:\/\/www.succeed-equine.co.uk\/#website\",\"url\":\"https:\/\/www.succeed-equine.co.uk\/\",\"name\":\"SUCCEED Europe\",\"description\":\"My horse at its best.\",\"potentialAction\":[{\"@type\":\"SearchAction\",\"target\":{\"@type\":\"EntryPoint\",\"urlTemplate\":\"https:\/\/www.succeed-equine.co.uk\/?s={search_term_string}\"},\"query-input\":{\"@type\":\"PropertyValueSpecification\",\"valueRequired\":true,\"valueName\":\"search_term_string\"}}],\"inLanguage\":\"sv-SE\"}]}<\/script>\n<!-- \/ Yoast SEO plugin. -->","yoast_head_json":{"title":"Riktlinjer f\u00f6r f\u00f6rvaring och hantering av SUCCEED | SUCCEED Europa","description":"Korrekt hantering och f\u00f6rvaring kan hj\u00e4lpa till att s\u00e4kerst\u00e4lla att SUCCEED:s utseende och egenskaper \u00e4r allra b\u00e4st. Detta \u00e4r vad du beh\u00f6ver veta.","robots":{"index":"index","follow":"follow","max-snippet":"max-snippet:-1","max-image-preview":"max-image-preview:large","max-video-preview":"max-video-preview:-1"},"canonical":"https:\/\/www.succeed-equine.co.uk\/sv\/om-succeed-matsmaltningsprogrammet\/anvanda-succeed\/succeed-storage-handling-guidelines\/","og_locale":"sv_SE","og_type":"article","og_title":"Riktlinjer f\u00f6r f\u00f6rvaring och hantering av SUCCEED | SUCCEED Europa","og_description":"Korrekt hantering och f\u00f6rvaring kan hj\u00e4lpa till att s\u00e4kerst\u00e4lla att SUCCEED:s utseende och egenskaper \u00e4r allra b\u00e4st. Detta \u00e4r vad du beh\u00f6ver veta.","og_url":"https:\/\/www.succeed-equine.co.uk\/sv\/om-succeed-matsmaltningsprogrammet\/anvanda-succeed\/succeed-storage-handling-guidelines\/","og_site_name":"SUCCEED Europe","article_modified_time":"2018-02-23T21:14:01+00:00","og_image":[{"url":"https:\/\/www.succeed-equine.co.uk\/wp-content\/blogs.dir\/3\/files\/2016\/05\/paste-and-granules.jpg","type":"","width":"","height":""}],"twitter_card":"summary_large_image","twitter_misc":{"Ber\u00e4knad l\u00e4stid":"3 minuter"},"schema":{"@context":"https:\/\/schema.org","@graph":[{"@type":"WebPage","@id":"https:\/\/www.succeed-equine.co.uk\/sv\/om-succeed-matsmaltningsprogrammet\/anvanda-succeed\/succeed-storage-handling-guidelines\/","url":"https:\/\/www.succeed-equine.co.uk\/sv\/om-succeed-matsmaltningsprogrammet\/anvanda-succeed\/succeed-storage-handling-guidelines\/","name":"Riktlinjer f\u00f6r f\u00f6rvaring och hantering av SUCCEED | SUCCEED Europa","isPartOf":{"@id":"https:\/\/www.succeed-equine.co.uk\/#website"},"primaryImageOfPage":{"@id":"https:\/\/www.succeed-equine.co.uk\/sv\/om-succeed-matsmaltningsprogrammet\/anvanda-succeed\/succeed-storage-handling-guidelines\/#primaryimage"},"image":{"@id":"https:\/\/www.succeed-equine.co.uk\/sv\/om-succeed-matsmaltningsprogrammet\/anvanda-succeed\/succeed-storage-handling-guidelines\/#primaryimage"},"thumbnailUrl":"https:\/\/www.succeed-equine.co.uk\/wp-content\/blogs.dir\/3\/files\/2016\/05\/paste-and-granules.jpg","datePublished":"2017-11-23T17:50:33+00:00","dateModified":"2018-02-23T21:14:01+00:00","description":"Korrekt hantering och f\u00f6rvaring kan hj\u00e4lpa till att s\u00e4kerst\u00e4lla att SUCCEED:s utseende och egenskaper \u00e4r allra b\u00e4st. Detta \u00e4r vad du beh\u00f6ver veta.","breadcrumb":{"@id":"https:\/\/www.succeed-equine.co.uk\/sv\/om-succeed-matsmaltningsprogrammet\/anvanda-succeed\/succeed-storage-handling-guidelines\/#breadcrumb"},"inLanguage":"sv-SE","potentialAction":[{"@type":"ReadAction","target":["https:\/\/www.succeed-equine.co.uk\/sv\/om-succeed-matsmaltningsprogrammet\/anvanda-succeed\/succeed-storage-handling-guidelines\/"]}]},{"@type":"ImageObject","inLanguage":"sv-SE","@id":"https:\/\/www.succeed-equine.co.uk\/sv\/om-succeed-matsmaltningsprogrammet\/anvanda-succeed\/succeed-storage-handling-guidelines\/#primaryimage","url":"https:\/\/www.succeed-equine.co.uk\/wp-content\/blogs.dir\/3\/files\/2016\/05\/paste-and-granules.jpg","contentUrl":"https:\/\/www.succeed-equine.co.uk\/wp-content\/blogs.dir\/3\/files\/2016\/05\/paste-and-granules.jpg"},{"@type":"BreadcrumbList","@id":"https:\/\/www.succeed-equine.co.uk\/sv\/om-succeed-matsmaltningsprogrammet\/anvanda-succeed\/succeed-storage-handling-guidelines\/#breadcrumb","itemListElement":[{"@type":"ListItem","position":1,"name":"Home","item":"https:\/\/www.succeed-equine.co.uk\/sv\/"},{"@type":"ListItem","position":2,"name":"Om SUCCEED\u00ae matsm\u00e4ltningsprogrammet","item":"https:\/\/www.succeed-equine.co.uk\/sv\/om-succeed-matsmaltningsprogrammet\/"},{"@type":"ListItem","position":3,"name":"Using SUCCEED","item":"https:\/\/www.succeed-equine.co.uk\/sv\/om-succeed-matsmaltningsprogrammet\/anvanda-succeed\/"},{"@type":"ListItem","position":4,"name":"SUCCEED\u00ae \u2013 Riktlinjer f\u00f6r f\u00f6rvaring och hantering"}]},{"@type":"WebSite","@id":"https:\/\/www.succeed-equine.co.uk\/#website","url":"https:\/\/www.succeed-equine.co.uk\/","name":"SUCCEED Europe","description":"My horse at its best.","potentialAction":[{"@type":"SearchAction","target":{"@type":"EntryPoint","urlTemplate":"https:\/\/www.succeed-equine.co.uk\/?s={search_term_string}"},"query-input":{"@type":"PropertyValueSpecification","valueRequired":true,"valueName":"search_term_string"}}],"inLanguage":"sv-SE"}]}},"_links":{"self":[{"href":"https:\/\/www.succeed-equine.co.uk\/sv\/wp-json\/wp\/v2\/pages\/8202","targetHints":{"allow":["GET"]}}],"collection":[{"href":"https:\/\/www.succeed-equine.co.uk\/sv\/wp-json\/wp\/v2\/pages"}],"about":[{"href":"https:\/\/www.succeed-equine.co.uk\/sv\/wp-json\/wp\/v2\/types\/page"}],"author":[{"embeddable":true,"href":"https:\/\/www.succeed-equine.co.uk\/sv\/wp-json\/wp\/v2\/users\/14"}],"replies":[{"embeddable":true,"href":"https:\/\/www.succeed-equine.co.uk\/sv\/wp-json\/wp\/v2\/comments?post=8202"}],"version-history":[{"count":0,"href":"https:\/\/www.succeed-equine.co.uk\/sv\/wp-json\/wp\/v2\/pages\/8202\/revisions"}],"up":[{"embeddable":true,"href":"https:\/\/www.succeed-equine.co.uk\/sv\/wp-json\/wp\/v2\/pages\/8161"}],"wp:attachment":[{"href":"https:\/\/www.succeed-equine.co.uk\/sv\/wp-json\/wp\/v2\/media?parent=8202"}],"curies":[{"name":"wp","href":"https:\/\/api.w.org\/{rel}","templated":true}]}}