{"id":8231,"date":"2017-11-27T16:58:31","date_gmt":"2017-11-27T16:58:31","guid":{"rendered":"https:\/\/www.succeed-equine.co.uk\/?page_id=8231"},"modified":"2017-11-27T16:58:31","modified_gmt":"2017-11-27T16:58:31","slug":"var-kan-jag-kopa-succeed-europa","status":"publish","type":"page","link":"https:\/\/www.succeed-equine.co.uk\/sv\/var-kan-jag-kopa-succeed-europa\/","title":{"rendered":"Var kan jag k\u00f6pa SUCCEED\u00ae i Europa"},"content":{"rendered":"<p>SUCCEED finns att k\u00f6pa i hela Europa, endast genom veterin\u00e4rer. Se kartan nedan eller s\u00f6k efter din ort f\u00f6r att hitta veterin\u00e4rer n\u00e4ra dig som s\u00e4ljer SUCCEED. Om du inte ser din ort p\u00e5 listan, tala med din veterin\u00e4r om SUCCEED. <strong><br \/>\n<\/strong><\/p>\n<p><a href=\"\/?page_id=8244\">Grossistinformation f\u00f6r veterin\u00e4rer&gt;&gt;<\/a><\/p>\n<style type=\"text\/css\">\n\t.mpfy-tooltip.mpfy-tooltip-map-7872,\n\t.mpfy-tooltip.mpfy-tooltip-map-7872 p,\n\t.mpfy-tooltip.mpfy-tooltip-map-7872 p strong,\n\t.mpfy-tooltip.mpfy-tooltip-map-7872 .mpfy-tooptip-actions a { color: #ffffff; }\n\t.mpfy-map-id-7872 .mpfy-mll-location .mpfy-mll-l-buttons a:first-child {\n\t\tbackground-color: #2e6800;\n\t\tcolor: #ffffff;\n\t}\n\t.mpfy-map-id-7872 .mpfy-mll-location .mpfy-mll-l-buttons a + a {\n\t\tbackground-color: #2684d6;\n\t\tcolor: #ffffff;\n\t}\n\t.mpfy-map-id-7872 .mpfy-mll-location .mpfy-mll-l-buttons a:first-child:hover,\n\t.mpfy-map-id-7872 .mpfy-mll-location .mpfy-mll-l-buttons a + a:hover {\n\t\tbackground-color: #ffd700;\n\t\tcolor: #000000;\n\t}\n<\/style>\n\n<div id=\"mpfy-map-0\" class=\"mpfy-container mpfy-map-id-7872\" data-attrs=\"{&quot;no_search_results&quot;:&quot;&lt;p&gt;No locations were found.&lt;br \\\/&gt;Please search again.&lt;\\\/p&gt;&quot;,&quot;no_search_results_with_closest&quot;:&quot;&lt;p&gt;No locations were found within your search criteria. Please search again.&lt;\\\/p&gt;&lt;p class=\\&quot;mpfy-or-text\\&quot;&gt;Or ... &lt;a href=\\&quot;#\\&quot; class=\\&quot;mpfy-closest-pin\\&quot;&gt;See the Closest Location&lt;\\\/a&gt;&lt;\\\/p&gt;&quot;,&quot;search_geolocation_failure&quot;:&quot;&lt;p&gt;Could not find the entered address.&lt;br \\\/&gt;Please check your spelling and try again.&lt;\\\/p&gt;&quot;}\" data-proprietary=\"[]\">\n\t\n\t\n\t<div class=\"mpfy-controls-wrap\">\n\t\t<div class=\"mpfy-controls mpfy-without-dropdown\">\n\t\t\t<form class=\"mpfy-search-form\" method=\"post\" action=\"\" autocomplete=\"off\" style=\"\">\n\t\t\t\t<div class=\"mpfy-search-wrap\">\n\n\t\t\t\t\t\n\t<div class=\"mpfy-search-radius\">\n\t\t<div class=\"mpfy-search-radius-label\">Within<\/div>\n\t\t<div class=\"mpfy-selecter-wrap mpfy-search-radius-type-wrap\">\n\t\t\t<select name=\"mpfy_search_radius_type\">\n\t\t\t\t<option value=\"any_within\">Any Within<\/option>\n\t\t\t\t<option value=\"all_within\">All Within<\/option>\n\t\t\t<\/select>\n\t\t<\/div>\n\t\t<div class=\"mpfy-selecter-wrap\">\n\t\t\t<select name=\"mpfy_search_radius\">\n\t\t\t\t\t\t\t\t\t<option value=\"5\">5 mi<\/option>\n\t\t\t\t\t\t\t\t\t<option value=\"10\">10 mi<\/option>\n\t\t\t\t\t\t\t\t\t<option value=\"25\">25 mi<\/option>\n\t\t\t\t\t\t\t\t\t<option value=\"50\">50 mi<\/option>\n\t\t\t\t\t\t\t\t\t<option value=\"100\">100 mi<\/option>\n\t\t\t\t\t\t\t\t\t<option value=\"500\">500 mi<\/option>\n\t\t\t\t\t\t\t<\/select>\n\t\t<\/div>\n\t\t<div class=\"mpfy-after-search-radius-label\">of<\/div>\n\t<\/div>\n\t\t\n\n\t\t\t\t\t<div class=\"mpfy-search-field\">\n\n\t\t\t\t\t\t\t\t\t\t\t\t\t<div class=\"mpfy-after-search-radius-label\">of<\/div>\n\t\t\t\t\t\t\n\t\t\t\t\t\t<div class=\"mpfy-search-field-queries\">\n\t\t\t\t\t\t\t<a href=\"javascript:;\" class=\"mpfy-search-field-dropdown-toggle\"><\/a>\n\t\t\t\t\t\t\t<div class=\"mpfy-search-field-multiple-label\">(Multiple)<\/div>\n\t\t\t\t\t\t\t<div class=\"mpfy-search-field-item\">\n\t\t\t\t\t\t\t\t<input type=\"search\" class=\"mpfy-search-input\" autocomplete=\"off\" value=\"\" placeholder=\"Search city or zip code\" \/>\n\t\t\t\t\t\t\t\t<a href=\"javascript:;\" class=\"mpfy-search-field-add-item\">+<\/a>\n\t\t\t\t\t\t\t<\/div>\n\t\t\t\t\t\t<\/div>\n\n\t\t\t\t\t\t<div class=\"mpfy-reset-search-button\" aria-label=\"Reset the search\" data-microtip-position=\"bottom-left\" role=\"tooltip\"><\/div>\n\t\t\t\t\t\t<div class=\"mpfy-search-button\" aria-label=\"Please insert your desired search keywords (minimum 3 characters) to begin the search\" data-microtip-position=\"bottom-left\" data-microtip-size=\"large\" role=\"tooltip\"><\/div>\n\t\t\t\t\t<\/div>\t\t\t\t\t\n\t\t\t\t\t\n\t\t\t\t<\/div>\n\t\t\t<\/form>\n\n\t\t\t<div class=\"mpfy-filter mpfy-selecter-wrap\" style=\"display: none;\">\n\t\t\t\t<select name=\"mpfy_tag\" class=\"mpfy-tag-select\">\n\t\t\t\t\t<option value=\"0\">Default View<\/option>\n\n\t\t\t\t\t\t\t\t\t\n\t\t\t\t<\/select>\n\t\t\t<\/div>\n\t\t<\/div>\n\t<\/div>\n\n\t<div class=\"mpfy-map-canvas-shell-outer mpfy-mode-map with-controls\">\n\t\t<div style=\"display: none;\">\n\t\t\n\t\t\t\n\t\t<\/div>\n\n\t\t<div class=\"mpfy-map-canvas-shell\">\n\t\t\t<div id=\"mpfy-canvas-0\" class=\"mpfy-map-canvas\" style=\"overflow: hidden; height: 600px\"><\/div>\n\t\t\t<div class=\"mpfy-map-controls\">\n\n\t\t\t\t\n\t\t\t\t\n\t\t\t\t\t<div class=\"mpfy-zoom\">\n\t\t\t\t\t\t<a href=\"#\" class=\"mpfy-zoom-in\"><\/a>\n\t\t\t\t\t\t<a href=\"#\" class=\"mpfy-zoom-out\"><\/a>\n\t\t\t\t\t<\/div><!-- \/.mpfy-zoom -->\n\n\t\t\t\t\n\t\t\t<\/div><!-- \/.mpfy-map-controls -->\n\t\t<\/div>\n\n\t\t\n\t\t\t<div class=\"mpfy-tags-list\">\n\t\t\t\t<div class=\"cl\">&nbsp;<\/div>\n\t\t\t\t<a href=\"#\" class=\"mpfy-tl-item tag-all\" data-mapify-map-id=\"7872\" data-mapify-action=\"toggleMapTag\" data-mapify-value=\"0\">\n\t\t\t\t\t<span class=\"mpfy-tl-i-icon\">\n\t\t\t\t\t\t<span class=\"mpfy-tl-i-icon-default\"><\/span>\n\t\t\t\t\t<\/span>\n\n\t\t\t\t\t<em>\n\t\t\t\t\t\tDefault View\t\t\t\t\t<\/em>\n\t\t\t\t<\/a>\n\n\t\t\t\t\n\t\t\t\t<div class=\"cl\">&nbsp;<\/div>\n\t\t\t<\/div>\n\n\t\t\n\t\t<div class=\"mpfy-mll\" data-hide-in-default-view=\"false\" style=\"display: none;\">\n\t<div class=\"mpfy-mll-list\">\n\t\t\t<\/div>\n\t<div class=\"mpfy-mll-pagination\" data-number=\"50\">\n\t\t<a href=\"#\" class=\"mpfy-mll-button mpfy-mll-button-prev\">Previous<\/a>\n\t\t<a href=\"#\" class=\"mpfy-mll-button mpfy-mll-button-next\" style=\"float: right;\">Next<\/a>\n\t\t<div class=\"mpfy-mll-pagination-status\">Page <span class=\"mpfy-mll-pagination-current-page\">1<\/span> of <span class=\"mpfy-mll-pagination-max-page\">1<\/span><\/div>\n\t<\/div>\n\t<div class=\"cl\">&nbsp;<\/div>\n<\/div>\t<\/div>\n\n\t\n<\/div>\n\n","protected":false},"excerpt":{"rendered":"<p>SUCCEED finns att k\u00f6pa i hela Europa, endast genom veterin\u00e4rer. Se kartan nedan eller s\u00f6k efter din ort f\u00f6r att hitta veterin\u00e4rer n\u00e4ra dig som s\u00e4ljer SUCCEED. Om du inte ser din ort p\u00e5 listan, [&hellip;]<\/p>\n","protected":false},"author":14,"featured_media":0,"parent":0,"menu_order":0,"comment_status":"closed","ping_status":"closed","template":"","meta":{"_acf_changed":false,"footnotes":""},"class_list":["post-8231","page","type-page","status-publish","hentry"],"acf":[],"yoast_head":"<!-- This site is optimized with the Yoast SEO plugin v26.6 - https:\/\/yoast.com\/wordpress\/plugins\/seo\/ -->\n<title>Var man kan k\u00f6pa SUCCEED f\u00f6r h\u00e4star i Europa | SUCCEED f\u00f6r h\u00e4star<\/title>\n<meta name=\"description\" content=\"SUCCEED finns att k\u00f6pa i hela Europa, endast genom veterin\u00e4rer. S\u00f6k efter en leverant\u00f6r eller tala med din veterin\u00e4r om SUCCEED.\" \/>\n<meta name=\"robots\" content=\"index, follow, max-snippet:-1, max-image-preview:large, max-video-preview:-1\" \/>\n<link rel=\"canonical\" href=\"https:\/\/www.succeed-equine.co.uk\/sv\/var-kan-jag-kopa-succeed-europa\/\" \/>\n<meta property=\"og:locale\" content=\"sv_SE\" \/>\n<meta property=\"og:type\" content=\"article\" \/>\n<meta property=\"og:title\" content=\"Var man kan k\u00f6pa SUCCEED f\u00f6r h\u00e4star i Europa | SUCCEED f\u00f6r h\u00e4star\" \/>\n<meta property=\"og:description\" content=\"SUCCEED finns att k\u00f6pa i hela Europa, endast genom veterin\u00e4rer. S\u00f6k efter en leverant\u00f6r eller tala med din veterin\u00e4r om SUCCEED.\" \/>\n<meta property=\"og:url\" content=\"https:\/\/www.succeed-equine.co.uk\/sv\/var-kan-jag-kopa-succeed-europa\/\" \/>\n<meta property=\"og:site_name\" content=\"SUCCEED Europe\" \/>\n<meta name=\"twitter:card\" content=\"summary_large_image\" \/>\n<script type=\"application\/ld+json\" class=\"yoast-schema-graph\">{\"@context\":\"https:\/\/schema.org\",\"@graph\":[{\"@type\":\"WebPage\",\"@id\":\"https:\/\/www.succeed-equine.co.uk\/sv\/var-kan-jag-kopa-succeed-europa\/\",\"url\":\"https:\/\/www.succeed-equine.co.uk\/sv\/var-kan-jag-kopa-succeed-europa\/\",\"name\":\"Var man kan k\u00f6pa SUCCEED f\u00f6r h\u00e4star i Europa | SUCCEED f\u00f6r h\u00e4star\",\"isPartOf\":{\"@id\":\"https:\/\/www.succeed-equine.co.uk\/#website\"},\"datePublished\":\"2017-11-27T16:58:31+00:00\",\"description\":\"SUCCEED finns att k\u00f6pa i hela Europa, endast genom veterin\u00e4rer. S\u00f6k efter en leverant\u00f6r eller tala med din veterin\u00e4r om SUCCEED.\",\"breadcrumb\":{\"@id\":\"https:\/\/www.succeed-equine.co.uk\/sv\/var-kan-jag-kopa-succeed-europa\/#breadcrumb\"},\"inLanguage\":\"sv-SE\",\"potentialAction\":[{\"@type\":\"ReadAction\",\"target\":[\"https:\/\/www.succeed-equine.co.uk\/sv\/var-kan-jag-kopa-succeed-europa\/\"]}]},{\"@type\":\"BreadcrumbList\",\"@id\":\"https:\/\/www.succeed-equine.co.uk\/sv\/var-kan-jag-kopa-succeed-europa\/#breadcrumb\",\"itemListElement\":[{\"@type\":\"ListItem\",\"position\":1,\"name\":\"Home\",\"item\":\"https:\/\/www.succeed-equine.co.uk\/sv\/\"},{\"@type\":\"ListItem\",\"position\":2,\"name\":\"Var kan jag k\u00f6pa SUCCEED\u00ae i Europa\"}]},{\"@type\":\"WebSite\",\"@id\":\"https:\/\/www.succeed-equine.co.uk\/#website\",\"url\":\"https:\/\/www.succeed-equine.co.uk\/\",\"name\":\"SUCCEED Europe\",\"description\":\"My horse at its best.\",\"potentialAction\":[{\"@type\":\"SearchAction\",\"target\":{\"@type\":\"EntryPoint\",\"urlTemplate\":\"https:\/\/www.succeed-equine.co.uk\/?s={search_term_string}\"},\"query-input\":{\"@type\":\"PropertyValueSpecification\",\"valueRequired\":true,\"valueName\":\"search_term_string\"}}],\"inLanguage\":\"sv-SE\"}]}<\/script>\n<!-- \/ Yoast SEO plugin. -->","yoast_head_json":{"title":"Var man kan k\u00f6pa SUCCEED f\u00f6r h\u00e4star i Europa | SUCCEED f\u00f6r h\u00e4star","description":"SUCCEED finns att k\u00f6pa i hela Europa, endast genom veterin\u00e4rer. S\u00f6k efter en leverant\u00f6r eller tala med din veterin\u00e4r om SUCCEED.","robots":{"index":"index","follow":"follow","max-snippet":"max-snippet:-1","max-image-preview":"max-image-preview:large","max-video-preview":"max-video-preview:-1"},"canonical":"https:\/\/www.succeed-equine.co.uk\/sv\/var-kan-jag-kopa-succeed-europa\/","og_locale":"sv_SE","og_type":"article","og_title":"Var man kan k\u00f6pa SUCCEED f\u00f6r h\u00e4star i Europa | SUCCEED f\u00f6r h\u00e4star","og_description":"SUCCEED finns att k\u00f6pa i hela Europa, endast genom veterin\u00e4rer. S\u00f6k efter en leverant\u00f6r eller tala med din veterin\u00e4r om SUCCEED.","og_url":"https:\/\/www.succeed-equine.co.uk\/sv\/var-kan-jag-kopa-succeed-europa\/","og_site_name":"SUCCEED Europe","twitter_card":"summary_large_image","schema":{"@context":"https:\/\/schema.org","@graph":[{"@type":"WebPage","@id":"https:\/\/www.succeed-equine.co.uk\/sv\/var-kan-jag-kopa-succeed-europa\/","url":"https:\/\/www.succeed-equine.co.uk\/sv\/var-kan-jag-kopa-succeed-europa\/","name":"Var man kan k\u00f6pa SUCCEED f\u00f6r h\u00e4star i Europa | SUCCEED f\u00f6r h\u00e4star","isPartOf":{"@id":"https:\/\/www.succeed-equine.co.uk\/#website"},"datePublished":"2017-11-27T16:58:31+00:00","description":"SUCCEED finns att k\u00f6pa i hela Europa, endast genom veterin\u00e4rer. S\u00f6k efter en leverant\u00f6r eller tala med din veterin\u00e4r om SUCCEED.","breadcrumb":{"@id":"https:\/\/www.succeed-equine.co.uk\/sv\/var-kan-jag-kopa-succeed-europa\/#breadcrumb"},"inLanguage":"sv-SE","potentialAction":[{"@type":"ReadAction","target":["https:\/\/www.succeed-equine.co.uk\/sv\/var-kan-jag-kopa-succeed-europa\/"]}]},{"@type":"BreadcrumbList","@id":"https:\/\/www.succeed-equine.co.uk\/sv\/var-kan-jag-kopa-succeed-europa\/#breadcrumb","itemListElement":[{"@type":"ListItem","position":1,"name":"Home","item":"https:\/\/www.succeed-equine.co.uk\/sv\/"},{"@type":"ListItem","position":2,"name":"Var kan jag k\u00f6pa SUCCEED\u00ae i Europa"}]},{"@type":"WebSite","@id":"https:\/\/www.succeed-equine.co.uk\/#website","url":"https:\/\/www.succeed-equine.co.uk\/","name":"SUCCEED Europe","description":"My horse at its best.","potentialAction":[{"@type":"SearchAction","target":{"@type":"EntryPoint","urlTemplate":"https:\/\/www.succeed-equine.co.uk\/?s={search_term_string}"},"query-input":{"@type":"PropertyValueSpecification","valueRequired":true,"valueName":"search_term_string"}}],"inLanguage":"sv-SE"}]}},"_links":{"self":[{"href":"https:\/\/www.succeed-equine.co.uk\/sv\/wp-json\/wp\/v2\/pages\/8231","targetHints":{"allow":["GET"]}}],"collection":[{"href":"https:\/\/www.succeed-equine.co.uk\/sv\/wp-json\/wp\/v2\/pages"}],"about":[{"href":"https:\/\/www.succeed-equine.co.uk\/sv\/wp-json\/wp\/v2\/types\/page"}],"author":[{"embeddable":true,"href":"https:\/\/www.succeed-equine.co.uk\/sv\/wp-json\/wp\/v2\/users\/14"}],"replies":[{"embeddable":true,"href":"https:\/\/www.succeed-equine.co.uk\/sv\/wp-json\/wp\/v2\/comments?post=8231"}],"version-history":[{"count":0,"href":"https:\/\/www.succeed-equine.co.uk\/sv\/wp-json\/wp\/v2\/pages\/8231\/revisions"}],"wp:attachment":[{"href":"https:\/\/www.succeed-equine.co.uk\/sv\/wp-json\/wp\/v2\/media?parent=8231"}],"curies":[{"name":"wp","href":"https:\/\/api.w.org\/{rel}","templated":true}]}}