{"id":8432,"date":"2010-09-09T04:42:42","date_gmt":"2010-09-09T04:42:42","guid":{"rendered":"http:\/\/www.succeed-equine.co.uk\/home\/"},"modified":"2017-12-16T23:02:20","modified_gmt":"2017-12-16T23:02:20","slug":"home","status":"publish","type":"page","link":"https:\/\/www.succeed-equine.co.uk\/sv\/","title":{"rendered":"Home"},"content":{"rendered":"<h1>SUCCEED\u00ae\u00a0 in the UK<\/h1>\n<p>Your horse may be up against many factors that can inhibit good digestion: stress of travel and competition, limited turnout, and hard feeds needed to meet energy requirements. This can make your horse prone to various digestive issues that affect its health and performance.<\/p>\n<p>By feeding SUCCEED\u00ae once a day, every day, you can essentially condition the inside of the horse for better results on the outside. SUCCEED\u00ae gets to the root causes. It\u2019s a natural system of key nutrients that can offset the underlying causes of digestive imbalance completely and effectively.<\/p>\n<h2><a href=\"https:\/\/www.succeed-equine.co.uk\/wp-content\/uploads\/2010\/12\/CartonAndAllBucketsLT-e1291752294857.jpg\"><img decoding=\"async\" src=\"https:\/\/www.succeed-equine.co.uk\/wp-content\/uploads\/2010\/12\/CartonAndAllBucketsLT-e1291752294857-300x195.jpg\" class=\"alignright size-medium\" \/><\/a>SUCCEED\u00ae Helps Avoid Serious Equine Digestion Problems<\/h2>\n<p>SUCCEED\u00ae supports natural health and immunity to reduce the risks of serious digestive conditions.<\/p>\n<h2>SUCCEED\u00ae Improves Nutrient Absorption<\/h2>\n<p>SUCCEED\u00ae helps the horse&#8217;s GI Tract digest nutrients and get energy from feed and other supplements, for a healthy appetite, weight, stamina, and ability to recover more quickly from exercise.<\/p>\n<h2>SUCCEED\u00ae Improves Performance and Behaviour<\/h2>\n<p>Whether your horse is a brood mare or a stallion, an older horse or a foal, an active performance horse, or just your best friend, SUCCEED\u00ae can make a real difference for you.<\/p>\n<p>Why? Because SUCCEED\u00ae gives you more of what your horse needs for total health. Good health means a happier horse that is more capable of being whatever it needs to be \u2026 a better producer, a better performer, or just an all-around better horse.<\/p>\n<p>Learn more about the ingredients, research, and benefits of SUCCEED\u00ae on our <a href=\"http:\/\/www.succeed-equine.com\" target=\"_blank\" rel=\"noopener\">US site succeed-equine.com<\/a>.<\/p>\n<p>Purchase SUCCEED\u00ae\u00a0 <a href=\"https:\/\/www.succeed-equine.co.uk\/directory\/?query=local&amp;cat_id=2\">from participating veterinarians<\/a> throughout the UK and Ireland.<\/p>\n","protected":false},"excerpt":{"rendered":"<p>SUCCEED\u00ae\u00a0 in the UK Your horse may be up against many factors that can inhibit good digestion: stress of travel and competition, limited turnout, and hard feeds needed to meet energy requirements. This can make [&hellip;]<\/p>\n","protected":false},"author":14,"featured_media":0,"parent":0,"menu_order":0,"comment_status":"closed","ping_status":"closed","template":"templates\/front-page.php","meta":{"_acf_changed":false,"footnotes":""},"class_list":["post-8432","page","type-page","status-publish","hentry"],"acf":[],"yoast_head":"<!-- This site is optimized with the Yoast SEO plugin v26.6 - https:\/\/yoast.com\/wordpress\/plugins\/seo\/ -->\n<title>SUCCEED matsm\u00e4ltningsprogrammet f\u00f6r h\u00e4star i Europa<\/title>\n<meta name=\"description\" content=\"Seri\u00f6sa h\u00e4stm\u00e4nniskor \u00f6ver hela v\u00e4rlden anv\u00e4nder SUCCEED, en n\u00e4ringsm\u00e4ssig metod f\u00f6r att hantera h\u00e4stens matsm\u00e4ltningsh\u00e4lsa, inklusive mage och baktarm.\" \/>\n<meta name=\"robots\" content=\"index, follow, max-snippet:-1, max-image-preview:large, max-video-preview:-1\" \/>\n<link rel=\"canonical\" href=\"https:\/\/www.succeed-equine.co.uk\/sv\/\" \/>\n<meta property=\"og:locale\" content=\"sv_SE\" \/>\n<meta property=\"og:type\" content=\"article\" \/>\n<meta property=\"og:title\" content=\"SUCCEED matsm\u00e4ltningsprogrammet f\u00f6r h\u00e4star i Europa\" \/>\n<meta property=\"og:description\" content=\"Seri\u00f6sa h\u00e4stm\u00e4nniskor \u00f6ver hela v\u00e4rlden anv\u00e4nder SUCCEED, en n\u00e4ringsm\u00e4ssig metod f\u00f6r att hantera h\u00e4stens matsm\u00e4ltningsh\u00e4lsa, inklusive mage och baktarm.\" \/>\n<meta property=\"og:url\" content=\"https:\/\/www.succeed-equine.co.uk\/sv\/\" \/>\n<meta property=\"og:site_name\" content=\"SUCCEED Europe\" \/>\n<meta property=\"article:modified_time\" content=\"2017-12-16T23:02:20+00:00\" \/>\n<meta property=\"og:image\" content=\"https:\/\/www.succeed-equine.co.uk\/wp-content\/uploads\/2010\/12\/CartonAndAllBucketsLT-e1291752294857-300x195.jpg\" \/>\n<meta name=\"twitter:card\" content=\"summary_large_image\" \/>\n<meta name=\"twitter:label1\" content=\"Ber\u00e4knad l\u00e4stid\" \/>\n\t<meta name=\"twitter:data1\" content=\"1 minut\" \/>\n<script type=\"application\/ld+json\" class=\"yoast-schema-graph\">{\"@context\":\"https:\/\/schema.org\",\"@graph\":[{\"@type\":\"WebPage\",\"@id\":\"https:\/\/www.succeed-equine.co.uk\/sv\/\",\"url\":\"https:\/\/www.succeed-equine.co.uk\/sv\/\",\"name\":\"SUCCEED matsm\u00e4ltningsprogrammet f\u00f6r h\u00e4star i Europa\",\"isPartOf\":{\"@id\":\"https:\/\/www.succeed-equine.co.uk\/#website\"},\"primaryImageOfPage\":{\"@id\":\"https:\/\/www.succeed-equine.co.uk\/sv\/#primaryimage\"},\"image\":{\"@id\":\"https:\/\/www.succeed-equine.co.uk\/sv\/#primaryimage\"},\"thumbnailUrl\":\"https:\/\/www.succeed-equine.co.uk\/wp-content\/uploads\/2010\/12\/CartonAndAllBucketsLT-e1291752294857-300x195.jpg\",\"datePublished\":\"2010-09-09T04:42:42+00:00\",\"dateModified\":\"2017-12-16T23:02:20+00:00\",\"description\":\"Seri\u00f6sa h\u00e4stm\u00e4nniskor \u00f6ver hela v\u00e4rlden anv\u00e4nder SUCCEED, en n\u00e4ringsm\u00e4ssig metod f\u00f6r att hantera h\u00e4stens matsm\u00e4ltningsh\u00e4lsa, inklusive mage och baktarm.\",\"breadcrumb\":{\"@id\":\"https:\/\/www.succeed-equine.co.uk\/sv\/#breadcrumb\"},\"inLanguage\":\"sv-SE\",\"potentialAction\":[{\"@type\":\"ReadAction\",\"target\":[\"https:\/\/www.succeed-equine.co.uk\/sv\/\"]}]},{\"@type\":\"ImageObject\",\"inLanguage\":\"sv-SE\",\"@id\":\"https:\/\/www.succeed-equine.co.uk\/sv\/#primaryimage\",\"url\":\"https:\/\/www.succeed-equine.co.uk\/wp-content\/uploads\/2010\/12\/CartonAndAllBucketsLT-e1291752294857-300x195.jpg\",\"contentUrl\":\"https:\/\/www.succeed-equine.co.uk\/wp-content\/uploads\/2010\/12\/CartonAndAllBucketsLT-e1291752294857-300x195.jpg\"},{\"@type\":\"BreadcrumbList\",\"@id\":\"https:\/\/www.succeed-equine.co.uk\/sv\/#breadcrumb\",\"itemListElement\":[{\"@type\":\"ListItem\",\"position\":1,\"name\":\"Home\",\"item\":\"https:\/\/www.succeed-equine.co.uk\/sv\/\"},{\"@type\":\"ListItem\",\"position\":2,\"name\":\"Home\"}]},{\"@type\":\"WebSite\",\"@id\":\"https:\/\/www.succeed-equine.co.uk\/#website\",\"url\":\"https:\/\/www.succeed-equine.co.uk\/\",\"name\":\"SUCCEED Europe\",\"description\":\"My horse at its best.\",\"potentialAction\":[{\"@type\":\"SearchAction\",\"target\":{\"@type\":\"EntryPoint\",\"urlTemplate\":\"https:\/\/www.succeed-equine.co.uk\/?s={search_term_string}\"},\"query-input\":{\"@type\":\"PropertyValueSpecification\",\"valueRequired\":true,\"valueName\":\"search_term_string\"}}],\"inLanguage\":\"sv-SE\"}]}<\/script>\n<!-- \/ Yoast SEO plugin. -->","yoast_head_json":{"title":"SUCCEED matsm\u00e4ltningsprogrammet f\u00f6r h\u00e4star i Europa","description":"Seri\u00f6sa h\u00e4stm\u00e4nniskor \u00f6ver hela v\u00e4rlden anv\u00e4nder SUCCEED, en n\u00e4ringsm\u00e4ssig metod f\u00f6r att hantera h\u00e4stens matsm\u00e4ltningsh\u00e4lsa, inklusive mage och baktarm.","robots":{"index":"index","follow":"follow","max-snippet":"max-snippet:-1","max-image-preview":"max-image-preview:large","max-video-preview":"max-video-preview:-1"},"canonical":"https:\/\/www.succeed-equine.co.uk\/sv\/","og_locale":"sv_SE","og_type":"article","og_title":"SUCCEED matsm\u00e4ltningsprogrammet f\u00f6r h\u00e4star i Europa","og_description":"Seri\u00f6sa h\u00e4stm\u00e4nniskor \u00f6ver hela v\u00e4rlden anv\u00e4nder SUCCEED, en n\u00e4ringsm\u00e4ssig metod f\u00f6r att hantera h\u00e4stens matsm\u00e4ltningsh\u00e4lsa, inklusive mage och baktarm.","og_url":"https:\/\/www.succeed-equine.co.uk\/sv\/","og_site_name":"SUCCEED Europe","article_modified_time":"2017-12-16T23:02:20+00:00","og_image":[{"url":"https:\/\/www.succeed-equine.co.uk\/wp-content\/uploads\/2010\/12\/CartonAndAllBucketsLT-e1291752294857-300x195.jpg","type":"","width":"","height":""}],"twitter_card":"summary_large_image","twitter_misc":{"Ber\u00e4knad l\u00e4stid":"1 minut"},"schema":{"@context":"https:\/\/schema.org","@graph":[{"@type":"WebPage","@id":"https:\/\/www.succeed-equine.co.uk\/sv\/","url":"https:\/\/www.succeed-equine.co.uk\/sv\/","name":"SUCCEED matsm\u00e4ltningsprogrammet f\u00f6r h\u00e4star i Europa","isPartOf":{"@id":"https:\/\/www.succeed-equine.co.uk\/#website"},"primaryImageOfPage":{"@id":"https:\/\/www.succeed-equine.co.uk\/sv\/#primaryimage"},"image":{"@id":"https:\/\/www.succeed-equine.co.uk\/sv\/#primaryimage"},"thumbnailUrl":"https:\/\/www.succeed-equine.co.uk\/wp-content\/uploads\/2010\/12\/CartonAndAllBucketsLT-e1291752294857-300x195.jpg","datePublished":"2010-09-09T04:42:42+00:00","dateModified":"2017-12-16T23:02:20+00:00","description":"Seri\u00f6sa h\u00e4stm\u00e4nniskor \u00f6ver hela v\u00e4rlden anv\u00e4nder SUCCEED, en n\u00e4ringsm\u00e4ssig metod f\u00f6r att hantera h\u00e4stens matsm\u00e4ltningsh\u00e4lsa, inklusive mage och baktarm.","breadcrumb":{"@id":"https:\/\/www.succeed-equine.co.uk\/sv\/#breadcrumb"},"inLanguage":"sv-SE","potentialAction":[{"@type":"ReadAction","target":["https:\/\/www.succeed-equine.co.uk\/sv\/"]}]},{"@type":"ImageObject","inLanguage":"sv-SE","@id":"https:\/\/www.succeed-equine.co.uk\/sv\/#primaryimage","url":"https:\/\/www.succeed-equine.co.uk\/wp-content\/uploads\/2010\/12\/CartonAndAllBucketsLT-e1291752294857-300x195.jpg","contentUrl":"https:\/\/www.succeed-equine.co.uk\/wp-content\/uploads\/2010\/12\/CartonAndAllBucketsLT-e1291752294857-300x195.jpg"},{"@type":"BreadcrumbList","@id":"https:\/\/www.succeed-equine.co.uk\/sv\/#breadcrumb","itemListElement":[{"@type":"ListItem","position":1,"name":"Home","item":"https:\/\/www.succeed-equine.co.uk\/sv\/"},{"@type":"ListItem","position":2,"name":"Home"}]},{"@type":"WebSite","@id":"https:\/\/www.succeed-equine.co.uk\/#website","url":"https:\/\/www.succeed-equine.co.uk\/","name":"SUCCEED Europe","description":"My horse at its best.","potentialAction":[{"@type":"SearchAction","target":{"@type":"EntryPoint","urlTemplate":"https:\/\/www.succeed-equine.co.uk\/?s={search_term_string}"},"query-input":{"@type":"PropertyValueSpecification","valueRequired":true,"valueName":"search_term_string"}}],"inLanguage":"sv-SE"}]}},"_links":{"self":[{"href":"https:\/\/www.succeed-equine.co.uk\/sv\/wp-json\/wp\/v2\/pages\/8432","targetHints":{"allow":["GET"]}}],"collection":[{"href":"https:\/\/www.succeed-equine.co.uk\/sv\/wp-json\/wp\/v2\/pages"}],"about":[{"href":"https:\/\/www.succeed-equine.co.uk\/sv\/wp-json\/wp\/v2\/types\/page"}],"author":[{"embeddable":true,"href":"https:\/\/www.succeed-equine.co.uk\/sv\/wp-json\/wp\/v2\/users\/14"}],"replies":[{"embeddable":true,"href":"https:\/\/www.succeed-equine.co.uk\/sv\/wp-json\/wp\/v2\/comments?post=8432"}],"version-history":[{"count":0,"href":"https:\/\/www.succeed-equine.co.uk\/sv\/wp-json\/wp\/v2\/pages\/8432\/revisions"}],"wp:attachment":[{"href":"https:\/\/www.succeed-equine.co.uk\/sv\/wp-json\/wp\/v2\/media?parent=8432"}],"curies":[{"name":"wp","href":"https:\/\/api.w.org\/{rel}","templated":true}]}}